{"id":10043,"date":"2025-02-24T12:29:03","date_gmt":"2025-02-24T11:29:03","guid":{"rendered":"https:\/\/cetromedical.se\/?page_id=10043"},"modified":"2025-11-10T15:37:56","modified_gmt":"2025-11-10T14:37:56","slug":"produkter","status":"publish","type":"page","link":"https:\/\/cetromedical.se\/en\/products\/","title":{"rendered":"Products"},"content":{"rendered":"<div data-elementor-type=\"wp-page\" data-elementor-id=\"10043\" class=\"elementor elementor-10043\" data-elementor-post-type=\"page\">\n\t\t\t\t\t\t<section class=\"elementor-section elementor-top-section elementor-element elementor-element-e83e07d elementor-section-boxed elementor-section-height-default elementor-section-height-default\" data-id=\"e83e07d\" data-element_type=\"section\" data-settings=\"{&quot;background_background&quot;:&quot;classic&quot;}\">\n\t\t\t\t\t\t<div class=\"elementor-container elementor-column-gap-default\">\n\t\t\t\t\t<div class=\"elementor-column elementor-col-100 elementor-top-column elementor-element elementor-element-5a25ab0\" data-id=\"5a25ab0\" data-element_type=\"column\">\n\t\t\t<div class=\"elementor-widget-wrap elementor-element-populated\">\n\t\t\t\t\t\t<section class=\"elementor-section elementor-inner-section elementor-element elementor-element-5a5527d elementor-section-boxed elementor-section-height-default elementor-section-height-default\" data-id=\"5a5527d\" data-element_type=\"section\">\n\t\t\t\t\t\t<div class=\"elementor-container elementor-column-gap-default\">\n\t\t\t\t\t<div class=\"elementor-column elementor-col-50 elementor-inner-column elementor-element elementor-element-2868c85\" data-id=\"2868c85\" data-element_type=\"column\">\n\t\t\t<div class=\"elementor-widget-wrap elementor-element-populated\">\n\t\t\t\t\t\t<div class=\"elementor-element elementor-element-6f84fc3 elementor-widget elementor-widget-heading\" data-id=\"6f84fc3\" data-element_type=\"widget\" data-widget_type=\"heading.default\">\n\t\t\t\t<div class=\"elementor-widget-container\">\n\t\t\t<h1 class=\"elementor-heading-title elementor-size-default\">Products<\/h1>\t\t<\/div>\n\t\t\t\t<\/div>\n\t\t\t\t\t<\/div>\n\t\t<\/div>\n\t\t\t\t<div class=\"elementor-column elementor-col-50 elementor-inner-column elementor-element elementor-element-95d007a\" data-id=\"95d007a\" data-element_type=\"column\">\n\t\t\t<div class=\"elementor-widget-wrap elementor-element-populated\">\n\t\t\t\t\t\t<div class=\"elementor-element elementor-element-895518e elementor-widget elementor-widget-text-editor\" data-id=\"895518e\" data-element_type=\"widget\" data-widget_type=\"text-editor.default\">\n\t\t\t\t<div class=\"elementor-widget-container\">\n\t\t\t\t\t\t\tWe're committed to delivering innovative, reliable, and professional solutions that help healthcare professionals provide the best possible patient care. Explore our categories below to find the right products for your needs.\t\t\t\t\t\t<\/div>\n\t\t\t\t<\/div>\n\t\t\t\t\t<\/div>\n\t\t<\/div>\n\t\t\t\t\t<\/div>\n\t\t<\/section>\n\t\t\t\t\t<\/div>\n\t\t<\/div>\n\t\t\t\t\t<\/div>\n\t\t<\/section>\n\t\t\t\t<section class=\"elementor-section elementor-top-section elementor-element elementor-element-4dec574 elementor-section-boxed elementor-section-height-default elementor-section-height-default\" data-id=\"4dec574\" data-element_type=\"section\">\n\t\t\t\t\t\t<div class=\"elementor-container elementor-column-gap-default\">\n\t\t\t\t\t<div class=\"make-column-clickable-elementor elementor-column elementor-col-25 elementor-top-column elementor-element elementor-element-23c96c5\" style=\"cursor: pointer;\" data-column-clickable=\"https:\/\/cetromedical.se\/produkt-kategori\/gynekologi\/\" data-column-clickable-blank=\"_self\" data-id=\"23c96c5\" data-element_type=\"column\" data-settings=\"{&quot;background_background&quot;:&quot;classic&quot;}\">\n\t\t\t<div class=\"elementor-widget-wrap elementor-element-populated\">\n\t\t\t\t\t\t<div class=\"elementor-element elementor-element-3077143 elementor-absolute elementor-widget elementor-widget-heading\" data-id=\"3077143\" data-element_type=\"widget\" data-settings=\"{&quot;_position&quot;:&quot;absolute&quot;}\" data-widget_type=\"heading.default\">\n\t\t\t\t<div class=\"elementor-widget-container\">\n\t\t\t<h4 class=\"elementor-heading-title elementor-size-medium\"><a href=\"https:\/\/cetromedical.se\/en\/product-category-2\/gynecology-2\/\">Gynecology<\/a><\/h4>\t\t<\/div>\n\t\t\t\t<\/div>\n\t\t\t\t\t<\/div>\n\t\t<\/div>\n\t\t\t\t<div class=\"make-column-clickable-elementor elementor-column elementor-col-25 elementor-top-column elementor-element elementor-element-be4bc3b\" style=\"cursor: pointer;\" data-column-clickable=\"https:\/\/cetromedical.se\/produkt-kategori\/obstetrik\/\" data-column-clickable-blank=\"_self\" data-id=\"be4bc3b\" data-element_type=\"column\" data-settings=\"{&quot;background_background&quot;:&quot;classic&quot;}\">\n\t\t\t<div class=\"elementor-widget-wrap elementor-element-populated\">\n\t\t\t\t\t\t<div class=\"elementor-element elementor-element-f2150a5 elementor-widget__width-initial elementor-absolute elementor-widget elementor-widget-heading\" data-id=\"f2150a5\" data-element_type=\"widget\" data-settings=\"{&quot;_position&quot;:&quot;absolute&quot;}\" data-widget_type=\"heading.default\">\n\t\t\t\t<div class=\"elementor-widget-container\">\n\t\t\t<h3 class=\"elementor-heading-title elementor-size-medium\"><a href=\"https:\/\/cetromedical.se\/en\/product-category-2\/obstetrics-2\/\">Obstetrics<\/a><\/h3>\t\t<\/div>\n\t\t\t\t<\/div>\n\t\t\t\t\t<\/div>\n\t\t<\/div>\n\t\t\t\t<div class=\"make-column-clickable-elementor elementor-column elementor-col-25 elementor-top-column elementor-element elementor-element-ca4385d\" style=\"cursor: pointer;\" data-column-clickable=\"https:\/\/cetromedical.se\/produkt-kategori\/kolorektal-kirurgi\/\" data-column-clickable-blank=\"_self\" data-id=\"ca4385d\" data-element_type=\"column\" data-settings=\"{&quot;background_background&quot;:&quot;classic&quot;}\">\n\t\t\t<div class=\"elementor-widget-wrap elementor-element-populated\">\n\t\t\t\t\t\t<div class=\"elementor-element elementor-element-33c1810 elementor-widget__width-initial elementor-absolute elementor-widget elementor-widget-heading\" data-id=\"33c1810\" data-element_type=\"widget\" data-settings=\"{&quot;_position&quot;:&quot;absolute&quot;}\" data-widget_type=\"heading.default\">\n\t\t\t\t<div class=\"elementor-widget-container\">\n\t\t\t<h3 class=\"elementor-heading-title elementor-size-medium\"><a href=\"https:\/\/cetromedical.se\/en\/product-category-2\/kolorektal-kirurgi\/\">Surgery<\/a><\/h3>\t\t<\/div>\n\t\t\t\t<\/div>\n\t\t\t\t\t<\/div>\n\t\t<\/div>\n\t\t\t\t<div class=\"make-column-clickable-elementor elementor-column elementor-col-25 elementor-top-column elementor-element elementor-element-18f92e6\" style=\"cursor: pointer;\" data-column-clickable=\"https:\/\/cetromedical.se\/produkt-kategori\/neonatal\/\" data-column-clickable-blank=\"_self\" data-id=\"18f92e6\" data-element_type=\"column\" data-settings=\"{&quot;background_background&quot;:&quot;classic&quot;}\">\n\t\t\t<div class=\"elementor-widget-wrap elementor-element-populated\">\n\t\t\t\t\t\t<div class=\"elementor-element elementor-element-65955fd elementor-absolute elementor-widget elementor-widget-heading\" data-id=\"65955fd\" data-element_type=\"widget\" data-settings=\"{&quot;_position&quot;:&quot;absolute&quot;}\" data-widget_type=\"heading.default\">\n\t\t\t\t<div class=\"elementor-widget-container\">\n\t\t\t<h3 class=\"elementor-heading-title elementor-size-medium\"><a href=\"https:\/\/cetromedical.se\/produkt-kategori\/neonatal\/\">Neonatal<\/a><\/h3>\t\t<\/div>\n\t\t\t\t<\/div>\n\t\t\t\t\t<\/div>\n\t\t<\/div>\n\t\t\t\t\t<\/div>\n\t\t<\/section>\n\t\t\t\t<section class=\"elementor-section elementor-top-section elementor-element elementor-element-7da7492 elementor-section-boxed elementor-section-height-default elementor-section-height-default\" data-id=\"7da7492\" data-element_type=\"section\">\n\t\t\t\t\t\t<div class=\"elementor-container elementor-column-gap-default\">\n\t\t\t\t\t<div class=\"make-column-clickable-elementor elementor-column elementor-col-25 elementor-top-column elementor-element elementor-element-184cc14\" style=\"cursor: pointer;\" data-column-clickable=\"https:\/\/cetromedical.se\/produkt-kategori\/urulogi\/\" data-column-clickable-blank=\"_self\" data-id=\"184cc14\" data-element_type=\"column\" data-settings=\"{&quot;background_background&quot;:&quot;classic&quot;}\">\n\t\t\t<div class=\"elementor-widget-wrap elementor-element-populated\">\n\t\t\t\t\t\t<div class=\"elementor-element elementor-element-53eaca3 elementor-absolute elementor-widget elementor-widget-heading\" data-id=\"53eaca3\" data-element_type=\"widget\" data-settings=\"{&quot;_position&quot;:&quot;absolute&quot;}\" data-widget_type=\"heading.default\">\n\t\t\t\t<div class=\"elementor-widget-container\">\n\t\t\t<h3 class=\"elementor-heading-title elementor-size-medium\"><a href=\"https:\/\/cetromedical.se\/produkt-kategori\/urulogi\/\">Urology<\/a><\/h3>\t\t<\/div>\n\t\t\t\t<\/div>\n\t\t\t\t\t<\/div>\n\t\t<\/div>\n\t\t\t\t<div class=\"make-column-clickable-elementor elementor-column elementor-col-25 elementor-top-column elementor-element elementor-element-23d4322\" style=\"cursor: pointer;\" data-column-clickable=\"https:\/\/cetromedical.se\/produkt-kategori\/reg-papper\/\" data-column-clickable-blank=\"_self\" data-id=\"23d4322\" data-element_type=\"column\" data-settings=\"{&quot;background_background&quot;:&quot;classic&quot;}\">\n\t\t\t<div class=\"elementor-widget-wrap elementor-element-populated\">\n\t\t\t\t\t\t<div class=\"elementor-element elementor-element-976d13a elementor-absolute elementor-widget elementor-widget-heading\" data-id=\"976d13a\" data-element_type=\"widget\" data-settings=\"{&quot;_position&quot;:&quot;absolute&quot;}\" data-widget_type=\"heading.default\">\n\t\t\t\t<div class=\"elementor-widget-container\">\n\t\t\t<h3 class=\"elementor-heading-title elementor-size-medium\"><a href=\"https:\/\/cetromedical.se\/en\/product-category-2\/reg-paper\/\">Reg paper<\/a><\/h3>\t\t<\/div>\n\t\t\t\t<\/div>\n\t\t\t\t\t<\/div>\n\t\t<\/div>\n\t\t\t\t<div class=\"make-column-clickable-elementor elementor-column elementor-col-25 elementor-top-column elementor-element elementor-element-d60519e\" style=\"cursor: pointer;\" data-column-clickable=\"https:\/\/cetromedical.se\/produkt-kategori\/skyddsutrustning\/\" data-column-clickable-blank=\"_self\" data-id=\"d60519e\" data-element_type=\"column\" data-settings=\"{&quot;background_background&quot;:&quot;classic&quot;}\">\n\t\t\t<div class=\"elementor-widget-wrap elementor-element-populated\">\n\t\t\t\t\t\t<div class=\"elementor-element elementor-element-3c2d0ab elementor-absolute elementor-widget elementor-widget-heading\" data-id=\"3c2d0ab\" data-element_type=\"widget\" data-settings=\"{&quot;_position&quot;:&quot;absolute&quot;}\" data-widget_type=\"heading.default\">\n\t\t\t\t<div class=\"elementor-widget-container\">\n\t\t\t<h3 class=\"elementor-heading-title elementor-size-medium\"><a href=\"https:\/\/cetromedical.se\/produkt-kategori\/skyddsutrustning\/\">Protective equipment<\/a><\/h3>\t\t<\/div>\n\t\t\t\t<\/div>\n\t\t\t\t\t<\/div>\n\t\t<\/div>\n\t\t\t\t<div class=\"make-column-clickable-elementor elementor-column elementor-col-25 elementor-top-column elementor-element elementor-element-8a36037\" style=\"cursor: pointer;\" data-column-clickable=\"https:\/\/cetromedical.se\/produkt-kategori\/engangshandskar\/\" data-column-clickable-blank=\"_self\" data-id=\"8a36037\" data-element_type=\"column\" data-settings=\"{&quot;background_background&quot;:&quot;classic&quot;}\">\n\t\t\t<div class=\"elementor-widget-wrap elementor-element-populated\">\n\t\t\t\t\t\t<div class=\"elementor-element elementor-element-048d3f0 elementor-absolute elementor-widget elementor-widget-heading\" data-id=\"048d3f0\" data-element_type=\"widget\" data-settings=\"{&quot;_position&quot;:&quot;absolute&quot;}\" data-widget_type=\"heading.default\">\n\t\t\t\t<div class=\"elementor-widget-container\">\n\t\t\t<h3 class=\"elementor-heading-title elementor-size-medium\"><a href=\"https:\/\/cetromedical.se\/en\/product-category-2\/disposable-gloves\/\">Disposable gloves<\/a><\/h3>\t\t<\/div>\n\t\t\t\t<\/div>\n\t\t\t\t\t<\/div>\n\t\t<\/div>\n\t\t\t\t\t<\/div>\n\t\t<\/section>\n\t\t\t\t<section class=\"elementor-section elementor-top-section elementor-element elementor-element-ba73e4e elementor-section-boxed elementor-section-height-default elementor-section-height-default\" data-id=\"ba73e4e\" data-element_type=\"section\" data-settings=\"{&quot;background_background&quot;:&quot;classic&quot;}\">\n\t\t\t\t\t\t<div class=\"elementor-container elementor-column-gap-default\">\n\t\t\t\t\t<div class=\"elementor-column elementor-col-100 elementor-top-column elementor-element elementor-element-130e549\" data-id=\"130e549\" data-element_type=\"column\">\n\t\t\t<div class=\"elementor-widget-wrap elementor-element-populated\">\n\t\t\t\t\t\t<div class=\"elementor-element elementor-element-ee61b29 elementor-widget elementor-widget-text-editor\" data-id=\"ee61b29\" data-element_type=\"widget\" data-widget_type=\"text-editor.default\">\n\t\t\t\t<div class=\"elementor-widget-container\">\n\t\t\t\t\t\t\t<p>Contact us at <em><a href=\"mailto:info@cetromedical.se\">info@cetromedical.se<\/a><\/em> if you have questions about products.\u00a0<\/p>\t\t\t\t\t\t<\/div>\n\t\t\t\t<\/div>\n\t\t\t\t\t<\/div>\n\t\t<\/div>\n\t\t\t\t\t<\/div>\n\t\t<\/section>\n\t\t\t\t<\/div>","protected":false},"excerpt":{"rendered":"<p>Products We are dedicated to providing innovative, reliable and professional solutions that help healthcare professionals provide the best possible patient care. Explore our categories below and find the right products for your needs. Gynecology Obstetrics Surgery Neonatal Urology Reg paper Protective equipment Disposable gloves Please contact us at info@cetromedical.se if you have any questions regarding products.\u00a0<\/p>","protected":false},"author":62,"featured_media":0,"parent":0,"menu_order":0,"comment_status":"closed","ping_status":"closed","template":"","meta":{"inline_featured_image":false,"footnotes":""},"class_list":["post-10043","page","type-page","status-publish","hentry"],"acf":[],"yoast_head":"<!-- This site is optimized with the Yoast SEO plugin v19.9 - https:\/\/yoast.com\/wordpress\/plugins\/seo\/ -->\r\n<title>Produkter - Cetro Medical<\/title>\r\n<meta name=\"robots\" content=\"index, follow, max-snippet:-1, max-image-preview:large, max-video-preview:-1\" \/>\r\n<link rel=\"canonical\" href=\"https:\/\/cetromedical.se\/en\/products\/\" \/>\r\n<meta property=\"og:locale\" content=\"en_US\" \/>\r\n<meta property=\"og:type\" content=\"article\" \/>\r\n<meta property=\"og:title\" content=\"Produkter - Cetro Medical\" \/>\r\n<meta property=\"og:description\" content=\"Produkter Vi \u00e4r dedikerade till att erbjuda innovativa, p\u00e5litliga och professionella l\u00f6sningar som hj\u00e4lper v\u00e5rdpersonal att ge den b\u00e4sta m\u00f6jilga patientv\u00e5rden. Utforska v\u00e5ra kategorier nedan och hitta r\u00e4tt produkter f\u00f6r dina behov. Gynekologi Obstetrik Kirurgi Neonatal Urologi Reg papper Skyddsutrustning Eng\u00e5ngshandskar Kontakta oss p\u00e5 info@cetromedical.se om du har fr\u00e5gor g\u00e4llande produkter.\u00a0\" \/>\r\n<meta property=\"og:url\" content=\"https:\/\/cetromedical.se\/en\/products\/\" \/>\r\n<meta property=\"og:site_name\" content=\"Cetro Medical\" \/>\r\n<meta property=\"article:modified_time\" content=\"2025-11-10T14:37:56+00:00\" \/>\r\n<meta name=\"twitter:card\" content=\"summary_large_image\" \/>\r\n<meta name=\"twitter:label1\" content=\"Est. reading time\" \/>\n\t<meta name=\"twitter:data1\" content=\"1 minute\" \/>\r\n<script type=\"application\/ld+json\" class=\"yoast-schema-graph\">{\"@context\":\"https:\/\/schema.org\",\"@graph\":[{\"@type\":\"WebPage\",\"@id\":\"https:\/\/cetromedical.se\/produkter\/\",\"url\":\"https:\/\/cetromedical.se\/produkter\/\",\"name\":\"Produkter - Cetro Medical\",\"isPartOf\":{\"@id\":\"https:\/\/cetromedical.se\/#website\"},\"datePublished\":\"2025-02-24T11:29:03+00:00\",\"dateModified\":\"2025-11-10T14:37:56+00:00\",\"breadcrumb\":{\"@id\":\"https:\/\/cetromedical.se\/produkter\/#breadcrumb\"},\"inLanguage\":\"en-US\",\"potentialAction\":[{\"@type\":\"ReadAction\",\"target\":[\"https:\/\/cetromedical.se\/produkter\/\"]}]},{\"@type\":\"BreadcrumbList\",\"@id\":\"https:\/\/cetromedical.se\/produkter\/#breadcrumb\",\"itemListElement\":[{\"@type\":\"ListItem\",\"position\":1,\"name\":\"Hem\",\"item\":\"https:\/\/cetromedical.se\/\"},{\"@type\":\"ListItem\",\"position\":2,\"name\":\"Produkter\"}]},{\"@type\":\"WebSite\",\"@id\":\"https:\/\/cetromedical.se\/#website\",\"url\":\"https:\/\/cetromedical.se\/\",\"name\":\"Cetro Medical\",\"description\":\"Quality Medical Instruments\",\"publisher\":{\"@id\":\"https:\/\/cetromedical.se\/#organization\"},\"potentialAction\":[{\"@type\":\"SearchAction\",\"target\":{\"@type\":\"EntryPoint\",\"urlTemplate\":\"https:\/\/cetromedical.se\/?s={search_term_string}\"},\"query-input\":\"required name=search_term_string\"}],\"inLanguage\":\"en-US\"},{\"@type\":\"Organization\",\"@id\":\"https:\/\/cetromedical.se\/#organization\",\"name\":\"Cetro Medical\",\"url\":\"https:\/\/cetromedical.se\/\",\"logo\":{\"@type\":\"ImageObject\",\"inLanguage\":\"en-US\",\"@id\":\"https:\/\/cetromedical.se\/#\/schema\/logo\/image\/\",\"url\":\"https:\/\/cetromedical.se\/wp-content\/uploads\/2022\/05\/Cetro-medical-285_2-1.png\",\"contentUrl\":\"https:\/\/cetromedical.se\/wp-content\/uploads\/2022\/05\/Cetro-medical-285_2-1.png\",\"width\":1317,\"height\":119,\"caption\":\"Cetro Medical\"},\"image\":{\"@id\":\"https:\/\/cetromedical.se\/#\/schema\/logo\/image\/\"}}]}<\/script>\r\n<!-- \/ Yoast SEO plugin. -->","yoast_head_json":{"title":"Produkter - Cetro Medical","robots":{"index":"index","follow":"follow","max-snippet":"max-snippet:-1","max-image-preview":"max-image-preview:large","max-video-preview":"max-video-preview:-1"},"canonical":"https:\/\/cetromedical.se\/en\/products\/","og_locale":"en_US","og_type":"article","og_title":"Produkter - Cetro Medical","og_description":"Produkter Vi \u00e4r dedikerade till att erbjuda innovativa, p\u00e5litliga och professionella l\u00f6sningar som hj\u00e4lper v\u00e5rdpersonal att ge den b\u00e4sta m\u00f6jilga patientv\u00e5rden. Utforska v\u00e5ra kategorier nedan och hitta r\u00e4tt produkter f\u00f6r dina behov. Gynekologi Obstetrik Kirurgi Neonatal Urologi Reg papper Skyddsutrustning Eng\u00e5ngshandskar Kontakta oss p\u00e5 info@cetromedical.se om du har fr\u00e5gor g\u00e4llande produkter.\u00a0","og_url":"https:\/\/cetromedical.se\/en\/products\/","og_site_name":"Cetro Medical","article_modified_time":"2025-11-10T14:37:56+00:00","twitter_card":"summary_large_image","twitter_misc":{"Est. reading time":"1 minute"},"schema":{"@context":"https:\/\/schema.org","@graph":[{"@type":"WebPage","@id":"https:\/\/cetromedical.se\/produkter\/","url":"https:\/\/cetromedical.se\/produkter\/","name":"Produkter - Cetro Medical","isPartOf":{"@id":"https:\/\/cetromedical.se\/#website"},"datePublished":"2025-02-24T11:29:03+00:00","dateModified":"2025-11-10T14:37:56+00:00","breadcrumb":{"@id":"https:\/\/cetromedical.se\/produkter\/#breadcrumb"},"inLanguage":"en-US","potentialAction":[{"@type":"ReadAction","target":["https:\/\/cetromedical.se\/produkter\/"]}]},{"@type":"BreadcrumbList","@id":"https:\/\/cetromedical.se\/produkter\/#breadcrumb","itemListElement":[{"@type":"ListItem","position":1,"name":"Hem","item":"https:\/\/cetromedical.se\/"},{"@type":"ListItem","position":2,"name":"Produkter"}]},{"@type":"WebSite","@id":"https:\/\/cetromedical.se\/#website","url":"https:\/\/cetromedical.se\/","name":"Cetro Medical","description":"Quality Medical Instruments","publisher":{"@id":"https:\/\/cetromedical.se\/#organization"},"potentialAction":[{"@type":"SearchAction","target":{"@type":"EntryPoint","urlTemplate":"https:\/\/cetromedical.se\/?s={search_term_string}"},"query-input":"required name=search_term_string"}],"inLanguage":"en-US"},{"@type":"Organization","@id":"https:\/\/cetromedical.se\/#organization","name":"Cetro Medical","url":"https:\/\/cetromedical.se\/","logo":{"@type":"ImageObject","inLanguage":"en-US","@id":"https:\/\/cetromedical.se\/#\/schema\/logo\/image\/","url":"https:\/\/cetromedical.se\/wp-content\/uploads\/2022\/05\/Cetro-medical-285_2-1.png","contentUrl":"https:\/\/cetromedical.se\/wp-content\/uploads\/2022\/05\/Cetro-medical-285_2-1.png","width":1317,"height":119,"caption":"Cetro Medical"},"image":{"@id":"https:\/\/cetromedical.se\/#\/schema\/logo\/image\/"}}]}},"_links":{"self":[{"href":"https:\/\/cetromedical.se\/en\/wp-json\/wp\/v2\/pages\/10043","targetHints":{"allow":["GET"]}}],"collection":[{"href":"https:\/\/cetromedical.se\/en\/wp-json\/wp\/v2\/pages"}],"about":[{"href":"https:\/\/cetromedical.se\/en\/wp-json\/wp\/v2\/types\/page"}],"author":[{"embeddable":true,"href":"https:\/\/cetromedical.se\/en\/wp-json\/wp\/v2\/users\/62"}],"replies":[{"embeddable":true,"href":"https:\/\/cetromedical.se\/en\/wp-json\/wp\/v2\/comments?post=10043"}],"version-history":[{"count":5,"href":"https:\/\/cetromedical.se\/en\/wp-json\/wp\/v2\/pages\/10043\/revisions"}],"predecessor-version":[{"id":11045,"href":"https:\/\/cetromedical.se\/en\/wp-json\/wp\/v2\/pages\/10043\/revisions\/11045"}],"wp:attachment":[{"href":"https:\/\/cetromedical.se\/en\/wp-json\/wp\/v2\/media?parent=10043"}],"curies":[{"name":"wp","href":"https:\/\/api.w.org\/{rel}","templated":true}]}}