{"id":5699,"date":"2023-01-18T13:58:21","date_gmt":"2023-01-18T12:58:21","guid":{"rendered":"https:\/\/cetromedical.se\/?page_id=5699"},"modified":"2025-01-29T20:24:12","modified_gmt":"2025-01-29T19:24:12","slug":"integritetspolicy","status":"publish","type":"page","link":"https:\/\/cetromedical.se\/en\/privacy-policy\/","title":{"rendered":"Privacy policy"},"content":{"rendered":"<div data-elementor-type=\"wp-page\" data-elementor-id=\"5699\" class=\"elementor elementor-5699\" data-elementor-post-type=\"page\">\n\t\t\t\t\t\t<section class=\"elementor-section elementor-top-section elementor-element elementor-element-5d11642 elementor-section-boxed elementor-section-height-default elementor-section-height-default\" data-id=\"5d11642\" data-element_type=\"section\">\n\t\t\t\t\t\t<div class=\"elementor-container elementor-column-gap-default\">\n\t\t\t\t\t<div class=\"elementor-column elementor-col-100 elementor-top-column elementor-element elementor-element-9377913\" data-id=\"9377913\" data-element_type=\"column\">\n\t\t\t<div class=\"elementor-widget-wrap elementor-element-populated\">\n\t\t\t\t\t\t<div class=\"elementor-element elementor-element-69249e8 elementor-widget elementor-widget-heading\" data-id=\"69249e8\" data-element_type=\"widget\" data-widget_type=\"heading.default\">\n\t\t\t\t<div class=\"elementor-widget-container\">\n\t\t\t<h1 class=\"elementor-heading-title elementor-size-default\">Privacy policy<\/h1>\t\t<\/div>\n\t\t\t\t<\/div>\n\t\t\t\t<div class=\"elementor-element elementor-element-dfc39f8 elementor-widget elementor-widget-heading\" data-id=\"dfc39f8\" data-element_type=\"widget\" data-widget_type=\"heading.default\">\n\t\t\t\t<div class=\"elementor-widget-container\">\n\t\t\t<h4 class=\"elementor-heading-title elementor-size-default\">How we process personal data<\/h4>\t\t<\/div>\n\t\t\t\t<\/div>\n\t\t\t\t<div class=\"elementor-element elementor-element-5a8d74b elementor-widget elementor-widget-text-editor\" data-id=\"5a8d74b\" data-element_type=\"widget\" data-widget_type=\"text-editor.default\">\n\t\t\t\t<div class=\"elementor-widget-container\">\n\t\t\t\t\t\t\t<p>Cetro Medical manufactures and trades in medical devices for healthcare and provides related services.<\/p><p>Our goal is for you to feel confident that your personal integrity is respected and that your personal data is processed correctly. We take responsibility for ensuring that personal data processed by Cetro Medical is used only for intended purposes and is protected against unauthorized access. All processing of personal data within the company takes place in accordance with applicable personal data legislation. Within the EU\/EEA, the General Data Protection Regulation (GDPR) applies from May 2018.<\/p>\t\t\t\t\t\t<\/div>\n\t\t\t\t<\/div>\n\t\t\t\t<div class=\"elementor-element elementor-element-1c2a250 elementor-widget elementor-widget-heading\" data-id=\"1c2a250\" data-element_type=\"widget\" data-widget_type=\"heading.default\">\n\t\t\t\t<div class=\"elementor-widget-container\">\n\t\t\t<h4 class=\"elementor-heading-title elementor-size-default\">Processing for which Cetro Medical is the data controller<\/h4>\t\t<\/div>\n\t\t\t\t<\/div>\n\t\t\t\t<div class=\"elementor-element elementor-element-a8fc21f elementor-widget elementor-widget-text-editor\" data-id=\"a8fc21f\" data-element_type=\"widget\" data-widget_type=\"text-editor.default\">\n\t\t\t\t<div class=\"elementor-widget-container\">\n\t\t\t\t\t\t\t<p class=\"p3\">Cetro Medical is the data controller for its processing of your personal data and is responsible for ensuring that such processing takes place in accordance with applicable legislation. For example, your data is processed when you:<\/p><ul class=\"ul1\"><li class=\"li4\">order our products<\/li><li class=\"li4\">receive login details and become a user of Cetro Medical services<\/li><li class=\"li5\">contact us or submit a request by phone, email or website<\/li><li class=\"li5\">contact us via customer service functions in our digital channels<\/li><li class=\"li5\">visit our website and accept cookies<\/li><li class=\"li3\">visit or communicate with us or others via our social media accounts (i.e. third party platforms such as Facebook, LinkedIn and Instagram).<\/li><\/ul>\t\t\t\t\t\t<\/div>\n\t\t\t\t<\/div>\n\t\t\t\t<div class=\"elementor-element elementor-element-bb948d5 elementor-widget elementor-widget-spacer\" data-id=\"bb948d5\" data-element_type=\"widget\" data-widget_type=\"spacer.default\">\n\t\t\t\t<div class=\"elementor-widget-container\">\n\t\t\t\t\t<div class=\"elementor-spacer\">\n\t\t\t<div class=\"elementor-spacer-inner\"><\/div>\n\t\t<\/div>\n\t\t\t\t<\/div>\n\t\t\t\t<\/div>\n\t\t\t\t<div class=\"elementor-element elementor-element-10cbd87 elementor-widget elementor-widget-heading\" data-id=\"10cbd87\" data-element_type=\"widget\" data-widget_type=\"heading.default\">\n\t\t\t\t<div class=\"elementor-widget-container\">\n\t\t\t<h4 class=\"elementor-heading-title elementor-size-default\">What personal data do we process?<\/h4>\t\t<\/div>\n\t\t\t\t<\/div>\n\t\t\t\t<div class=\"elementor-element elementor-element-53483ce elementor-widget elementor-widget-text-editor\" data-id=\"53483ce\" data-element_type=\"widget\" data-widget_type=\"text-editor.default\">\n\t\t\t\t<div class=\"elementor-widget-container\">\n\t\t\t\t\t\t\t<p class=\"p3\">The personal data processed depends on your business form. Business data may become personal data for a sole proprietorship or individual who accesses Cetro Medical products or services.<\/p><p class=\"p3\">The data collected about you includes, for example, your name, address, postal address, email address, telephone number, identification data, information about your use of our services and products and transaction history and, for some services, images and location information. Where applicable, social security numbers may also be processed.<\/p><p class=\"p3\">Furthermore, Cetro Medical may collect technical data about the devices you use to access our digital channels, including IP address, browser type and cookie information. The collection described herein takes place, for example, when you enter your personal data in various forms on our digital channels or its services, when you communicate with Cetro Medical via our social media platforms, provide feedback in our contact forms or by phone or register for events that we organize.<\/p><p class=\"p3\">When you contact us via customer service functions in our digital channels, for example in connection with making a complaint, your contact details and case information will be processed by us.<\/p><p class=\"p3\">If you visit or communicate with us via our social media accounts (i.e. third party platforms such as Facebook and Instagram), Cetro Medical may receive information regarding your profile and your interactions on the third party platform from the provider of the same.<\/p><p class=\"p3\">Cetro Medical has placed so-called \"cookies\" in several of our digital channels. These cookies collect information about how you use the digital channel.<\/p><p class=\"p3\">Personal data will be processed by us only for as long as necessary to fulfill the purposes of the processing or to comply with Cetro Medical's legal obligations.<\/p>\t\t\t\t\t\t<\/div>\n\t\t\t\t<\/div>\n\t\t\t\t<div class=\"elementor-element elementor-element-96b2597 elementor-widget elementor-widget-heading\" data-id=\"96b2597\" data-element_type=\"widget\" data-widget_type=\"heading.default\">\n\t\t\t\t<div class=\"elementor-widget-container\">\n\t\t\t<h4 class=\"elementor-heading-title elementor-size-default\">For what purposes are personal data processed?<\/h4>\t\t<\/div>\n\t\t\t\t<\/div>\n\t\t\t\t<div class=\"elementor-element elementor-element-492ac4f elementor-widget elementor-widget-text-editor\" data-id=\"492ac4f\" data-element_type=\"widget\" data-widget_type=\"text-editor.default\">\n\t\t\t\t<div class=\"elementor-widget-container\">\n\t\t\t\t\t\t\t<p class=\"p3\">Cetro Medical processes your personal data for various purposes. Mainly, we process your personal data in order to:<\/p><ul class=\"ul1\"><li class=\"li7\">Fulfilling our obligations to you as a customer, such as executing purchases, invoicing and providing support<\/li><li class=\"li7\">Enabling general customer care and customer service, such as answering questions and correcting incorrect data.<\/li><li class=\"li7\">Provide information and target marketing, by mail, e-mail, and telephone regarding Cetro Medical's goods and services.<\/li><li class=\"li8\">Managing the customer relationship and providing our services<\/li><li class=\"li8\">Provide you with relevant information and customized offers in newsletters and on the website.<\/li><li class=\"li7\">Improve our customer offering, such as the development of services, products and features.<\/li><li class=\"li9\">Comply with applicable legislation, such as accounting laws.<\/li><\/ul><p class=\"p3\">The data may also form the basis for market and customer analysis, market research, statistics, business follow-up and business and method development related to the purchase of goods and services.<\/p>\t\t\t\t\t\t<\/div>\n\t\t\t\t<\/div>\n\t\t\t\t<div class=\"elementor-element elementor-element-8839a90 elementor-widget elementor-widget-heading\" data-id=\"8839a90\" data-element_type=\"widget\" data-widget_type=\"heading.default\">\n\t\t\t\t<div class=\"elementor-widget-container\">\n\t\t\t<h4 class=\"elementor-heading-title elementor-size-default\">Legal basis and legitimate interests for the processing of personal data<\/h4>\t\t<\/div>\n\t\t\t\t<\/div>\n\t\t\t\t<div class=\"elementor-element elementor-element-467f7ee elementor-widget elementor-widget-text-editor\" data-id=\"467f7ee\" data-element_type=\"widget\" data-widget_type=\"text-editor.default\">\n\t\t\t\t<div class=\"elementor-widget-container\">\n\t\t\t\t\t\t\t<p class=\"p3\">Cetro Medical processes your personal data based on a number of legal grounds:<\/p><ul class=\"ul1\"><li class=\"li7\">We process your personal data when it is necessary to fulfill a contract with you or to respond to your request for customer service.<\/li><li class=\"li7\">Some of the processing of personal data that we carry out is based on a so-called balance of interests. This applies, for example, to the processing we perform in order to send you offers about our goods and services. Cetro Medical does not process sensitive personal data on the basis of a balance of interests.<\/li><li class=\"li3\">In some cases, Cetro Medical may have a legal obligation to process your personal data. This applies, for example, to the processing of personal data that we perform in order to meet the requirements of the Accounting Act.<\/li><\/ul>\t\t\t\t\t\t<\/div>\n\t\t\t\t<\/div>\n\t\t\t\t<div class=\"elementor-element elementor-element-3bb36b1 elementor-widget elementor-widget-heading\" data-id=\"3bb36b1\" data-element_type=\"widget\" data-widget_type=\"heading.default\">\n\t\t\t\t<div class=\"elementor-widget-container\">\n\t\t\t<h4 class=\"elementor-heading-title elementor-size-default\">How long do we keep your personal data?<\/h4>\t\t<\/div>\n\t\t\t\t<\/div>\n\t\t\t\t<div class=\"elementor-element elementor-element-58fc77a elementor-widget elementor-widget-text-editor\" data-id=\"58fc77a\" data-element_type=\"widget\" data-widget_type=\"text-editor.default\">\n\t\t\t\t<div class=\"elementor-widget-container\">\n\t\t\t\t\t\t\t<p class=\"p3\">Your personal data is only saved for as long as there is a need to save it to fulfill the purposes for which the data was collected in accordance with this Privacy Policy. Cetro Medical may save the data for longer if it is necessary to comply with legal requirements or to protect Cetro Medical's legal interests, e.g. if a legal process is ongoing.<\/p>\t\t\t\t\t\t<\/div>\n\t\t\t\t<\/div>\n\t\t\t\t<div class=\"elementor-element elementor-element-5fe721c elementor-widget elementor-widget-heading\" data-id=\"5fe721c\" data-element_type=\"widget\" data-widget_type=\"heading.default\">\n\t\t\t\t<div class=\"elementor-widget-container\">\n\t\t\t<h4 class=\"elementor-heading-title elementor-size-default\">To whom do we disclose personal data?<\/h4>\t\t<\/div>\n\t\t\t\t<\/div>\n\t\t\t\t<div class=\"elementor-element elementor-element-6e553ef elementor-widget elementor-widget-text-editor\" data-id=\"6e553ef\" data-element_type=\"widget\" data-widget_type=\"text-editor.default\">\n\t\t\t\t<div class=\"elementor-widget-container\">\n\t\t\t\t\t\t\t<p class=\"p3\">Cetro Medical may disclose your data to third parties such as partners and suppliers of transportation and communication services.<\/p><p class=\"p3\">Cetro Medical may also disclose your information to companies that provide address update services to ensure that we have the correct address information for you.<\/p><p class=\"p3\">Third parties to whom Cetro Medical discloses information or otherwise provides information about a customer may only use the information for the purpose of selling and marketing Cetro Medical's services and products.<\/p><p class=\"p3\">Personal data may also be disclosed by Cetro Medical if it is necessary to comply with applicable legal requirements or requirements from authorities, to protect Cetro Medical's legal interests or to detect, prevent or draw attention to fraud and other security or technical problems.<\/p>\t\t\t\t\t\t<\/div>\n\t\t\t\t<\/div>\n\t\t\t\t<div class=\"elementor-element elementor-element-c1435d6 elementor-widget elementor-widget-heading\" data-id=\"c1435d6\" data-element_type=\"widget\" data-widget_type=\"heading.default\">\n\t\t\t\t<div class=\"elementor-widget-container\">\n\t\t\t<h4 class=\"elementor-heading-title elementor-size-default\">Right to information<\/h4>\t\t<\/div>\n\t\t\t\t<\/div>\n\t\t\t\t<div class=\"elementor-element elementor-element-bd31a8d elementor-widget elementor-widget-text-editor\" data-id=\"bd31a8d\" data-element_type=\"widget\" data-widget_type=\"text-editor.default\">\n\t\t\t\t<div class=\"elementor-widget-container\">\n\t\t\t\t\t\t\t<p class=\"p3\">Cetro Medical is responsible for ensuring that your personal data is processed in accordance with current legislation.<\/p><p class=\"p3\">You have the right, in accordance with what follows from applicable personal data legislation, to request access to the personal data processed about you, to have incorrect personal data corrected, for Cetro Medical to stop processing and delete your personal data, to restrict the processing of your personal data, to exercise your right to data portability, and to object to the processing of personal data. In such case, please contact Cetro Medical at the address given below. You also have the right to file a complaint with the applicable supervisory authority at any time if you believe that your personal data is processed in violation of applicable personal data legislation.<\/p><p class=\"p3\">Cetro Medical will also, on its own initiative, correct, de-identify, delete or complete data that is found to be inaccurate, incomplete or misleading.<\/p><p class=\"p3\">If you do not want Cetro Medical to process your personal data for direct marketing, you always have the right to object to such processing by sending an email to info@wingplast.se. Once we have received your objection, we will cease processing the personal data for such marketing purposes.<\/p>\t\t\t\t\t\t<\/div>\n\t\t\t\t<\/div>\n\t\t\t\t<div class=\"elementor-element elementor-element-4d03427 elementor-widget elementor-widget-heading\" data-id=\"4d03427\" data-element_type=\"widget\" data-widget_type=\"heading.default\">\n\t\t\t\t<div class=\"elementor-widget-container\">\n\t\t\t<h4 class=\"elementor-heading-title elementor-size-default\">Amendment of this privacy policy<\/h4>\t\t<\/div>\n\t\t\t\t<\/div>\n\t\t\t\t<div class=\"elementor-element elementor-element-9d94924 elementor-widget elementor-widget-text-editor\" data-id=\"9d94924\" data-element_type=\"widget\" data-widget_type=\"text-editor.default\">\n\t\t\t\t<div class=\"elementor-widget-container\">\n\t\t\t\t\t\t\t<p class=\"p3\">Cetro Medical may make changes to this privacy policy from time to time. The latest version of the privacy policy is always available on our website.<\/p><p class=\"p3\">Contact information<\/p><p class=\"p3\">Please do not hesitate to contact us if you have any questions about this Privacy Policy, the processing of your personal data or if you wish to request a register extract. You can find our contact information below.<\/p><p class=\"p3\">CETRO MEDICAL AB Nitgatan 11 333 33 Sm\u00e5landsstenar, Sweden<\/p><p class=\"p11\">info@cetromedical.se<\/p>\t\t\t\t\t\t<\/div>\n\t\t\t\t<\/div>\n\t\t\t\t\t<\/div>\n\t\t<\/div>\n\t\t\t\t\t<\/div>\n\t\t<\/section>\n\t\t\t\t<\/div>","protected":false},"excerpt":{"rendered":"<p>Integritetspolicy S\u00e5 h\u00e4r behandlar vi personuppgifter Cetro Medical tillverkar och handlar med medicintekniska produkter f\u00f6r sjukv\u00e5rden samt tillhandah\u00e5ller tj\u00e4nster f\u00f6rknippade d\u00e4rmed. V\u00e5r m\u00e5ls\u00e4ttning \u00e4r att du ska k\u00e4nna dig s\u00e4ker p\u00e5 att din personliga integritet respekteras och att dina personuppgifter behandlas korrekt. Vi tar ansvar f\u00f6r att personuppgifter som behandlas av Cetro Medical\u00a0anv\u00e4nds endast f\u00f6r [&hellip;]<\/p>","protected":false},"author":1,"featured_media":0,"parent":0,"menu_order":0,"comment_status":"closed","ping_status":"closed","template":"","meta":{"inline_featured_image":false,"footnotes":""},"class_list":["post-5699","page","type-page","status-publish","hentry"],"acf":[],"yoast_head":"<!-- This site is optimized with the Yoast SEO plugin v19.9 - https:\/\/yoast.com\/wordpress\/plugins\/seo\/ -->\r\n<title>Integritetspolicy - Cetro Medical<\/title>\r\n<meta name=\"description\" content=\"Vi behandlar dina personuppgifter d\u00e5 det \u00e4r n\u00f6dv\u00e4ndigt f\u00f6r att fullg\u00f6ra ett avtal med dig eller svara p\u00e5 din beg\u00e4ran om kundservice.\" \/>\r\n<meta name=\"robots\" content=\"index, follow, max-snippet:-1, max-image-preview:large, max-video-preview:-1\" \/>\r\n<link rel=\"canonical\" href=\"https:\/\/cetromedical.se\/en\/privacy-policy\/\" \/>\r\n<meta property=\"og:locale\" content=\"en_US\" \/>\r\n<meta property=\"og:type\" content=\"article\" \/>\r\n<meta property=\"og:title\" content=\"Integritetspolicy - Cetro Medical\" \/>\r\n<meta property=\"og:description\" content=\"Vi behandlar dina personuppgifter d\u00e5 det \u00e4r n\u00f6dv\u00e4ndigt f\u00f6r att fullg\u00f6ra ett avtal med dig eller svara p\u00e5 din beg\u00e4ran om kundservice.\" \/>\r\n<meta property=\"og:url\" content=\"https:\/\/cetromedical.se\/en\/privacy-policy\/\" \/>\r\n<meta property=\"og:site_name\" content=\"Cetro Medical\" \/>\r\n<meta property=\"article:modified_time\" content=\"2025-01-29T19:24:12+00:00\" \/>\r\n<meta name=\"twitter:card\" content=\"summary_large_image\" \/>\r\n<meta name=\"twitter:label1\" content=\"Est. reading time\" \/>\n\t<meta name=\"twitter:data1\" content=\"6 minutes\" \/>\r\n<script type=\"application\/ld+json\" class=\"yoast-schema-graph\">{\"@context\":\"https:\/\/schema.org\",\"@graph\":[{\"@type\":\"WebPage\",\"@id\":\"https:\/\/cetromedical.se\/integritetspolicy\/\",\"url\":\"https:\/\/cetromedical.se\/integritetspolicy\/\",\"name\":\"Integritetspolicy - Cetro Medical\",\"isPartOf\":{\"@id\":\"https:\/\/cetromedical.se\/#website\"},\"datePublished\":\"2023-01-18T12:58:21+00:00\",\"dateModified\":\"2025-01-29T19:24:12+00:00\",\"description\":\"Vi behandlar dina personuppgifter d\u00e5 det \u00e4r n\u00f6dv\u00e4ndigt f\u00f6r att fullg\u00f6ra ett avtal med dig eller svara p\u00e5 din beg\u00e4ran om kundservice.\",\"breadcrumb\":{\"@id\":\"https:\/\/cetromedical.se\/integritetspolicy\/#breadcrumb\"},\"inLanguage\":\"en-US\",\"potentialAction\":[{\"@type\":\"ReadAction\",\"target\":[\"https:\/\/cetromedical.se\/integritetspolicy\/\"]}]},{\"@type\":\"BreadcrumbList\",\"@id\":\"https:\/\/cetromedical.se\/integritetspolicy\/#breadcrumb\",\"itemListElement\":[{\"@type\":\"ListItem\",\"position\":1,\"name\":\"Hem\",\"item\":\"https:\/\/cetromedical.se\/\"},{\"@type\":\"ListItem\",\"position\":2,\"name\":\"Integritetspolicy\"}]},{\"@type\":\"WebSite\",\"@id\":\"https:\/\/cetromedical.se\/#website\",\"url\":\"https:\/\/cetromedical.se\/\",\"name\":\"Cetro Medical\",\"description\":\"Quality Medical Instruments\",\"publisher\":{\"@id\":\"https:\/\/cetromedical.se\/#organization\"},\"potentialAction\":[{\"@type\":\"SearchAction\",\"target\":{\"@type\":\"EntryPoint\",\"urlTemplate\":\"https:\/\/cetromedical.se\/?s={search_term_string}\"},\"query-input\":\"required name=search_term_string\"}],\"inLanguage\":\"en-US\"},{\"@type\":\"Organization\",\"@id\":\"https:\/\/cetromedical.se\/#organization\",\"name\":\"Cetro Medical\",\"url\":\"https:\/\/cetromedical.se\/\",\"logo\":{\"@type\":\"ImageObject\",\"inLanguage\":\"en-US\",\"@id\":\"https:\/\/cetromedical.se\/#\/schema\/logo\/image\/\",\"url\":\"https:\/\/cetromedical.se\/wp-content\/uploads\/2022\/05\/Cetro-medical-285_2-1.png\",\"contentUrl\":\"https:\/\/cetromedical.se\/wp-content\/uploads\/2022\/05\/Cetro-medical-285_2-1.png\",\"width\":1317,\"height\":119,\"caption\":\"Cetro Medical\"},\"image\":{\"@id\":\"https:\/\/cetromedical.se\/#\/schema\/logo\/image\/\"}}]}<\/script>\r\n<!-- \/ Yoast SEO plugin. -->","yoast_head_json":{"title":"Integritetspolicy - Cetro Medical","description":"Vi behandlar dina personuppgifter d\u00e5 det \u00e4r n\u00f6dv\u00e4ndigt f\u00f6r att fullg\u00f6ra ett avtal med dig eller svara p\u00e5 din beg\u00e4ran om kundservice.","robots":{"index":"index","follow":"follow","max-snippet":"max-snippet:-1","max-image-preview":"max-image-preview:large","max-video-preview":"max-video-preview:-1"},"canonical":"https:\/\/cetromedical.se\/en\/privacy-policy\/","og_locale":"en_US","og_type":"article","og_title":"Integritetspolicy - Cetro Medical","og_description":"Vi behandlar dina personuppgifter d\u00e5 det \u00e4r n\u00f6dv\u00e4ndigt f\u00f6r att fullg\u00f6ra ett avtal med dig eller svara p\u00e5 din beg\u00e4ran om kundservice.","og_url":"https:\/\/cetromedical.se\/en\/privacy-policy\/","og_site_name":"Cetro Medical","article_modified_time":"2025-01-29T19:24:12+00:00","twitter_card":"summary_large_image","twitter_misc":{"Est. reading time":"6 minutes"},"schema":{"@context":"https:\/\/schema.org","@graph":[{"@type":"WebPage","@id":"https:\/\/cetromedical.se\/integritetspolicy\/","url":"https:\/\/cetromedical.se\/integritetspolicy\/","name":"Integritetspolicy - Cetro Medical","isPartOf":{"@id":"https:\/\/cetromedical.se\/#website"},"datePublished":"2023-01-18T12:58:21+00:00","dateModified":"2025-01-29T19:24:12+00:00","description":"Vi behandlar dina personuppgifter d\u00e5 det \u00e4r n\u00f6dv\u00e4ndigt f\u00f6r att fullg\u00f6ra ett avtal med dig eller svara p\u00e5 din beg\u00e4ran om kundservice.","breadcrumb":{"@id":"https:\/\/cetromedical.se\/integritetspolicy\/#breadcrumb"},"inLanguage":"en-US","potentialAction":[{"@type":"ReadAction","target":["https:\/\/cetromedical.se\/integritetspolicy\/"]}]},{"@type":"BreadcrumbList","@id":"https:\/\/cetromedical.se\/integritetspolicy\/#breadcrumb","itemListElement":[{"@type":"ListItem","position":1,"name":"Hem","item":"https:\/\/cetromedical.se\/"},{"@type":"ListItem","position":2,"name":"Integritetspolicy"}]},{"@type":"WebSite","@id":"https:\/\/cetromedical.se\/#website","url":"https:\/\/cetromedical.se\/","name":"Cetro Medical","description":"Quality Medical Instruments","publisher":{"@id":"https:\/\/cetromedical.se\/#organization"},"potentialAction":[{"@type":"SearchAction","target":{"@type":"EntryPoint","urlTemplate":"https:\/\/cetromedical.se\/?s={search_term_string}"},"query-input":"required name=search_term_string"}],"inLanguage":"en-US"},{"@type":"Organization","@id":"https:\/\/cetromedical.se\/#organization","name":"Cetro Medical","url":"https:\/\/cetromedical.se\/","logo":{"@type":"ImageObject","inLanguage":"en-US","@id":"https:\/\/cetromedical.se\/#\/schema\/logo\/image\/","url":"https:\/\/cetromedical.se\/wp-content\/uploads\/2022\/05\/Cetro-medical-285_2-1.png","contentUrl":"https:\/\/cetromedical.se\/wp-content\/uploads\/2022\/05\/Cetro-medical-285_2-1.png","width":1317,"height":119,"caption":"Cetro Medical"},"image":{"@id":"https:\/\/cetromedical.se\/#\/schema\/logo\/image\/"}}]}},"_links":{"self":[{"href":"https:\/\/cetromedical.se\/en\/wp-json\/wp\/v2\/pages\/5699","targetHints":{"allow":["GET"]}}],"collection":[{"href":"https:\/\/cetromedical.se\/en\/wp-json\/wp\/v2\/pages"}],"about":[{"href":"https:\/\/cetromedical.se\/en\/wp-json\/wp\/v2\/types\/page"}],"author":[{"embeddable":true,"href":"https:\/\/cetromedical.se\/en\/wp-json\/wp\/v2\/users\/1"}],"replies":[{"embeddable":true,"href":"https:\/\/cetromedical.se\/en\/wp-json\/wp\/v2\/comments?post=5699"}],"version-history":[{"count":6,"href":"https:\/\/cetromedical.se\/en\/wp-json\/wp\/v2\/pages\/5699\/revisions"}],"predecessor-version":[{"id":10015,"href":"https:\/\/cetromedical.se\/en\/wp-json\/wp\/v2\/pages\/5699\/revisions\/10015"}],"wp:attachment":[{"href":"https:\/\/cetromedical.se\/en\/wp-json\/wp\/v2\/media?parent=5699"}],"curies":[{"name":"wp","href":"https:\/\/api.w.org\/{rel}","templated":true}]}}