{"id":10695,"date":"2025-08-06T20:04:40","date_gmt":"2025-08-06T18:04:40","guid":{"rendered":"https:\/\/cetromedical.se\/?post_type=product&#038;p=10695"},"modified":"2025-10-09T07:58:37","modified_gmt":"2025-10-09T05:58:37","slug":"fiberoptisk-ljusadapter-for-cetro-proctoscope","status":"publish","type":"product","link":"https:\/\/cetromedical.se\/en\/product-2\/fiberoptisk-ljusadapter-for-cetro-proctoscope\/","title":{"rendered":"Fiberoptisk ljusadapter f\u00f6r Cetro Proctoscope"},"content":{"rendered":"<p>Den vinklade fiberadaptern \u00e4r en ergonomiskt konstruerad adapter som \u00e4r utformad f\u00f6r att integreras s\u00f6ml\u00f6st med v\u00e5ra proktoskop. Dess vinklade konfiguration g\u00f6r att l\u00e4karen kan bibeh\u00e5lla ett mer naturligt och bekv\u00e4mt grepp om instrumentet. Storz-anslutning<\/p>\n<p>F\u00f6rdelar: Konstruerad f\u00f6r ergonomisk effektivitet, vilket ger ett mer praktiskt grepp och f\u00f6rb\u00e4ttrad siktlinje under anv\u00e4ndning.<\/p>\n<p>Autoclavable 134\u00b0C<br \/>\nResistant to disinfection<br \/>\nStainless steel<\/p>\n<p>Divisional packaging: 1 piece<br \/>\nTransport packaging: 1 piece<\/p>\n<p>&nbsp;<\/p>\n<pre id=\"tw-target-text\" class=\"tw-data-text tw-text-large tw-ta\" dir=\"ltr\" data-placeholder=\"\u00d6vers\u00e4ttning\" data-ved=\"2ahUKEwiiyrft4faOAxWHIRAIHSiRH5gQ3ewLegQICxAV\" aria-label=\"\u00d6versatt text: Den vinklade fiberadaptern \u00e4r en ergonomiskt konstruerad adapter som \u00e4r utformad f\u00f6r att integreras s\u00f6ml\u00f6st med v\u00e5ra proktoskop. Dess vinklade konfiguration g\u00f6r att l\u00e4karen kan bibeh\u00e5lla ett mer naturligt och bekv\u00e4mt grepp om instrumentet. Storz-anslutning F\u00f6rdelar: Konstruerad f\u00f6r ergonomisk effektivitet, vilket ger ett mer praktiskt grepp och f\u00f6rb\u00e4ttrad siktlinje under anv\u00e4ndning\"><\/pre>","protected":false},"excerpt":{"rendered":"<p>Vinklad fiberadapter<\/p>","protected":false},"featured_media":10874,"template":"","meta":{"inline_featured_image":false},"product_cat":[30,69],"product_tag":[],"class_list":["post-10695","product","type-product","status-publish","has-post-thumbnail","hentry","product_cat-kolorektal-kirurgi","product_cat-fiberljusadapter"],"acf":[],"yoast_head":"<!-- This site is optimized with the Yoast SEO plugin v19.9 - https:\/\/yoast.com\/wordpress\/plugins\/seo\/ -->\r\n<title>Fiberoptisk ljusadapter f\u00f6r Cetro Proctoscope - Cetro Medical<\/title>\r\n<meta name=\"description\" content=\"Uppt\u00e4ck Fiberoptisk ljusadapter f\u00f6r Cetro Proctoscope fr\u00e5n Cetro Medical \u2013 kvalitetss\u00e4krad medicinsk utrustning f\u00f6r p\u00e5litlig v\u00e5rd. Best\u00e4ll online och f\u00e5 snabb leverans!\" \/>\r\n<meta name=\"robots\" content=\"index, follow, max-snippet:-1, max-image-preview:large, max-video-preview:-1\" \/>\r\n<link rel=\"canonical\" href=\"https:\/\/cetromedical.se\/en\/product-2\/fiberoptisk-ljusadapter-for-cetro-proctoscope\/\" \/>\r\n<meta property=\"og:locale\" content=\"en_US\" \/>\r\n<meta property=\"og:type\" content=\"article\" \/>\r\n<meta property=\"og:title\" content=\"Fiberoptisk ljusadapter f\u00f6r Cetro Proctoscope - Cetro Medical\" \/>\r\n<meta property=\"og:description\" content=\"Uppt\u00e4ck Fiberoptisk ljusadapter f\u00f6r Cetro Proctoscope fr\u00e5n Cetro Medical \u2013 kvalitetss\u00e4krad medicinsk utrustning f\u00f6r p\u00e5litlig v\u00e5rd. Best\u00e4ll online och f\u00e5 snabb leverans!\" \/>\r\n<meta property=\"og:url\" content=\"https:\/\/cetromedical.se\/en\/product-2\/fiberoptisk-ljusadapter-for-cetro-proctoscope\/\" \/>\r\n<meta property=\"og:site_name\" content=\"Cetro Medical\" \/>\r\n<meta property=\"article:modified_time\" content=\"2025-10-09T05:58:37+00:00\" \/>\r\n<meta property=\"og:image\" content=\"https:\/\/cetromedical.se\/wp-content\/uploads\/2025\/10\/6367-Adapter-scaled.png\" \/>\r\n\t<meta property=\"og:image:width\" content=\"2560\" \/>\r\n\t<meta property=\"og:image:height\" content=\"1781\" \/>\r\n\t<meta property=\"og:image:type\" content=\"image\/png\" \/>\r\n<meta name=\"twitter:card\" content=\"summary_large_image\" \/>\r\n<meta name=\"twitter:label1\" content=\"Est. reading time\" \/>\n\t<meta name=\"twitter:data1\" content=\"1 minute\" \/>\r\n<script type=\"application\/ld+json\" class=\"yoast-schema-graph\">{\"@context\":\"https:\/\/schema.org\",\"@graph\":[{\"@type\":\"WebPage\",\"@id\":\"https:\/\/cetromedical.se\/produkt\/fiberoptisk-ljusadapter-for-cetro-proctoscope\/\",\"url\":\"https:\/\/cetromedical.se\/produkt\/fiberoptisk-ljusadapter-for-cetro-proctoscope\/\",\"name\":\"Fiberoptisk ljusadapter f\u00f6r Cetro Proctoscope - Cetro Medical\",\"isPartOf\":{\"@id\":\"https:\/\/cetromedical.se\/#website\"},\"datePublished\":\"2025-08-06T18:04:40+00:00\",\"dateModified\":\"2025-10-09T05:58:37+00:00\",\"description\":\"Uppt\u00e4ck Fiberoptisk ljusadapter f\u00f6r Cetro Proctoscope fr\u00e5n Cetro Medical \u2013 kvalitetss\u00e4krad medicinsk utrustning f\u00f6r p\u00e5litlig v\u00e5rd. Best\u00e4ll online och f\u00e5 snabb leverans!\",\"breadcrumb\":{\"@id\":\"https:\/\/cetromedical.se\/produkt\/fiberoptisk-ljusadapter-for-cetro-proctoscope\/#breadcrumb\"},\"inLanguage\":\"en-US\",\"potentialAction\":[{\"@type\":\"ReadAction\",\"target\":[\"https:\/\/cetromedical.se\/produkt\/fiberoptisk-ljusadapter-for-cetro-proctoscope\/\"]}]},{\"@type\":\"BreadcrumbList\",\"@id\":\"https:\/\/cetromedical.se\/produkt\/fiberoptisk-ljusadapter-for-cetro-proctoscope\/#breadcrumb\",\"itemListElement\":[{\"@type\":\"ListItem\",\"position\":1,\"name\":\"Hem\",\"item\":\"https:\/\/cetromedical.se\/\"},{\"@type\":\"ListItem\",\"position\":2,\"name\":\"Webbutik\",\"item\":\"https:\/\/cetromedical.se\/butik\/\"},{\"@type\":\"ListItem\",\"position\":3,\"name\":\"Fiberoptisk ljusadapter f\u00f6r Cetro Proctoscope\"}]},{\"@type\":\"WebSite\",\"@id\":\"https:\/\/cetromedical.se\/#website\",\"url\":\"https:\/\/cetromedical.se\/\",\"name\":\"Cetro Medical\",\"description\":\"Quality Medical Instruments\",\"publisher\":{\"@id\":\"https:\/\/cetromedical.se\/#organization\"},\"potentialAction\":[{\"@type\":\"SearchAction\",\"target\":{\"@type\":\"EntryPoint\",\"urlTemplate\":\"https:\/\/cetromedical.se\/?s={search_term_string}\"},\"query-input\":\"required name=search_term_string\"}],\"inLanguage\":\"en-US\"},{\"@type\":\"Organization\",\"@id\":\"https:\/\/cetromedical.se\/#organization\",\"name\":\"Cetro Medical\",\"url\":\"https:\/\/cetromedical.se\/\",\"logo\":{\"@type\":\"ImageObject\",\"inLanguage\":\"en-US\",\"@id\":\"https:\/\/cetromedical.se\/#\/schema\/logo\/image\/\",\"url\":\"https:\/\/cetromedical.se\/wp-content\/uploads\/2022\/05\/Cetro-medical-285_2-1.png\",\"contentUrl\":\"https:\/\/cetromedical.se\/wp-content\/uploads\/2022\/05\/Cetro-medical-285_2-1.png\",\"width\":1317,\"height\":119,\"caption\":\"Cetro Medical\"},\"image\":{\"@id\":\"https:\/\/cetromedical.se\/#\/schema\/logo\/image\/\"}}]}<\/script>\r\n<!-- \/ Yoast SEO plugin. -->","yoast_head_json":{"title":"Fiberoptisk ljusadapter f\u00f6r Cetro Proctoscope - Cetro Medical","description":"Uppt\u00e4ck Fiberoptisk ljusadapter f\u00f6r Cetro Proctoscope fr\u00e5n Cetro Medical \u2013 kvalitetss\u00e4krad medicinsk utrustning f\u00f6r p\u00e5litlig v\u00e5rd. Best\u00e4ll online och f\u00e5 snabb leverans!","robots":{"index":"index","follow":"follow","max-snippet":"max-snippet:-1","max-image-preview":"max-image-preview:large","max-video-preview":"max-video-preview:-1"},"canonical":"https:\/\/cetromedical.se\/en\/product-2\/fiberoptisk-ljusadapter-for-cetro-proctoscope\/","og_locale":"en_US","og_type":"article","og_title":"Fiberoptisk ljusadapter f\u00f6r Cetro Proctoscope - Cetro Medical","og_description":"Uppt\u00e4ck Fiberoptisk ljusadapter f\u00f6r Cetro Proctoscope fr\u00e5n Cetro Medical \u2013 kvalitetss\u00e4krad medicinsk utrustning f\u00f6r p\u00e5litlig v\u00e5rd. Best\u00e4ll online och f\u00e5 snabb leverans!","og_url":"https:\/\/cetromedical.se\/en\/product-2\/fiberoptisk-ljusadapter-for-cetro-proctoscope\/","og_site_name":"Cetro Medical","article_modified_time":"2025-10-09T05:58:37+00:00","og_image":[{"width":2560,"height":1781,"url":"https:\/\/cetromedical.se\/wp-content\/uploads\/2025\/10\/6367-Adapter-scaled.png","type":"image\/png"}],"twitter_card":"summary_large_image","twitter_misc":{"Est. reading time":"1 minute"},"schema":{"@context":"https:\/\/schema.org","@graph":[{"@type":"WebPage","@id":"https:\/\/cetromedical.se\/produkt\/fiberoptisk-ljusadapter-for-cetro-proctoscope\/","url":"https:\/\/cetromedical.se\/produkt\/fiberoptisk-ljusadapter-for-cetro-proctoscope\/","name":"Fiberoptisk ljusadapter f\u00f6r Cetro Proctoscope - Cetro Medical","isPartOf":{"@id":"https:\/\/cetromedical.se\/#website"},"datePublished":"2025-08-06T18:04:40+00:00","dateModified":"2025-10-09T05:58:37+00:00","description":"Uppt\u00e4ck Fiberoptisk ljusadapter f\u00f6r Cetro Proctoscope fr\u00e5n Cetro Medical \u2013 kvalitetss\u00e4krad medicinsk utrustning f\u00f6r p\u00e5litlig v\u00e5rd. Best\u00e4ll online och f\u00e5 snabb leverans!","breadcrumb":{"@id":"https:\/\/cetromedical.se\/produkt\/fiberoptisk-ljusadapter-for-cetro-proctoscope\/#breadcrumb"},"inLanguage":"en-US","potentialAction":[{"@type":"ReadAction","target":["https:\/\/cetromedical.se\/produkt\/fiberoptisk-ljusadapter-for-cetro-proctoscope\/"]}]},{"@type":"BreadcrumbList","@id":"https:\/\/cetromedical.se\/produkt\/fiberoptisk-ljusadapter-for-cetro-proctoscope\/#breadcrumb","itemListElement":[{"@type":"ListItem","position":1,"name":"Hem","item":"https:\/\/cetromedical.se\/"},{"@type":"ListItem","position":2,"name":"Webbutik","item":"https:\/\/cetromedical.se\/butik\/"},{"@type":"ListItem","position":3,"name":"Fiberoptisk ljusadapter f\u00f6r Cetro Proctoscope"}]},{"@type":"WebSite","@id":"https:\/\/cetromedical.se\/#website","url":"https:\/\/cetromedical.se\/","name":"Cetro Medical","description":"Quality Medical Instruments","publisher":{"@id":"https:\/\/cetromedical.se\/#organization"},"potentialAction":[{"@type":"SearchAction","target":{"@type":"EntryPoint","urlTemplate":"https:\/\/cetromedical.se\/?s={search_term_string}"},"query-input":"required name=search_term_string"}],"inLanguage":"en-US"},{"@type":"Organization","@id":"https:\/\/cetromedical.se\/#organization","name":"Cetro Medical","url":"https:\/\/cetromedical.se\/","logo":{"@type":"ImageObject","inLanguage":"en-US","@id":"https:\/\/cetromedical.se\/#\/schema\/logo\/image\/","url":"https:\/\/cetromedical.se\/wp-content\/uploads\/2022\/05\/Cetro-medical-285_2-1.png","contentUrl":"https:\/\/cetromedical.se\/wp-content\/uploads\/2022\/05\/Cetro-medical-285_2-1.png","width":1317,"height":119,"caption":"Cetro Medical"},"image":{"@id":"https:\/\/cetromedical.se\/#\/schema\/logo\/image\/"}}]}},"_links":{"self":[{"href":"https:\/\/cetromedical.se\/en\/wp-json\/wp\/v2\/product\/10695","targetHints":{"allow":["GET"]}}],"collection":[{"href":"https:\/\/cetromedical.se\/en\/wp-json\/wp\/v2\/product"}],"about":[{"href":"https:\/\/cetromedical.se\/en\/wp-json\/wp\/v2\/types\/product"}],"wp:featuredmedia":[{"embeddable":true,"href":"https:\/\/cetromedical.se\/en\/wp-json\/wp\/v2\/media\/10874"}],"wp:attachment":[{"href":"https:\/\/cetromedical.se\/en\/wp-json\/wp\/v2\/media?parent=10695"}],"wp:term":[{"taxonomy":"product_cat","embeddable":true,"href":"https:\/\/cetromedical.se\/en\/wp-json\/wp\/v2\/product_cat?post=10695"},{"taxonomy":"product_tag","embeddable":true,"href":"https:\/\/cetromedical.se\/en\/wp-json\/wp\/v2\/product_tag?post=10695"}],"curies":[{"name":"wp","href":"https:\/\/api.w.org\/{rel}","templated":true}]}}