{"id":1108,"date":"2022-05-16T16:34:31","date_gmt":"2022-05-16T14:34:31","guid":{"rendered":"http:\/\/cetromedical.ljungs.nu\/?post_type=product&#038;p=1108"},"modified":"2026-05-12T11:13:58","modified_gmt":"2026-05-12T09:13:58","slug":"easyspec","status":"publish","type":"product","link":"https:\/\/cetromedical.se\/en\/product-2\/easyspec\/","title":{"rendered":"Easyspec"},"content":{"rendered":"<h4><em><span style=\"color: #3366ff;\"><a style=\"color: #3366ff;\" href=\"https:\/\/cetromedical.se\/en\/dokumentbibliotek\/\">Dokument<\/a><\/span><\/em><\/h4>\n<p>The speculum's smooth surfaces, gently rounded corners and its special surface make insertion smooth, easy and gentle. After insertion, EasySpec\u00ae can be fixed at the desired angle by adjusting the silent and simple locking device.<\/p>\n<p>Advantages of using self-retaining speculum:<\/p>\n<p>Easy to use as it does not require constant adjustment or holding by a medical professional.<\/p>\n<p>Because it can stay open without anyone having to hold it, the doctor or caregiver can focus better on the examination and have both hands free for other tasks.<\/p>\n<p>By staying open on its own, it can potentially reduce discomfort for the patient, as it can reduce the need to adjust the speculum during the examination.<\/p>\n<p>Available in sizes XS, Small, Medium, Large and XL.<\/p>\n<ul>\n<li>Silent and secure locking device<\/li>\n<li>Low friction surface for smooth insertion<\/li>\n<li>Smooth surfaces and gently rounded corners<\/li>\n<li>Easy to grip<\/li>\n<li>Minimal squeezing of vaginal walls<\/li>\n<li>Optimal opening width<\/li>\n<\/ul>\n<p>&nbsp;<\/p>\n<h3>F\u00f6rpackning ej steril<\/h3>\n<ul>\n<li>Divisional packaging: 25 pieces<\/li>\n<li>Transport packaging: 150 pcs<\/li>\n<li>Pallet quantity: 2400 pcs<\/li>\n<\/ul>","protected":false},"excerpt":{"rendered":"<p>EasySpec\u00ae is a single-use, self-retaining vaginal speculum.<\/p>","protected":false},"featured_media":9072,"template":"","meta":{"inline_featured_image":false},"product_cat":[25,47],"product_tag":[],"class_list":["post-1108","product","type-product","status-publish","has-post-thumbnail","hentry","product_cat-gynekologi","product_cat-spekulum"],"acf":[],"yoast_head":"<!-- This site is optimized with the Yoast SEO plugin v19.9 - https:\/\/yoast.com\/wordpress\/plugins\/seo\/ -->\r\n<title>Easyspec\u00ae Vaginalspekulum | Cetro Medical<\/title>\r\n<meta name=\"description\" content=\"Uppt\u00e4ck Easyspec\u00ae Vaginalspekulum fr\u00e5n Cetro Medical \u2013 kvalitetss\u00e4krad medicinsk utrustning f\u00f6r p\u00e5litlig v\u00e5rd. Best\u00e4ll online och f\u00e5 snabb leverans!\" \/>\r\n<meta name=\"robots\" content=\"index, follow, max-snippet:-1, max-image-preview:large, max-video-preview:-1\" \/>\r\n<link rel=\"canonical\" href=\"https:\/\/cetromedical.se\/en\/product-2\/easyspec\/\" \/>\r\n<meta property=\"og:locale\" content=\"en_US\" \/>\r\n<meta property=\"og:type\" content=\"article\" \/>\r\n<meta property=\"og:title\" content=\"Easyspec\u00ae Vaginalspekulum | Cetro Medical\" \/>\r\n<meta property=\"og:description\" content=\"Uppt\u00e4ck Easyspec\u00ae Vaginalspekulum fr\u00e5n Cetro Medical \u2013 kvalitetss\u00e4krad medicinsk utrustning f\u00f6r p\u00e5litlig v\u00e5rd. Best\u00e4ll online och f\u00e5 snabb leverans!\" \/>\r\n<meta property=\"og:url\" content=\"https:\/\/cetromedical.se\/en\/product-2\/easyspec\/\" \/>\r\n<meta property=\"og:site_name\" content=\"Cetro Medical\" \/>\r\n<meta property=\"article:modified_time\" content=\"2026-05-12T09:13:58+00:00\" \/>\r\n<meta property=\"og:image\" content=\"https:\/\/cetromedical.se\/wp-content\/uploads\/2025\/01\/EasySpec-Medium-Speculum-1231.png\" \/>\r\n\t<meta property=\"og:image:width\" content=\"1100\" \/>\r\n\t<meta property=\"og:image:height\" content=\"770\" \/>\r\n\t<meta property=\"og:image:type\" content=\"image\/png\" \/>\r\n<meta name=\"twitter:card\" content=\"summary_large_image\" \/>\r\n<meta name=\"twitter:label1\" content=\"Est. reading time\" \/>\n\t<meta name=\"twitter:data1\" content=\"1 minute\" \/>\r\n<script type=\"application\/ld+json\" class=\"yoast-schema-graph\">{\"@context\":\"https:\/\/schema.org\",\"@graph\":[{\"@type\":\"WebPage\",\"@id\":\"https:\/\/cetromedical.se\/produkt\/easyspec\/\",\"url\":\"https:\/\/cetromedical.se\/produkt\/easyspec\/\",\"name\":\"Easyspec\u00ae Vaginalspekulum | Cetro Medical\",\"isPartOf\":{\"@id\":\"https:\/\/cetromedical.se\/#website\"},\"datePublished\":\"2022-05-16T14:34:31+00:00\",\"dateModified\":\"2026-05-12T09:13:58+00:00\",\"description\":\"Uppt\u00e4ck Easyspec\u00ae Vaginalspekulum fr\u00e5n Cetro Medical \u2013 kvalitetss\u00e4krad medicinsk utrustning f\u00f6r p\u00e5litlig v\u00e5rd. Best\u00e4ll online och f\u00e5 snabb leverans!\",\"breadcrumb\":{\"@id\":\"https:\/\/cetromedical.se\/produkt\/easyspec\/#breadcrumb\"},\"inLanguage\":\"en-US\",\"potentialAction\":[{\"@type\":\"ReadAction\",\"target\":[\"https:\/\/cetromedical.se\/produkt\/easyspec\/\"]}]},{\"@type\":\"BreadcrumbList\",\"@id\":\"https:\/\/cetromedical.se\/produkt\/easyspec\/#breadcrumb\",\"itemListElement\":[{\"@type\":\"ListItem\",\"position\":1,\"name\":\"Hem\",\"item\":\"https:\/\/cetromedical.se\/\"},{\"@type\":\"ListItem\",\"position\":2,\"name\":\"Webbutik\",\"item\":\"https:\/\/cetromedical.se\/butik\/\"},{\"@type\":\"ListItem\",\"position\":3,\"name\":\"Easyspec\u00ae\"}]},{\"@type\":\"WebSite\",\"@id\":\"https:\/\/cetromedical.se\/#website\",\"url\":\"https:\/\/cetromedical.se\/\",\"name\":\"Cetro Medical\",\"description\":\"Quality Medical Instruments\",\"publisher\":{\"@id\":\"https:\/\/cetromedical.se\/#organization\"},\"potentialAction\":[{\"@type\":\"SearchAction\",\"target\":{\"@type\":\"EntryPoint\",\"urlTemplate\":\"https:\/\/cetromedical.se\/?s={search_term_string}\"},\"query-input\":\"required name=search_term_string\"}],\"inLanguage\":\"en-US\"},{\"@type\":\"Organization\",\"@id\":\"https:\/\/cetromedical.se\/#organization\",\"name\":\"Cetro Medical\",\"url\":\"https:\/\/cetromedical.se\/\",\"logo\":{\"@type\":\"ImageObject\",\"inLanguage\":\"en-US\",\"@id\":\"https:\/\/cetromedical.se\/#\/schema\/logo\/image\/\",\"url\":\"https:\/\/cetromedical.se\/wp-content\/uploads\/2022\/05\/Cetro-medical-285_2-1.png\",\"contentUrl\":\"https:\/\/cetromedical.se\/wp-content\/uploads\/2022\/05\/Cetro-medical-285_2-1.png\",\"width\":1317,\"height\":119,\"caption\":\"Cetro Medical\"},\"image\":{\"@id\":\"https:\/\/cetromedical.se\/#\/schema\/logo\/image\/\"}}]}<\/script>\r\n<!-- \/ Yoast SEO plugin. -->","yoast_head_json":{"title":"Easyspec\u00ae Vaginalspekulum | Cetro Medical","description":"Uppt\u00e4ck Easyspec\u00ae Vaginalspekulum fr\u00e5n Cetro Medical \u2013 kvalitetss\u00e4krad medicinsk utrustning f\u00f6r p\u00e5litlig v\u00e5rd. Best\u00e4ll online och f\u00e5 snabb leverans!","robots":{"index":"index","follow":"follow","max-snippet":"max-snippet:-1","max-image-preview":"max-image-preview:large","max-video-preview":"max-video-preview:-1"},"canonical":"https:\/\/cetromedical.se\/en\/product-2\/easyspec\/","og_locale":"en_US","og_type":"article","og_title":"Easyspec\u00ae Vaginalspekulum | Cetro Medical","og_description":"Uppt\u00e4ck Easyspec\u00ae Vaginalspekulum fr\u00e5n Cetro Medical \u2013 kvalitetss\u00e4krad medicinsk utrustning f\u00f6r p\u00e5litlig v\u00e5rd. Best\u00e4ll online och f\u00e5 snabb leverans!","og_url":"https:\/\/cetromedical.se\/en\/product-2\/easyspec\/","og_site_name":"Cetro Medical","article_modified_time":"2026-05-12T09:13:58+00:00","og_image":[{"width":1100,"height":770,"url":"https:\/\/cetromedical.se\/wp-content\/uploads\/2025\/01\/EasySpec-Medium-Speculum-1231.png","type":"image\/png"}],"twitter_card":"summary_large_image","twitter_misc":{"Est. reading time":"1 minute"},"schema":{"@context":"https:\/\/schema.org","@graph":[{"@type":"WebPage","@id":"https:\/\/cetromedical.se\/produkt\/easyspec\/","url":"https:\/\/cetromedical.se\/produkt\/easyspec\/","name":"Easyspec\u00ae Vaginalspekulum | Cetro Medical","isPartOf":{"@id":"https:\/\/cetromedical.se\/#website"},"datePublished":"2022-05-16T14:34:31+00:00","dateModified":"2026-05-12T09:13:58+00:00","description":"Uppt\u00e4ck Easyspec\u00ae Vaginalspekulum fr\u00e5n Cetro Medical \u2013 kvalitetss\u00e4krad medicinsk utrustning f\u00f6r p\u00e5litlig v\u00e5rd. Best\u00e4ll online och f\u00e5 snabb leverans!","breadcrumb":{"@id":"https:\/\/cetromedical.se\/produkt\/easyspec\/#breadcrumb"},"inLanguage":"en-US","potentialAction":[{"@type":"ReadAction","target":["https:\/\/cetromedical.se\/produkt\/easyspec\/"]}]},{"@type":"BreadcrumbList","@id":"https:\/\/cetromedical.se\/produkt\/easyspec\/#breadcrumb","itemListElement":[{"@type":"ListItem","position":1,"name":"Hem","item":"https:\/\/cetromedical.se\/"},{"@type":"ListItem","position":2,"name":"Webbutik","item":"https:\/\/cetromedical.se\/butik\/"},{"@type":"ListItem","position":3,"name":"Easyspec\u00ae"}]},{"@type":"WebSite","@id":"https:\/\/cetromedical.se\/#website","url":"https:\/\/cetromedical.se\/","name":"Cetro Medical","description":"Quality Medical Instruments","publisher":{"@id":"https:\/\/cetromedical.se\/#organization"},"potentialAction":[{"@type":"SearchAction","target":{"@type":"EntryPoint","urlTemplate":"https:\/\/cetromedical.se\/?s={search_term_string}"},"query-input":"required name=search_term_string"}],"inLanguage":"en-US"},{"@type":"Organization","@id":"https:\/\/cetromedical.se\/#organization","name":"Cetro Medical","url":"https:\/\/cetromedical.se\/","logo":{"@type":"ImageObject","inLanguage":"en-US","@id":"https:\/\/cetromedical.se\/#\/schema\/logo\/image\/","url":"https:\/\/cetromedical.se\/wp-content\/uploads\/2022\/05\/Cetro-medical-285_2-1.png","contentUrl":"https:\/\/cetromedical.se\/wp-content\/uploads\/2022\/05\/Cetro-medical-285_2-1.png","width":1317,"height":119,"caption":"Cetro Medical"},"image":{"@id":"https:\/\/cetromedical.se\/#\/schema\/logo\/image\/"}}]}},"_links":{"self":[{"href":"https:\/\/cetromedical.se\/en\/wp-json\/wp\/v2\/product\/1108","targetHints":{"allow":["GET"]}}],"collection":[{"href":"https:\/\/cetromedical.se\/en\/wp-json\/wp\/v2\/product"}],"about":[{"href":"https:\/\/cetromedical.se\/en\/wp-json\/wp\/v2\/types\/product"}],"wp:featuredmedia":[{"embeddable":true,"href":"https:\/\/cetromedical.se\/en\/wp-json\/wp\/v2\/media\/9072"}],"wp:attachment":[{"href":"https:\/\/cetromedical.se\/en\/wp-json\/wp\/v2\/media?parent=1108"}],"wp:term":[{"taxonomy":"product_cat","embeddable":true,"href":"https:\/\/cetromedical.se\/en\/wp-json\/wp\/v2\/product_cat?post=1108"},{"taxonomy":"product_tag","embeddable":true,"href":"https:\/\/cetromedical.se\/en\/wp-json\/wp\/v2\/product_tag?post=1108"}],"curies":[{"name":"wp","href":"https:\/\/api.w.org\/{rel}","templated":true}]}}