{"id":11370,"date":"2026-03-30T16:49:50","date_gmt":"2026-03-30T14:49:50","guid":{"rendered":"https:\/\/cetromedical.se\/?post_type=product&#038;p=11370"},"modified":"2026-03-30T16:53:50","modified_gmt":"2026-03-30T14:53:50","slug":"rna-och-ayla","status":"publish","type":"product","link":"https:\/\/cetromedical.se\/en\/product-2\/rna-och-ayla\/","title":{"rendered":"Runa och Ayla simulator set"},"content":{"rendered":"<p>Runa och Ayla g\u00e5r \u00e4ven att k\u00f6pa som ett paket, f\u00f6r b\u00e5de gynekologi och obstetrik.<\/p>\n<p>Runa och Ayla \u00e4r vaginalsimulatorer som anv\u00e4nds f\u00f6r f\u00e4rdighetstr\u00e4ning inom obstetrik och gynekologi. De g\u00f6r det m\u00f6jligt f\u00f6r v\u00e5rdpersonal och studenter att \u00f6va unders\u00f6kningstekniker och kliniska procedurer utan att \u00f6va p\u00e5 patienter.<\/p>\n<p>Simuleringsbaserad tr\u00e4ning st\u00f6der kompetensutveckling samtidigt som den minskar on\u00f6diga unders\u00f6kningar och f\u00f6rb\u00e4ttrar patients\u00e4kerheten.<\/p>","protected":false},"excerpt":{"rendered":"<p>Runa och Ayla g\u00e5r \u00e4ven att k\u00f6pa som ett paket, f\u00f6r b\u00e5de gynekologi och obstetrik. Runa och Ayla \u00e4r vaginalsimulatorer som anv\u00e4nds f\u00f6r f\u00e4rdighetstr\u00e4ning inom obstetrik och gynekologi. De g\u00f6r det m\u00f6jligt f\u00f6r v\u00e5rdpersonal och studenter att \u00f6va unders\u00f6kningstekniker och kliniska procedurer utan att \u00f6va p\u00e5 patienter. Simuleringsbaserad tr\u00e4ning st\u00f6der kompetensutveckling samtidigt som den minskar [&hellip;]<\/p>","protected":false},"featured_media":11369,"template":"","meta":{"inline_featured_image":false},"product_cat":[25,28],"product_tag":[],"class_list":["post-11370","product","type-product","status-publish","has-post-thumbnail","hentry","product_cat-gynekologi","product_cat-obstetrik"],"acf":[],"yoast_head":"<!-- This site is optimized with the Yoast SEO plugin v19.9 - https:\/\/yoast.com\/wordpress\/plugins\/seo\/ -->\r\n<title>Runa och Ayla simulator set - Cetro Medical<\/title>\r\n<meta name=\"description\" content=\"Uppt\u00e4ck Runa och Ayla simulator set fr\u00e5n Cetro Medical \u2013 kvalitetss\u00e4krad medicinsk utrustning f\u00f6r p\u00e5litlig v\u00e5rd. Best\u00e4ll online och f\u00e5 snabb leverans!\" \/>\r\n<meta name=\"robots\" content=\"index, follow, max-snippet:-1, max-image-preview:large, max-video-preview:-1\" \/>\r\n<link rel=\"canonical\" href=\"https:\/\/cetromedical.se\/en\/product-2\/rna-och-ayla\/\" \/>\r\n<meta property=\"og:locale\" content=\"en_US\" \/>\r\n<meta property=\"og:type\" content=\"article\" \/>\r\n<meta property=\"og:title\" content=\"Runa och Ayla simulator set - Cetro Medical\" \/>\r\n<meta property=\"og:description\" content=\"Uppt\u00e4ck Runa och Ayla simulator set fr\u00e5n Cetro Medical \u2013 kvalitetss\u00e4krad medicinsk utrustning f\u00f6r p\u00e5litlig v\u00e5rd. Best\u00e4ll online och f\u00e5 snabb leverans!\" \/>\r\n<meta property=\"og:url\" content=\"https:\/\/cetromedical.se\/en\/product-2\/rna-och-ayla\/\" \/>\r\n<meta property=\"og:site_name\" content=\"Cetro Medical\" \/>\r\n<meta property=\"article:modified_time\" content=\"2026-03-30T14:53:50+00:00\" \/>\r\n<meta property=\"og:image\" content=\"https:\/\/cetromedical.se\/wp-content\/uploads\/2026\/03\/Runa-Ayla_.png\" \/>\r\n\t<meta property=\"og:image:width\" content=\"964\" \/>\r\n\t<meta property=\"og:image:height\" content=\"675\" \/>\r\n\t<meta property=\"og:image:type\" content=\"image\/png\" \/>\r\n<meta name=\"twitter:card\" content=\"summary_large_image\" \/>\r\n<meta name=\"twitter:label1\" content=\"Est. reading time\" \/>\n\t<meta name=\"twitter:data1\" content=\"1 minute\" \/>\r\n<script type=\"application\/ld+json\" class=\"yoast-schema-graph\">{\"@context\":\"https:\/\/schema.org\",\"@graph\":[{\"@type\":\"WebPage\",\"@id\":\"https:\/\/cetromedical.se\/produkt\/rna-och-ayla\/\",\"url\":\"https:\/\/cetromedical.se\/produkt\/rna-och-ayla\/\",\"name\":\"Runa och Ayla simulator set - Cetro Medical\",\"isPartOf\":{\"@id\":\"https:\/\/cetromedical.se\/#website\"},\"datePublished\":\"2026-03-30T14:49:50+00:00\",\"dateModified\":\"2026-03-30T14:53:50+00:00\",\"description\":\"Uppt\u00e4ck Runa och Ayla simulator set fr\u00e5n Cetro Medical \u2013 kvalitetss\u00e4krad medicinsk utrustning f\u00f6r p\u00e5litlig v\u00e5rd. Best\u00e4ll online och f\u00e5 snabb leverans!\",\"breadcrumb\":{\"@id\":\"https:\/\/cetromedical.se\/produkt\/rna-och-ayla\/#breadcrumb\"},\"inLanguage\":\"en-US\",\"potentialAction\":[{\"@type\":\"ReadAction\",\"target\":[\"https:\/\/cetromedical.se\/produkt\/rna-och-ayla\/\"]}]},{\"@type\":\"BreadcrumbList\",\"@id\":\"https:\/\/cetromedical.se\/produkt\/rna-och-ayla\/#breadcrumb\",\"itemListElement\":[{\"@type\":\"ListItem\",\"position\":1,\"name\":\"Hem\",\"item\":\"https:\/\/cetromedical.se\/\"},{\"@type\":\"ListItem\",\"position\":2,\"name\":\"Webbutik\",\"item\":\"https:\/\/cetromedical.se\/butik\/\"},{\"@type\":\"ListItem\",\"position\":3,\"name\":\"Runa och Ayla simulator set\"}]},{\"@type\":\"WebSite\",\"@id\":\"https:\/\/cetromedical.se\/#website\",\"url\":\"https:\/\/cetromedical.se\/\",\"name\":\"Cetro Medical\",\"description\":\"Quality Medical Instruments\",\"publisher\":{\"@id\":\"https:\/\/cetromedical.se\/#organization\"},\"potentialAction\":[{\"@type\":\"SearchAction\",\"target\":{\"@type\":\"EntryPoint\",\"urlTemplate\":\"https:\/\/cetromedical.se\/?s={search_term_string}\"},\"query-input\":\"required name=search_term_string\"}],\"inLanguage\":\"en-US\"},{\"@type\":\"Organization\",\"@id\":\"https:\/\/cetromedical.se\/#organization\",\"name\":\"Cetro Medical\",\"url\":\"https:\/\/cetromedical.se\/\",\"logo\":{\"@type\":\"ImageObject\",\"inLanguage\":\"en-US\",\"@id\":\"https:\/\/cetromedical.se\/#\/schema\/logo\/image\/\",\"url\":\"https:\/\/cetromedical.se\/wp-content\/uploads\/2022\/05\/Cetro-medical-285_2-1.png\",\"contentUrl\":\"https:\/\/cetromedical.se\/wp-content\/uploads\/2022\/05\/Cetro-medical-285_2-1.png\",\"width\":1317,\"height\":119,\"caption\":\"Cetro Medical\"},\"image\":{\"@id\":\"https:\/\/cetromedical.se\/#\/schema\/logo\/image\/\"}}]}<\/script>\r\n<!-- \/ Yoast SEO plugin. -->","yoast_head_json":{"title":"Runa och Ayla simulator set - Cetro Medical","description":"Uppt\u00e4ck Runa och Ayla simulator set fr\u00e5n Cetro Medical \u2013 kvalitetss\u00e4krad medicinsk utrustning f\u00f6r p\u00e5litlig v\u00e5rd. Best\u00e4ll online och f\u00e5 snabb leverans!","robots":{"index":"index","follow":"follow","max-snippet":"max-snippet:-1","max-image-preview":"max-image-preview:large","max-video-preview":"max-video-preview:-1"},"canonical":"https:\/\/cetromedical.se\/en\/product-2\/rna-och-ayla\/","og_locale":"en_US","og_type":"article","og_title":"Runa och Ayla simulator set - Cetro Medical","og_description":"Uppt\u00e4ck Runa och Ayla simulator set fr\u00e5n Cetro Medical \u2013 kvalitetss\u00e4krad medicinsk utrustning f\u00f6r p\u00e5litlig v\u00e5rd. Best\u00e4ll online och f\u00e5 snabb leverans!","og_url":"https:\/\/cetromedical.se\/en\/product-2\/rna-och-ayla\/","og_site_name":"Cetro Medical","article_modified_time":"2026-03-30T14:53:50+00:00","og_image":[{"width":964,"height":675,"url":"https:\/\/cetromedical.se\/wp-content\/uploads\/2026\/03\/Runa-Ayla_.png","type":"image\/png"}],"twitter_card":"summary_large_image","twitter_misc":{"Est. reading time":"1 minute"},"schema":{"@context":"https:\/\/schema.org","@graph":[{"@type":"WebPage","@id":"https:\/\/cetromedical.se\/produkt\/rna-och-ayla\/","url":"https:\/\/cetromedical.se\/produkt\/rna-och-ayla\/","name":"Runa och Ayla simulator set - Cetro Medical","isPartOf":{"@id":"https:\/\/cetromedical.se\/#website"},"datePublished":"2026-03-30T14:49:50+00:00","dateModified":"2026-03-30T14:53:50+00:00","description":"Uppt\u00e4ck Runa och Ayla simulator set fr\u00e5n Cetro Medical \u2013 kvalitetss\u00e4krad medicinsk utrustning f\u00f6r p\u00e5litlig v\u00e5rd. Best\u00e4ll online och f\u00e5 snabb leverans!","breadcrumb":{"@id":"https:\/\/cetromedical.se\/produkt\/rna-och-ayla\/#breadcrumb"},"inLanguage":"en-US","potentialAction":[{"@type":"ReadAction","target":["https:\/\/cetromedical.se\/produkt\/rna-och-ayla\/"]}]},{"@type":"BreadcrumbList","@id":"https:\/\/cetromedical.se\/produkt\/rna-och-ayla\/#breadcrumb","itemListElement":[{"@type":"ListItem","position":1,"name":"Hem","item":"https:\/\/cetromedical.se\/"},{"@type":"ListItem","position":2,"name":"Webbutik","item":"https:\/\/cetromedical.se\/butik\/"},{"@type":"ListItem","position":3,"name":"Runa och Ayla simulator set"}]},{"@type":"WebSite","@id":"https:\/\/cetromedical.se\/#website","url":"https:\/\/cetromedical.se\/","name":"Cetro Medical","description":"Quality Medical Instruments","publisher":{"@id":"https:\/\/cetromedical.se\/#organization"},"potentialAction":[{"@type":"SearchAction","target":{"@type":"EntryPoint","urlTemplate":"https:\/\/cetromedical.se\/?s={search_term_string}"},"query-input":"required name=search_term_string"}],"inLanguage":"en-US"},{"@type":"Organization","@id":"https:\/\/cetromedical.se\/#organization","name":"Cetro Medical","url":"https:\/\/cetromedical.se\/","logo":{"@type":"ImageObject","inLanguage":"en-US","@id":"https:\/\/cetromedical.se\/#\/schema\/logo\/image\/","url":"https:\/\/cetromedical.se\/wp-content\/uploads\/2022\/05\/Cetro-medical-285_2-1.png","contentUrl":"https:\/\/cetromedical.se\/wp-content\/uploads\/2022\/05\/Cetro-medical-285_2-1.png","width":1317,"height":119,"caption":"Cetro Medical"},"image":{"@id":"https:\/\/cetromedical.se\/#\/schema\/logo\/image\/"}}]}},"_links":{"self":[{"href":"https:\/\/cetromedical.se\/en\/wp-json\/wp\/v2\/product\/11370","targetHints":{"allow":["GET"]}}],"collection":[{"href":"https:\/\/cetromedical.se\/en\/wp-json\/wp\/v2\/product"}],"about":[{"href":"https:\/\/cetromedical.se\/en\/wp-json\/wp\/v2\/types\/product"}],"wp:featuredmedia":[{"embeddable":true,"href":"https:\/\/cetromedical.se\/en\/wp-json\/wp\/v2\/media\/11369"}],"wp:attachment":[{"href":"https:\/\/cetromedical.se\/en\/wp-json\/wp\/v2\/media?parent=11370"}],"wp:term":[{"taxonomy":"product_cat","embeddable":true,"href":"https:\/\/cetromedical.se\/en\/wp-json\/wp\/v2\/product_cat?post=11370"},{"taxonomy":"product_tag","embeddable":true,"href":"https:\/\/cetromedical.se\/en\/wp-json\/wp\/v2\/product_tag?post=11370"}],"curies":[{"name":"wp","href":"https:\/\/api.w.org\/{rel}","templated":true}]}}