{"id":2413,"date":"2022-06-28T08:45:17","date_gmt":"2022-06-28T06:45:17","guid":{"rendered":"http:\/\/cetromedical.ljungs.nu\/?post_type=product&#038;p=2413"},"modified":"2025-05-22T11:34:24","modified_gmt":"2025-05-22T09:34:24","slug":"navelsnodd-latex","status":"publish","type":"product","link":"https:\/\/cetromedical.se\/en\/product-2\/umbilical-cord-latex\/","title":{"rendered":"CETRO\u00ae Cordring"},"content":{"rendered":"<p class=\"p1\">CETRO\u00ae Cordring \u2013 Smidig, steril och skonsam navelsnodd f\u00f6r nyf\u00f6dda. Ett modernt, tryggt och babyv\u00e4nligt s\u00e4tt att kl\u00e4mma navelstr\u00e4ngen. CETRO\u00ae Cordring \u00e4r ett enkelt, s\u00e4kert och hygieniskt alternativ f\u00f6r att sluta navelstr\u00e4ngen efter f\u00f6rlossningen. Produkten \u00e4r steril och utformad f\u00f6r att ge b\u00e4sta m\u00f6jliga start f\u00f6r nyf\u00f6dda \u2013 med fokus p\u00e5 b\u00e5de funktion och komfort.<\/p>\n<p class=\"p3\">F\u00f6rdelar med CETRO\u00ae Cordring:<\/p>\n<p class=\"p1\">\u2022 Steril f\u00f6r eng\u00e5ngsbruk \u2013 S\u00e4ker och hygienisk f\u00f6r nyf\u00f6dda.<\/p>\n<p class=\"p1\">\u2022 Enkel applicering \u2013 F\u00e4sts snabbt och smidigt med hj\u00e4lp av en peang.<\/p>\n<p class=\"p1\">\u2022 Skonsam mot huden \u2013 Mjuk och f\u00f6ljsam, skaver inte och p\u00e5verkar inte bl\u00f6jans passform.<\/p>\n<p class=\"p1\">\u2022 S\u00e4ker funktion \u2013 Sluter t\u00e4tt och h\u00e5ller navelstumpen p\u00e5 plats tills den naturligt faller av (vanligtvis inom 7\u201310 dagar).<\/p>\n<p class=\"p1\">\u2022 H\u00e5llbar konstruktion \u2013 Tillverkad i slitstarkt material som uppfyller h\u00f6ga medicinska krav.<\/p>\n<p>Finns i latex och latexfri variant<\/p>\n<h4>Packaging<\/h4>\n<ul>\n<li>Divisional packaging: 300 pieces<\/li>\n<li>Transport packaging: 3600 pcs<\/li>\n<\/ul>\n<p>&nbsp;<\/p>","protected":false},"excerpt":{"rendered":"<p>CETRO\u00ae Cordring \u2013 Smidig, steril och skonsam navelsnodd f\u00f6r nyf\u00f6dda. Ett modernt, tryggt och babyv\u00e4nligt s\u00e4tt att kl\u00e4mma navelstr\u00e4ngen. CETRO\u00ae Cordring \u00e4r ett enkelt, s\u00e4kert och hygieniskt alternativ f\u00f6r att sluta navelstr\u00e4ngen efter f\u00f6rlossningen. Produkten \u00e4r steril och utformad f\u00f6r att ge b\u00e4sta m\u00f6jliga start f\u00f6r nyf\u00f6dda \u2013 med fokus p\u00e5 b\u00e5de funktion och komfort. [&hellip;]<\/p>","protected":false},"featured_media":9103,"template":"","meta":{"inline_featured_image":false},"product_cat":[28,55],"product_tag":[],"class_list":["post-2413","product","type-product","status-publish","has-post-thumbnail","hentry","product_cat-obstetrik","product_cat-navelsnodd"],"acf":[],"yoast_head":"<!-- This site is optimized with the Yoast SEO plugin v19.9 - https:\/\/yoast.com\/wordpress\/plugins\/seo\/ -->\r\n<title>CETRO\u00ae Cordring - Cetro Medical<\/title>\r\n<meta name=\"description\" content=\"Uppt\u00e4ck CETRO\u00ae Cordring fr\u00e5n Cetro Medical \u2013 kvalitetss\u00e4krad medicinsk utrustning f\u00f6r p\u00e5litlig v\u00e5rd. Best\u00e4ll online och f\u00e5 snabb leverans!\" \/>\r\n<meta name=\"robots\" content=\"index, follow, max-snippet:-1, max-image-preview:large, max-video-preview:-1\" \/>\r\n<link rel=\"canonical\" href=\"https:\/\/cetromedical.se\/en\/product-2\/umbilical-cord-latex\/\" \/>\r\n<meta property=\"og:locale\" content=\"en_US\" \/>\r\n<meta property=\"og:type\" content=\"article\" \/>\r\n<meta property=\"og:title\" content=\"CETRO\u00ae Cordring - Cetro Medical\" \/>\r\n<meta property=\"og:description\" content=\"Uppt\u00e4ck CETRO\u00ae Cordring fr\u00e5n Cetro Medical \u2013 kvalitetss\u00e4krad medicinsk utrustning f\u00f6r p\u00e5litlig v\u00e5rd. Best\u00e4ll online och f\u00e5 snabb leverans!\" \/>\r\n<meta property=\"og:url\" content=\"https:\/\/cetromedical.se\/en\/product-2\/umbilical-cord-latex\/\" \/>\r\n<meta property=\"og:site_name\" content=\"Cetro Medical\" \/>\r\n<meta property=\"article:modified_time\" content=\"2025-05-22T09:34:24+00:00\" \/>\r\n<meta property=\"og:image\" content=\"https:\/\/cetromedical.se\/wp-content\/uploads\/2025\/01\/CETRO\u00ae-Cordring-1.0-Obstetrik-9607.png\" \/>\r\n\t<meta property=\"og:image:width\" content=\"1100\" \/>\r\n\t<meta property=\"og:image:height\" content=\"770\" \/>\r\n\t<meta property=\"og:image:type\" content=\"image\/png\" \/>\r\n<meta name=\"twitter:card\" content=\"summary_large_image\" \/>\r\n<meta name=\"twitter:label1\" content=\"Est. reading time\" \/>\n\t<meta name=\"twitter:data1\" content=\"1 minute\" \/>\r\n<script type=\"application\/ld+json\" class=\"yoast-schema-graph\">{\"@context\":\"https:\/\/schema.org\",\"@graph\":[{\"@type\":\"WebPage\",\"@id\":\"https:\/\/cetromedical.se\/produkt\/navelsnodd-latex\/\",\"url\":\"https:\/\/cetromedical.se\/produkt\/navelsnodd-latex\/\",\"name\":\"CETRO\u00ae Cordring - Cetro Medical\",\"isPartOf\":{\"@id\":\"https:\/\/cetromedical.se\/#website\"},\"datePublished\":\"2022-06-28T06:45:17+00:00\",\"dateModified\":\"2025-05-22T09:34:24+00:00\",\"description\":\"Uppt\u00e4ck CETRO\u00ae Cordring fr\u00e5n Cetro Medical \u2013 kvalitetss\u00e4krad medicinsk utrustning f\u00f6r p\u00e5litlig v\u00e5rd. Best\u00e4ll online och f\u00e5 snabb leverans!\",\"breadcrumb\":{\"@id\":\"https:\/\/cetromedical.se\/produkt\/navelsnodd-latex\/#breadcrumb\"},\"inLanguage\":\"en-US\",\"potentialAction\":[{\"@type\":\"ReadAction\",\"target\":[\"https:\/\/cetromedical.se\/produkt\/navelsnodd-latex\/\"]}]},{\"@type\":\"BreadcrumbList\",\"@id\":\"https:\/\/cetromedical.se\/produkt\/navelsnodd-latex\/#breadcrumb\",\"itemListElement\":[{\"@type\":\"ListItem\",\"position\":1,\"name\":\"Hem\",\"item\":\"https:\/\/cetromedical.se\/\"},{\"@type\":\"ListItem\",\"position\":2,\"name\":\"Webbutik\",\"item\":\"https:\/\/cetromedical.se\/butik\/\"},{\"@type\":\"ListItem\",\"position\":3,\"name\":\"CETRO\u00ae Cordring\"}]},{\"@type\":\"WebSite\",\"@id\":\"https:\/\/cetromedical.se\/#website\",\"url\":\"https:\/\/cetromedical.se\/\",\"name\":\"Cetro Medical\",\"description\":\"Quality Medical Instruments\",\"publisher\":{\"@id\":\"https:\/\/cetromedical.se\/#organization\"},\"potentialAction\":[{\"@type\":\"SearchAction\",\"target\":{\"@type\":\"EntryPoint\",\"urlTemplate\":\"https:\/\/cetromedical.se\/?s={search_term_string}\"},\"query-input\":\"required name=search_term_string\"}],\"inLanguage\":\"en-US\"},{\"@type\":\"Organization\",\"@id\":\"https:\/\/cetromedical.se\/#organization\",\"name\":\"Cetro Medical\",\"url\":\"https:\/\/cetromedical.se\/\",\"logo\":{\"@type\":\"ImageObject\",\"inLanguage\":\"en-US\",\"@id\":\"https:\/\/cetromedical.se\/#\/schema\/logo\/image\/\",\"url\":\"https:\/\/cetromedical.se\/wp-content\/uploads\/2022\/05\/Cetro-medical-285_2-1.png\",\"contentUrl\":\"https:\/\/cetromedical.se\/wp-content\/uploads\/2022\/05\/Cetro-medical-285_2-1.png\",\"width\":1317,\"height\":119,\"caption\":\"Cetro Medical\"},\"image\":{\"@id\":\"https:\/\/cetromedical.se\/#\/schema\/logo\/image\/\"}}]}<\/script>\r\n<!-- \/ Yoast SEO plugin. -->","yoast_head_json":{"title":"CETRO\u00ae Cordring - Cetro Medical","description":"Uppt\u00e4ck CETRO\u00ae Cordring fr\u00e5n Cetro Medical \u2013 kvalitetss\u00e4krad medicinsk utrustning f\u00f6r p\u00e5litlig v\u00e5rd. Best\u00e4ll online och f\u00e5 snabb leverans!","robots":{"index":"index","follow":"follow","max-snippet":"max-snippet:-1","max-image-preview":"max-image-preview:large","max-video-preview":"max-video-preview:-1"},"canonical":"https:\/\/cetromedical.se\/en\/product-2\/umbilical-cord-latex\/","og_locale":"en_US","og_type":"article","og_title":"CETRO\u00ae Cordring - Cetro Medical","og_description":"Uppt\u00e4ck CETRO\u00ae Cordring fr\u00e5n Cetro Medical \u2013 kvalitetss\u00e4krad medicinsk utrustning f\u00f6r p\u00e5litlig v\u00e5rd. Best\u00e4ll online och f\u00e5 snabb leverans!","og_url":"https:\/\/cetromedical.se\/en\/product-2\/umbilical-cord-latex\/","og_site_name":"Cetro Medical","article_modified_time":"2025-05-22T09:34:24+00:00","og_image":[{"width":1100,"height":770,"url":"https:\/\/cetromedical.se\/wp-content\/uploads\/2025\/01\/CETRO\u00ae-Cordring-1.0-Obstetrik-9607.png","type":"image\/png"}],"twitter_card":"summary_large_image","twitter_misc":{"Est. reading time":"1 minute"},"schema":{"@context":"https:\/\/schema.org","@graph":[{"@type":"WebPage","@id":"https:\/\/cetromedical.se\/produkt\/navelsnodd-latex\/","url":"https:\/\/cetromedical.se\/produkt\/navelsnodd-latex\/","name":"CETRO\u00ae Cordring - Cetro Medical","isPartOf":{"@id":"https:\/\/cetromedical.se\/#website"},"datePublished":"2022-06-28T06:45:17+00:00","dateModified":"2025-05-22T09:34:24+00:00","description":"Uppt\u00e4ck CETRO\u00ae Cordring fr\u00e5n Cetro Medical \u2013 kvalitetss\u00e4krad medicinsk utrustning f\u00f6r p\u00e5litlig v\u00e5rd. Best\u00e4ll online och f\u00e5 snabb leverans!","breadcrumb":{"@id":"https:\/\/cetromedical.se\/produkt\/navelsnodd-latex\/#breadcrumb"},"inLanguage":"en-US","potentialAction":[{"@type":"ReadAction","target":["https:\/\/cetromedical.se\/produkt\/navelsnodd-latex\/"]}]},{"@type":"BreadcrumbList","@id":"https:\/\/cetromedical.se\/produkt\/navelsnodd-latex\/#breadcrumb","itemListElement":[{"@type":"ListItem","position":1,"name":"Hem","item":"https:\/\/cetromedical.se\/"},{"@type":"ListItem","position":2,"name":"Webbutik","item":"https:\/\/cetromedical.se\/butik\/"},{"@type":"ListItem","position":3,"name":"CETRO\u00ae Cordring"}]},{"@type":"WebSite","@id":"https:\/\/cetromedical.se\/#website","url":"https:\/\/cetromedical.se\/","name":"Cetro Medical","description":"Quality Medical Instruments","publisher":{"@id":"https:\/\/cetromedical.se\/#organization"},"potentialAction":[{"@type":"SearchAction","target":{"@type":"EntryPoint","urlTemplate":"https:\/\/cetromedical.se\/?s={search_term_string}"},"query-input":"required name=search_term_string"}],"inLanguage":"en-US"},{"@type":"Organization","@id":"https:\/\/cetromedical.se\/#organization","name":"Cetro Medical","url":"https:\/\/cetromedical.se\/","logo":{"@type":"ImageObject","inLanguage":"en-US","@id":"https:\/\/cetromedical.se\/#\/schema\/logo\/image\/","url":"https:\/\/cetromedical.se\/wp-content\/uploads\/2022\/05\/Cetro-medical-285_2-1.png","contentUrl":"https:\/\/cetromedical.se\/wp-content\/uploads\/2022\/05\/Cetro-medical-285_2-1.png","width":1317,"height":119,"caption":"Cetro Medical"},"image":{"@id":"https:\/\/cetromedical.se\/#\/schema\/logo\/image\/"}}]}},"_links":{"self":[{"href":"https:\/\/cetromedical.se\/en\/wp-json\/wp\/v2\/product\/2413","targetHints":{"allow":["GET"]}}],"collection":[{"href":"https:\/\/cetromedical.se\/en\/wp-json\/wp\/v2\/product"}],"about":[{"href":"https:\/\/cetromedical.se\/en\/wp-json\/wp\/v2\/types\/product"}],"wp:featuredmedia":[{"embeddable":true,"href":"https:\/\/cetromedical.se\/en\/wp-json\/wp\/v2\/media\/9103"}],"wp:attachment":[{"href":"https:\/\/cetromedical.se\/en\/wp-json\/wp\/v2\/media?parent=2413"}],"wp:term":[{"taxonomy":"product_cat","embeddable":true,"href":"https:\/\/cetromedical.se\/en\/wp-json\/wp\/v2\/product_cat?post=2413"},{"taxonomy":"product_tag","embeddable":true,"href":"https:\/\/cetromedical.se\/en\/wp-json\/wp\/v2\/product_tag?post=2413"}],"curies":[{"name":"wp","href":"https:\/\/api.w.org\/{rel}","templated":true}]}}