{"id":2436,"date":"2022-06-28T13:48:03","date_gmt":"2022-06-28T11:48:03","guid":{"rendered":"http:\/\/cetromedical.ljungs.nu\/?post_type=product&#038;p=2436"},"modified":"2025-11-20T10:34:58","modified_gmt":"2025-11-20T09:34:58","slug":"flaska-med-forsegling-250-ml","status":"publish","type":"product","link":"https:\/\/cetromedical.se\/en\/product-2\/bottle-with-seal-250-ml\/","title":{"rendered":"Bottle with seal"},"content":{"rendered":"<p class=\"p1\">V\u00e5ra flaskor med folief\u00f6rslutning f\u00f6r br\u00f6stmj\u00f6lk och mj\u00f6lkers\u00e4ttning finns i tre storlekar och \u00e4r utvecklade f\u00f6r s\u00e4ker lagring, past\u00f6risering och hantering av mj\u00f6lk. Locken inneh\u00e5ller en specialfolie som, med hj\u00e4lp av en Cap Sealer, v\u00e4rms fast mot flaskans kant och skapar en helt t\u00e4t och s\u00e4ker f\u00f6rsegling. Detta f\u00f6rhindrar att v\u00e4tska tr\u00e4nger in och sp\u00e4der ut mj\u00f6lken under past\u00f6risering och kylning, och ger personal och f\u00f6r\u00e4ldrar full trygghet. Flaskan kan \u00e5teranv\u00e4ndas medan locket byts ut efter varje anv\u00e4ndning.<\/p>\n<p class=\"p1\">N\u00e4r locken anv\u00e4nds tillsammans med SteriFeeds datalogger registreras batchkoder som bekr\u00e4ftar att past\u00f6risering skett enligt medicinska standarder och m\u00f6jligg\u00f6r full sp\u00e5rbarhet.<\/p>\n<p class=\"p1\">F\u00f6r matning kan flaskorna kompletteras med dinappar i olika fl\u00f6deshastigheter f\u00f6r att anpassa matningen efter barnets behov. Flaskorna \u00e4r fullt kompatibla med SteriFeeds past\u00f6riseringsmaskiner.<\/p>\n<p class=\"p3\">\u2022 Induktionsf\u00f6rslutande lock med s\u00e4ker, vattent\u00e4t barri\u00e4r.<\/p>\n<p class=\"p3\">\u2022 \u00c5teranv\u00e4ndningsbar flaska, eng\u00e5ngslock.<\/p>\n<p class=\"p3\">\u2022 Kompatibel med SteriFeeds past\u00f6riseringsmaskiner och datalogger.<\/p>\n<p class=\"p3\">\u00a0\u2022 M\u00f6jlighet att anv\u00e4nda dinappar med olika fl\u00f6den.<\/p>\n<p class=\"p3\">\u2022 L\u00e4tta att reng\u00f6ra och diska<\/p>\n<p class=\"p3\">\u2022 Alla plastdetaljer \u00e4r fria fr\u00e5n Bisfenol A.<\/p>\n<p>Our sealed bottles for breast milk and formula are available in 3 different sizes:<\/p>\n<ul>\n<li>50 ml (Art. No. 14194)<\/li>\n<li>130 ml (art. no. 14195)<\/li>\n<li>250 ml (art. no. 14196)<\/li>\n<\/ul>\n<h4>F\u00f6rpackning 50 ml (art. nr: 14194)<\/h4>\n<ul>\n<li style=\"list-style-type: none;\">\n<ul>\n<li>Divisional packaging: 200 pieces<\/li>\n<li>Transport packaging: 200 pcs<\/li>\n<\/ul>\n<\/li>\n<\/ul>\n<h4>F\u00f6rpackning 130 ml (art. nr: 14195) , 250 ml (art. nr: 14196)<\/h4>\n<ul>\n<li style=\"list-style-type: none;\">\n<ul>\n<li>Divisional packaging: 100 pieces<\/li>\n<li>Transport packaging: 100 pcs\n<ul>\n<li style=\"list-style-type: none;\"><\/li>\n<\/ul>\n<\/li>\n<\/ul>\n<\/li>\n<\/ul>","protected":false},"excerpt":{"rendered":"<p>V\u00e5ra flaskor med folief\u00f6rslutning f\u00f6r br\u00f6stmj\u00f6lk och mj\u00f6lkers\u00e4ttning finns i tre storlekar och \u00e4r utvecklade f\u00f6r s\u00e4ker lagring, past\u00f6risering och hantering av mj\u00f6lk. Locken inneh\u00e5ller en specialfolie som, med hj\u00e4lp av en Cap Sealer, v\u00e4rms fast mot flaskans kant och skapar en helt t\u00e4t och s\u00e4ker f\u00f6rsegling. Detta f\u00f6rhindrar att v\u00e4tska tr\u00e4nger in och sp\u00e4der [&hellip;]<\/p>","protected":false},"featured_media":4646,"template":"","meta":{"inline_featured_image":false},"product_cat":[29],"product_tag":[],"class_list":["post-2436","product","type-product","status-publish","has-post-thumbnail","hentry","product_cat-neonatal"],"acf":[],"yoast_head":"<!-- This site is optimized with the Yoast SEO plugin v19.9 - https:\/\/yoast.com\/wordpress\/plugins\/seo\/ -->\r\n<title>Flaska med f\u00f6rsegling - Cetro Medical<\/title>\r\n<meta name=\"description\" content=\"Uppt\u00e4ck Flaska med f\u00f6rsegling fr\u00e5n Cetro Medical \u2013 kvalitetss\u00e4krad medicinsk utrustning f\u00f6r p\u00e5litlig v\u00e5rd. Best\u00e4ll online och f\u00e5 snabb leverans!\" \/>\r\n<meta name=\"robots\" content=\"index, follow, max-snippet:-1, max-image-preview:large, max-video-preview:-1\" \/>\r\n<link rel=\"canonical\" href=\"https:\/\/cetromedical.se\/en\/product-2\/bottle-with-seal-250-ml\/\" \/>\r\n<meta property=\"og:locale\" content=\"en_US\" \/>\r\n<meta property=\"og:type\" content=\"article\" \/>\r\n<meta property=\"og:title\" content=\"Flaska med f\u00f6rsegling - Cetro Medical\" \/>\r\n<meta property=\"og:description\" content=\"Uppt\u00e4ck Flaska med f\u00f6rsegling fr\u00e5n Cetro Medical \u2013 kvalitetss\u00e4krad medicinsk utrustning f\u00f6r p\u00e5litlig v\u00e5rd. Best\u00e4ll online och f\u00e5 snabb leverans!\" \/>\r\n<meta property=\"og:url\" content=\"https:\/\/cetromedical.se\/en\/product-2\/bottle-with-seal-250-ml\/\" \/>\r\n<meta property=\"og:site_name\" content=\"Cetro Medical\" \/>\r\n<meta property=\"article:modified_time\" content=\"2025-11-20T09:34:58+00:00\" \/>\r\n<meta property=\"og:image\" content=\"https:\/\/cetromedical.se\/wp-content\/uploads\/2022\/05\/14095.png\" \/>\r\n\t<meta property=\"og:image:width\" content=\"1100\" \/>\r\n\t<meta property=\"og:image:height\" content=\"770\" \/>\r\n\t<meta property=\"og:image:type\" content=\"image\/png\" \/>\r\n<meta name=\"twitter:card\" content=\"summary_large_image\" \/>\r\n<meta name=\"twitter:label1\" content=\"Est. reading time\" \/>\n\t<meta name=\"twitter:data1\" content=\"2 minutes\" \/>\r\n<script type=\"application\/ld+json\" class=\"yoast-schema-graph\">{\"@context\":\"https:\/\/schema.org\",\"@graph\":[{\"@type\":\"WebPage\",\"@id\":\"https:\/\/cetromedical.se\/produkt\/flaska-med-forsegling-250-ml\/\",\"url\":\"https:\/\/cetromedical.se\/produkt\/flaska-med-forsegling-250-ml\/\",\"name\":\"Flaska med f\u00f6rsegling - Cetro Medical\",\"isPartOf\":{\"@id\":\"https:\/\/cetromedical.se\/#website\"},\"datePublished\":\"2022-06-28T11:48:03+00:00\",\"dateModified\":\"2025-11-20T09:34:58+00:00\",\"description\":\"Uppt\u00e4ck Flaska med f\u00f6rsegling fr\u00e5n Cetro Medical \u2013 kvalitetss\u00e4krad medicinsk utrustning f\u00f6r p\u00e5litlig v\u00e5rd. Best\u00e4ll online och f\u00e5 snabb leverans!\",\"breadcrumb\":{\"@id\":\"https:\/\/cetromedical.se\/produkt\/flaska-med-forsegling-250-ml\/#breadcrumb\"},\"inLanguage\":\"en-US\",\"potentialAction\":[{\"@type\":\"ReadAction\",\"target\":[\"https:\/\/cetromedical.se\/produkt\/flaska-med-forsegling-250-ml\/\"]}]},{\"@type\":\"BreadcrumbList\",\"@id\":\"https:\/\/cetromedical.se\/produkt\/flaska-med-forsegling-250-ml\/#breadcrumb\",\"itemListElement\":[{\"@type\":\"ListItem\",\"position\":1,\"name\":\"Hem\",\"item\":\"https:\/\/cetromedical.se\/\"},{\"@type\":\"ListItem\",\"position\":2,\"name\":\"Webbutik\",\"item\":\"https:\/\/cetromedical.se\/butik\/\"},{\"@type\":\"ListItem\",\"position\":3,\"name\":\"Flaska med f\u00f6rsegling\"}]},{\"@type\":\"WebSite\",\"@id\":\"https:\/\/cetromedical.se\/#website\",\"url\":\"https:\/\/cetromedical.se\/\",\"name\":\"Cetro Medical\",\"description\":\"Quality Medical Instruments\",\"publisher\":{\"@id\":\"https:\/\/cetromedical.se\/#organization\"},\"potentialAction\":[{\"@type\":\"SearchAction\",\"target\":{\"@type\":\"EntryPoint\",\"urlTemplate\":\"https:\/\/cetromedical.se\/?s={search_term_string}\"},\"query-input\":\"required name=search_term_string\"}],\"inLanguage\":\"en-US\"},{\"@type\":\"Organization\",\"@id\":\"https:\/\/cetromedical.se\/#organization\",\"name\":\"Cetro Medical\",\"url\":\"https:\/\/cetromedical.se\/\",\"logo\":{\"@type\":\"ImageObject\",\"inLanguage\":\"en-US\",\"@id\":\"https:\/\/cetromedical.se\/#\/schema\/logo\/image\/\",\"url\":\"https:\/\/cetromedical.se\/wp-content\/uploads\/2022\/05\/Cetro-medical-285_2-1.png\",\"contentUrl\":\"https:\/\/cetromedical.se\/wp-content\/uploads\/2022\/05\/Cetro-medical-285_2-1.png\",\"width\":1317,\"height\":119,\"caption\":\"Cetro Medical\"},\"image\":{\"@id\":\"https:\/\/cetromedical.se\/#\/schema\/logo\/image\/\"}}]}<\/script>\r\n<!-- \/ Yoast SEO plugin. -->","yoast_head_json":{"title":"Flaska med f\u00f6rsegling - Cetro Medical","description":"Uppt\u00e4ck Flaska med f\u00f6rsegling fr\u00e5n Cetro Medical \u2013 kvalitetss\u00e4krad medicinsk utrustning f\u00f6r p\u00e5litlig v\u00e5rd. Best\u00e4ll online och f\u00e5 snabb leverans!","robots":{"index":"index","follow":"follow","max-snippet":"max-snippet:-1","max-image-preview":"max-image-preview:large","max-video-preview":"max-video-preview:-1"},"canonical":"https:\/\/cetromedical.se\/en\/product-2\/bottle-with-seal-250-ml\/","og_locale":"en_US","og_type":"article","og_title":"Flaska med f\u00f6rsegling - Cetro Medical","og_description":"Uppt\u00e4ck Flaska med f\u00f6rsegling fr\u00e5n Cetro Medical \u2013 kvalitetss\u00e4krad medicinsk utrustning f\u00f6r p\u00e5litlig v\u00e5rd. Best\u00e4ll online och f\u00e5 snabb leverans!","og_url":"https:\/\/cetromedical.se\/en\/product-2\/bottle-with-seal-250-ml\/","og_site_name":"Cetro Medical","article_modified_time":"2025-11-20T09:34:58+00:00","og_image":[{"width":1100,"height":770,"url":"https:\/\/cetromedical.se\/wp-content\/uploads\/2022\/05\/14095.png","type":"image\/png"}],"twitter_card":"summary_large_image","twitter_misc":{"Est. reading time":"2 minutes"},"schema":{"@context":"https:\/\/schema.org","@graph":[{"@type":"WebPage","@id":"https:\/\/cetromedical.se\/produkt\/flaska-med-forsegling-250-ml\/","url":"https:\/\/cetromedical.se\/produkt\/flaska-med-forsegling-250-ml\/","name":"Flaska med f\u00f6rsegling - Cetro Medical","isPartOf":{"@id":"https:\/\/cetromedical.se\/#website"},"datePublished":"2022-06-28T11:48:03+00:00","dateModified":"2025-11-20T09:34:58+00:00","description":"Uppt\u00e4ck Flaska med f\u00f6rsegling fr\u00e5n Cetro Medical \u2013 kvalitetss\u00e4krad medicinsk utrustning f\u00f6r p\u00e5litlig v\u00e5rd. Best\u00e4ll online och f\u00e5 snabb leverans!","breadcrumb":{"@id":"https:\/\/cetromedical.se\/produkt\/flaska-med-forsegling-250-ml\/#breadcrumb"},"inLanguage":"en-US","potentialAction":[{"@type":"ReadAction","target":["https:\/\/cetromedical.se\/produkt\/flaska-med-forsegling-250-ml\/"]}]},{"@type":"BreadcrumbList","@id":"https:\/\/cetromedical.se\/produkt\/flaska-med-forsegling-250-ml\/#breadcrumb","itemListElement":[{"@type":"ListItem","position":1,"name":"Hem","item":"https:\/\/cetromedical.se\/"},{"@type":"ListItem","position":2,"name":"Webbutik","item":"https:\/\/cetromedical.se\/butik\/"},{"@type":"ListItem","position":3,"name":"Flaska med f\u00f6rsegling"}]},{"@type":"WebSite","@id":"https:\/\/cetromedical.se\/#website","url":"https:\/\/cetromedical.se\/","name":"Cetro Medical","description":"Quality Medical Instruments","publisher":{"@id":"https:\/\/cetromedical.se\/#organization"},"potentialAction":[{"@type":"SearchAction","target":{"@type":"EntryPoint","urlTemplate":"https:\/\/cetromedical.se\/?s={search_term_string}"},"query-input":"required name=search_term_string"}],"inLanguage":"en-US"},{"@type":"Organization","@id":"https:\/\/cetromedical.se\/#organization","name":"Cetro Medical","url":"https:\/\/cetromedical.se\/","logo":{"@type":"ImageObject","inLanguage":"en-US","@id":"https:\/\/cetromedical.se\/#\/schema\/logo\/image\/","url":"https:\/\/cetromedical.se\/wp-content\/uploads\/2022\/05\/Cetro-medical-285_2-1.png","contentUrl":"https:\/\/cetromedical.se\/wp-content\/uploads\/2022\/05\/Cetro-medical-285_2-1.png","width":1317,"height":119,"caption":"Cetro Medical"},"image":{"@id":"https:\/\/cetromedical.se\/#\/schema\/logo\/image\/"}}]}},"_links":{"self":[{"href":"https:\/\/cetromedical.se\/en\/wp-json\/wp\/v2\/product\/2436","targetHints":{"allow":["GET"]}}],"collection":[{"href":"https:\/\/cetromedical.se\/en\/wp-json\/wp\/v2\/product"}],"about":[{"href":"https:\/\/cetromedical.se\/en\/wp-json\/wp\/v2\/types\/product"}],"wp:featuredmedia":[{"embeddable":true,"href":"https:\/\/cetromedical.se\/en\/wp-json\/wp\/v2\/media\/4646"}],"wp:attachment":[{"href":"https:\/\/cetromedical.se\/en\/wp-json\/wp\/v2\/media?parent=2436"}],"wp:term":[{"taxonomy":"product_cat","embeddable":true,"href":"https:\/\/cetromedical.se\/en\/wp-json\/wp\/v2\/product_cat?post=2436"},{"taxonomy":"product_tag","embeddable":true,"href":"https:\/\/cetromedical.se\/en\/wp-json\/wp\/v2\/product_tag?post=2436"}],"curies":[{"name":"wp","href":"https:\/\/api.w.org\/{rel}","templated":true}]}}