{"id":2438,"date":"2022-06-28T14:23:49","date_gmt":"2022-06-28T12:23:49","guid":{"rendered":"http:\/\/cetromedical.ljungs.nu\/?post_type=product&#038;p=2438"},"modified":"2025-11-20T10:49:52","modified_gmt":"2025-11-20T09:49:52","slug":"di-napp-1-hal-med-skyddshuv","status":"publish","type":"product","link":"https:\/\/cetromedical.se\/en\/product-2\/di-pacifier-1-tail-with-protective-cap\/","title":{"rendered":"Di-button 1-hole with protective cap"},"content":{"rendered":"<p class=\"p1\">Vi erbjuder ett sortiment av eng\u00e5ngs-dinappar anpassade f\u00f6r behoven inom neonatal-, f\u00f6rlossnings- och barnavdelningar. V\u00e5ra dinappar \u00e4r medicintekniska eng\u00e5ngsprodukter avsedda f\u00f6r administrering av br\u00f6stmj\u00f6lk, modersmj\u00f6lksers\u00e4ttning eller andra flytande nutritionsl\u00f6sningar, med eller utan tillsatta l\u00e4kemedel eller n\u00e4rings\u00e4mnen. De olika fl\u00f6deshastigheterna (1 eller 3 steg) g\u00f6r det m\u00f6jligt att anpassa matningen f\u00f6r prematura barn, nyf\u00f6dda och sp\u00e4dbarn.<\/p>\n<p class=\"p1\">HYGIENISK: Locket \u00f6ver dinappen ger ett fysiskt och aseptiskt skydd fram till anv\u00e4ndning.<\/p>\n<p class=\"p1\">L\u00c4CKAGES\u00c4KER: Dinappens flexibilitet och konstruktion s\u00e4kerst\u00e4ller en t\u00e4t och s\u00e4ker passform vid anv\u00e4ndning.<\/p>\n<p class=\"p2\">ANPASSNINGSBAR: Den extra mjuka, runda spetsen g\u00f6r att dinappen passar de flesta barns munnar, \u00e4ven f\u00f6r barn med sugsv\u00e5righet. Det mjuka, icke-klibbiga, smak- och luktfria materialet efterliknar k\u00e4nslan av ett br\u00f6st.<\/p>\n<h4>Packaging<\/h4>\n<ul>\n<li>Divisional packaging: 18 pieces<\/li>\n<li>Transport packaging: 504 pieces<\/li>\n<\/ul>","protected":false},"excerpt":{"rendered":"<p>Vi erbjuder ett sortiment av eng\u00e5ngs-dinappar anpassade f\u00f6r behoven inom neonatal-, f\u00f6rlossnings- och barnavdelningar. V\u00e5ra dinappar \u00e4r medicintekniska eng\u00e5ngsprodukter avsedda f\u00f6r administrering av br\u00f6stmj\u00f6lk, modersmj\u00f6lksers\u00e4ttning eller andra flytande nutritionsl\u00f6sningar, med eller utan tillsatta l\u00e4kemedel eller n\u00e4rings\u00e4mnen. De olika fl\u00f6deshastigheterna (1 eller 3 steg) g\u00f6r det m\u00f6jligt att anpassa matningen f\u00f6r prematura barn, nyf\u00f6dda och sp\u00e4dbarn. [&hellip;]<\/p>","protected":false},"featured_media":3086,"template":"","meta":{"inline_featured_image":false},"product_cat":[29,62],"product_tag":[],"class_list":["post-2438","product","type-product","status-publish","has-post-thumbnail","hentry","product_cat-neonatal","product_cat-dinapp"],"acf":[],"yoast_head":"<!-- This site is optimized with the Yoast SEO plugin v19.9 - https:\/\/yoast.com\/wordpress\/plugins\/seo\/ -->\r\n<title>Di-napp 1-h\u00e5l med skyddshuv - Cetro Medical<\/title>\r\n<meta name=\"description\" content=\"Uppt\u00e4ck Di-napp 1-h\u00e5l med skyddshuv fr\u00e5n Cetro Medical \u2013 kvalitetss\u00e4krad medicinsk utrustning f\u00f6r p\u00e5litlig v\u00e5rd. Best\u00e4ll online och f\u00e5 snabb leverans!\" \/>\r\n<meta name=\"robots\" content=\"index, follow, max-snippet:-1, max-image-preview:large, max-video-preview:-1\" \/>\r\n<link rel=\"canonical\" href=\"https:\/\/cetromedical.se\/en\/product-2\/di-pacifier-1-tail-with-protective-cap\/\" \/>\r\n<meta property=\"og:locale\" content=\"en_US\" \/>\r\n<meta property=\"og:type\" content=\"article\" \/>\r\n<meta property=\"og:title\" content=\"Di-napp 1-h\u00e5l med skyddshuv - Cetro Medical\" \/>\r\n<meta property=\"og:description\" content=\"Uppt\u00e4ck Di-napp 1-h\u00e5l med skyddshuv fr\u00e5n Cetro Medical \u2013 kvalitetss\u00e4krad medicinsk utrustning f\u00f6r p\u00e5litlig v\u00e5rd. Best\u00e4ll online och f\u00e5 snabb leverans!\" \/>\r\n<meta property=\"og:url\" content=\"https:\/\/cetromedical.se\/en\/product-2\/di-pacifier-1-tail-with-protective-cap\/\" \/>\r\n<meta property=\"og:site_name\" content=\"Cetro Medical\" \/>\r\n<meta property=\"article:modified_time\" content=\"2025-11-20T09:49:52+00:00\" \/>\r\n<meta property=\"og:image\" content=\"https:\/\/cetromedical.se\/wp-content\/uploads\/2022\/09\/37582.png\" \/>\r\n\t<meta property=\"og:image:width\" content=\"1100\" \/>\r\n\t<meta property=\"og:image:height\" content=\"770\" \/>\r\n\t<meta property=\"og:image:type\" content=\"image\/png\" \/>\r\n<meta name=\"twitter:card\" content=\"summary_large_image\" \/>\r\n<meta name=\"twitter:label1\" content=\"Est. reading time\" \/>\n\t<meta name=\"twitter:data1\" content=\"1 minute\" \/>\r\n<script type=\"application\/ld+json\" class=\"yoast-schema-graph\">{\"@context\":\"https:\/\/schema.org\",\"@graph\":[{\"@type\":\"WebPage\",\"@id\":\"https:\/\/cetromedical.se\/produkt\/di-napp-1-hal-med-skyddshuv\/\",\"url\":\"https:\/\/cetromedical.se\/produkt\/di-napp-1-hal-med-skyddshuv\/\",\"name\":\"Di-napp 1-h\u00e5l med skyddshuv - Cetro Medical\",\"isPartOf\":{\"@id\":\"https:\/\/cetromedical.se\/#website\"},\"datePublished\":\"2022-06-28T12:23:49+00:00\",\"dateModified\":\"2025-11-20T09:49:52+00:00\",\"description\":\"Uppt\u00e4ck Di-napp 1-h\u00e5l med skyddshuv fr\u00e5n Cetro Medical \u2013 kvalitetss\u00e4krad medicinsk utrustning f\u00f6r p\u00e5litlig v\u00e5rd. Best\u00e4ll online och f\u00e5 snabb leverans!\",\"breadcrumb\":{\"@id\":\"https:\/\/cetromedical.se\/produkt\/di-napp-1-hal-med-skyddshuv\/#breadcrumb\"},\"inLanguage\":\"en-US\",\"potentialAction\":[{\"@type\":\"ReadAction\",\"target\":[\"https:\/\/cetromedical.se\/produkt\/di-napp-1-hal-med-skyddshuv\/\"]}]},{\"@type\":\"BreadcrumbList\",\"@id\":\"https:\/\/cetromedical.se\/produkt\/di-napp-1-hal-med-skyddshuv\/#breadcrumb\",\"itemListElement\":[{\"@type\":\"ListItem\",\"position\":1,\"name\":\"Hem\",\"item\":\"https:\/\/cetromedical.se\/\"},{\"@type\":\"ListItem\",\"position\":2,\"name\":\"Webbutik\",\"item\":\"https:\/\/cetromedical.se\/butik\/\"},{\"@type\":\"ListItem\",\"position\":3,\"name\":\"Di-napp 1-h\u00e5l med skyddshuv\"}]},{\"@type\":\"WebSite\",\"@id\":\"https:\/\/cetromedical.se\/#website\",\"url\":\"https:\/\/cetromedical.se\/\",\"name\":\"Cetro Medical\",\"description\":\"Quality Medical Instruments\",\"publisher\":{\"@id\":\"https:\/\/cetromedical.se\/#organization\"},\"potentialAction\":[{\"@type\":\"SearchAction\",\"target\":{\"@type\":\"EntryPoint\",\"urlTemplate\":\"https:\/\/cetromedical.se\/?s={search_term_string}\"},\"query-input\":\"required name=search_term_string\"}],\"inLanguage\":\"en-US\"},{\"@type\":\"Organization\",\"@id\":\"https:\/\/cetromedical.se\/#organization\",\"name\":\"Cetro Medical\",\"url\":\"https:\/\/cetromedical.se\/\",\"logo\":{\"@type\":\"ImageObject\",\"inLanguage\":\"en-US\",\"@id\":\"https:\/\/cetromedical.se\/#\/schema\/logo\/image\/\",\"url\":\"https:\/\/cetromedical.se\/wp-content\/uploads\/2022\/05\/Cetro-medical-285_2-1.png\",\"contentUrl\":\"https:\/\/cetromedical.se\/wp-content\/uploads\/2022\/05\/Cetro-medical-285_2-1.png\",\"width\":1317,\"height\":119,\"caption\":\"Cetro Medical\"},\"image\":{\"@id\":\"https:\/\/cetromedical.se\/#\/schema\/logo\/image\/\"}}]}<\/script>\r\n<!-- \/ Yoast SEO plugin. -->","yoast_head_json":{"title":"Di-napp 1-h\u00e5l med skyddshuv - Cetro Medical","description":"Uppt\u00e4ck Di-napp 1-h\u00e5l med skyddshuv fr\u00e5n Cetro Medical \u2013 kvalitetss\u00e4krad medicinsk utrustning f\u00f6r p\u00e5litlig v\u00e5rd. Best\u00e4ll online och f\u00e5 snabb leverans!","robots":{"index":"index","follow":"follow","max-snippet":"max-snippet:-1","max-image-preview":"max-image-preview:large","max-video-preview":"max-video-preview:-1"},"canonical":"https:\/\/cetromedical.se\/en\/product-2\/di-pacifier-1-tail-with-protective-cap\/","og_locale":"en_US","og_type":"article","og_title":"Di-napp 1-h\u00e5l med skyddshuv - Cetro Medical","og_description":"Uppt\u00e4ck Di-napp 1-h\u00e5l med skyddshuv fr\u00e5n Cetro Medical \u2013 kvalitetss\u00e4krad medicinsk utrustning f\u00f6r p\u00e5litlig v\u00e5rd. Best\u00e4ll online och f\u00e5 snabb leverans!","og_url":"https:\/\/cetromedical.se\/en\/product-2\/di-pacifier-1-tail-with-protective-cap\/","og_site_name":"Cetro Medical","article_modified_time":"2025-11-20T09:49:52+00:00","og_image":[{"width":1100,"height":770,"url":"https:\/\/cetromedical.se\/wp-content\/uploads\/2022\/09\/37582.png","type":"image\/png"}],"twitter_card":"summary_large_image","twitter_misc":{"Est. reading time":"1 minute"},"schema":{"@context":"https:\/\/schema.org","@graph":[{"@type":"WebPage","@id":"https:\/\/cetromedical.se\/produkt\/di-napp-1-hal-med-skyddshuv\/","url":"https:\/\/cetromedical.se\/produkt\/di-napp-1-hal-med-skyddshuv\/","name":"Di-napp 1-h\u00e5l med skyddshuv - Cetro Medical","isPartOf":{"@id":"https:\/\/cetromedical.se\/#website"},"datePublished":"2022-06-28T12:23:49+00:00","dateModified":"2025-11-20T09:49:52+00:00","description":"Uppt\u00e4ck Di-napp 1-h\u00e5l med skyddshuv fr\u00e5n Cetro Medical \u2013 kvalitetss\u00e4krad medicinsk utrustning f\u00f6r p\u00e5litlig v\u00e5rd. Best\u00e4ll online och f\u00e5 snabb leverans!","breadcrumb":{"@id":"https:\/\/cetromedical.se\/produkt\/di-napp-1-hal-med-skyddshuv\/#breadcrumb"},"inLanguage":"en-US","potentialAction":[{"@type":"ReadAction","target":["https:\/\/cetromedical.se\/produkt\/di-napp-1-hal-med-skyddshuv\/"]}]},{"@type":"BreadcrumbList","@id":"https:\/\/cetromedical.se\/produkt\/di-napp-1-hal-med-skyddshuv\/#breadcrumb","itemListElement":[{"@type":"ListItem","position":1,"name":"Hem","item":"https:\/\/cetromedical.se\/"},{"@type":"ListItem","position":2,"name":"Webbutik","item":"https:\/\/cetromedical.se\/butik\/"},{"@type":"ListItem","position":3,"name":"Di-napp 1-h\u00e5l med skyddshuv"}]},{"@type":"WebSite","@id":"https:\/\/cetromedical.se\/#website","url":"https:\/\/cetromedical.se\/","name":"Cetro Medical","description":"Quality Medical Instruments","publisher":{"@id":"https:\/\/cetromedical.se\/#organization"},"potentialAction":[{"@type":"SearchAction","target":{"@type":"EntryPoint","urlTemplate":"https:\/\/cetromedical.se\/?s={search_term_string}"},"query-input":"required name=search_term_string"}],"inLanguage":"en-US"},{"@type":"Organization","@id":"https:\/\/cetromedical.se\/#organization","name":"Cetro Medical","url":"https:\/\/cetromedical.se\/","logo":{"@type":"ImageObject","inLanguage":"en-US","@id":"https:\/\/cetromedical.se\/#\/schema\/logo\/image\/","url":"https:\/\/cetromedical.se\/wp-content\/uploads\/2022\/05\/Cetro-medical-285_2-1.png","contentUrl":"https:\/\/cetromedical.se\/wp-content\/uploads\/2022\/05\/Cetro-medical-285_2-1.png","width":1317,"height":119,"caption":"Cetro Medical"},"image":{"@id":"https:\/\/cetromedical.se\/#\/schema\/logo\/image\/"}}]}},"_links":{"self":[{"href":"https:\/\/cetromedical.se\/en\/wp-json\/wp\/v2\/product\/2438","targetHints":{"allow":["GET"]}}],"collection":[{"href":"https:\/\/cetromedical.se\/en\/wp-json\/wp\/v2\/product"}],"about":[{"href":"https:\/\/cetromedical.se\/en\/wp-json\/wp\/v2\/types\/product"}],"wp:featuredmedia":[{"embeddable":true,"href":"https:\/\/cetromedical.se\/en\/wp-json\/wp\/v2\/media\/3086"}],"wp:attachment":[{"href":"https:\/\/cetromedical.se\/en\/wp-json\/wp\/v2\/media?parent=2438"}],"wp:term":[{"taxonomy":"product_cat","embeddable":true,"href":"https:\/\/cetromedical.se\/en\/wp-json\/wp\/v2\/product_cat?post=2438"},{"taxonomy":"product_tag","embeddable":true,"href":"https:\/\/cetromedical.se\/en\/wp-json\/wp\/v2\/product_tag?post=2438"}],"curies":[{"name":"wp","href":"https:\/\/api.w.org\/{rel}","templated":true}]}}