{"id":2442,"date":"2022-06-28T14:38:35","date_gmt":"2022-06-28T12:38:35","guid":{"rendered":"http:\/\/cetromedical.ljungs.nu\/?post_type=product&#038;p=2442"},"modified":"2025-03-25T10:05:06","modified_gmt":"2025-03-25T09:05:06","slug":"lock-till-brostmjolksflaska","status":"publish","type":"product","link":"https:\/\/cetromedical.se\/en\/product-2\/lid-for-breast-milk-bottle\/","title":{"rendered":"Lid for breast milk bottle"},"content":{"rendered":"<p>Our breast milk bottle cap is designed to provide safe and convenient use. With a secure closure that prevents leaks and maintains the freshness of the milk, the lid allows you to store and transport your milk with ease. Its ergonomic design also makes it easy to open and close, facilitating both feeding and storage.<\/p>\n<ul>\n<li>Divisional packaging: 100 pieces<\/li>\n<li>Transport packaging: 100 pcs<\/li>\n<\/ul>\n<p>&nbsp;<\/p>","protected":false},"excerpt":{"rendered":"<p>V\u00e5rt lock till br\u00f6stmj\u00f6lksflaskan \u00e4r designat f\u00f6r att ge en trygg och praktisk anv\u00e4ndning. Med en s\u00e4ker f\u00f6rslutning som f\u00f6rhindrar l\u00e4ckage och bibeh\u00e5ller mj\u00f6lkens fr\u00e4sch\u00f6r, g\u00f6r locket att du enkelt kan f\u00f6rvara och transportera mj\u00f6lken utan problem. Dess ergonomiska design g\u00f6r det ocks\u00e5 l\u00e4tt att \u00f6ppna och st\u00e4nga, vilket underl\u00e4ttar b\u00e5de matning och f\u00f6rvaring. Avdelningsf\u00f6rpackning: [&hellip;]<\/p>","protected":false},"featured_media":10275,"template":"","meta":{"inline_featured_image":false},"product_cat":[29],"product_tag":[],"class_list":["post-2442","product","type-product","status-publish","has-post-thumbnail","hentry","product_cat-neonatal"],"acf":[],"yoast_head":"<!-- This site is optimized with the Yoast SEO plugin v19.9 - https:\/\/yoast.com\/wordpress\/plugins\/seo\/ -->\r\n<title>Lock till Br\u00f6stmj\u00f6lksflaska - Cetro Medical<\/title>\r\n<meta name=\"description\" content=\"Uppt\u00e4ck Lock till Br\u00f6stmj\u00f6lksflaska fr\u00e5n Cetro Medical \u2013 kvalitetss\u00e4krad medicinsk utrustning f\u00f6r p\u00e5litlig v\u00e5rd. Best\u00e4ll online och f\u00e5 snabb leverans!\" \/>\r\n<meta name=\"robots\" content=\"index, follow, max-snippet:-1, max-image-preview:large, max-video-preview:-1\" \/>\r\n<link rel=\"canonical\" href=\"https:\/\/cetromedical.se\/en\/product-2\/lid-for-breast-milk-bottle\/\" \/>\r\n<meta property=\"og:locale\" content=\"en_US\" \/>\r\n<meta property=\"og:type\" content=\"article\" \/>\r\n<meta property=\"og:title\" content=\"Lock till Br\u00f6stmj\u00f6lksflaska - Cetro Medical\" \/>\r\n<meta property=\"og:description\" content=\"Uppt\u00e4ck Lock till Br\u00f6stmj\u00f6lksflaska fr\u00e5n Cetro Medical \u2013 kvalitetss\u00e4krad medicinsk utrustning f\u00f6r p\u00e5litlig v\u00e5rd. Best\u00e4ll online och f\u00e5 snabb leverans!\" \/>\r\n<meta property=\"og:url\" content=\"https:\/\/cetromedical.se\/en\/product-2\/lid-for-breast-milk-bottle\/\" \/>\r\n<meta property=\"og:site_name\" content=\"Cetro Medical\" \/>\r\n<meta property=\"article:modified_time\" content=\"2025-03-25T09:05:06+00:00\" \/>\r\n<meta property=\"og:image\" content=\"https:\/\/cetromedical.se\/wp-content\/uploads\/2025\/03\/10014.png\" \/>\r\n\t<meta property=\"og:image:width\" content=\"1100\" \/>\r\n\t<meta property=\"og:image:height\" content=\"770\" \/>\r\n\t<meta property=\"og:image:type\" content=\"image\/png\" \/>\r\n<meta name=\"twitter:card\" content=\"summary_large_image\" \/>\r\n<meta name=\"twitter:label1\" content=\"Est. reading time\" \/>\n\t<meta name=\"twitter:data1\" content=\"1 minute\" \/>\r\n<script type=\"application\/ld+json\" class=\"yoast-schema-graph\">{\"@context\":\"https:\/\/schema.org\",\"@graph\":[{\"@type\":\"WebPage\",\"@id\":\"https:\/\/cetromedical.se\/produkt\/lock-till-brostmjolksflaska\/\",\"url\":\"https:\/\/cetromedical.se\/produkt\/lock-till-brostmjolksflaska\/\",\"name\":\"Lock till Br\u00f6stmj\u00f6lksflaska - Cetro Medical\",\"isPartOf\":{\"@id\":\"https:\/\/cetromedical.se\/#website\"},\"datePublished\":\"2022-06-28T12:38:35+00:00\",\"dateModified\":\"2025-03-25T09:05:06+00:00\",\"description\":\"Uppt\u00e4ck Lock till Br\u00f6stmj\u00f6lksflaska fr\u00e5n Cetro Medical \u2013 kvalitetss\u00e4krad medicinsk utrustning f\u00f6r p\u00e5litlig v\u00e5rd. Best\u00e4ll online och f\u00e5 snabb leverans!\",\"breadcrumb\":{\"@id\":\"https:\/\/cetromedical.se\/produkt\/lock-till-brostmjolksflaska\/#breadcrumb\"},\"inLanguage\":\"en-US\",\"potentialAction\":[{\"@type\":\"ReadAction\",\"target\":[\"https:\/\/cetromedical.se\/produkt\/lock-till-brostmjolksflaska\/\"]}]},{\"@type\":\"BreadcrumbList\",\"@id\":\"https:\/\/cetromedical.se\/produkt\/lock-till-brostmjolksflaska\/#breadcrumb\",\"itemListElement\":[{\"@type\":\"ListItem\",\"position\":1,\"name\":\"Hem\",\"item\":\"https:\/\/cetromedical.se\/\"},{\"@type\":\"ListItem\",\"position\":2,\"name\":\"Webbutik\",\"item\":\"https:\/\/cetromedical.se\/butik\/\"},{\"@type\":\"ListItem\",\"position\":3,\"name\":\"Lock till Br\u00f6stmj\u00f6lksflaska\"}]},{\"@type\":\"WebSite\",\"@id\":\"https:\/\/cetromedical.se\/#website\",\"url\":\"https:\/\/cetromedical.se\/\",\"name\":\"Cetro Medical\",\"description\":\"Quality Medical Instruments\",\"publisher\":{\"@id\":\"https:\/\/cetromedical.se\/#organization\"},\"potentialAction\":[{\"@type\":\"SearchAction\",\"target\":{\"@type\":\"EntryPoint\",\"urlTemplate\":\"https:\/\/cetromedical.se\/?s={search_term_string}\"},\"query-input\":\"required name=search_term_string\"}],\"inLanguage\":\"en-US\"},{\"@type\":\"Organization\",\"@id\":\"https:\/\/cetromedical.se\/#organization\",\"name\":\"Cetro Medical\",\"url\":\"https:\/\/cetromedical.se\/\",\"logo\":{\"@type\":\"ImageObject\",\"inLanguage\":\"en-US\",\"@id\":\"https:\/\/cetromedical.se\/#\/schema\/logo\/image\/\",\"url\":\"https:\/\/cetromedical.se\/wp-content\/uploads\/2022\/05\/Cetro-medical-285_2-1.png\",\"contentUrl\":\"https:\/\/cetromedical.se\/wp-content\/uploads\/2022\/05\/Cetro-medical-285_2-1.png\",\"width\":1317,\"height\":119,\"caption\":\"Cetro Medical\"},\"image\":{\"@id\":\"https:\/\/cetromedical.se\/#\/schema\/logo\/image\/\"}}]}<\/script>\r\n<!-- \/ Yoast SEO plugin. -->","yoast_head_json":{"title":"Lock till Br\u00f6stmj\u00f6lksflaska - Cetro Medical","description":"Uppt\u00e4ck Lock till Br\u00f6stmj\u00f6lksflaska fr\u00e5n Cetro Medical \u2013 kvalitetss\u00e4krad medicinsk utrustning f\u00f6r p\u00e5litlig v\u00e5rd. Best\u00e4ll online och f\u00e5 snabb leverans!","robots":{"index":"index","follow":"follow","max-snippet":"max-snippet:-1","max-image-preview":"max-image-preview:large","max-video-preview":"max-video-preview:-1"},"canonical":"https:\/\/cetromedical.se\/en\/product-2\/lid-for-breast-milk-bottle\/","og_locale":"en_US","og_type":"article","og_title":"Lock till Br\u00f6stmj\u00f6lksflaska - Cetro Medical","og_description":"Uppt\u00e4ck Lock till Br\u00f6stmj\u00f6lksflaska fr\u00e5n Cetro Medical \u2013 kvalitetss\u00e4krad medicinsk utrustning f\u00f6r p\u00e5litlig v\u00e5rd. Best\u00e4ll online och f\u00e5 snabb leverans!","og_url":"https:\/\/cetromedical.se\/en\/product-2\/lid-for-breast-milk-bottle\/","og_site_name":"Cetro Medical","article_modified_time":"2025-03-25T09:05:06+00:00","og_image":[{"width":1100,"height":770,"url":"https:\/\/cetromedical.se\/wp-content\/uploads\/2025\/03\/10014.png","type":"image\/png"}],"twitter_card":"summary_large_image","twitter_misc":{"Est. reading time":"1 minute"},"schema":{"@context":"https:\/\/schema.org","@graph":[{"@type":"WebPage","@id":"https:\/\/cetromedical.se\/produkt\/lock-till-brostmjolksflaska\/","url":"https:\/\/cetromedical.se\/produkt\/lock-till-brostmjolksflaska\/","name":"Lock till Br\u00f6stmj\u00f6lksflaska - Cetro Medical","isPartOf":{"@id":"https:\/\/cetromedical.se\/#website"},"datePublished":"2022-06-28T12:38:35+00:00","dateModified":"2025-03-25T09:05:06+00:00","description":"Uppt\u00e4ck Lock till Br\u00f6stmj\u00f6lksflaska fr\u00e5n Cetro Medical \u2013 kvalitetss\u00e4krad medicinsk utrustning f\u00f6r p\u00e5litlig v\u00e5rd. Best\u00e4ll online och f\u00e5 snabb leverans!","breadcrumb":{"@id":"https:\/\/cetromedical.se\/produkt\/lock-till-brostmjolksflaska\/#breadcrumb"},"inLanguage":"en-US","potentialAction":[{"@type":"ReadAction","target":["https:\/\/cetromedical.se\/produkt\/lock-till-brostmjolksflaska\/"]}]},{"@type":"BreadcrumbList","@id":"https:\/\/cetromedical.se\/produkt\/lock-till-brostmjolksflaska\/#breadcrumb","itemListElement":[{"@type":"ListItem","position":1,"name":"Hem","item":"https:\/\/cetromedical.se\/"},{"@type":"ListItem","position":2,"name":"Webbutik","item":"https:\/\/cetromedical.se\/butik\/"},{"@type":"ListItem","position":3,"name":"Lock till Br\u00f6stmj\u00f6lksflaska"}]},{"@type":"WebSite","@id":"https:\/\/cetromedical.se\/#website","url":"https:\/\/cetromedical.se\/","name":"Cetro Medical","description":"Quality Medical Instruments","publisher":{"@id":"https:\/\/cetromedical.se\/#organization"},"potentialAction":[{"@type":"SearchAction","target":{"@type":"EntryPoint","urlTemplate":"https:\/\/cetromedical.se\/?s={search_term_string}"},"query-input":"required name=search_term_string"}],"inLanguage":"en-US"},{"@type":"Organization","@id":"https:\/\/cetromedical.se\/#organization","name":"Cetro Medical","url":"https:\/\/cetromedical.se\/","logo":{"@type":"ImageObject","inLanguage":"en-US","@id":"https:\/\/cetromedical.se\/#\/schema\/logo\/image\/","url":"https:\/\/cetromedical.se\/wp-content\/uploads\/2022\/05\/Cetro-medical-285_2-1.png","contentUrl":"https:\/\/cetromedical.se\/wp-content\/uploads\/2022\/05\/Cetro-medical-285_2-1.png","width":1317,"height":119,"caption":"Cetro Medical"},"image":{"@id":"https:\/\/cetromedical.se\/#\/schema\/logo\/image\/"}}]}},"_links":{"self":[{"href":"https:\/\/cetromedical.se\/en\/wp-json\/wp\/v2\/product\/2442","targetHints":{"allow":["GET"]}}],"collection":[{"href":"https:\/\/cetromedical.se\/en\/wp-json\/wp\/v2\/product"}],"about":[{"href":"https:\/\/cetromedical.se\/en\/wp-json\/wp\/v2\/types\/product"}],"wp:featuredmedia":[{"embeddable":true,"href":"https:\/\/cetromedical.se\/en\/wp-json\/wp\/v2\/media\/10275"}],"wp:attachment":[{"href":"https:\/\/cetromedical.se\/en\/wp-json\/wp\/v2\/media?parent=2442"}],"wp:term":[{"taxonomy":"product_cat","embeddable":true,"href":"https:\/\/cetromedical.se\/en\/wp-json\/wp\/v2\/product_cat?post=2442"},{"taxonomy":"product_tag","embeddable":true,"href":"https:\/\/cetromedical.se\/en\/wp-json\/wp\/v2\/product_tag?post=2442"}],"curies":[{"name":"wp","href":"https:\/\/api.w.org\/{rel}","templated":true}]}}