{"id":2484,"date":"2022-06-28T15:14:59","date_gmt":"2022-06-28T13:14:59","guid":{"rendered":"http:\/\/cetromedical.ljungs.nu\/?post_type=product&#038;p=2484"},"modified":"2023-06-15T10:52:57","modified_gmt":"2023-06-15T08:52:57","slug":"pastoriseringsmaskin-for-brostmjolk","status":"publish","type":"product","link":"https:\/\/cetromedical.se\/en\/product-2\/pastorization-machine-for-brisket-dairy-products\/","title":{"rendered":"Pasteurization machine for breast milk"},"content":{"rendered":"<p>CetroMedical represents SteriFeed in Sweden and Norway. SteriFeed has for generations manufactured probably the world's best pasteurization machines for breast milk pasteurization. The machines are available in 3 different sizes, T30, S90 and S180.<\/p>\n<p>T30 is a semi-automatic table model that holds about 12 ashes\/pasteurization. For this model 50, 100, 130 and 250 ml ashes can be used.<\/p>\n<p>S90 is a fully automatic machine that is placed on the floor. The machine holds about 96 50ml ashes or 36 100, 130 or 250 ml ashes. When using the \"Cap Sealer\", the 100 and 130 ml ashes can be double-stacked in the machine and thus double the capacity. S180 is similar to S90 but with double capacity.<\/p>\n<ul>\n<li>Available in 3 sizes<\/li>\n<li>Fully automatic (T30 semi-automatic)<\/li>\n<li>Data logging software is available<\/li>\n<li>Touch screen<\/li>\n<li>User-friendly<\/li>\n<li>Made of Stainless Steel<\/li>\n<li>Easy handling<\/li>\n<\/ul>\n<p>Packaging<\/p>\n<ul>\n<li>\n<ul>\n<li>Departmental packaging: 1 piece<\/li>\n<li>Transport packaging: 1 piece<\/li>\n<\/ul>\n<\/li>\n<\/ul>","protected":false},"excerpt":{"rendered":"<p>CetroMedical representerar SteriFeed i Sverige och Norge. SteriFeed har i era generationer tillverkat f\u00f6rmodligen v\u00e4rldens b\u00e4sta past\u00f6riseringsmaskiner f\u00f6r modersmj\u00f6lkspast\u00f6risering. Maskinerna finns i 3 olika storlekar, T30, S90 och S180. T30 \u00e4r en halvautomatisk bordsmodell som rymmer ca 12 st askor\/past\u00f6risering. Till denna modell kan 50, 100, 130 och 250 ml askor anv\u00e4ndas. S90 \u00e4r en [&hellip;]<\/p>","protected":false},"featured_media":2693,"template":"","meta":{"inline_featured_image":false},"product_cat":[29,64],"product_tag":[],"class_list":["post-2484","product","type-product","status-publish","has-post-thumbnail","hentry","product_cat-neonatal","product_cat-pastoriseringsmaskin"],"acf":[],"yoast_head":"<!-- This site is optimized with the Yoast SEO plugin v19.9 - https:\/\/yoast.com\/wordpress\/plugins\/seo\/ -->\r\n<title>Past\u00f6riseringsmaskin f\u00f6r br\u00f6stmj\u00f6lk - Cetro Medical<\/title>\r\n<meta name=\"description\" content=\"Uppt\u00e4ck Past\u00f6riseringsmaskin f\u00f6r br\u00f6stmj\u00f6lk fr\u00e5n Cetro Medical \u2013 kvalitetss\u00e4krad medicinsk utrustning f\u00f6r p\u00e5litlig v\u00e5rd. Best\u00e4ll online och f\u00e5 snabb leverans!\" \/>\r\n<meta name=\"robots\" content=\"index, follow, max-snippet:-1, max-image-preview:large, max-video-preview:-1\" \/>\r\n<link rel=\"canonical\" href=\"https:\/\/cetromedical.se\/en\/product-2\/pastorization-machine-for-brisket-dairy-products\/\" \/>\r\n<meta property=\"og:locale\" content=\"en_US\" \/>\r\n<meta property=\"og:type\" content=\"article\" \/>\r\n<meta property=\"og:title\" content=\"Past\u00f6riseringsmaskin f\u00f6r br\u00f6stmj\u00f6lk - Cetro Medical\" \/>\r\n<meta property=\"og:description\" content=\"Uppt\u00e4ck Past\u00f6riseringsmaskin f\u00f6r br\u00f6stmj\u00f6lk fr\u00e5n Cetro Medical \u2013 kvalitetss\u00e4krad medicinsk utrustning f\u00f6r p\u00e5litlig v\u00e5rd. Best\u00e4ll online och f\u00e5 snabb leverans!\" \/>\r\n<meta property=\"og:url\" content=\"https:\/\/cetromedical.se\/en\/product-2\/pastorization-machine-for-brisket-dairy-products\/\" \/>\r\n<meta property=\"og:site_name\" content=\"Cetro Medical\" \/>\r\n<meta property=\"article:modified_time\" content=\"2023-06-15T08:52:57+00:00\" \/>\r\n<meta property=\"og:image\" content=\"https:\/\/cetromedical.se\/wp-content\/uploads\/2022\/07\/S-180.png\" \/>\r\n\t<meta property=\"og:image:width\" content=\"1100\" \/>\r\n\t<meta property=\"og:image:height\" content=\"770\" \/>\r\n\t<meta property=\"og:image:type\" content=\"image\/png\" \/>\r\n<meta name=\"twitter:card\" content=\"summary_large_image\" \/>\r\n<meta name=\"twitter:label1\" content=\"Est. reading time\" \/>\n\t<meta name=\"twitter:data1\" content=\"1 minute\" \/>\r\n<script type=\"application\/ld+json\" class=\"yoast-schema-graph\">{\"@context\":\"https:\/\/schema.org\",\"@graph\":[{\"@type\":\"WebPage\",\"@id\":\"https:\/\/cetromedical.se\/produkt\/pastoriseringsmaskin-for-brostmjolk\/\",\"url\":\"https:\/\/cetromedical.se\/produkt\/pastoriseringsmaskin-for-brostmjolk\/\",\"name\":\"Past\u00f6riseringsmaskin f\u00f6r br\u00f6stmj\u00f6lk - Cetro Medical\",\"isPartOf\":{\"@id\":\"https:\/\/cetromedical.se\/#website\"},\"datePublished\":\"2022-06-28T13:14:59+00:00\",\"dateModified\":\"2023-06-15T08:52:57+00:00\",\"description\":\"Uppt\u00e4ck Past\u00f6riseringsmaskin f\u00f6r br\u00f6stmj\u00f6lk fr\u00e5n Cetro Medical \u2013 kvalitetss\u00e4krad medicinsk utrustning f\u00f6r p\u00e5litlig v\u00e5rd. Best\u00e4ll online och f\u00e5 snabb leverans!\",\"breadcrumb\":{\"@id\":\"https:\/\/cetromedical.se\/produkt\/pastoriseringsmaskin-for-brostmjolk\/#breadcrumb\"},\"inLanguage\":\"en-US\",\"potentialAction\":[{\"@type\":\"ReadAction\",\"target\":[\"https:\/\/cetromedical.se\/produkt\/pastoriseringsmaskin-for-brostmjolk\/\"]}]},{\"@type\":\"BreadcrumbList\",\"@id\":\"https:\/\/cetromedical.se\/produkt\/pastoriseringsmaskin-for-brostmjolk\/#breadcrumb\",\"itemListElement\":[{\"@type\":\"ListItem\",\"position\":1,\"name\":\"Hem\",\"item\":\"https:\/\/cetromedical.se\/\"},{\"@type\":\"ListItem\",\"position\":2,\"name\":\"Webbutik\",\"item\":\"https:\/\/cetromedical.se\/butik\/\"},{\"@type\":\"ListItem\",\"position\":3,\"name\":\"Past\u00f6riseringsmaskin f\u00f6r br\u00f6stmj\u00f6lk\"}]},{\"@type\":\"WebSite\",\"@id\":\"https:\/\/cetromedical.se\/#website\",\"url\":\"https:\/\/cetromedical.se\/\",\"name\":\"Cetro Medical\",\"description\":\"Quality Medical Instruments\",\"publisher\":{\"@id\":\"https:\/\/cetromedical.se\/#organization\"},\"potentialAction\":[{\"@type\":\"SearchAction\",\"target\":{\"@type\":\"EntryPoint\",\"urlTemplate\":\"https:\/\/cetromedical.se\/?s={search_term_string}\"},\"query-input\":\"required name=search_term_string\"}],\"inLanguage\":\"en-US\"},{\"@type\":\"Organization\",\"@id\":\"https:\/\/cetromedical.se\/#organization\",\"name\":\"Cetro Medical\",\"url\":\"https:\/\/cetromedical.se\/\",\"logo\":{\"@type\":\"ImageObject\",\"inLanguage\":\"en-US\",\"@id\":\"https:\/\/cetromedical.se\/#\/schema\/logo\/image\/\",\"url\":\"https:\/\/cetromedical.se\/wp-content\/uploads\/2022\/05\/Cetro-medical-285_2-1.png\",\"contentUrl\":\"https:\/\/cetromedical.se\/wp-content\/uploads\/2022\/05\/Cetro-medical-285_2-1.png\",\"width\":1317,\"height\":119,\"caption\":\"Cetro Medical\"},\"image\":{\"@id\":\"https:\/\/cetromedical.se\/#\/schema\/logo\/image\/\"}}]}<\/script>\r\n<!-- \/ Yoast SEO plugin. -->","yoast_head_json":{"title":"Past\u00f6riseringsmaskin f\u00f6r br\u00f6stmj\u00f6lk - Cetro Medical","description":"Uppt\u00e4ck Past\u00f6riseringsmaskin f\u00f6r br\u00f6stmj\u00f6lk fr\u00e5n Cetro Medical \u2013 kvalitetss\u00e4krad medicinsk utrustning f\u00f6r p\u00e5litlig v\u00e5rd. Best\u00e4ll online och f\u00e5 snabb leverans!","robots":{"index":"index","follow":"follow","max-snippet":"max-snippet:-1","max-image-preview":"max-image-preview:large","max-video-preview":"max-video-preview:-1"},"canonical":"https:\/\/cetromedical.se\/en\/product-2\/pastorization-machine-for-brisket-dairy-products\/","og_locale":"en_US","og_type":"article","og_title":"Past\u00f6riseringsmaskin f\u00f6r br\u00f6stmj\u00f6lk - Cetro Medical","og_description":"Uppt\u00e4ck Past\u00f6riseringsmaskin f\u00f6r br\u00f6stmj\u00f6lk fr\u00e5n Cetro Medical \u2013 kvalitetss\u00e4krad medicinsk utrustning f\u00f6r p\u00e5litlig v\u00e5rd. Best\u00e4ll online och f\u00e5 snabb leverans!","og_url":"https:\/\/cetromedical.se\/en\/product-2\/pastorization-machine-for-brisket-dairy-products\/","og_site_name":"Cetro Medical","article_modified_time":"2023-06-15T08:52:57+00:00","og_image":[{"width":1100,"height":770,"url":"https:\/\/cetromedical.se\/wp-content\/uploads\/2022\/07\/S-180.png","type":"image\/png"}],"twitter_card":"summary_large_image","twitter_misc":{"Est. reading time":"1 minute"},"schema":{"@context":"https:\/\/schema.org","@graph":[{"@type":"WebPage","@id":"https:\/\/cetromedical.se\/produkt\/pastoriseringsmaskin-for-brostmjolk\/","url":"https:\/\/cetromedical.se\/produkt\/pastoriseringsmaskin-for-brostmjolk\/","name":"Past\u00f6riseringsmaskin f\u00f6r br\u00f6stmj\u00f6lk - Cetro Medical","isPartOf":{"@id":"https:\/\/cetromedical.se\/#website"},"datePublished":"2022-06-28T13:14:59+00:00","dateModified":"2023-06-15T08:52:57+00:00","description":"Uppt\u00e4ck Past\u00f6riseringsmaskin f\u00f6r br\u00f6stmj\u00f6lk fr\u00e5n Cetro Medical \u2013 kvalitetss\u00e4krad medicinsk utrustning f\u00f6r p\u00e5litlig v\u00e5rd. Best\u00e4ll online och f\u00e5 snabb leverans!","breadcrumb":{"@id":"https:\/\/cetromedical.se\/produkt\/pastoriseringsmaskin-for-brostmjolk\/#breadcrumb"},"inLanguage":"en-US","potentialAction":[{"@type":"ReadAction","target":["https:\/\/cetromedical.se\/produkt\/pastoriseringsmaskin-for-brostmjolk\/"]}]},{"@type":"BreadcrumbList","@id":"https:\/\/cetromedical.se\/produkt\/pastoriseringsmaskin-for-brostmjolk\/#breadcrumb","itemListElement":[{"@type":"ListItem","position":1,"name":"Hem","item":"https:\/\/cetromedical.se\/"},{"@type":"ListItem","position":2,"name":"Webbutik","item":"https:\/\/cetromedical.se\/butik\/"},{"@type":"ListItem","position":3,"name":"Past\u00f6riseringsmaskin f\u00f6r br\u00f6stmj\u00f6lk"}]},{"@type":"WebSite","@id":"https:\/\/cetromedical.se\/#website","url":"https:\/\/cetromedical.se\/","name":"Cetro Medical","description":"Quality Medical Instruments","publisher":{"@id":"https:\/\/cetromedical.se\/#organization"},"potentialAction":[{"@type":"SearchAction","target":{"@type":"EntryPoint","urlTemplate":"https:\/\/cetromedical.se\/?s={search_term_string}"},"query-input":"required name=search_term_string"}],"inLanguage":"en-US"},{"@type":"Organization","@id":"https:\/\/cetromedical.se\/#organization","name":"Cetro Medical","url":"https:\/\/cetromedical.se\/","logo":{"@type":"ImageObject","inLanguage":"en-US","@id":"https:\/\/cetromedical.se\/#\/schema\/logo\/image\/","url":"https:\/\/cetromedical.se\/wp-content\/uploads\/2022\/05\/Cetro-medical-285_2-1.png","contentUrl":"https:\/\/cetromedical.se\/wp-content\/uploads\/2022\/05\/Cetro-medical-285_2-1.png","width":1317,"height":119,"caption":"Cetro Medical"},"image":{"@id":"https:\/\/cetromedical.se\/#\/schema\/logo\/image\/"}}]}},"_links":{"self":[{"href":"https:\/\/cetromedical.se\/en\/wp-json\/wp\/v2\/product\/2484","targetHints":{"allow":["GET"]}}],"collection":[{"href":"https:\/\/cetromedical.se\/en\/wp-json\/wp\/v2\/product"}],"about":[{"href":"https:\/\/cetromedical.se\/en\/wp-json\/wp\/v2\/types\/product"}],"wp:featuredmedia":[{"embeddable":true,"href":"https:\/\/cetromedical.se\/en\/wp-json\/wp\/v2\/media\/2693"}],"wp:attachment":[{"href":"https:\/\/cetromedical.se\/en\/wp-json\/wp\/v2\/media?parent=2484"}],"wp:term":[{"taxonomy":"product_cat","embeddable":true,"href":"https:\/\/cetromedical.se\/en\/wp-json\/wp\/v2\/product_cat?post=2484"},{"taxonomy":"product_tag","embeddable":true,"href":"https:\/\/cetromedical.se\/en\/wp-json\/wp\/v2\/product_tag?post=2484"}],"curies":[{"name":"wp","href":"https:\/\/api.w.org\/{rel}","templated":true}]}}