{"id":2490,"date":"2022-06-28T15:36:49","date_gmt":"2022-06-28T13:36:49","guid":{"rendered":"http:\/\/cetromedical.ljungs.nu\/?post_type=product&#038;p=2490"},"modified":"2025-11-21T12:25:05","modified_gmt":"2025-11-21T11:25:05","slug":"etikett-1016x3175mm-1230st","status":"publish","type":"product","link":"https:\/\/cetromedical.se\/en\/product-2\/label-1016x3175mm-1230pcs\/","title":{"rendered":"Label 101.6\u00d725.4mm, 101\u00d731.75mm"},"content":{"rendered":"<p data-start=\"166\" data-end=\"436\">V\u00e5ra etiketter p\u00e5 rulle \u00e4r framtagna f\u00f6r att ge tydlig, h\u00e5llbar och p\u00e5litlig m\u00e4rkning. Etiketterna \u00e4r kompatibla med de flesta etikettskrivare och finns i flera storlekar f\u00f6r att passa olika anv\u00e4ndningsomr\u00e5den.<\/p>\n<p data-start=\"438\" data-end=\"656\">Etiketterna ger en j\u00e4mn och skarp utskriftsyta, och limmet \u00e4r utvecklat f\u00f6r att f\u00e4sta s\u00e4kert p\u00e5 b\u00e5de plana och b\u00f6jda ytor. De t\u00e5l daglig hantering och \u00e4r anpassade f\u00f6r milj\u00f6er d\u00e4r sp\u00e5rbarhet och l\u00e4sbarhet \u00e4r avg\u00f6rande.<\/p>\n<p data-start=\"438\" data-end=\"656\">2440 st etiketter\/rulle<\/p>\n<h4>Packaging<\/h4>\n<ul>\n<li>Divisional packaging: 1 piece<\/li>\n<li>Transport packaging: 1 piece<\/li>\n<\/ul>","protected":false},"excerpt":{"rendered":"<p>V\u00e5ra etiketter p\u00e5 rulle \u00e4r framtagna f\u00f6r att ge tydlig, h\u00e5llbar och p\u00e5litlig m\u00e4rkning. Etiketterna \u00e4r kompatibla med de flesta etikettskrivare och finns i flera storlekar f\u00f6r att passa olika anv\u00e4ndningsomr\u00e5den. Etiketterna ger en j\u00e4mn och skarp utskriftsyta, och limmet \u00e4r utvecklat f\u00f6r att f\u00e4sta s\u00e4kert p\u00e5 b\u00e5de plana och b\u00f6jda ytor. De t\u00e5l daglig [&hellip;]<\/p>","protected":false},"featured_media":3862,"template":"","meta":{"inline_featured_image":false},"product_cat":[29],"product_tag":[],"class_list":["post-2490","product","type-product","status-publish","has-post-thumbnail","hentry","product_cat-neonatal"],"acf":[],"yoast_head":"<!-- This site is optimized with the Yoast SEO plugin v19.9 - https:\/\/yoast.com\/wordpress\/plugins\/seo\/ -->\r\n<title>Etikett 101,6x25,4mm, 101x31,75mm - Cetro Medical<\/title>\r\n<meta name=\"description\" content=\"Uppt\u00e4ck Etikett 101,6x25,4mm, 101x31,75mm fr\u00e5n Cetro Medical \u2013 kvalitetss\u00e4krad medicinsk utrustning f\u00f6r p\u00e5litlig v\u00e5rd. Best\u00e4ll online och f\u00e5 snabb leverans!\" \/>\r\n<meta name=\"robots\" content=\"index, follow, max-snippet:-1, max-image-preview:large, max-video-preview:-1\" \/>\r\n<link rel=\"canonical\" href=\"https:\/\/cetromedical.se\/en\/product-2\/label-1016x3175mm-1230pcs\/\" \/>\r\n<meta property=\"og:locale\" content=\"en_US\" \/>\r\n<meta property=\"og:type\" content=\"article\" \/>\r\n<meta property=\"og:title\" content=\"Etikett 101,6x25,4mm, 101x31,75mm - Cetro Medical\" \/>\r\n<meta property=\"og:description\" content=\"Uppt\u00e4ck Etikett 101,6x25,4mm, 101x31,75mm fr\u00e5n Cetro Medical \u2013 kvalitetss\u00e4krad medicinsk utrustning f\u00f6r p\u00e5litlig v\u00e5rd. Best\u00e4ll online och f\u00e5 snabb leverans!\" \/>\r\n<meta property=\"og:url\" content=\"https:\/\/cetromedical.se\/en\/product-2\/label-1016x3175mm-1230pcs\/\" \/>\r\n<meta property=\"og:site_name\" content=\"Cetro Medical\" \/>\r\n<meta property=\"article:modified_time\" content=\"2025-11-21T11:25:05+00:00\" \/>\r\n<meta property=\"og:image\" content=\"https:\/\/cetromedical.se\/wp-content\/uploads\/2022\/12\/3009646.png\" \/>\r\n\t<meta property=\"og:image:width\" content=\"1100\" \/>\r\n\t<meta property=\"og:image:height\" content=\"770\" \/>\r\n\t<meta property=\"og:image:type\" content=\"image\/png\" \/>\r\n<meta name=\"twitter:card\" content=\"summary_large_image\" \/>\r\n<meta name=\"twitter:label1\" content=\"Est. reading time\" \/>\n\t<meta name=\"twitter:data1\" content=\"1 minute\" \/>\r\n<script type=\"application\/ld+json\" class=\"yoast-schema-graph\">{\"@context\":\"https:\/\/schema.org\",\"@graph\":[{\"@type\":\"WebPage\",\"@id\":\"https:\/\/cetromedical.se\/produkt\/etikett-1016x3175mm-1230st\/\",\"url\":\"https:\/\/cetromedical.se\/produkt\/etikett-1016x3175mm-1230st\/\",\"name\":\"Etikett 101,6x25,4mm, 101x31,75mm - Cetro Medical\",\"isPartOf\":{\"@id\":\"https:\/\/cetromedical.se\/#website\"},\"datePublished\":\"2022-06-28T13:36:49+00:00\",\"dateModified\":\"2025-11-21T11:25:05+00:00\",\"description\":\"Uppt\u00e4ck Etikett 101,6x25,4mm, 101x31,75mm fr\u00e5n Cetro Medical \u2013 kvalitetss\u00e4krad medicinsk utrustning f\u00f6r p\u00e5litlig v\u00e5rd. Best\u00e4ll online och f\u00e5 snabb leverans!\",\"breadcrumb\":{\"@id\":\"https:\/\/cetromedical.se\/produkt\/etikett-1016x3175mm-1230st\/#breadcrumb\"},\"inLanguage\":\"en-US\",\"potentialAction\":[{\"@type\":\"ReadAction\",\"target\":[\"https:\/\/cetromedical.se\/produkt\/etikett-1016x3175mm-1230st\/\"]}]},{\"@type\":\"BreadcrumbList\",\"@id\":\"https:\/\/cetromedical.se\/produkt\/etikett-1016x3175mm-1230st\/#breadcrumb\",\"itemListElement\":[{\"@type\":\"ListItem\",\"position\":1,\"name\":\"Hem\",\"item\":\"https:\/\/cetromedical.se\/\"},{\"@type\":\"ListItem\",\"position\":2,\"name\":\"Webbutik\",\"item\":\"https:\/\/cetromedical.se\/butik\/\"},{\"@type\":\"ListItem\",\"position\":3,\"name\":\"Etikett 101,6&#215;25,4mm, 101&#215;31,75mm\"}]},{\"@type\":\"WebSite\",\"@id\":\"https:\/\/cetromedical.se\/#website\",\"url\":\"https:\/\/cetromedical.se\/\",\"name\":\"Cetro Medical\",\"description\":\"Quality Medical Instruments\",\"publisher\":{\"@id\":\"https:\/\/cetromedical.se\/#organization\"},\"potentialAction\":[{\"@type\":\"SearchAction\",\"target\":{\"@type\":\"EntryPoint\",\"urlTemplate\":\"https:\/\/cetromedical.se\/?s={search_term_string}\"},\"query-input\":\"required name=search_term_string\"}],\"inLanguage\":\"en-US\"},{\"@type\":\"Organization\",\"@id\":\"https:\/\/cetromedical.se\/#organization\",\"name\":\"Cetro Medical\",\"url\":\"https:\/\/cetromedical.se\/\",\"logo\":{\"@type\":\"ImageObject\",\"inLanguage\":\"en-US\",\"@id\":\"https:\/\/cetromedical.se\/#\/schema\/logo\/image\/\",\"url\":\"https:\/\/cetromedical.se\/wp-content\/uploads\/2022\/05\/Cetro-medical-285_2-1.png\",\"contentUrl\":\"https:\/\/cetromedical.se\/wp-content\/uploads\/2022\/05\/Cetro-medical-285_2-1.png\",\"width\":1317,\"height\":119,\"caption\":\"Cetro Medical\"},\"image\":{\"@id\":\"https:\/\/cetromedical.se\/#\/schema\/logo\/image\/\"}}]}<\/script>\r\n<!-- \/ Yoast SEO plugin. -->","yoast_head_json":{"title":"Etikett 101,6x25,4mm, 101x31,75mm - Cetro Medical","description":"Uppt\u00e4ck Etikett 101,6x25,4mm, 101x31,75mm fr\u00e5n Cetro Medical \u2013 kvalitetss\u00e4krad medicinsk utrustning f\u00f6r p\u00e5litlig v\u00e5rd. Best\u00e4ll online och f\u00e5 snabb leverans!","robots":{"index":"index","follow":"follow","max-snippet":"max-snippet:-1","max-image-preview":"max-image-preview:large","max-video-preview":"max-video-preview:-1"},"canonical":"https:\/\/cetromedical.se\/en\/product-2\/label-1016x3175mm-1230pcs\/","og_locale":"en_US","og_type":"article","og_title":"Etikett 101,6x25,4mm, 101x31,75mm - Cetro Medical","og_description":"Uppt\u00e4ck Etikett 101,6x25,4mm, 101x31,75mm fr\u00e5n Cetro Medical \u2013 kvalitetss\u00e4krad medicinsk utrustning f\u00f6r p\u00e5litlig v\u00e5rd. Best\u00e4ll online och f\u00e5 snabb leverans!","og_url":"https:\/\/cetromedical.se\/en\/product-2\/label-1016x3175mm-1230pcs\/","og_site_name":"Cetro Medical","article_modified_time":"2025-11-21T11:25:05+00:00","og_image":[{"width":1100,"height":770,"url":"https:\/\/cetromedical.se\/wp-content\/uploads\/2022\/12\/3009646.png","type":"image\/png"}],"twitter_card":"summary_large_image","twitter_misc":{"Est. reading time":"1 minute"},"schema":{"@context":"https:\/\/schema.org","@graph":[{"@type":"WebPage","@id":"https:\/\/cetromedical.se\/produkt\/etikett-1016x3175mm-1230st\/","url":"https:\/\/cetromedical.se\/produkt\/etikett-1016x3175mm-1230st\/","name":"Etikett 101,6x25,4mm, 101x31,75mm - Cetro Medical","isPartOf":{"@id":"https:\/\/cetromedical.se\/#website"},"datePublished":"2022-06-28T13:36:49+00:00","dateModified":"2025-11-21T11:25:05+00:00","description":"Uppt\u00e4ck Etikett 101,6x25,4mm, 101x31,75mm fr\u00e5n Cetro Medical \u2013 kvalitetss\u00e4krad medicinsk utrustning f\u00f6r p\u00e5litlig v\u00e5rd. Best\u00e4ll online och f\u00e5 snabb leverans!","breadcrumb":{"@id":"https:\/\/cetromedical.se\/produkt\/etikett-1016x3175mm-1230st\/#breadcrumb"},"inLanguage":"en-US","potentialAction":[{"@type":"ReadAction","target":["https:\/\/cetromedical.se\/produkt\/etikett-1016x3175mm-1230st\/"]}]},{"@type":"BreadcrumbList","@id":"https:\/\/cetromedical.se\/produkt\/etikett-1016x3175mm-1230st\/#breadcrumb","itemListElement":[{"@type":"ListItem","position":1,"name":"Hem","item":"https:\/\/cetromedical.se\/"},{"@type":"ListItem","position":2,"name":"Webbutik","item":"https:\/\/cetromedical.se\/butik\/"},{"@type":"ListItem","position":3,"name":"Etikett 101,6&#215;25,4mm, 101&#215;31,75mm"}]},{"@type":"WebSite","@id":"https:\/\/cetromedical.se\/#website","url":"https:\/\/cetromedical.se\/","name":"Cetro Medical","description":"Quality Medical Instruments","publisher":{"@id":"https:\/\/cetromedical.se\/#organization"},"potentialAction":[{"@type":"SearchAction","target":{"@type":"EntryPoint","urlTemplate":"https:\/\/cetromedical.se\/?s={search_term_string}"},"query-input":"required name=search_term_string"}],"inLanguage":"en-US"},{"@type":"Organization","@id":"https:\/\/cetromedical.se\/#organization","name":"Cetro Medical","url":"https:\/\/cetromedical.se\/","logo":{"@type":"ImageObject","inLanguage":"en-US","@id":"https:\/\/cetromedical.se\/#\/schema\/logo\/image\/","url":"https:\/\/cetromedical.se\/wp-content\/uploads\/2022\/05\/Cetro-medical-285_2-1.png","contentUrl":"https:\/\/cetromedical.se\/wp-content\/uploads\/2022\/05\/Cetro-medical-285_2-1.png","width":1317,"height":119,"caption":"Cetro Medical"},"image":{"@id":"https:\/\/cetromedical.se\/#\/schema\/logo\/image\/"}}]}},"_links":{"self":[{"href":"https:\/\/cetromedical.se\/en\/wp-json\/wp\/v2\/product\/2490","targetHints":{"allow":["GET"]}}],"collection":[{"href":"https:\/\/cetromedical.se\/en\/wp-json\/wp\/v2\/product"}],"about":[{"href":"https:\/\/cetromedical.se\/en\/wp-json\/wp\/v2\/types\/product"}],"wp:featuredmedia":[{"embeddable":true,"href":"https:\/\/cetromedical.se\/en\/wp-json\/wp\/v2\/media\/3862"}],"wp:attachment":[{"href":"https:\/\/cetromedical.se\/en\/wp-json\/wp\/v2\/media?parent=2490"}],"wp:term":[{"taxonomy":"product_cat","embeddable":true,"href":"https:\/\/cetromedical.se\/en\/wp-json\/wp\/v2\/product_cat?post=2490"},{"taxonomy":"product_tag","embeddable":true,"href":"https:\/\/cetromedical.se\/en\/wp-json\/wp\/v2\/product_tag?post=2490"}],"curies":[{"name":"wp","href":"https:\/\/api.w.org\/{rel}","templated":true}]}}