{"id":2502,"date":"2022-06-28T15:42:00","date_gmt":"2022-06-28T13:42:00","guid":{"rendered":"http:\/\/cetromedical.ljungs.nu\/?post_type=product&#038;p=2502"},"modified":"2023-06-12T15:30:45","modified_gmt":"2023-06-12T13:30:45","slug":"varmare-till-ultraljudsgel","status":"publish","type":"product","link":"https:\/\/cetromedical.se\/en\/product-2\/warmer-to-ultrasound-gel\/","title":{"rendered":"Heater for ultrasonic gel"},"content":{"rendered":"<p>Increases the comfort of the patient but also the effectiveness of the treatment. Heating the ultrasound gel makes it more comfortable for the patient but also easier to handle the gel and gives it a better permeability for better treatment or examination.<\/p>\n<h4>Packaging<\/h4>\n<ul>\n<li>Divisional packaging: 1 piece<\/li>\n<li>Transport packaging: 1 piece<\/li>\n<\/ul>\n<p>&nbsp;<\/p>","protected":false},"excerpt":{"rendered":"<p>Increases the comfort of the patient but also the effectiveness of the treatment. By heating the ultrasound gel, it becomes more comfortable for the patient but also easier to handle the gel and it gets a better permeability for better treatment or examination. Packaging Ward packaging: 1 pc Transport packaging: 1 pc &nbsp;<\/p>","protected":false},"featured_media":2690,"template":"","meta":{"inline_featured_image":false},"product_cat":[28,75],"product_tag":[],"class_list":["post-2502","product","type-product","status-publish","has-post-thumbnail","hentry","product_cat-obstetrik","product_cat-varmare-ultraljudsgel"],"acf":[],"yoast_head":"<!-- This site is optimized with the Yoast SEO plugin v19.9 - https:\/\/yoast.com\/wordpress\/plugins\/seo\/ -->\r\n<title>V\u00e4rmare till ultraljudsgel - Cetro Medical<\/title>\r\n<meta name=\"description\" content=\"Uppt\u00e4ck V\u00e4rmare till ultraljudsgel fr\u00e5n Cetro Medical \u2013 kvalitetss\u00e4krad medicinsk utrustning f\u00f6r p\u00e5litlig v\u00e5rd. Best\u00e4ll online och f\u00e5 snabb leverans!\" \/>\r\n<meta name=\"robots\" content=\"index, follow, max-snippet:-1, max-image-preview:large, max-video-preview:-1\" \/>\r\n<link rel=\"canonical\" href=\"https:\/\/cetromedical.se\/en\/product-2\/warmer-to-ultrasound-gel\/\" \/>\r\n<meta property=\"og:locale\" content=\"en_US\" \/>\r\n<meta property=\"og:type\" content=\"article\" \/>\r\n<meta property=\"og:title\" content=\"V\u00e4rmare till ultraljudsgel - Cetro Medical\" \/>\r\n<meta property=\"og:description\" content=\"Uppt\u00e4ck V\u00e4rmare till ultraljudsgel fr\u00e5n Cetro Medical \u2013 kvalitetss\u00e4krad medicinsk utrustning f\u00f6r p\u00e5litlig v\u00e5rd. Best\u00e4ll online och f\u00e5 snabb leverans!\" \/>\r\n<meta property=\"og:url\" content=\"https:\/\/cetromedical.se\/en\/product-2\/warmer-to-ultrasound-gel\/\" \/>\r\n<meta property=\"og:site_name\" content=\"Cetro Medical\" \/>\r\n<meta property=\"article:modified_time\" content=\"2023-06-12T13:30:45+00:00\" \/>\r\n<meta property=\"og:image\" content=\"https:\/\/cetromedical.se\/wp-content\/uploads\/2022\/07\/19630.png\" \/>\r\n\t<meta property=\"og:image:width\" content=\"1100\" \/>\r\n\t<meta property=\"og:image:height\" content=\"770\" \/>\r\n\t<meta property=\"og:image:type\" content=\"image\/png\" \/>\r\n<meta name=\"twitter:card\" content=\"summary_large_image\" \/>\r\n<meta name=\"twitter:label1\" content=\"Est. reading time\" \/>\n\t<meta name=\"twitter:data1\" content=\"1 minute\" \/>\r\n<script type=\"application\/ld+json\" class=\"yoast-schema-graph\">{\"@context\":\"https:\/\/schema.org\",\"@graph\":[{\"@type\":\"WebPage\",\"@id\":\"https:\/\/cetromedical.se\/produkt\/varmare-till-ultraljudsgel\/\",\"url\":\"https:\/\/cetromedical.se\/produkt\/varmare-till-ultraljudsgel\/\",\"name\":\"V\u00e4rmare till ultraljudsgel - Cetro Medical\",\"isPartOf\":{\"@id\":\"https:\/\/cetromedical.se\/#website\"},\"datePublished\":\"2022-06-28T13:42:00+00:00\",\"dateModified\":\"2023-06-12T13:30:45+00:00\",\"description\":\"Uppt\u00e4ck V\u00e4rmare till ultraljudsgel fr\u00e5n Cetro Medical \u2013 kvalitetss\u00e4krad medicinsk utrustning f\u00f6r p\u00e5litlig v\u00e5rd. Best\u00e4ll online och f\u00e5 snabb leverans!\",\"breadcrumb\":{\"@id\":\"https:\/\/cetromedical.se\/produkt\/varmare-till-ultraljudsgel\/#breadcrumb\"},\"inLanguage\":\"en-US\",\"potentialAction\":[{\"@type\":\"ReadAction\",\"target\":[\"https:\/\/cetromedical.se\/produkt\/varmare-till-ultraljudsgel\/\"]}]},{\"@type\":\"BreadcrumbList\",\"@id\":\"https:\/\/cetromedical.se\/produkt\/varmare-till-ultraljudsgel\/#breadcrumb\",\"itemListElement\":[{\"@type\":\"ListItem\",\"position\":1,\"name\":\"Hem\",\"item\":\"https:\/\/cetromedical.se\/\"},{\"@type\":\"ListItem\",\"position\":2,\"name\":\"Webbutik\",\"item\":\"https:\/\/cetromedical.se\/butik\/\"},{\"@type\":\"ListItem\",\"position\":3,\"name\":\"V\u00e4rmare till ultraljudsgel\"}]},{\"@type\":\"WebSite\",\"@id\":\"https:\/\/cetromedical.se\/#website\",\"url\":\"https:\/\/cetromedical.se\/\",\"name\":\"Cetro Medical\",\"description\":\"Quality Medical Instruments\",\"publisher\":{\"@id\":\"https:\/\/cetromedical.se\/#organization\"},\"potentialAction\":[{\"@type\":\"SearchAction\",\"target\":{\"@type\":\"EntryPoint\",\"urlTemplate\":\"https:\/\/cetromedical.se\/?s={search_term_string}\"},\"query-input\":\"required name=search_term_string\"}],\"inLanguage\":\"en-US\"},{\"@type\":\"Organization\",\"@id\":\"https:\/\/cetromedical.se\/#organization\",\"name\":\"Cetro Medical\",\"url\":\"https:\/\/cetromedical.se\/\",\"logo\":{\"@type\":\"ImageObject\",\"inLanguage\":\"en-US\",\"@id\":\"https:\/\/cetromedical.se\/#\/schema\/logo\/image\/\",\"url\":\"https:\/\/cetromedical.se\/wp-content\/uploads\/2022\/05\/Cetro-medical-285_2-1.png\",\"contentUrl\":\"https:\/\/cetromedical.se\/wp-content\/uploads\/2022\/05\/Cetro-medical-285_2-1.png\",\"width\":1317,\"height\":119,\"caption\":\"Cetro Medical\"},\"image\":{\"@id\":\"https:\/\/cetromedical.se\/#\/schema\/logo\/image\/\"}}]}<\/script>\r\n<!-- \/ Yoast SEO plugin. -->","yoast_head_json":{"title":"V\u00e4rmare till ultraljudsgel - Cetro Medical","description":"Uppt\u00e4ck V\u00e4rmare till ultraljudsgel fr\u00e5n Cetro Medical \u2013 kvalitetss\u00e4krad medicinsk utrustning f\u00f6r p\u00e5litlig v\u00e5rd. Best\u00e4ll online och f\u00e5 snabb leverans!","robots":{"index":"index","follow":"follow","max-snippet":"max-snippet:-1","max-image-preview":"max-image-preview:large","max-video-preview":"max-video-preview:-1"},"canonical":"https:\/\/cetromedical.se\/en\/product-2\/warmer-to-ultrasound-gel\/","og_locale":"en_US","og_type":"article","og_title":"V\u00e4rmare till ultraljudsgel - Cetro Medical","og_description":"Uppt\u00e4ck V\u00e4rmare till ultraljudsgel fr\u00e5n Cetro Medical \u2013 kvalitetss\u00e4krad medicinsk utrustning f\u00f6r p\u00e5litlig v\u00e5rd. Best\u00e4ll online och f\u00e5 snabb leverans!","og_url":"https:\/\/cetromedical.se\/en\/product-2\/warmer-to-ultrasound-gel\/","og_site_name":"Cetro Medical","article_modified_time":"2023-06-12T13:30:45+00:00","og_image":[{"width":1100,"height":770,"url":"https:\/\/cetromedical.se\/wp-content\/uploads\/2022\/07\/19630.png","type":"image\/png"}],"twitter_card":"summary_large_image","twitter_misc":{"Est. reading time":"1 minute"},"schema":{"@context":"https:\/\/schema.org","@graph":[{"@type":"WebPage","@id":"https:\/\/cetromedical.se\/produkt\/varmare-till-ultraljudsgel\/","url":"https:\/\/cetromedical.se\/produkt\/varmare-till-ultraljudsgel\/","name":"V\u00e4rmare till ultraljudsgel - Cetro Medical","isPartOf":{"@id":"https:\/\/cetromedical.se\/#website"},"datePublished":"2022-06-28T13:42:00+00:00","dateModified":"2023-06-12T13:30:45+00:00","description":"Uppt\u00e4ck V\u00e4rmare till ultraljudsgel fr\u00e5n Cetro Medical \u2013 kvalitetss\u00e4krad medicinsk utrustning f\u00f6r p\u00e5litlig v\u00e5rd. Best\u00e4ll online och f\u00e5 snabb leverans!","breadcrumb":{"@id":"https:\/\/cetromedical.se\/produkt\/varmare-till-ultraljudsgel\/#breadcrumb"},"inLanguage":"en-US","potentialAction":[{"@type":"ReadAction","target":["https:\/\/cetromedical.se\/produkt\/varmare-till-ultraljudsgel\/"]}]},{"@type":"BreadcrumbList","@id":"https:\/\/cetromedical.se\/produkt\/varmare-till-ultraljudsgel\/#breadcrumb","itemListElement":[{"@type":"ListItem","position":1,"name":"Hem","item":"https:\/\/cetromedical.se\/"},{"@type":"ListItem","position":2,"name":"Webbutik","item":"https:\/\/cetromedical.se\/butik\/"},{"@type":"ListItem","position":3,"name":"V\u00e4rmare till ultraljudsgel"}]},{"@type":"WebSite","@id":"https:\/\/cetromedical.se\/#website","url":"https:\/\/cetromedical.se\/","name":"Cetro Medical","description":"Quality Medical Instruments","publisher":{"@id":"https:\/\/cetromedical.se\/#organization"},"potentialAction":[{"@type":"SearchAction","target":{"@type":"EntryPoint","urlTemplate":"https:\/\/cetromedical.se\/?s={search_term_string}"},"query-input":"required name=search_term_string"}],"inLanguage":"en-US"},{"@type":"Organization","@id":"https:\/\/cetromedical.se\/#organization","name":"Cetro Medical","url":"https:\/\/cetromedical.se\/","logo":{"@type":"ImageObject","inLanguage":"en-US","@id":"https:\/\/cetromedical.se\/#\/schema\/logo\/image\/","url":"https:\/\/cetromedical.se\/wp-content\/uploads\/2022\/05\/Cetro-medical-285_2-1.png","contentUrl":"https:\/\/cetromedical.se\/wp-content\/uploads\/2022\/05\/Cetro-medical-285_2-1.png","width":1317,"height":119,"caption":"Cetro Medical"},"image":{"@id":"https:\/\/cetromedical.se\/#\/schema\/logo\/image\/"}}]}},"_links":{"self":[{"href":"https:\/\/cetromedical.se\/en\/wp-json\/wp\/v2\/product\/2502","targetHints":{"allow":["GET"]}}],"collection":[{"href":"https:\/\/cetromedical.se\/en\/wp-json\/wp\/v2\/product"}],"about":[{"href":"https:\/\/cetromedical.se\/en\/wp-json\/wp\/v2\/types\/product"}],"wp:featuredmedia":[{"embeddable":true,"href":"https:\/\/cetromedical.se\/en\/wp-json\/wp\/v2\/media\/2690"}],"wp:attachment":[{"href":"https:\/\/cetromedical.se\/en\/wp-json\/wp\/v2\/media?parent=2502"}],"wp:term":[{"taxonomy":"product_cat","embeddable":true,"href":"https:\/\/cetromedical.se\/en\/wp-json\/wp\/v2\/product_cat?post=2502"},{"taxonomy":"product_tag","embeddable":true,"href":"https:\/\/cetromedical.se\/en\/wp-json\/wp\/v2\/product_tag?post=2502"}],"curies":[{"name":"wp","href":"https:\/\/api.w.org\/{rel}","templated":true}]}}