{"id":2570,"date":"2022-06-30T14:08:55","date_gmt":"2022-06-30T12:08:55","guid":{"rendered":"http:\/\/cetromedical.ljungs.nu\/?post_type=product&#038;p=2570"},"modified":"2023-10-24T09:11:10","modified_gmt":"2023-10-24T07:11:10","slug":"kalljuskalla-led-50w","status":"publish","type":"product","link":"https:\/\/cetromedical.se\/en\/product-2\/cold-light-bulb-led-50w\/","title":{"rendered":"Cold light source LED 50W"},"content":{"rendered":"<p class=\"p1\">The LED light source is used to illuminate the operating area during minimally invasive surgical procedures in arthroscopy (orthopedic surgery), laparoscopy (general and gynecological surgery) and in endoscopy (general, gastroenterological and ENT surgery). The light is transmitted from the light source through a fiber optic cable and an instrument. This user-friendly LED light source is a highly efficient light source that uses superior state-of-the-art lighting technology.<\/p>\n<ul>\n<li>6 500\u00ba K daylight brightness for good color definition<\/li>\n<li>Silent operation<\/li>\n<li>Long life, 50,000 hours.<\/li>\n<li>Compact and lightweight<\/li>\n<li>Turret that can be adapted to different types of light guides<\/li>\n<li>Pulse width modulation (PWM) electrical dimming system<\/li>\n<li>Lamp type: 50 Watt LED<\/li>\n<li>3-year warranty<\/li>\n<li>CE marked<\/li>\n<li>Approved according to IEC 60601-1<br \/>\n<h4>Packaging<\/h4>\n<ul>\n<li>Divisional packaging: 1 piece<\/li>\n<li>Transport packaging: 1 piece<\/li>\n<\/ul>\n<\/li>\n<\/ul>","protected":false},"excerpt":{"rendered":"<p>LED-ljusk\u00e4llan anv\u00e4nds f\u00f6r att belysa operationsomr\u00e5det under minimalt invasiva kirurgiska ingrepp vid artroskopi (ortopedisk kirurgi), laparoskopi (allm\u00e4n och gynekologisk kirurgi) och vid endoskopi (allm\u00e4n, gastroenterologisk och ENT-kirurgi). Ljuset \u00f6verf\u00f6rs fr\u00e5n ljusk\u00e4llan genom en fiberoptisk kabel och ett instrument. Denna anv\u00e4ndarv\u00e4nliga LED-ljusk\u00e4lla \u00e4r en h\u00f6geffektiv ljusk\u00e4lla som anv\u00e4nder en \u00f6verl\u00e4gsen &#8221;state-of-the-art&#8221; belysningsteknik. 6 500\u00ba K dagsljusstyrka [&hellip;]<\/p>","protected":false},"featured_media":2659,"template":"","meta":{"inline_featured_image":false},"product_cat":[30],"product_tag":[],"class_list":["post-2570","product","type-product","status-publish","has-post-thumbnail","hentry","product_cat-kolorektal-kirurgi"],"acf":[],"yoast_head":"<!-- This site is optimized with the Yoast SEO plugin v19.9 - https:\/\/yoast.com\/wordpress\/plugins\/seo\/ -->\r\n<title>Kalljusk\u00e4lla LED 50W - Cetro Medical<\/title>\r\n<meta name=\"description\" content=\"Uppt\u00e4ck Kalljusk\u00e4lla LED 50W fr\u00e5n Cetro Medical \u2013 kvalitetss\u00e4krad medicinsk utrustning f\u00f6r p\u00e5litlig v\u00e5rd. Best\u00e4ll online och f\u00e5 snabb leverans!\" \/>\r\n<meta name=\"robots\" content=\"index, follow, max-snippet:-1, max-image-preview:large, max-video-preview:-1\" \/>\r\n<link rel=\"canonical\" href=\"https:\/\/cetromedical.se\/en\/product-2\/cold-light-bulb-led-50w\/\" \/>\r\n<meta property=\"og:locale\" content=\"en_US\" \/>\r\n<meta property=\"og:type\" content=\"article\" \/>\r\n<meta property=\"og:title\" content=\"Kalljusk\u00e4lla LED 50W - Cetro Medical\" \/>\r\n<meta property=\"og:description\" content=\"Uppt\u00e4ck Kalljusk\u00e4lla LED 50W fr\u00e5n Cetro Medical \u2013 kvalitetss\u00e4krad medicinsk utrustning f\u00f6r p\u00e5litlig v\u00e5rd. Best\u00e4ll online och f\u00e5 snabb leverans!\" \/>\r\n<meta property=\"og:url\" content=\"https:\/\/cetromedical.se\/en\/product-2\/cold-light-bulb-led-50w\/\" \/>\r\n<meta property=\"og:site_name\" content=\"Cetro Medical\" \/>\r\n<meta property=\"article:modified_time\" content=\"2023-10-24T07:11:10+00:00\" \/>\r\n<meta property=\"og:image\" content=\"https:\/\/cetromedical.se\/wp-content\/uploads\/2022\/07\/1570.png\" \/>\r\n\t<meta property=\"og:image:width\" content=\"1100\" \/>\r\n\t<meta property=\"og:image:height\" content=\"770\" \/>\r\n\t<meta property=\"og:image:type\" content=\"image\/png\" \/>\r\n<meta name=\"twitter:card\" content=\"summary_large_image\" \/>\r\n<meta name=\"twitter:label1\" content=\"Est. reading time\" \/>\n\t<meta name=\"twitter:data1\" content=\"1 minute\" \/>\r\n<script type=\"application\/ld+json\" class=\"yoast-schema-graph\">{\"@context\":\"https:\/\/schema.org\",\"@graph\":[{\"@type\":\"WebPage\",\"@id\":\"https:\/\/cetromedical.se\/produkt\/kalljuskalla-led-50w\/\",\"url\":\"https:\/\/cetromedical.se\/produkt\/kalljuskalla-led-50w\/\",\"name\":\"Kalljusk\u00e4lla LED 50W - Cetro Medical\",\"isPartOf\":{\"@id\":\"https:\/\/cetromedical.se\/#website\"},\"datePublished\":\"2022-06-30T12:08:55+00:00\",\"dateModified\":\"2023-10-24T07:11:10+00:00\",\"description\":\"Uppt\u00e4ck Kalljusk\u00e4lla LED 50W fr\u00e5n Cetro Medical \u2013 kvalitetss\u00e4krad medicinsk utrustning f\u00f6r p\u00e5litlig v\u00e5rd. Best\u00e4ll online och f\u00e5 snabb leverans!\",\"breadcrumb\":{\"@id\":\"https:\/\/cetromedical.se\/produkt\/kalljuskalla-led-50w\/#breadcrumb\"},\"inLanguage\":\"en-US\",\"potentialAction\":[{\"@type\":\"ReadAction\",\"target\":[\"https:\/\/cetromedical.se\/produkt\/kalljuskalla-led-50w\/\"]}]},{\"@type\":\"BreadcrumbList\",\"@id\":\"https:\/\/cetromedical.se\/produkt\/kalljuskalla-led-50w\/#breadcrumb\",\"itemListElement\":[{\"@type\":\"ListItem\",\"position\":1,\"name\":\"Hem\",\"item\":\"https:\/\/cetromedical.se\/\"},{\"@type\":\"ListItem\",\"position\":2,\"name\":\"Webbutik\",\"item\":\"https:\/\/cetromedical.se\/butik\/\"},{\"@type\":\"ListItem\",\"position\":3,\"name\":\"Kalljusk\u00e4lla LED 50W\"}]},{\"@type\":\"WebSite\",\"@id\":\"https:\/\/cetromedical.se\/#website\",\"url\":\"https:\/\/cetromedical.se\/\",\"name\":\"Cetro Medical\",\"description\":\"Quality Medical Instruments\",\"publisher\":{\"@id\":\"https:\/\/cetromedical.se\/#organization\"},\"potentialAction\":[{\"@type\":\"SearchAction\",\"target\":{\"@type\":\"EntryPoint\",\"urlTemplate\":\"https:\/\/cetromedical.se\/?s={search_term_string}\"},\"query-input\":\"required name=search_term_string\"}],\"inLanguage\":\"en-US\"},{\"@type\":\"Organization\",\"@id\":\"https:\/\/cetromedical.se\/#organization\",\"name\":\"Cetro Medical\",\"url\":\"https:\/\/cetromedical.se\/\",\"logo\":{\"@type\":\"ImageObject\",\"inLanguage\":\"en-US\",\"@id\":\"https:\/\/cetromedical.se\/#\/schema\/logo\/image\/\",\"url\":\"https:\/\/cetromedical.se\/wp-content\/uploads\/2022\/05\/Cetro-medical-285_2-1.png\",\"contentUrl\":\"https:\/\/cetromedical.se\/wp-content\/uploads\/2022\/05\/Cetro-medical-285_2-1.png\",\"width\":1317,\"height\":119,\"caption\":\"Cetro Medical\"},\"image\":{\"@id\":\"https:\/\/cetromedical.se\/#\/schema\/logo\/image\/\"}}]}<\/script>\r\n<!-- \/ Yoast SEO plugin. -->","yoast_head_json":{"title":"Kalljusk\u00e4lla LED 50W - Cetro Medical","description":"Uppt\u00e4ck Kalljusk\u00e4lla LED 50W fr\u00e5n Cetro Medical \u2013 kvalitetss\u00e4krad medicinsk utrustning f\u00f6r p\u00e5litlig v\u00e5rd. Best\u00e4ll online och f\u00e5 snabb leverans!","robots":{"index":"index","follow":"follow","max-snippet":"max-snippet:-1","max-image-preview":"max-image-preview:large","max-video-preview":"max-video-preview:-1"},"canonical":"https:\/\/cetromedical.se\/en\/product-2\/cold-light-bulb-led-50w\/","og_locale":"en_US","og_type":"article","og_title":"Kalljusk\u00e4lla LED 50W - Cetro Medical","og_description":"Uppt\u00e4ck Kalljusk\u00e4lla LED 50W fr\u00e5n Cetro Medical \u2013 kvalitetss\u00e4krad medicinsk utrustning f\u00f6r p\u00e5litlig v\u00e5rd. Best\u00e4ll online och f\u00e5 snabb leverans!","og_url":"https:\/\/cetromedical.se\/en\/product-2\/cold-light-bulb-led-50w\/","og_site_name":"Cetro Medical","article_modified_time":"2023-10-24T07:11:10+00:00","og_image":[{"width":1100,"height":770,"url":"https:\/\/cetromedical.se\/wp-content\/uploads\/2022\/07\/1570.png","type":"image\/png"}],"twitter_card":"summary_large_image","twitter_misc":{"Est. reading time":"1 minute"},"schema":{"@context":"https:\/\/schema.org","@graph":[{"@type":"WebPage","@id":"https:\/\/cetromedical.se\/produkt\/kalljuskalla-led-50w\/","url":"https:\/\/cetromedical.se\/produkt\/kalljuskalla-led-50w\/","name":"Kalljusk\u00e4lla LED 50W - Cetro Medical","isPartOf":{"@id":"https:\/\/cetromedical.se\/#website"},"datePublished":"2022-06-30T12:08:55+00:00","dateModified":"2023-10-24T07:11:10+00:00","description":"Uppt\u00e4ck Kalljusk\u00e4lla LED 50W fr\u00e5n Cetro Medical \u2013 kvalitetss\u00e4krad medicinsk utrustning f\u00f6r p\u00e5litlig v\u00e5rd. Best\u00e4ll online och f\u00e5 snabb leverans!","breadcrumb":{"@id":"https:\/\/cetromedical.se\/produkt\/kalljuskalla-led-50w\/#breadcrumb"},"inLanguage":"en-US","potentialAction":[{"@type":"ReadAction","target":["https:\/\/cetromedical.se\/produkt\/kalljuskalla-led-50w\/"]}]},{"@type":"BreadcrumbList","@id":"https:\/\/cetromedical.se\/produkt\/kalljuskalla-led-50w\/#breadcrumb","itemListElement":[{"@type":"ListItem","position":1,"name":"Hem","item":"https:\/\/cetromedical.se\/"},{"@type":"ListItem","position":2,"name":"Webbutik","item":"https:\/\/cetromedical.se\/butik\/"},{"@type":"ListItem","position":3,"name":"Kalljusk\u00e4lla LED 50W"}]},{"@type":"WebSite","@id":"https:\/\/cetromedical.se\/#website","url":"https:\/\/cetromedical.se\/","name":"Cetro Medical","description":"Quality Medical Instruments","publisher":{"@id":"https:\/\/cetromedical.se\/#organization"},"potentialAction":[{"@type":"SearchAction","target":{"@type":"EntryPoint","urlTemplate":"https:\/\/cetromedical.se\/?s={search_term_string}"},"query-input":"required name=search_term_string"}],"inLanguage":"en-US"},{"@type":"Organization","@id":"https:\/\/cetromedical.se\/#organization","name":"Cetro Medical","url":"https:\/\/cetromedical.se\/","logo":{"@type":"ImageObject","inLanguage":"en-US","@id":"https:\/\/cetromedical.se\/#\/schema\/logo\/image\/","url":"https:\/\/cetromedical.se\/wp-content\/uploads\/2022\/05\/Cetro-medical-285_2-1.png","contentUrl":"https:\/\/cetromedical.se\/wp-content\/uploads\/2022\/05\/Cetro-medical-285_2-1.png","width":1317,"height":119,"caption":"Cetro Medical"},"image":{"@id":"https:\/\/cetromedical.se\/#\/schema\/logo\/image\/"}}]}},"_links":{"self":[{"href":"https:\/\/cetromedical.se\/en\/wp-json\/wp\/v2\/product\/2570","targetHints":{"allow":["GET"]}}],"collection":[{"href":"https:\/\/cetromedical.se\/en\/wp-json\/wp\/v2\/product"}],"about":[{"href":"https:\/\/cetromedical.se\/en\/wp-json\/wp\/v2\/types\/product"}],"wp:featuredmedia":[{"embeddable":true,"href":"https:\/\/cetromedical.se\/en\/wp-json\/wp\/v2\/media\/2659"}],"wp:attachment":[{"href":"https:\/\/cetromedical.se\/en\/wp-json\/wp\/v2\/media?parent=2570"}],"wp:term":[{"taxonomy":"product_cat","embeddable":true,"href":"https:\/\/cetromedical.se\/en\/wp-json\/wp\/v2\/product_cat?post=2570"},{"taxonomy":"product_tag","embeddable":true,"href":"https:\/\/cetromedical.se\/en\/wp-json\/wp\/v2\/product_tag?post=2570"}],"curies":[{"name":"wp","href":"https:\/\/api.w.org\/{rel}","templated":true}]}}