{"id":4173,"date":"2022-12-16T12:38:22","date_gmt":"2022-12-16T11:38:22","guid":{"rendered":"http:\/\/cetromedical.ljungs.nu\/?post_type=product&#038;p=4173"},"modified":"2026-05-05T21:38:08","modified_gmt":"2026-05-05T19:38:08","slug":"vagispec","status":"publish","type":"product","link":"https:\/\/cetromedical.se\/en\/product-2\/vagispec\/","title":{"rendered":"VagiSpec"},"content":{"rendered":"<p>Available in 2 variants, white and transparent in sizes Small, Medium and Large.<\/p>\n<div class=\"summary entry-summary\">\n<div class=\"woocommerce-product-details__short-description\">\n<p>VagiSpec\u00ae is a disposable angular speculum. Available in 2 variants, white and transparent in sizes Small, Medium, Large. Using a two-piece speculum in medical examinations, especially gynecological ones, has several advantages:<br \/>\n- Because a two-piece speculum has separate parts for opening and holding the opening, the doctor can adjust the opening to the patient's anatomical needs and comfort level.<br \/>\n- The adjustable opening allows for better visibility for the doctor, which can be crucial in detecting any abnormalities or problems.<br \/>\n- Since the speculum can be opened gradually and customized, it can be easier to insert compared to a single unit. In conclusion, a two-piece speculum can offer both patients and doctors a better and more customizable experience during gynecological examinations.<\/p>\n<ul>\n<li>Stable construction<\/li>\n<li>Different widths of spatulas<\/li>\n<li>Easy to grip<\/li>\n<li>Smooth surfaces and gently rounded corners<\/li>\n<li>Can be used advantageously in combination with Vagipress 1412\/1422, as the notch in the depressor is threaded over the side edge of the speculum, allowing both instruments to be operated with one hand.<\/li>\n<li>\n<p class=\"p1\">To have two hands free, put the Vagipress on the edge of the Vagispec so that it is stuck there.<\/p>\n<\/li>\n<\/ul>\n<p>&nbsp;<\/p>\n<p>Packaging<\/p>\n<\/div>\n<\/div>\n<div class=\"woocommerce-tabs wc-tabs-wrapper\">\n<div class=\"content-column one_third\">\n<p>Divisional packaging: 25 pcs, 200 pcs, 150 pcs<\/p>\n<\/div>\n<\/div>\n<div class=\"clear_column\"><\/div>","protected":false},"excerpt":{"rendered":"<p>VagiSpec\u00ae is a single-use angular speculum.<\/p>","protected":false},"featured_media":9087,"template":"","meta":{"inline_featured_image":false},"product_cat":[25,47],"product_tag":[],"class_list":["post-4173","product","type-product","status-publish","has-post-thumbnail","hentry","product_cat-gynekologi","product_cat-spekulum"],"acf":[],"yoast_head":"<!-- This site is optimized with the Yoast SEO plugin v19.9 - https:\/\/yoast.com\/wordpress\/plugins\/seo\/ -->\r\n<title>VagiSpec\u00ae Vinkelspekulum | Cetro Medical<\/title>\r\n<meta name=\"description\" content=\"Uppt\u00e4ck VagiSpec\u00ae Vinkelspekulum fr\u00e5n Cetro Medical \u2013 kvalitetss\u00e4krad medicinsk utrustning f\u00f6r p\u00e5litlig v\u00e5rd. Best\u00e4ll online och f\u00e5 snabb leverans!\" \/>\r\n<meta name=\"robots\" content=\"index, follow, max-snippet:-1, max-image-preview:large, max-video-preview:-1\" \/>\r\n<link rel=\"canonical\" href=\"https:\/\/cetromedical.se\/en\/product-2\/vagispec\/\" \/>\r\n<meta property=\"og:locale\" content=\"en_US\" \/>\r\n<meta property=\"og:type\" content=\"article\" \/>\r\n<meta property=\"og:title\" content=\"VagiSpec\u00ae Vinkelspekulum | Cetro Medical\" \/>\r\n<meta property=\"og:description\" content=\"Uppt\u00e4ck VagiSpec\u00ae Vinkelspekulum fr\u00e5n Cetro Medical \u2013 kvalitetss\u00e4krad medicinsk utrustning f\u00f6r p\u00e5litlig v\u00e5rd. Best\u00e4ll online och f\u00e5 snabb leverans!\" \/>\r\n<meta property=\"og:url\" content=\"https:\/\/cetromedical.se\/en\/product-2\/vagispec\/\" \/>\r\n<meta property=\"og:site_name\" content=\"Cetro Medical\" \/>\r\n<meta property=\"article:modified_time\" content=\"2026-05-05T19:38:08+00:00\" \/>\r\n<meta property=\"og:image\" content=\"https:\/\/cetromedical.se\/wp-content\/uploads\/2025\/01\/VagiSpec\u00ae-Medium-Spekulum-1320.png\" \/>\r\n\t<meta property=\"og:image:width\" content=\"1100\" \/>\r\n\t<meta property=\"og:image:height\" content=\"770\" \/>\r\n\t<meta property=\"og:image:type\" content=\"image\/png\" \/>\r\n<meta name=\"twitter:card\" content=\"summary_large_image\" \/>\r\n<meta name=\"twitter:label1\" content=\"Est. reading time\" \/>\n\t<meta name=\"twitter:data1\" content=\"1 minute\" \/>\r\n<script type=\"application\/ld+json\" class=\"yoast-schema-graph\">{\"@context\":\"https:\/\/schema.org\",\"@graph\":[{\"@type\":\"WebPage\",\"@id\":\"https:\/\/cetromedical.se\/produkt\/vagispec\/\",\"url\":\"https:\/\/cetromedical.se\/produkt\/vagispec\/\",\"name\":\"VagiSpec\u00ae Vinkelspekulum | Cetro Medical\",\"isPartOf\":{\"@id\":\"https:\/\/cetromedical.se\/#website\"},\"datePublished\":\"2022-12-16T11:38:22+00:00\",\"dateModified\":\"2026-05-05T19:38:08+00:00\",\"description\":\"Uppt\u00e4ck VagiSpec\u00ae Vinkelspekulum fr\u00e5n Cetro Medical \u2013 kvalitetss\u00e4krad medicinsk utrustning f\u00f6r p\u00e5litlig v\u00e5rd. Best\u00e4ll online och f\u00e5 snabb leverans!\",\"breadcrumb\":{\"@id\":\"https:\/\/cetromedical.se\/produkt\/vagispec\/#breadcrumb\"},\"inLanguage\":\"en-US\",\"potentialAction\":[{\"@type\":\"ReadAction\",\"target\":[\"https:\/\/cetromedical.se\/produkt\/vagispec\/\"]}]},{\"@type\":\"BreadcrumbList\",\"@id\":\"https:\/\/cetromedical.se\/produkt\/vagispec\/#breadcrumb\",\"itemListElement\":[{\"@type\":\"ListItem\",\"position\":1,\"name\":\"Hem\",\"item\":\"https:\/\/cetromedical.se\/\"},{\"@type\":\"ListItem\",\"position\":2,\"name\":\"Webbutik\",\"item\":\"https:\/\/cetromedical.se\/butik\/\"},{\"@type\":\"ListItem\",\"position\":3,\"name\":\"VagiSpec\u00ae\"}]},{\"@type\":\"WebSite\",\"@id\":\"https:\/\/cetromedical.se\/#website\",\"url\":\"https:\/\/cetromedical.se\/\",\"name\":\"Cetro Medical\",\"description\":\"Quality Medical Instruments\",\"publisher\":{\"@id\":\"https:\/\/cetromedical.se\/#organization\"},\"potentialAction\":[{\"@type\":\"SearchAction\",\"target\":{\"@type\":\"EntryPoint\",\"urlTemplate\":\"https:\/\/cetromedical.se\/?s={search_term_string}\"},\"query-input\":\"required name=search_term_string\"}],\"inLanguage\":\"en-US\"},{\"@type\":\"Organization\",\"@id\":\"https:\/\/cetromedical.se\/#organization\",\"name\":\"Cetro Medical\",\"url\":\"https:\/\/cetromedical.se\/\",\"logo\":{\"@type\":\"ImageObject\",\"inLanguage\":\"en-US\",\"@id\":\"https:\/\/cetromedical.se\/#\/schema\/logo\/image\/\",\"url\":\"https:\/\/cetromedical.se\/wp-content\/uploads\/2022\/05\/Cetro-medical-285_2-1.png\",\"contentUrl\":\"https:\/\/cetromedical.se\/wp-content\/uploads\/2022\/05\/Cetro-medical-285_2-1.png\",\"width\":1317,\"height\":119,\"caption\":\"Cetro Medical\"},\"image\":{\"@id\":\"https:\/\/cetromedical.se\/#\/schema\/logo\/image\/\"}}]}<\/script>\r\n<!-- \/ Yoast SEO plugin. -->","yoast_head_json":{"title":"VagiSpec\u00ae Vinkelspekulum | Cetro Medical","description":"Uppt\u00e4ck VagiSpec\u00ae Vinkelspekulum fr\u00e5n Cetro Medical \u2013 kvalitetss\u00e4krad medicinsk utrustning f\u00f6r p\u00e5litlig v\u00e5rd. Best\u00e4ll online och f\u00e5 snabb leverans!","robots":{"index":"index","follow":"follow","max-snippet":"max-snippet:-1","max-image-preview":"max-image-preview:large","max-video-preview":"max-video-preview:-1"},"canonical":"https:\/\/cetromedical.se\/en\/product-2\/vagispec\/","og_locale":"en_US","og_type":"article","og_title":"VagiSpec\u00ae Vinkelspekulum | Cetro Medical","og_description":"Uppt\u00e4ck VagiSpec\u00ae Vinkelspekulum fr\u00e5n Cetro Medical \u2013 kvalitetss\u00e4krad medicinsk utrustning f\u00f6r p\u00e5litlig v\u00e5rd. Best\u00e4ll online och f\u00e5 snabb leverans!","og_url":"https:\/\/cetromedical.se\/en\/product-2\/vagispec\/","og_site_name":"Cetro Medical","article_modified_time":"2026-05-05T19:38:08+00:00","og_image":[{"width":1100,"height":770,"url":"https:\/\/cetromedical.se\/wp-content\/uploads\/2025\/01\/VagiSpec\u00ae-Medium-Spekulum-1320.png","type":"image\/png"}],"twitter_card":"summary_large_image","twitter_misc":{"Est. reading time":"1 minute"},"schema":{"@context":"https:\/\/schema.org","@graph":[{"@type":"WebPage","@id":"https:\/\/cetromedical.se\/produkt\/vagispec\/","url":"https:\/\/cetromedical.se\/produkt\/vagispec\/","name":"VagiSpec\u00ae Vinkelspekulum | Cetro Medical","isPartOf":{"@id":"https:\/\/cetromedical.se\/#website"},"datePublished":"2022-12-16T11:38:22+00:00","dateModified":"2026-05-05T19:38:08+00:00","description":"Uppt\u00e4ck VagiSpec\u00ae Vinkelspekulum fr\u00e5n Cetro Medical \u2013 kvalitetss\u00e4krad medicinsk utrustning f\u00f6r p\u00e5litlig v\u00e5rd. Best\u00e4ll online och f\u00e5 snabb leverans!","breadcrumb":{"@id":"https:\/\/cetromedical.se\/produkt\/vagispec\/#breadcrumb"},"inLanguage":"en-US","potentialAction":[{"@type":"ReadAction","target":["https:\/\/cetromedical.se\/produkt\/vagispec\/"]}]},{"@type":"BreadcrumbList","@id":"https:\/\/cetromedical.se\/produkt\/vagispec\/#breadcrumb","itemListElement":[{"@type":"ListItem","position":1,"name":"Hem","item":"https:\/\/cetromedical.se\/"},{"@type":"ListItem","position":2,"name":"Webbutik","item":"https:\/\/cetromedical.se\/butik\/"},{"@type":"ListItem","position":3,"name":"VagiSpec\u00ae"}]},{"@type":"WebSite","@id":"https:\/\/cetromedical.se\/#website","url":"https:\/\/cetromedical.se\/","name":"Cetro Medical","description":"Quality Medical Instruments","publisher":{"@id":"https:\/\/cetromedical.se\/#organization"},"potentialAction":[{"@type":"SearchAction","target":{"@type":"EntryPoint","urlTemplate":"https:\/\/cetromedical.se\/?s={search_term_string}"},"query-input":"required name=search_term_string"}],"inLanguage":"en-US"},{"@type":"Organization","@id":"https:\/\/cetromedical.se\/#organization","name":"Cetro Medical","url":"https:\/\/cetromedical.se\/","logo":{"@type":"ImageObject","inLanguage":"en-US","@id":"https:\/\/cetromedical.se\/#\/schema\/logo\/image\/","url":"https:\/\/cetromedical.se\/wp-content\/uploads\/2022\/05\/Cetro-medical-285_2-1.png","contentUrl":"https:\/\/cetromedical.se\/wp-content\/uploads\/2022\/05\/Cetro-medical-285_2-1.png","width":1317,"height":119,"caption":"Cetro Medical"},"image":{"@id":"https:\/\/cetromedical.se\/#\/schema\/logo\/image\/"}}]}},"_links":{"self":[{"href":"https:\/\/cetromedical.se\/en\/wp-json\/wp\/v2\/product\/4173","targetHints":{"allow":["GET"]}}],"collection":[{"href":"https:\/\/cetromedical.se\/en\/wp-json\/wp\/v2\/product"}],"about":[{"href":"https:\/\/cetromedical.se\/en\/wp-json\/wp\/v2\/types\/product"}],"wp:featuredmedia":[{"embeddable":true,"href":"https:\/\/cetromedical.se\/en\/wp-json\/wp\/v2\/media\/9087"}],"wp:attachment":[{"href":"https:\/\/cetromedical.se\/en\/wp-json\/wp\/v2\/media?parent=4173"}],"wp:term":[{"taxonomy":"product_cat","embeddable":true,"href":"https:\/\/cetromedical.se\/en\/wp-json\/wp\/v2\/product_cat?post=4173"},{"taxonomy":"product_tag","embeddable":true,"href":"https:\/\/cetromedical.se\/en\/wp-json\/wp\/v2\/product_tag?post=4173"}],"curies":[{"name":"wp","href":"https:\/\/api.w.org\/{rel}","templated":true}]}}