{"id":4217,"date":"2022-12-19T09:49:45","date_gmt":"2022-12-19T08:49:45","guid":{"rendered":"http:\/\/cetromedical.ljungs.nu\/?post_type=product&#038;p=4217"},"modified":"2025-02-14T14:48:34","modified_gmt":"2025-02-14T13:48:34","slug":"vagipress-2","status":"publish","type":"product","link":"https:\/\/cetromedical.se\/en\/product-2\/vagipress-2\/","title":{"rendered":"VagiPress\u00ae Loop"},"content":{"rendered":"<p><a href=\"https:\/\/cetromedical.se\/en\/archive-2\/\">ARCHIVE: Product sheet and IFU<\/a><\/p>\n<p class=\"p1\"><span class=\"s1\">VagiPress Loop is a single-use vaginal depressor. <\/span>Can be used advantageously with a two-piece speculum.<\/p>\n<p class=\"p2\">By using a depressor simultaneously with a two-piece speculum, the doctor can create more space and better exposure of the examination area. This improves visibility and accessibility to perform accurate and complete examinations.<\/p>\n<p class=\"p2\">By using a depressor, the doctor can guide the tissue to minimize discomfort for the patient during the examination. It can also facilitate the insertion of the speculum by creating more space and aligning it more comfortably.<\/p>\n<p class=\"p3\">The improved visibility and accessibility achieved by using both speculum and depressor may increase the physician's ability to detect any abnormalities or pathologies in the examination area, leading to a higher diagnostic accuracy. In conclusion, the use of both a two-piece speculum and a depressor can improve both the physician's ability to perform accurate examinations and the patient's experience by reducing discomfort and increasing the visibility and accessibility of the examination area.<\/p>\n<p>It is available in two variants: solid and loop<\/p>\n<p>Available in 3 different finishes: White, Transparent and as a single pack.<\/p>\n<ul>\n<li>Stable construction<\/li>\n<li>Easy to grip<\/li>\n<li>Different sizes of spatulas<\/li>\n<li>Can be advantageously used in combination with 1320 and 1322 as the notch in the depressor is threaded over the side edge of the speculum, allowing both instruments to be operated with one hand.<\/li>\n<li>\n<p class=\"p1\">To have two hands free, put the Vagipress on the edge of the Vagispec so that it is stuck there.<\/p>\n<\/li>\n<\/ul>","protected":false},"excerpt":{"rendered":"<p>VagiPress\u00ae Loop is a single-use vaginal depressor.<\/p>","protected":false},"featured_media":9097,"template":"","meta":{"inline_featured_image":false},"product_cat":[25,50],"product_tag":[],"class_list":["post-4217","product","type-product","status-publish","has-post-thumbnail","hentry","product_cat-gynekologi","product_cat-ovrigt"],"acf":[],"yoast_head":"<!-- This site is optimized with the Yoast SEO plugin v19.9 - https:\/\/yoast.com\/wordpress\/plugins\/seo\/ -->\r\n<title>VagiPress\u00ae \u00d6gla - Cetro Medical<\/title>\r\n<meta name=\"description\" content=\"Uppt\u00e4ck VagiPress\u00ae \u00d6gla fr\u00e5n Cetro Medical \u2013 kvalitetss\u00e4krad medicinsk utrustning f\u00f6r p\u00e5litlig v\u00e5rd. Best\u00e4ll online och f\u00e5 snabb leverans!\" \/>\r\n<meta name=\"robots\" content=\"index, follow, max-snippet:-1, max-image-preview:large, max-video-preview:-1\" \/>\r\n<link rel=\"canonical\" href=\"https:\/\/cetromedical.se\/en\/product-2\/vagipress-2\/\" \/>\r\n<meta property=\"og:locale\" content=\"en_US\" \/>\r\n<meta property=\"og:type\" content=\"article\" \/>\r\n<meta property=\"og:title\" content=\"VagiPress\u00ae \u00d6gla - Cetro Medical\" \/>\r\n<meta property=\"og:description\" content=\"Uppt\u00e4ck VagiPress\u00ae \u00d6gla fr\u00e5n Cetro Medical \u2013 kvalitetss\u00e4krad medicinsk utrustning f\u00f6r p\u00e5litlig v\u00e5rd. Best\u00e4ll online och f\u00e5 snabb leverans!\" \/>\r\n<meta property=\"og:url\" content=\"https:\/\/cetromedical.se\/en\/product-2\/vagipress-2\/\" \/>\r\n<meta property=\"og:site_name\" content=\"Cetro Medical\" \/>\r\n<meta property=\"article:modified_time\" content=\"2025-02-14T13:48:34+00:00\" \/>\r\n<meta property=\"og:image\" content=\"https:\/\/cetromedical.se\/wp-content\/uploads\/2025\/01\/VagiPress\u00ae-Ogla-1412.png\" \/>\r\n\t<meta property=\"og:image:width\" content=\"1100\" \/>\r\n\t<meta property=\"og:image:height\" content=\"770\" \/>\r\n\t<meta property=\"og:image:type\" content=\"image\/png\" \/>\r\n<meta name=\"twitter:card\" content=\"summary_large_image\" \/>\r\n<meta name=\"twitter:label1\" content=\"Est. reading time\" \/>\n\t<meta name=\"twitter:data1\" content=\"2 minutes\" \/>\r\n<script type=\"application\/ld+json\" class=\"yoast-schema-graph\">{\"@context\":\"https:\/\/schema.org\",\"@graph\":[{\"@type\":\"WebPage\",\"@id\":\"https:\/\/cetromedical.se\/produkt\/vagipress-2\/\",\"url\":\"https:\/\/cetromedical.se\/produkt\/vagipress-2\/\",\"name\":\"VagiPress\u00ae \u00d6gla - Cetro Medical\",\"isPartOf\":{\"@id\":\"https:\/\/cetromedical.se\/#website\"},\"datePublished\":\"2022-12-19T08:49:45+00:00\",\"dateModified\":\"2025-02-14T13:48:34+00:00\",\"description\":\"Uppt\u00e4ck VagiPress\u00ae \u00d6gla fr\u00e5n Cetro Medical \u2013 kvalitetss\u00e4krad medicinsk utrustning f\u00f6r p\u00e5litlig v\u00e5rd. Best\u00e4ll online och f\u00e5 snabb leverans!\",\"breadcrumb\":{\"@id\":\"https:\/\/cetromedical.se\/produkt\/vagipress-2\/#breadcrumb\"},\"inLanguage\":\"en-US\",\"potentialAction\":[{\"@type\":\"ReadAction\",\"target\":[\"https:\/\/cetromedical.se\/produkt\/vagipress-2\/\"]}]},{\"@type\":\"BreadcrumbList\",\"@id\":\"https:\/\/cetromedical.se\/produkt\/vagipress-2\/#breadcrumb\",\"itemListElement\":[{\"@type\":\"ListItem\",\"position\":1,\"name\":\"Hem\",\"item\":\"https:\/\/cetromedical.se\/\"},{\"@type\":\"ListItem\",\"position\":2,\"name\":\"Webbutik\",\"item\":\"https:\/\/cetromedical.se\/butik\/\"},{\"@type\":\"ListItem\",\"position\":3,\"name\":\"VagiPress\u00ae \u00d6gla\"}]},{\"@type\":\"WebSite\",\"@id\":\"https:\/\/cetromedical.se\/#website\",\"url\":\"https:\/\/cetromedical.se\/\",\"name\":\"Cetro Medical\",\"description\":\"Quality Medical Instruments\",\"publisher\":{\"@id\":\"https:\/\/cetromedical.se\/#organization\"},\"potentialAction\":[{\"@type\":\"SearchAction\",\"target\":{\"@type\":\"EntryPoint\",\"urlTemplate\":\"https:\/\/cetromedical.se\/?s={search_term_string}\"},\"query-input\":\"required name=search_term_string\"}],\"inLanguage\":\"en-US\"},{\"@type\":\"Organization\",\"@id\":\"https:\/\/cetromedical.se\/#organization\",\"name\":\"Cetro Medical\",\"url\":\"https:\/\/cetromedical.se\/\",\"logo\":{\"@type\":\"ImageObject\",\"inLanguage\":\"en-US\",\"@id\":\"https:\/\/cetromedical.se\/#\/schema\/logo\/image\/\",\"url\":\"https:\/\/cetromedical.se\/wp-content\/uploads\/2022\/05\/Cetro-medical-285_2-1.png\",\"contentUrl\":\"https:\/\/cetromedical.se\/wp-content\/uploads\/2022\/05\/Cetro-medical-285_2-1.png\",\"width\":1317,\"height\":119,\"caption\":\"Cetro Medical\"},\"image\":{\"@id\":\"https:\/\/cetromedical.se\/#\/schema\/logo\/image\/\"}}]}<\/script>\r\n<!-- \/ Yoast SEO plugin. -->","yoast_head_json":{"title":"VagiPress\u00ae \u00d6gla - Cetro Medical","description":"Uppt\u00e4ck VagiPress\u00ae \u00d6gla fr\u00e5n Cetro Medical \u2013 kvalitetss\u00e4krad medicinsk utrustning f\u00f6r p\u00e5litlig v\u00e5rd. Best\u00e4ll online och f\u00e5 snabb leverans!","robots":{"index":"index","follow":"follow","max-snippet":"max-snippet:-1","max-image-preview":"max-image-preview:large","max-video-preview":"max-video-preview:-1"},"canonical":"https:\/\/cetromedical.se\/en\/product-2\/vagipress-2\/","og_locale":"en_US","og_type":"article","og_title":"VagiPress\u00ae \u00d6gla - Cetro Medical","og_description":"Uppt\u00e4ck VagiPress\u00ae \u00d6gla fr\u00e5n Cetro Medical \u2013 kvalitetss\u00e4krad medicinsk utrustning f\u00f6r p\u00e5litlig v\u00e5rd. Best\u00e4ll online och f\u00e5 snabb leverans!","og_url":"https:\/\/cetromedical.se\/en\/product-2\/vagipress-2\/","og_site_name":"Cetro Medical","article_modified_time":"2025-02-14T13:48:34+00:00","og_image":[{"width":1100,"height":770,"url":"https:\/\/cetromedical.se\/wp-content\/uploads\/2025\/01\/VagiPress\u00ae-Ogla-1412.png","type":"image\/png"}],"twitter_card":"summary_large_image","twitter_misc":{"Est. reading time":"2 minutes"},"schema":{"@context":"https:\/\/schema.org","@graph":[{"@type":"WebPage","@id":"https:\/\/cetromedical.se\/produkt\/vagipress-2\/","url":"https:\/\/cetromedical.se\/produkt\/vagipress-2\/","name":"VagiPress\u00ae \u00d6gla - Cetro Medical","isPartOf":{"@id":"https:\/\/cetromedical.se\/#website"},"datePublished":"2022-12-19T08:49:45+00:00","dateModified":"2025-02-14T13:48:34+00:00","description":"Uppt\u00e4ck VagiPress\u00ae \u00d6gla fr\u00e5n Cetro Medical \u2013 kvalitetss\u00e4krad medicinsk utrustning f\u00f6r p\u00e5litlig v\u00e5rd. Best\u00e4ll online och f\u00e5 snabb leverans!","breadcrumb":{"@id":"https:\/\/cetromedical.se\/produkt\/vagipress-2\/#breadcrumb"},"inLanguage":"en-US","potentialAction":[{"@type":"ReadAction","target":["https:\/\/cetromedical.se\/produkt\/vagipress-2\/"]}]},{"@type":"BreadcrumbList","@id":"https:\/\/cetromedical.se\/produkt\/vagipress-2\/#breadcrumb","itemListElement":[{"@type":"ListItem","position":1,"name":"Hem","item":"https:\/\/cetromedical.se\/"},{"@type":"ListItem","position":2,"name":"Webbutik","item":"https:\/\/cetromedical.se\/butik\/"},{"@type":"ListItem","position":3,"name":"VagiPress\u00ae \u00d6gla"}]},{"@type":"WebSite","@id":"https:\/\/cetromedical.se\/#website","url":"https:\/\/cetromedical.se\/","name":"Cetro Medical","description":"Quality Medical Instruments","publisher":{"@id":"https:\/\/cetromedical.se\/#organization"},"potentialAction":[{"@type":"SearchAction","target":{"@type":"EntryPoint","urlTemplate":"https:\/\/cetromedical.se\/?s={search_term_string}"},"query-input":"required name=search_term_string"}],"inLanguage":"en-US"},{"@type":"Organization","@id":"https:\/\/cetromedical.se\/#organization","name":"Cetro Medical","url":"https:\/\/cetromedical.se\/","logo":{"@type":"ImageObject","inLanguage":"en-US","@id":"https:\/\/cetromedical.se\/#\/schema\/logo\/image\/","url":"https:\/\/cetromedical.se\/wp-content\/uploads\/2022\/05\/Cetro-medical-285_2-1.png","contentUrl":"https:\/\/cetromedical.se\/wp-content\/uploads\/2022\/05\/Cetro-medical-285_2-1.png","width":1317,"height":119,"caption":"Cetro Medical"},"image":{"@id":"https:\/\/cetromedical.se\/#\/schema\/logo\/image\/"}}]}},"_links":{"self":[{"href":"https:\/\/cetromedical.se\/en\/wp-json\/wp\/v2\/product\/4217","targetHints":{"allow":["GET"]}}],"collection":[{"href":"https:\/\/cetromedical.se\/en\/wp-json\/wp\/v2\/product"}],"about":[{"href":"https:\/\/cetromedical.se\/en\/wp-json\/wp\/v2\/types\/product"}],"wp:featuredmedia":[{"embeddable":true,"href":"https:\/\/cetromedical.se\/en\/wp-json\/wp\/v2\/media\/9097"}],"wp:attachment":[{"href":"https:\/\/cetromedical.se\/en\/wp-json\/wp\/v2\/media?parent=4217"}],"wp:term":[{"taxonomy":"product_cat","embeddable":true,"href":"https:\/\/cetromedical.se\/en\/wp-json\/wp\/v2\/product_cat?post=4217"},{"taxonomy":"product_tag","embeddable":true,"href":"https:\/\/cetromedical.se\/en\/wp-json\/wp\/v2\/product_tag?post=4217"}],"curies":[{"name":"wp","href":"https:\/\/api.w.org\/{rel}","templated":true}]}}