{"id":4246,"date":"2022-12-19T13:53:27","date_gmt":"2022-12-19T12:53:27","guid":{"rendered":"http:\/\/cetromedical.ljungs.nu\/?post_type=product&#038;p=4246"},"modified":"2025-01-03T13:03:22","modified_gmt":"2025-01-03T12:03:22","slug":"comfispec","status":"publish","type":"product","link":"https:\/\/cetromedical.se\/en\/product-2\/comfispec\/","title":{"rendered":"ComfiSpec\u00ae Sterile"},"content":{"rendered":"<div class=\"woocommerce-tabs wc-tabs-wrapper\">\n<div class=\"content-column one_third\">\n<div>\n<p>The ComfiSpec\u00ae range contains sterile self-retaining disposable vaginal speculums. ComfiSpec\u00ae is designed for the demanding gynecologist where high expectations are placed on quality and safe construction. The speculum's smooth surfaces and gently rounded corners contribute to a gentle and smooth procedure.<\/p>\n<p>After insertion, ComfiSpec\u00ae can be fixed at the desired angle by tightening or loosening the nut. The ComfiSpec range includes Virgin, Small, Medium, Medium-Long and Broad sizes in sterile packaging.<\/p>\n<ul>\n<li>Optimal opening width of as much as 38 degrees<\/li>\n<li>Frosted and patterned handle for a secure grip<\/li>\n<li>\"Fail Safe Points\" are located outside the body<\/li>\n<li>Smooth surfaces and gently rounded corners<\/li>\n<li>Proven quality and strength<\/li>\n<li>Minimal squeezing of vaginal walls<\/li>\n<\/ul>\n<h4>Packaging<\/h4>\n<ul>\n<li>Divisional packaging: 25 pieces<\/li>\n<li>Transport packaging: 25 pcs<\/li>\n<li>Pallet quantity: 2500 pcs<\/li>\n<\/ul>\n<\/div>\n<\/div>\n<\/div>\n<div class=\"clear_column\"><\/div>","protected":false},"excerpt":{"rendered":"<p>ComfiSpec\u00ae-serien inneh\u00e5ller sterila sj\u00e4lvh\u00e5llande vaginalspekulum f\u00f6r eng\u00e5ngsbruk. ComfiSpec\u00ae \u00e4r designat f\u00f6r den kr\u00e4vande gynekologen d\u00e4r h\u00f6ga f\u00f6rv\u00e4ntningar st\u00e4lls p\u00e5 kvalitet och s\u00e4ker konstruktion. Spekulumets sl\u00e4ta ytor och f\u00f6ljsamt rundade h\u00f6rn bidrar till ett skonsamt och smidigt ingrepp. Efter ins\u00e4ttning kan ComfiSpec\u00ae fixeras i \u00f6nskad vinkel genom att skruva \u00e5t eller lossa muttern. ComfiSpec-serien innefattar storlekarna [&hellip;]<\/p>","protected":false},"featured_media":9078,"template":"","meta":{"inline_featured_image":false},"product_cat":[25,47],"product_tag":[],"class_list":["post-4246","product","type-product","status-publish","has-post-thumbnail","hentry","product_cat-gynekologi","product_cat-spekulum"],"acf":[],"yoast_head":"<!-- This site is optimized with the Yoast SEO plugin v19.9 - https:\/\/yoast.com\/wordpress\/plugins\/seo\/ -->\r\n<title>ComfiSpec\u00ae Sterile - Cetro Medical<\/title>\r\n<meta name=\"description\" content=\"Uppt\u00e4ck ComfiSpec\u00ae Sterile fr\u00e5n Cetro Medical \u2013 kvalitetss\u00e4krad medicinsk utrustning f\u00f6r p\u00e5litlig v\u00e5rd. Best\u00e4ll online och f\u00e5 snabb leverans!\" \/>\r\n<meta name=\"robots\" content=\"index, follow, max-snippet:-1, max-image-preview:large, max-video-preview:-1\" \/>\r\n<link rel=\"canonical\" href=\"https:\/\/cetromedical.se\/en\/product-2\/comfispec\/\" \/>\r\n<meta property=\"og:locale\" content=\"en_US\" \/>\r\n<meta property=\"og:type\" content=\"article\" \/>\r\n<meta property=\"og:title\" content=\"ComfiSpec\u00ae Sterile - Cetro Medical\" \/>\r\n<meta property=\"og:description\" content=\"Uppt\u00e4ck ComfiSpec\u00ae Sterile fr\u00e5n Cetro Medical \u2013 kvalitetss\u00e4krad medicinsk utrustning f\u00f6r p\u00e5litlig v\u00e5rd. Best\u00e4ll online och f\u00e5 snabb leverans!\" \/>\r\n<meta property=\"og:url\" content=\"https:\/\/cetromedical.se\/en\/product-2\/comfispec\/\" \/>\r\n<meta property=\"og:site_name\" content=\"Cetro Medical\" \/>\r\n<meta property=\"article:modified_time\" content=\"2025-01-03T12:03:22+00:00\" \/>\r\n<meta property=\"og:image\" content=\"https:\/\/cetromedical.se\/wp-content\/uploads\/2025\/01\/ComfiSpec\u00ae-Medium-Sterile-Spekulum-D52201-S.png\" \/>\r\n\t<meta property=\"og:image:width\" content=\"1100\" \/>\r\n\t<meta property=\"og:image:height\" content=\"770\" \/>\r\n\t<meta property=\"og:image:type\" content=\"image\/png\" \/>\r\n<meta name=\"twitter:card\" content=\"summary_large_image\" \/>\r\n<meta name=\"twitter:label1\" content=\"Est. reading time\" \/>\n\t<meta name=\"twitter:data1\" content=\"1 minute\" \/>\r\n<script type=\"application\/ld+json\" class=\"yoast-schema-graph\">{\"@context\":\"https:\/\/schema.org\",\"@graph\":[{\"@type\":\"WebPage\",\"@id\":\"https:\/\/cetromedical.se\/produkt\/comfispec\/\",\"url\":\"https:\/\/cetromedical.se\/produkt\/comfispec\/\",\"name\":\"ComfiSpec\u00ae Sterile - Cetro Medical\",\"isPartOf\":{\"@id\":\"https:\/\/cetromedical.se\/#website\"},\"datePublished\":\"2022-12-19T12:53:27+00:00\",\"dateModified\":\"2025-01-03T12:03:22+00:00\",\"description\":\"Uppt\u00e4ck ComfiSpec\u00ae Sterile fr\u00e5n Cetro Medical \u2013 kvalitetss\u00e4krad medicinsk utrustning f\u00f6r p\u00e5litlig v\u00e5rd. Best\u00e4ll online och f\u00e5 snabb leverans!\",\"breadcrumb\":{\"@id\":\"https:\/\/cetromedical.se\/produkt\/comfispec\/#breadcrumb\"},\"inLanguage\":\"en-US\",\"potentialAction\":[{\"@type\":\"ReadAction\",\"target\":[\"https:\/\/cetromedical.se\/produkt\/comfispec\/\"]}]},{\"@type\":\"BreadcrumbList\",\"@id\":\"https:\/\/cetromedical.se\/produkt\/comfispec\/#breadcrumb\",\"itemListElement\":[{\"@type\":\"ListItem\",\"position\":1,\"name\":\"Hem\",\"item\":\"https:\/\/cetromedical.se\/\"},{\"@type\":\"ListItem\",\"position\":2,\"name\":\"Webbutik\",\"item\":\"https:\/\/cetromedical.se\/butik\/\"},{\"@type\":\"ListItem\",\"position\":3,\"name\":\"ComfiSpec\u00ae Sterile\"}]},{\"@type\":\"WebSite\",\"@id\":\"https:\/\/cetromedical.se\/#website\",\"url\":\"https:\/\/cetromedical.se\/\",\"name\":\"Cetro Medical\",\"description\":\"Quality Medical Instruments\",\"publisher\":{\"@id\":\"https:\/\/cetromedical.se\/#organization\"},\"potentialAction\":[{\"@type\":\"SearchAction\",\"target\":{\"@type\":\"EntryPoint\",\"urlTemplate\":\"https:\/\/cetromedical.se\/?s={search_term_string}\"},\"query-input\":\"required name=search_term_string\"}],\"inLanguage\":\"en-US\"},{\"@type\":\"Organization\",\"@id\":\"https:\/\/cetromedical.se\/#organization\",\"name\":\"Cetro Medical\",\"url\":\"https:\/\/cetromedical.se\/\",\"logo\":{\"@type\":\"ImageObject\",\"inLanguage\":\"en-US\",\"@id\":\"https:\/\/cetromedical.se\/#\/schema\/logo\/image\/\",\"url\":\"https:\/\/cetromedical.se\/wp-content\/uploads\/2022\/05\/Cetro-medical-285_2-1.png\",\"contentUrl\":\"https:\/\/cetromedical.se\/wp-content\/uploads\/2022\/05\/Cetro-medical-285_2-1.png\",\"width\":1317,\"height\":119,\"caption\":\"Cetro Medical\"},\"image\":{\"@id\":\"https:\/\/cetromedical.se\/#\/schema\/logo\/image\/\"}}]}<\/script>\r\n<!-- \/ Yoast SEO plugin. -->","yoast_head_json":{"title":"ComfiSpec\u00ae Sterile - Cetro Medical","description":"Uppt\u00e4ck ComfiSpec\u00ae Sterile fr\u00e5n Cetro Medical \u2013 kvalitetss\u00e4krad medicinsk utrustning f\u00f6r p\u00e5litlig v\u00e5rd. Best\u00e4ll online och f\u00e5 snabb leverans!","robots":{"index":"index","follow":"follow","max-snippet":"max-snippet:-1","max-image-preview":"max-image-preview:large","max-video-preview":"max-video-preview:-1"},"canonical":"https:\/\/cetromedical.se\/en\/product-2\/comfispec\/","og_locale":"en_US","og_type":"article","og_title":"ComfiSpec\u00ae Sterile - Cetro Medical","og_description":"Uppt\u00e4ck ComfiSpec\u00ae Sterile fr\u00e5n Cetro Medical \u2013 kvalitetss\u00e4krad medicinsk utrustning f\u00f6r p\u00e5litlig v\u00e5rd. Best\u00e4ll online och f\u00e5 snabb leverans!","og_url":"https:\/\/cetromedical.se\/en\/product-2\/comfispec\/","og_site_name":"Cetro Medical","article_modified_time":"2025-01-03T12:03:22+00:00","og_image":[{"width":1100,"height":770,"url":"https:\/\/cetromedical.se\/wp-content\/uploads\/2025\/01\/ComfiSpec\u00ae-Medium-Sterile-Spekulum-D52201-S.png","type":"image\/png"}],"twitter_card":"summary_large_image","twitter_misc":{"Est. reading time":"1 minute"},"schema":{"@context":"https:\/\/schema.org","@graph":[{"@type":"WebPage","@id":"https:\/\/cetromedical.se\/produkt\/comfispec\/","url":"https:\/\/cetromedical.se\/produkt\/comfispec\/","name":"ComfiSpec\u00ae Sterile - Cetro Medical","isPartOf":{"@id":"https:\/\/cetromedical.se\/#website"},"datePublished":"2022-12-19T12:53:27+00:00","dateModified":"2025-01-03T12:03:22+00:00","description":"Uppt\u00e4ck ComfiSpec\u00ae Sterile fr\u00e5n Cetro Medical \u2013 kvalitetss\u00e4krad medicinsk utrustning f\u00f6r p\u00e5litlig v\u00e5rd. Best\u00e4ll online och f\u00e5 snabb leverans!","breadcrumb":{"@id":"https:\/\/cetromedical.se\/produkt\/comfispec\/#breadcrumb"},"inLanguage":"en-US","potentialAction":[{"@type":"ReadAction","target":["https:\/\/cetromedical.se\/produkt\/comfispec\/"]}]},{"@type":"BreadcrumbList","@id":"https:\/\/cetromedical.se\/produkt\/comfispec\/#breadcrumb","itemListElement":[{"@type":"ListItem","position":1,"name":"Hem","item":"https:\/\/cetromedical.se\/"},{"@type":"ListItem","position":2,"name":"Webbutik","item":"https:\/\/cetromedical.se\/butik\/"},{"@type":"ListItem","position":3,"name":"ComfiSpec\u00ae Sterile"}]},{"@type":"WebSite","@id":"https:\/\/cetromedical.se\/#website","url":"https:\/\/cetromedical.se\/","name":"Cetro Medical","description":"Quality Medical Instruments","publisher":{"@id":"https:\/\/cetromedical.se\/#organization"},"potentialAction":[{"@type":"SearchAction","target":{"@type":"EntryPoint","urlTemplate":"https:\/\/cetromedical.se\/?s={search_term_string}"},"query-input":"required name=search_term_string"}],"inLanguage":"en-US"},{"@type":"Organization","@id":"https:\/\/cetromedical.se\/#organization","name":"Cetro Medical","url":"https:\/\/cetromedical.se\/","logo":{"@type":"ImageObject","inLanguage":"en-US","@id":"https:\/\/cetromedical.se\/#\/schema\/logo\/image\/","url":"https:\/\/cetromedical.se\/wp-content\/uploads\/2022\/05\/Cetro-medical-285_2-1.png","contentUrl":"https:\/\/cetromedical.se\/wp-content\/uploads\/2022\/05\/Cetro-medical-285_2-1.png","width":1317,"height":119,"caption":"Cetro Medical"},"image":{"@id":"https:\/\/cetromedical.se\/#\/schema\/logo\/image\/"}}]}},"_links":{"self":[{"href":"https:\/\/cetromedical.se\/en\/wp-json\/wp\/v2\/product\/4246","targetHints":{"allow":["GET"]}}],"collection":[{"href":"https:\/\/cetromedical.se\/en\/wp-json\/wp\/v2\/product"}],"about":[{"href":"https:\/\/cetromedical.se\/en\/wp-json\/wp\/v2\/types\/product"}],"wp:featuredmedia":[{"embeddable":true,"href":"https:\/\/cetromedical.se\/en\/wp-json\/wp\/v2\/media\/9078"}],"wp:attachment":[{"href":"https:\/\/cetromedical.se\/en\/wp-json\/wp\/v2\/media?parent=4246"}],"wp:term":[{"taxonomy":"product_cat","embeddable":true,"href":"https:\/\/cetromedical.se\/en\/wp-json\/wp\/v2\/product_cat?post=4246"},{"taxonomy":"product_tag","embeddable":true,"href":"https:\/\/cetromedical.se\/en\/wp-json\/wp\/v2\/product_tag?post=4246"}],"curies":[{"name":"wp","href":"https:\/\/api.w.org\/{rel}","templated":true}]}}