{"id":4626,"date":"2022-12-22T14:28:07","date_gmt":"2022-12-22T13:28:07","guid":{"rendered":"https:\/\/cetromedical.ljungs.nu\/?post_type=product&#038;p=4626"},"modified":"2024-03-27T16:39:06","modified_gmt":"2024-03-27T15:39:06","slug":"wegaa-ctg","status":"publish","type":"product","link":"https:\/\/cetromedical.se\/en\/product-2\/wegaa-ctg\/","title":{"rendered":"WEGAA\u00ae CTG"},"content":{"rendered":"<p class=\"p1\"><span class=\"s1\">Reusable bands that can be washed.<\/span><\/p>\n<p class=\"p1\"><span class=\"s1\">CTG tape is used during pregnancy to monitor the baby's heart sounds and the mother's uterine contractions. It is applied around the woman's abdomen and records both the baby's heartbeat and the mother's contractions on a graph. CTG strips provide comprehensive and detailed monitoring of the baby's well-being during delivery.<\/span><\/p>\n<p><strong>The advantages of using a CTG tape on a reel?<\/strong><\/p>\n<p><strong>Adaptation: <\/strong>Every patient's size and shape is different. By supplying CTG tapes on a roll, doctors can cut the belts to the exact length required for each individual patient. This customization ensures a tight and secure fit, which is essential for accurate monitoring of fetal heart rate and uterine contractions.<br \/>\n<strong>Reduced waste:<\/strong> By providing tape on a roll, healthcare facilities can minimize waste by cutting only the necessary length needed for each use.<br \/>\n<strong>Flexibility:<\/strong> Hospitals and clinics deal with patients of different sizes and shapes. Having CTG strips on a roll allows medical staff to easily adapt to different patient needs. They can cut longer strips for larger patients or shorter strips for smaller patients, ensuring comfort and efficiency during monitoring.<\/p>\n<p class=\"p1\"><span class=\"s1\">3 widths: 32 mm, 50 mm and 100 mm<\/span><\/p>\n<p class=\"p1\">\u00a0Length: 15 m<\/p>\n<ul>\n<li>32mm (art. no: 1500-0515)<\/li>\n<li>50mm (art. no: 1500-0643)<\/li>\n<li>100mm (art.nr: 9620)<\/li>\n<\/ul>\n<p>&nbsp;<\/p>\n<p>&nbsp;<\/p>","protected":false},"excerpt":{"rendered":"<p>Flerg\u00e5ngsband som g\u00e5r att tv\u00e4tta. CTG-band anv\u00e4nds under graviditet f\u00f6r att \u00f6vervaka barnets hj\u00e4rtljud och moderens livmodersammandragningar. Det appliceras runt kvinnans mage och registrerar b\u00e5de barnets hj\u00e4rtslag och moderns sammandragningar p\u00e5 en graf. CTG-band ger en omfattande och detaljerad \u00f6vervakning av barnets v\u00e4lbefinnande under f\u00f6rlossningen. F\u00f6rdelarna med att anv\u00e4nda ett\u00a0 CTG-band p\u00e5 rulle? Anpassning: Varje [&hellip;]<\/p>","protected":false},"featured_media":2674,"template":"","meta":{"inline_featured_image":false},"product_cat":[28,58],"product_tag":[],"class_list":["post-4626","product","type-product","status-publish","has-post-thumbnail","hentry","product_cat-obstetrik","product_cat-ctg-band"],"acf":[],"yoast_head":"<!-- This site is optimized with the Yoast SEO plugin v19.9 - https:\/\/yoast.com\/wordpress\/plugins\/seo\/ -->\r\n<title>WEGAA\u00ae CTG - Cetro Medical<\/title>\r\n<meta name=\"description\" content=\"Uppt\u00e4ck WEGAA\u00ae CTG fr\u00e5n Cetro Medical \u2013 kvalitetss\u00e4krad medicinsk utrustning f\u00f6r p\u00e5litlig v\u00e5rd. Best\u00e4ll online och f\u00e5 snabb leverans!\" \/>\r\n<meta name=\"robots\" content=\"index, follow, max-snippet:-1, max-image-preview:large, max-video-preview:-1\" \/>\r\n<link rel=\"canonical\" href=\"https:\/\/cetromedical.se\/en\/product-2\/wegaa-ctg\/\" \/>\r\n<meta property=\"og:locale\" content=\"en_US\" \/>\r\n<meta property=\"og:type\" content=\"article\" \/>\r\n<meta property=\"og:title\" content=\"WEGAA\u00ae CTG - Cetro Medical\" \/>\r\n<meta property=\"og:description\" content=\"Uppt\u00e4ck WEGAA\u00ae CTG fr\u00e5n Cetro Medical \u2013 kvalitetss\u00e4krad medicinsk utrustning f\u00f6r p\u00e5litlig v\u00e5rd. Best\u00e4ll online och f\u00e5 snabb leverans!\" \/>\r\n<meta property=\"og:url\" content=\"https:\/\/cetromedical.se\/en\/product-2\/wegaa-ctg\/\" \/>\r\n<meta property=\"og:site_name\" content=\"Cetro Medical\" \/>\r\n<meta property=\"article:modified_time\" content=\"2024-03-27T15:39:06+00:00\" \/>\r\n<meta property=\"og:image\" content=\"https:\/\/cetromedical.se\/wp-content\/uploads\/2022\/07\/1500-0643.png\" \/>\r\n\t<meta property=\"og:image:width\" content=\"1100\" \/>\r\n\t<meta property=\"og:image:height\" content=\"770\" \/>\r\n\t<meta property=\"og:image:type\" content=\"image\/png\" \/>\r\n<meta name=\"twitter:card\" content=\"summary_large_image\" \/>\r\n<meta name=\"twitter:label1\" content=\"Est. reading time\" \/>\n\t<meta name=\"twitter:data1\" content=\"1 minute\" \/>\r\n<script type=\"application\/ld+json\" class=\"yoast-schema-graph\">{\"@context\":\"https:\/\/schema.org\",\"@graph\":[{\"@type\":\"WebPage\",\"@id\":\"https:\/\/cetromedical.se\/produkt\/wegaa-ctg\/\",\"url\":\"https:\/\/cetromedical.se\/produkt\/wegaa-ctg\/\",\"name\":\"WEGAA\u00ae CTG - Cetro Medical\",\"isPartOf\":{\"@id\":\"https:\/\/cetromedical.se\/#website\"},\"datePublished\":\"2022-12-22T13:28:07+00:00\",\"dateModified\":\"2024-03-27T15:39:06+00:00\",\"description\":\"Uppt\u00e4ck WEGAA\u00ae CTG fr\u00e5n Cetro Medical \u2013 kvalitetss\u00e4krad medicinsk utrustning f\u00f6r p\u00e5litlig v\u00e5rd. Best\u00e4ll online och f\u00e5 snabb leverans!\",\"breadcrumb\":{\"@id\":\"https:\/\/cetromedical.se\/produkt\/wegaa-ctg\/#breadcrumb\"},\"inLanguage\":\"en-US\",\"potentialAction\":[{\"@type\":\"ReadAction\",\"target\":[\"https:\/\/cetromedical.se\/produkt\/wegaa-ctg\/\"]}]},{\"@type\":\"BreadcrumbList\",\"@id\":\"https:\/\/cetromedical.se\/produkt\/wegaa-ctg\/#breadcrumb\",\"itemListElement\":[{\"@type\":\"ListItem\",\"position\":1,\"name\":\"Hem\",\"item\":\"https:\/\/cetromedical.se\/\"},{\"@type\":\"ListItem\",\"position\":2,\"name\":\"Webbutik\",\"item\":\"https:\/\/cetromedical.se\/butik\/\"},{\"@type\":\"ListItem\",\"position\":3,\"name\":\"WEGAA\u00ae CTG\"}]},{\"@type\":\"WebSite\",\"@id\":\"https:\/\/cetromedical.se\/#website\",\"url\":\"https:\/\/cetromedical.se\/\",\"name\":\"Cetro Medical\",\"description\":\"Quality Medical Instruments\",\"publisher\":{\"@id\":\"https:\/\/cetromedical.se\/#organization\"},\"potentialAction\":[{\"@type\":\"SearchAction\",\"target\":{\"@type\":\"EntryPoint\",\"urlTemplate\":\"https:\/\/cetromedical.se\/?s={search_term_string}\"},\"query-input\":\"required name=search_term_string\"}],\"inLanguage\":\"en-US\"},{\"@type\":\"Organization\",\"@id\":\"https:\/\/cetromedical.se\/#organization\",\"name\":\"Cetro Medical\",\"url\":\"https:\/\/cetromedical.se\/\",\"logo\":{\"@type\":\"ImageObject\",\"inLanguage\":\"en-US\",\"@id\":\"https:\/\/cetromedical.se\/#\/schema\/logo\/image\/\",\"url\":\"https:\/\/cetromedical.se\/wp-content\/uploads\/2022\/05\/Cetro-medical-285_2-1.png\",\"contentUrl\":\"https:\/\/cetromedical.se\/wp-content\/uploads\/2022\/05\/Cetro-medical-285_2-1.png\",\"width\":1317,\"height\":119,\"caption\":\"Cetro Medical\"},\"image\":{\"@id\":\"https:\/\/cetromedical.se\/#\/schema\/logo\/image\/\"}}]}<\/script>\r\n<!-- \/ Yoast SEO plugin. -->","yoast_head_json":{"title":"WEGAA\u00ae CTG - Cetro Medical","description":"Uppt\u00e4ck WEGAA\u00ae CTG fr\u00e5n Cetro Medical \u2013 kvalitetss\u00e4krad medicinsk utrustning f\u00f6r p\u00e5litlig v\u00e5rd. Best\u00e4ll online och f\u00e5 snabb leverans!","robots":{"index":"index","follow":"follow","max-snippet":"max-snippet:-1","max-image-preview":"max-image-preview:large","max-video-preview":"max-video-preview:-1"},"canonical":"https:\/\/cetromedical.se\/en\/product-2\/wegaa-ctg\/","og_locale":"en_US","og_type":"article","og_title":"WEGAA\u00ae CTG - Cetro Medical","og_description":"Uppt\u00e4ck WEGAA\u00ae CTG fr\u00e5n Cetro Medical \u2013 kvalitetss\u00e4krad medicinsk utrustning f\u00f6r p\u00e5litlig v\u00e5rd. Best\u00e4ll online och f\u00e5 snabb leverans!","og_url":"https:\/\/cetromedical.se\/en\/product-2\/wegaa-ctg\/","og_site_name":"Cetro Medical","article_modified_time":"2024-03-27T15:39:06+00:00","og_image":[{"width":1100,"height":770,"url":"https:\/\/cetromedical.se\/wp-content\/uploads\/2022\/07\/1500-0643.png","type":"image\/png"}],"twitter_card":"summary_large_image","twitter_misc":{"Est. reading time":"1 minute"},"schema":{"@context":"https:\/\/schema.org","@graph":[{"@type":"WebPage","@id":"https:\/\/cetromedical.se\/produkt\/wegaa-ctg\/","url":"https:\/\/cetromedical.se\/produkt\/wegaa-ctg\/","name":"WEGAA\u00ae CTG - Cetro Medical","isPartOf":{"@id":"https:\/\/cetromedical.se\/#website"},"datePublished":"2022-12-22T13:28:07+00:00","dateModified":"2024-03-27T15:39:06+00:00","description":"Uppt\u00e4ck WEGAA\u00ae CTG fr\u00e5n Cetro Medical \u2013 kvalitetss\u00e4krad medicinsk utrustning f\u00f6r p\u00e5litlig v\u00e5rd. Best\u00e4ll online och f\u00e5 snabb leverans!","breadcrumb":{"@id":"https:\/\/cetromedical.se\/produkt\/wegaa-ctg\/#breadcrumb"},"inLanguage":"en-US","potentialAction":[{"@type":"ReadAction","target":["https:\/\/cetromedical.se\/produkt\/wegaa-ctg\/"]}]},{"@type":"BreadcrumbList","@id":"https:\/\/cetromedical.se\/produkt\/wegaa-ctg\/#breadcrumb","itemListElement":[{"@type":"ListItem","position":1,"name":"Hem","item":"https:\/\/cetromedical.se\/"},{"@type":"ListItem","position":2,"name":"Webbutik","item":"https:\/\/cetromedical.se\/butik\/"},{"@type":"ListItem","position":3,"name":"WEGAA\u00ae CTG"}]},{"@type":"WebSite","@id":"https:\/\/cetromedical.se\/#website","url":"https:\/\/cetromedical.se\/","name":"Cetro Medical","description":"Quality Medical Instruments","publisher":{"@id":"https:\/\/cetromedical.se\/#organization"},"potentialAction":[{"@type":"SearchAction","target":{"@type":"EntryPoint","urlTemplate":"https:\/\/cetromedical.se\/?s={search_term_string}"},"query-input":"required name=search_term_string"}],"inLanguage":"en-US"},{"@type":"Organization","@id":"https:\/\/cetromedical.se\/#organization","name":"Cetro Medical","url":"https:\/\/cetromedical.se\/","logo":{"@type":"ImageObject","inLanguage":"en-US","@id":"https:\/\/cetromedical.se\/#\/schema\/logo\/image\/","url":"https:\/\/cetromedical.se\/wp-content\/uploads\/2022\/05\/Cetro-medical-285_2-1.png","contentUrl":"https:\/\/cetromedical.se\/wp-content\/uploads\/2022\/05\/Cetro-medical-285_2-1.png","width":1317,"height":119,"caption":"Cetro Medical"},"image":{"@id":"https:\/\/cetromedical.se\/#\/schema\/logo\/image\/"}}]}},"_links":{"self":[{"href":"https:\/\/cetromedical.se\/en\/wp-json\/wp\/v2\/product\/4626","targetHints":{"allow":["GET"]}}],"collection":[{"href":"https:\/\/cetromedical.se\/en\/wp-json\/wp\/v2\/product"}],"about":[{"href":"https:\/\/cetromedical.se\/en\/wp-json\/wp\/v2\/types\/product"}],"wp:featuredmedia":[{"embeddable":true,"href":"https:\/\/cetromedical.se\/en\/wp-json\/wp\/v2\/media\/2674"}],"wp:attachment":[{"href":"https:\/\/cetromedical.se\/en\/wp-json\/wp\/v2\/media?parent=4626"}],"wp:term":[{"taxonomy":"product_cat","embeddable":true,"href":"https:\/\/cetromedical.se\/en\/wp-json\/wp\/v2\/product_cat?post=4626"},{"taxonomy":"product_tag","embeddable":true,"href":"https:\/\/cetromedical.se\/en\/wp-json\/wp\/v2\/product_tag?post=4626"}],"curies":[{"name":"wp","href":"https:\/\/api.w.org\/{rel}","templated":true}]}}