{"id":4659,"date":"2022-12-26T14:51:41","date_gmt":"2022-12-26T13:51:41","guid":{"rendered":"https:\/\/cetromedical.ljungs.nu\/?post_type=product&#038;p=4659"},"modified":"2025-01-27T14:55:09","modified_gmt":"2025-01-27T13:55:09","slug":"flergangsflaskor","status":"publish","type":"product","link":"https:\/\/cetromedical.se\/en\/product-2\/reusable-bottles\/","title":{"rendered":"Reusable bottles"},"content":{"rendered":"<p>Our reusable bottles for breastmilk and formula come in different sizes and models, giving you the flexibility to choose the one that best suits your baby's needs. The bottles are practical, durable and suitable for both home and hospital environments, and they are designed to be easy to clean and reuse time and time again.<\/p>\n<p><strong>Available sizes:<\/strong><\/p>\n<ul>\n<li><strong>50 ml<\/strong> (art. no.: 14187)<\/li>\n<li><strong>100 ml<\/strong> (art. no.: 14188)<\/li>\n<li><strong>130 ml<\/strong> (art. no.: 14189P)<\/li>\n<li><strong>250 ml<\/strong> (art. no.: 14190)<\/li>\n<\/ul>\n<p>To ensure a comfortable and safe feeding, di-cups with different flow rates are available for purchase. These nipples make it easy to adjust the bottle to your baby's sucking ability and needs, providing a smooth transition between breastfeeding and bottle feeding.<\/p>\n<p>The bottles are designed to fit with <strong>SteriFeeds pasteurization machines<\/strong>, making it easy to sterilize the bottles and ensure that the milk is kept at the right temperature for your baby.<\/p>\n<p><strong>Benefits:<\/strong><\/p>\n<ul>\n<li><strong>Several different sizes<\/strong> to suit your child's development and needs.<\/li>\n<li><strong>Suitable for SteriFeed pasteurizers<\/strong> for easy sterilization.<\/li>\n<li><strong>Several different sizes of dummies<\/strong> to adapt the flow to the child's needs.<\/li>\n<li><strong>Easy to clean and wash<\/strong>, making the bottles practical for everyday use.<\/li>\n<li><strong>Free from Bisphenol A<\/strong>making them a safe and healthy choice for your child.<\/li>\n<\/ul>\n<p>These reusable bottles are both a practical and sustainable option for parents who want a safe and hygienic solution for feeding, while being environmentally friendly and suitable for reuse.<\/p>","protected":false},"excerpt":{"rendered":"<p>Our reusable bottles for breast milk and formula are available in several different sizes.<\/p>","protected":false},"featured_media":4649,"template":"","meta":{"inline_featured_image":false},"product_cat":[29,61],"product_tag":[],"class_list":["post-4659","product","type-product","status-publish","has-post-thumbnail","hentry","product_cat-neonatal","product_cat-flergangsflaska"],"acf":[],"yoast_head":"<!-- This site is optimized with the Yoast SEO plugin v19.9 - https:\/\/yoast.com\/wordpress\/plugins\/seo\/ -->\r\n<title>Flerg\u00e5ngsflaskor - Cetro Medical<\/title>\r\n<meta name=\"description\" content=\"Uppt\u00e4ck Flerg\u00e5ngsflaskor fr\u00e5n Cetro Medical \u2013 kvalitetss\u00e4krad medicinsk utrustning f\u00f6r p\u00e5litlig v\u00e5rd. Best\u00e4ll online och f\u00e5 snabb leverans!\" \/>\r\n<meta name=\"robots\" content=\"index, follow, max-snippet:-1, max-image-preview:large, max-video-preview:-1\" \/>\r\n<link rel=\"canonical\" href=\"https:\/\/cetromedical.se\/en\/product-2\/reusable-bottles\/\" \/>\r\n<meta property=\"og:locale\" content=\"en_US\" \/>\r\n<meta property=\"og:type\" content=\"article\" \/>\r\n<meta property=\"og:title\" content=\"Flerg\u00e5ngsflaskor - Cetro Medical\" \/>\r\n<meta property=\"og:description\" content=\"Uppt\u00e4ck Flerg\u00e5ngsflaskor fr\u00e5n Cetro Medical \u2013 kvalitetss\u00e4krad medicinsk utrustning f\u00f6r p\u00e5litlig v\u00e5rd. Best\u00e4ll online och f\u00e5 snabb leverans!\" \/>\r\n<meta property=\"og:url\" content=\"https:\/\/cetromedical.se\/en\/product-2\/reusable-bottles\/\" \/>\r\n<meta property=\"og:site_name\" content=\"Cetro Medical\" \/>\r\n<meta property=\"article:modified_time\" content=\"2025-01-27T13:55:09+00:00\" \/>\r\n<meta property=\"og:image\" content=\"https:\/\/cetromedical.se\/wp-content\/uploads\/2022\/05\/14189P.png\" \/>\r\n\t<meta property=\"og:image:width\" content=\"1100\" \/>\r\n\t<meta property=\"og:image:height\" content=\"770\" \/>\r\n\t<meta property=\"og:image:type\" content=\"image\/png\" \/>\r\n<meta name=\"twitter:card\" content=\"summary_large_image\" \/>\r\n<meta name=\"twitter:label1\" content=\"Est. reading time\" \/>\n\t<meta name=\"twitter:data1\" content=\"1 minute\" \/>\r\n<script type=\"application\/ld+json\" class=\"yoast-schema-graph\">{\"@context\":\"https:\/\/schema.org\",\"@graph\":[{\"@type\":\"WebPage\",\"@id\":\"https:\/\/cetromedical.se\/produkt\/flergangsflaskor\/\",\"url\":\"https:\/\/cetromedical.se\/produkt\/flergangsflaskor\/\",\"name\":\"Flerg\u00e5ngsflaskor - Cetro Medical\",\"isPartOf\":{\"@id\":\"https:\/\/cetromedical.se\/#website\"},\"datePublished\":\"2022-12-26T13:51:41+00:00\",\"dateModified\":\"2025-01-27T13:55:09+00:00\",\"description\":\"Uppt\u00e4ck Flerg\u00e5ngsflaskor fr\u00e5n Cetro Medical \u2013 kvalitetss\u00e4krad medicinsk utrustning f\u00f6r p\u00e5litlig v\u00e5rd. Best\u00e4ll online och f\u00e5 snabb leverans!\",\"breadcrumb\":{\"@id\":\"https:\/\/cetromedical.se\/produkt\/flergangsflaskor\/#breadcrumb\"},\"inLanguage\":\"en-US\",\"potentialAction\":[{\"@type\":\"ReadAction\",\"target\":[\"https:\/\/cetromedical.se\/produkt\/flergangsflaskor\/\"]}]},{\"@type\":\"BreadcrumbList\",\"@id\":\"https:\/\/cetromedical.se\/produkt\/flergangsflaskor\/#breadcrumb\",\"itemListElement\":[{\"@type\":\"ListItem\",\"position\":1,\"name\":\"Hem\",\"item\":\"https:\/\/cetromedical.se\/\"},{\"@type\":\"ListItem\",\"position\":2,\"name\":\"Webbutik\",\"item\":\"https:\/\/cetromedical.se\/butik\/\"},{\"@type\":\"ListItem\",\"position\":3,\"name\":\"Flerg\u00e5ngsflaskor\"}]},{\"@type\":\"WebSite\",\"@id\":\"https:\/\/cetromedical.se\/#website\",\"url\":\"https:\/\/cetromedical.se\/\",\"name\":\"Cetro Medical\",\"description\":\"Quality Medical Instruments\",\"publisher\":{\"@id\":\"https:\/\/cetromedical.se\/#organization\"},\"potentialAction\":[{\"@type\":\"SearchAction\",\"target\":{\"@type\":\"EntryPoint\",\"urlTemplate\":\"https:\/\/cetromedical.se\/?s={search_term_string}\"},\"query-input\":\"required name=search_term_string\"}],\"inLanguage\":\"en-US\"},{\"@type\":\"Organization\",\"@id\":\"https:\/\/cetromedical.se\/#organization\",\"name\":\"Cetro Medical\",\"url\":\"https:\/\/cetromedical.se\/\",\"logo\":{\"@type\":\"ImageObject\",\"inLanguage\":\"en-US\",\"@id\":\"https:\/\/cetromedical.se\/#\/schema\/logo\/image\/\",\"url\":\"https:\/\/cetromedical.se\/wp-content\/uploads\/2022\/05\/Cetro-medical-285_2-1.png\",\"contentUrl\":\"https:\/\/cetromedical.se\/wp-content\/uploads\/2022\/05\/Cetro-medical-285_2-1.png\",\"width\":1317,\"height\":119,\"caption\":\"Cetro Medical\"},\"image\":{\"@id\":\"https:\/\/cetromedical.se\/#\/schema\/logo\/image\/\"}}]}<\/script>\r\n<!-- \/ Yoast SEO plugin. -->","yoast_head_json":{"title":"Flerg\u00e5ngsflaskor - Cetro Medical","description":"Uppt\u00e4ck Flerg\u00e5ngsflaskor fr\u00e5n Cetro Medical \u2013 kvalitetss\u00e4krad medicinsk utrustning f\u00f6r p\u00e5litlig v\u00e5rd. Best\u00e4ll online och f\u00e5 snabb leverans!","robots":{"index":"index","follow":"follow","max-snippet":"max-snippet:-1","max-image-preview":"max-image-preview:large","max-video-preview":"max-video-preview:-1"},"canonical":"https:\/\/cetromedical.se\/en\/product-2\/reusable-bottles\/","og_locale":"en_US","og_type":"article","og_title":"Flerg\u00e5ngsflaskor - Cetro Medical","og_description":"Uppt\u00e4ck Flerg\u00e5ngsflaskor fr\u00e5n Cetro Medical \u2013 kvalitetss\u00e4krad medicinsk utrustning f\u00f6r p\u00e5litlig v\u00e5rd. Best\u00e4ll online och f\u00e5 snabb leverans!","og_url":"https:\/\/cetromedical.se\/en\/product-2\/reusable-bottles\/","og_site_name":"Cetro Medical","article_modified_time":"2025-01-27T13:55:09+00:00","og_image":[{"width":1100,"height":770,"url":"https:\/\/cetromedical.se\/wp-content\/uploads\/2022\/05\/14189P.png","type":"image\/png"}],"twitter_card":"summary_large_image","twitter_misc":{"Est. reading time":"1 minute"},"schema":{"@context":"https:\/\/schema.org","@graph":[{"@type":"WebPage","@id":"https:\/\/cetromedical.se\/produkt\/flergangsflaskor\/","url":"https:\/\/cetromedical.se\/produkt\/flergangsflaskor\/","name":"Flerg\u00e5ngsflaskor - Cetro Medical","isPartOf":{"@id":"https:\/\/cetromedical.se\/#website"},"datePublished":"2022-12-26T13:51:41+00:00","dateModified":"2025-01-27T13:55:09+00:00","description":"Uppt\u00e4ck Flerg\u00e5ngsflaskor fr\u00e5n Cetro Medical \u2013 kvalitetss\u00e4krad medicinsk utrustning f\u00f6r p\u00e5litlig v\u00e5rd. Best\u00e4ll online och f\u00e5 snabb leverans!","breadcrumb":{"@id":"https:\/\/cetromedical.se\/produkt\/flergangsflaskor\/#breadcrumb"},"inLanguage":"en-US","potentialAction":[{"@type":"ReadAction","target":["https:\/\/cetromedical.se\/produkt\/flergangsflaskor\/"]}]},{"@type":"BreadcrumbList","@id":"https:\/\/cetromedical.se\/produkt\/flergangsflaskor\/#breadcrumb","itemListElement":[{"@type":"ListItem","position":1,"name":"Hem","item":"https:\/\/cetromedical.se\/"},{"@type":"ListItem","position":2,"name":"Webbutik","item":"https:\/\/cetromedical.se\/butik\/"},{"@type":"ListItem","position":3,"name":"Flerg\u00e5ngsflaskor"}]},{"@type":"WebSite","@id":"https:\/\/cetromedical.se\/#website","url":"https:\/\/cetromedical.se\/","name":"Cetro Medical","description":"Quality Medical Instruments","publisher":{"@id":"https:\/\/cetromedical.se\/#organization"},"potentialAction":[{"@type":"SearchAction","target":{"@type":"EntryPoint","urlTemplate":"https:\/\/cetromedical.se\/?s={search_term_string}"},"query-input":"required name=search_term_string"}],"inLanguage":"en-US"},{"@type":"Organization","@id":"https:\/\/cetromedical.se\/#organization","name":"Cetro Medical","url":"https:\/\/cetromedical.se\/","logo":{"@type":"ImageObject","inLanguage":"en-US","@id":"https:\/\/cetromedical.se\/#\/schema\/logo\/image\/","url":"https:\/\/cetromedical.se\/wp-content\/uploads\/2022\/05\/Cetro-medical-285_2-1.png","contentUrl":"https:\/\/cetromedical.se\/wp-content\/uploads\/2022\/05\/Cetro-medical-285_2-1.png","width":1317,"height":119,"caption":"Cetro Medical"},"image":{"@id":"https:\/\/cetromedical.se\/#\/schema\/logo\/image\/"}}]}},"_links":{"self":[{"href":"https:\/\/cetromedical.se\/en\/wp-json\/wp\/v2\/product\/4659","targetHints":{"allow":["GET"]}}],"collection":[{"href":"https:\/\/cetromedical.se\/en\/wp-json\/wp\/v2\/product"}],"about":[{"href":"https:\/\/cetromedical.se\/en\/wp-json\/wp\/v2\/types\/product"}],"wp:featuredmedia":[{"embeddable":true,"href":"https:\/\/cetromedical.se\/en\/wp-json\/wp\/v2\/media\/4649"}],"wp:attachment":[{"href":"https:\/\/cetromedical.se\/en\/wp-json\/wp\/v2\/media?parent=4659"}],"wp:term":[{"taxonomy":"product_cat","embeddable":true,"href":"https:\/\/cetromedical.se\/en\/wp-json\/wp\/v2\/product_cat?post=4659"},{"taxonomy":"product_tag","embeddable":true,"href":"https:\/\/cetromedical.se\/en\/wp-json\/wp\/v2\/product_tag?post=4659"}],"curies":[{"name":"wp","href":"https:\/\/api.w.org\/{rel}","templated":true}]}}