{"id":4664,"date":"2022-12-26T15:01:28","date_gmt":"2022-12-26T14:01:28","guid":{"rendered":"https:\/\/cetromedical.ljungs.nu\/?post_type=product&#038;p=4664"},"modified":"2025-11-19T14:59:01","modified_gmt":"2025-11-19T13:59:01","slug":"flergangsflaskor-i-glas","status":"publish","type":"product","link":"https:\/\/cetromedical.se\/en\/product-2\/reusable-glass-bottles\/","title":{"rendered":"Reusable glass bottles"},"content":{"rendered":"<p class=\"p1\">V\u00e5ra flerg\u00e5ngs glasflaskor f\u00f6r br\u00f6stmj\u00f6lk och mj\u00f6lkers\u00e4ttning finns i tv\u00e5 praktiska storlekar, vilket ger flexibilitet att v\u00e4lja den variant som passar b\u00e4st f\u00f6r ditt barns behov. Glasflaskorna \u00e4r h\u00e5llbara, praktiska och l\u00e4mpade f\u00f6r b\u00e5de hemmabruk och sjukhusmilj\u00f6er. De \u00e4r utformade f\u00f6r att vara enkla att reng\u00f6ra och kan \u00e5teranv\u00e4ndas m\u00e5nga g\u00e5nger.<\/p>\n<p class=\"p1\">F\u00f6r att s\u00e4kerst\u00e4lla en trygg och bekv\u00e4m matning kan flaskorna kompletteras med dinappar i olika fl\u00f6deshastigheter. Dessa nappar g\u00f6r det enkelt att anpassa matningen efter barnets sugf\u00f6rm\u00e5ga och behov, och bidrar till en smidig \u00f6verg\u00e5ng mellan amning och flaskmatning.<\/p>\n<p class=\"p1\">\u2022 Glasflaskorna \u00e4r kompatibla med SteriFeeds past\u00f6riseringsmaskiner, vilket g\u00f6r sterilisering enkel och s\u00e4ker samt hj\u00e4lper till att bevara mj\u00f6lkens kvalitet.<\/p>\n<p class=\"p3\">\u2022 Tv\u00e5 storlekar f\u00f6r att passa barnets utveckling och behov.<\/p>\n<p class=\"p3\">\u2022 Passar SteriFeeds past\u00f6riseringsmaskiner f\u00f6r enkel och s\u00e4ker sterilisering.<\/p>\n<p class=\"p3\">\u2022 Flera fl\u00f6deshastigheter p\u00e5 dinappar f\u00f6r att anpassa matningen.<\/p>\n<p class=\"p3\">\u2022 L\u00e4tta att reng\u00f6ra och diska, perfekta f\u00f6r daglig anv\u00e4ndning.<\/p>\n<p>Reusable glass bottles are available in sizes;<\/p>\n<ul>\n<li>120 ml (art. no: 15000)<\/li>\n<li>240 ml (art. no.: 15001)<\/li>\n<\/ul>\n<p>Avdelningsf\u00f6rpackning: 54 st<\/p>\n<p>Transportf\u00f6rpackning: 54 st<\/p>","protected":false},"excerpt":{"rendered":"<p>Our reusable bottles for breast milk and formula are available in several different sizes.<\/p>","protected":false},"featured_media":4645,"template":"","meta":{"inline_featured_image":false},"product_cat":[29,61],"product_tag":[],"class_list":["post-4664","product","type-product","status-publish","has-post-thumbnail","hentry","product_cat-neonatal","product_cat-flergangsflaska"],"acf":[],"yoast_head":"<!-- This site is optimized with the Yoast SEO plugin v19.9 - https:\/\/yoast.com\/wordpress\/plugins\/seo\/ -->\r\n<title>Flerg\u00e5ngsflaskor i glas - Cetro Medical<\/title>\r\n<meta name=\"description\" content=\"Uppt\u00e4ck Flerg\u00e5ngsflaskor i glas fr\u00e5n Cetro Medical \u2013 kvalitetss\u00e4krad medicinsk utrustning f\u00f6r p\u00e5litlig v\u00e5rd. Best\u00e4ll online och f\u00e5 snabb leverans!\" \/>\r\n<meta name=\"robots\" content=\"index, follow, max-snippet:-1, max-image-preview:large, max-video-preview:-1\" \/>\r\n<link rel=\"canonical\" href=\"https:\/\/cetromedical.se\/en\/product-2\/reusable-glass-bottles\/\" \/>\r\n<meta property=\"og:locale\" content=\"en_US\" \/>\r\n<meta property=\"og:type\" content=\"article\" \/>\r\n<meta property=\"og:title\" content=\"Flerg\u00e5ngsflaskor i glas - Cetro Medical\" \/>\r\n<meta property=\"og:description\" content=\"Uppt\u00e4ck Flerg\u00e5ngsflaskor i glas fr\u00e5n Cetro Medical \u2013 kvalitetss\u00e4krad medicinsk utrustning f\u00f6r p\u00e5litlig v\u00e5rd. Best\u00e4ll online och f\u00e5 snabb leverans!\" \/>\r\n<meta property=\"og:url\" content=\"https:\/\/cetromedical.se\/en\/product-2\/reusable-glass-bottles\/\" \/>\r\n<meta property=\"og:site_name\" content=\"Cetro Medical\" \/>\r\n<meta property=\"article:modified_time\" content=\"2025-11-19T13:59:01+00:00\" \/>\r\n<meta property=\"og:image\" content=\"https:\/\/cetromedical.se\/wp-content\/uploads\/2022\/05\/15000.png\" \/>\r\n\t<meta property=\"og:image:width\" content=\"1100\" \/>\r\n\t<meta property=\"og:image:height\" content=\"770\" \/>\r\n\t<meta property=\"og:image:type\" content=\"image\/png\" \/>\r\n<meta name=\"twitter:card\" content=\"summary_large_image\" \/>\r\n<meta name=\"twitter:label1\" content=\"Est. reading time\" \/>\n\t<meta name=\"twitter:data1\" content=\"1 minute\" \/>\r\n<script type=\"application\/ld+json\" class=\"yoast-schema-graph\">{\"@context\":\"https:\/\/schema.org\",\"@graph\":[{\"@type\":\"WebPage\",\"@id\":\"https:\/\/cetromedical.se\/produkt\/flergangsflaskor-i-glas\/\",\"url\":\"https:\/\/cetromedical.se\/produkt\/flergangsflaskor-i-glas\/\",\"name\":\"Flerg\u00e5ngsflaskor i glas - Cetro Medical\",\"isPartOf\":{\"@id\":\"https:\/\/cetromedical.se\/#website\"},\"datePublished\":\"2022-12-26T14:01:28+00:00\",\"dateModified\":\"2025-11-19T13:59:01+00:00\",\"description\":\"Uppt\u00e4ck Flerg\u00e5ngsflaskor i glas fr\u00e5n Cetro Medical \u2013 kvalitetss\u00e4krad medicinsk utrustning f\u00f6r p\u00e5litlig v\u00e5rd. Best\u00e4ll online och f\u00e5 snabb leverans!\",\"breadcrumb\":{\"@id\":\"https:\/\/cetromedical.se\/produkt\/flergangsflaskor-i-glas\/#breadcrumb\"},\"inLanguage\":\"en-US\",\"potentialAction\":[{\"@type\":\"ReadAction\",\"target\":[\"https:\/\/cetromedical.se\/produkt\/flergangsflaskor-i-glas\/\"]}]},{\"@type\":\"BreadcrumbList\",\"@id\":\"https:\/\/cetromedical.se\/produkt\/flergangsflaskor-i-glas\/#breadcrumb\",\"itemListElement\":[{\"@type\":\"ListItem\",\"position\":1,\"name\":\"Hem\",\"item\":\"https:\/\/cetromedical.se\/\"},{\"@type\":\"ListItem\",\"position\":2,\"name\":\"Webbutik\",\"item\":\"https:\/\/cetromedical.se\/butik\/\"},{\"@type\":\"ListItem\",\"position\":3,\"name\":\"Flerg\u00e5ngsflaskor i glas\"}]},{\"@type\":\"WebSite\",\"@id\":\"https:\/\/cetromedical.se\/#website\",\"url\":\"https:\/\/cetromedical.se\/\",\"name\":\"Cetro Medical\",\"description\":\"Quality Medical Instruments\",\"publisher\":{\"@id\":\"https:\/\/cetromedical.se\/#organization\"},\"potentialAction\":[{\"@type\":\"SearchAction\",\"target\":{\"@type\":\"EntryPoint\",\"urlTemplate\":\"https:\/\/cetromedical.se\/?s={search_term_string}\"},\"query-input\":\"required name=search_term_string\"}],\"inLanguage\":\"en-US\"},{\"@type\":\"Organization\",\"@id\":\"https:\/\/cetromedical.se\/#organization\",\"name\":\"Cetro Medical\",\"url\":\"https:\/\/cetromedical.se\/\",\"logo\":{\"@type\":\"ImageObject\",\"inLanguage\":\"en-US\",\"@id\":\"https:\/\/cetromedical.se\/#\/schema\/logo\/image\/\",\"url\":\"https:\/\/cetromedical.se\/wp-content\/uploads\/2022\/05\/Cetro-medical-285_2-1.png\",\"contentUrl\":\"https:\/\/cetromedical.se\/wp-content\/uploads\/2022\/05\/Cetro-medical-285_2-1.png\",\"width\":1317,\"height\":119,\"caption\":\"Cetro Medical\"},\"image\":{\"@id\":\"https:\/\/cetromedical.se\/#\/schema\/logo\/image\/\"}}]}<\/script>\r\n<!-- \/ Yoast SEO plugin. -->","yoast_head_json":{"title":"Flerg\u00e5ngsflaskor i glas - Cetro Medical","description":"Uppt\u00e4ck Flerg\u00e5ngsflaskor i glas fr\u00e5n Cetro Medical \u2013 kvalitetss\u00e4krad medicinsk utrustning f\u00f6r p\u00e5litlig v\u00e5rd. Best\u00e4ll online och f\u00e5 snabb leverans!","robots":{"index":"index","follow":"follow","max-snippet":"max-snippet:-1","max-image-preview":"max-image-preview:large","max-video-preview":"max-video-preview:-1"},"canonical":"https:\/\/cetromedical.se\/en\/product-2\/reusable-glass-bottles\/","og_locale":"en_US","og_type":"article","og_title":"Flerg\u00e5ngsflaskor i glas - Cetro Medical","og_description":"Uppt\u00e4ck Flerg\u00e5ngsflaskor i glas fr\u00e5n Cetro Medical \u2013 kvalitetss\u00e4krad medicinsk utrustning f\u00f6r p\u00e5litlig v\u00e5rd. Best\u00e4ll online och f\u00e5 snabb leverans!","og_url":"https:\/\/cetromedical.se\/en\/product-2\/reusable-glass-bottles\/","og_site_name":"Cetro Medical","article_modified_time":"2025-11-19T13:59:01+00:00","og_image":[{"width":1100,"height":770,"url":"https:\/\/cetromedical.se\/wp-content\/uploads\/2022\/05\/15000.png","type":"image\/png"}],"twitter_card":"summary_large_image","twitter_misc":{"Est. reading time":"1 minute"},"schema":{"@context":"https:\/\/schema.org","@graph":[{"@type":"WebPage","@id":"https:\/\/cetromedical.se\/produkt\/flergangsflaskor-i-glas\/","url":"https:\/\/cetromedical.se\/produkt\/flergangsflaskor-i-glas\/","name":"Flerg\u00e5ngsflaskor i glas - Cetro Medical","isPartOf":{"@id":"https:\/\/cetromedical.se\/#website"},"datePublished":"2022-12-26T14:01:28+00:00","dateModified":"2025-11-19T13:59:01+00:00","description":"Uppt\u00e4ck Flerg\u00e5ngsflaskor i glas fr\u00e5n Cetro Medical \u2013 kvalitetss\u00e4krad medicinsk utrustning f\u00f6r p\u00e5litlig v\u00e5rd. Best\u00e4ll online och f\u00e5 snabb leverans!","breadcrumb":{"@id":"https:\/\/cetromedical.se\/produkt\/flergangsflaskor-i-glas\/#breadcrumb"},"inLanguage":"en-US","potentialAction":[{"@type":"ReadAction","target":["https:\/\/cetromedical.se\/produkt\/flergangsflaskor-i-glas\/"]}]},{"@type":"BreadcrumbList","@id":"https:\/\/cetromedical.se\/produkt\/flergangsflaskor-i-glas\/#breadcrumb","itemListElement":[{"@type":"ListItem","position":1,"name":"Hem","item":"https:\/\/cetromedical.se\/"},{"@type":"ListItem","position":2,"name":"Webbutik","item":"https:\/\/cetromedical.se\/butik\/"},{"@type":"ListItem","position":3,"name":"Flerg\u00e5ngsflaskor i glas"}]},{"@type":"WebSite","@id":"https:\/\/cetromedical.se\/#website","url":"https:\/\/cetromedical.se\/","name":"Cetro Medical","description":"Quality Medical Instruments","publisher":{"@id":"https:\/\/cetromedical.se\/#organization"},"potentialAction":[{"@type":"SearchAction","target":{"@type":"EntryPoint","urlTemplate":"https:\/\/cetromedical.se\/?s={search_term_string}"},"query-input":"required name=search_term_string"}],"inLanguage":"en-US"},{"@type":"Organization","@id":"https:\/\/cetromedical.se\/#organization","name":"Cetro Medical","url":"https:\/\/cetromedical.se\/","logo":{"@type":"ImageObject","inLanguage":"en-US","@id":"https:\/\/cetromedical.se\/#\/schema\/logo\/image\/","url":"https:\/\/cetromedical.se\/wp-content\/uploads\/2022\/05\/Cetro-medical-285_2-1.png","contentUrl":"https:\/\/cetromedical.se\/wp-content\/uploads\/2022\/05\/Cetro-medical-285_2-1.png","width":1317,"height":119,"caption":"Cetro Medical"},"image":{"@id":"https:\/\/cetromedical.se\/#\/schema\/logo\/image\/"}}]}},"_links":{"self":[{"href":"https:\/\/cetromedical.se\/en\/wp-json\/wp\/v2\/product\/4664","targetHints":{"allow":["GET"]}}],"collection":[{"href":"https:\/\/cetromedical.se\/en\/wp-json\/wp\/v2\/product"}],"about":[{"href":"https:\/\/cetromedical.se\/en\/wp-json\/wp\/v2\/types\/product"}],"wp:featuredmedia":[{"embeddable":true,"href":"https:\/\/cetromedical.se\/en\/wp-json\/wp\/v2\/media\/4645"}],"wp:attachment":[{"href":"https:\/\/cetromedical.se\/en\/wp-json\/wp\/v2\/media?parent=4664"}],"wp:term":[{"taxonomy":"product_cat","embeddable":true,"href":"https:\/\/cetromedical.se\/en\/wp-json\/wp\/v2\/product_cat?post=4664"},{"taxonomy":"product_tag","embeddable":true,"href":"https:\/\/cetromedical.se\/en\/wp-json\/wp\/v2\/product_tag?post=4664"}],"curies":[{"name":"wp","href":"https:\/\/api.w.org\/{rel}","templated":true}]}}