{"id":6405,"date":"2023-05-31T09:00:35","date_gmt":"2023-05-31T07:00:35","guid":{"rendered":"https:\/\/cetromedical.se\/?post_type=product&#038;p=6405"},"modified":"2025-02-18T15:07:38","modified_gmt":"2025-02-18T14:07:38","slug":"vagipress-massiv","status":"publish","type":"product","link":"https:\/\/cetromedical.se\/en\/product-2\/vagipress-massive\/","title":{"rendered":"VagiPress\u00ae Solid"},"content":{"rendered":"<p class=\"p1\"><span class=\"s1\"><span style=\"vertical-align: inherit;\"><span style=\"vertical-align: inherit;\"><a href=\"https:\/\/cetromedical.se\/en\/archive-2\/\">ARCHIVE: Product sheet and IFU\/Instruction for use<\/a><\/span><\/span><\/span><\/p>\n<p class=\"p1\"><span class=\"s1\"><span style=\"vertical-align: inherit;\"><span style=\"vertical-align: inherit;\">VagiPress Massiv is a vaginal depressor for single use.<\/span><\/span><\/span><span style=\"vertical-align: inherit;\"><span style=\"vertical-align: inherit;\"> Can be advantageously used with a two-part speculum.<\/span><\/span><\/p>\n<p class=\"p2\"><span style=\"vertical-align: inherit;\"><span style=\"vertical-align: inherit;\">By using a depressor at the same time as a two-part speculum, the doctor can create more space and better exposure of the examination area. This improves visibility and accessibility to perform accurate and complete investigations.<\/span><\/span><\/p>\n<p class=\"p2\"><span style=\"vertical-align: inherit;\"><span style=\"vertical-align: inherit;\">By using a depressor, the doctor can guide the tissue to minimize discomfort to the patient during the examination. It can also facilitate the insertion of the speculum by creating more space and aligning it in a more comfortable way.<\/span><\/span><\/p>\n<p class=\"p3\"><span style=\"vertical-align: inherit;\"><span style=\"vertical-align: inherit;\">The improved visibility and accessibility achieved by using both speculum and depressor can increase the physician's ability to detect any abnormalities or pathologies in the examination area, leading to a higher diagnostic accuracy. In conclusion, the use of both a two-piece speculum and a depressor can improve both the physician's ability to perform accurate examinations and the patient's experience by reducing discomfort and increasing visibility and accessibility of the examination area.<\/span><\/span><\/p>\n<p><span style=\"vertical-align: inherit;\"><span style=\"vertical-align: inherit;\">It is available in two variants solid and loop<\/span><\/span><\/p>\n<p><span style=\"vertical-align: inherit;\"><span style=\"vertical-align: inherit;\">Available in 3 different designs: White, Transparent and individually packaged<\/span><\/span><\/p>\n<ul>\n<li><span style=\"vertical-align: inherit;\"><span style=\"vertical-align: inherit;\">Stable construction<\/span><\/span><\/li>\n<li><span style=\"vertical-align: inherit;\"><span style=\"vertical-align: inherit;\">Grip friendly<\/span><\/span><\/li>\n<li><span style=\"vertical-align: inherit;\"><span style=\"vertical-align: inherit;\">Different sizes of spatulas<\/span><\/span><\/li>\n<li><span style=\"vertical-align: inherit;\"><span style=\"vertical-align: inherit;\">Can be advantageously used in combination with 1320 and 1322 as the notch in the depressor is threaded over the side edge of the speculum, whereby both instruments can be operated with one hand.<\/span><\/span><\/li>\n<li>\n<p class=\"p1\"><span style=\"vertical-align: inherit;\"><span style=\"vertical-align: inherit;\">To have two hands free, place the Vagipress on the edge of the Vagispec so that it sticks there.<\/span><\/span><\/p>\n<\/li>\n<\/ul>","protected":false},"excerpt":{"rendered":"<p>VagiPress\u00ae Massiv is a disposable vaginal depressor.<\/p>","protected":false},"featured_media":9085,"template":"","meta":{"inline_featured_image":false},"product_cat":[25,50],"product_tag":[],"class_list":["post-6405","product","type-product","status-publish","has-post-thumbnail","hentry","product_cat-gynekologi","product_cat-ovrigt"],"acf":[],"yoast_head":"<!-- This site is optimized with the Yoast SEO plugin v19.9 - https:\/\/yoast.com\/wordpress\/plugins\/seo\/ -->\r\n<title>VagiPress\u00ae Massiv Vaginaldepressor | Cetro Medical<\/title>\r\n<meta name=\"description\" content=\"Uppt\u00e4ck VagiPress\u00ae Massiv Vaginaldepressor \u2013 kvalitetss\u00e4krad medicinsk utrustning f\u00f6r p\u00e5litlig v\u00e5rd. Best\u00e4ll online och f\u00e5 snabb leverans!\" \/>\r\n<meta name=\"robots\" content=\"index, follow, max-snippet:-1, max-image-preview:large, max-video-preview:-1\" \/>\r\n<link rel=\"canonical\" href=\"https:\/\/cetromedical.se\/en\/product-2\/vagipress-massive\/\" \/>\r\n<meta property=\"og:locale\" content=\"en_US\" \/>\r\n<meta property=\"og:type\" content=\"article\" \/>\r\n<meta property=\"og:title\" content=\"VagiPress\u00ae Massiv Vaginaldepressor | Cetro Medical\" \/>\r\n<meta property=\"og:description\" content=\"Uppt\u00e4ck VagiPress\u00ae Massiv Vaginaldepressor \u2013 kvalitetss\u00e4krad medicinsk utrustning f\u00f6r p\u00e5litlig v\u00e5rd. Best\u00e4ll online och f\u00e5 snabb leverans!\" \/>\r\n<meta property=\"og:url\" content=\"https:\/\/cetromedical.se\/en\/product-2\/vagipress-massive\/\" \/>\r\n<meta property=\"og:site_name\" content=\"Cetro Medical\" \/>\r\n<meta property=\"article:modified_time\" content=\"2025-02-18T14:07:38+00:00\" \/>\r\n<meta property=\"og:image\" content=\"https:\/\/cetromedical.se\/wp-content\/uploads\/2025\/01\/VagiPress\u00ae-Massiv-1422.png\" \/>\r\n\t<meta property=\"og:image:width\" content=\"1100\" \/>\r\n\t<meta property=\"og:image:height\" content=\"770\" \/>\r\n\t<meta property=\"og:image:type\" content=\"image\/png\" \/>\r\n<meta name=\"twitter:card\" content=\"summary_large_image\" \/>\r\n<meta name=\"twitter:label1\" content=\"Est. reading time\" \/>\n\t<meta name=\"twitter:data1\" content=\"2 minutes\" \/>\r\n<script type=\"application\/ld+json\" class=\"yoast-schema-graph\">{\"@context\":\"https:\/\/schema.org\",\"@graph\":[{\"@type\":\"WebPage\",\"@id\":\"https:\/\/cetromedical.se\/produkt\/vagipress-massiv\/\",\"url\":\"https:\/\/cetromedical.se\/produkt\/vagipress-massiv\/\",\"name\":\"VagiPress\u00ae Massiv Vaginaldepressor | Cetro Medical\",\"isPartOf\":{\"@id\":\"https:\/\/cetromedical.se\/#website\"},\"datePublished\":\"2023-05-31T07:00:35+00:00\",\"dateModified\":\"2025-02-18T14:07:38+00:00\",\"description\":\"Uppt\u00e4ck VagiPress\u00ae Massiv Vaginaldepressor \u2013 kvalitetss\u00e4krad medicinsk utrustning f\u00f6r p\u00e5litlig v\u00e5rd. Best\u00e4ll online och f\u00e5 snabb leverans!\",\"breadcrumb\":{\"@id\":\"https:\/\/cetromedical.se\/produkt\/vagipress-massiv\/#breadcrumb\"},\"inLanguage\":\"en-US\",\"potentialAction\":[{\"@type\":\"ReadAction\",\"target\":[\"https:\/\/cetromedical.se\/produkt\/vagipress-massiv\/\"]}]},{\"@type\":\"BreadcrumbList\",\"@id\":\"https:\/\/cetromedical.se\/produkt\/vagipress-massiv\/#breadcrumb\",\"itemListElement\":[{\"@type\":\"ListItem\",\"position\":1,\"name\":\"Hem\",\"item\":\"https:\/\/cetromedical.se\/\"},{\"@type\":\"ListItem\",\"position\":2,\"name\":\"Webbutik\",\"item\":\"https:\/\/cetromedical.se\/butik\/\"},{\"@type\":\"ListItem\",\"position\":3,\"name\":\"VagiPress\u00ae Massiv\"}]},{\"@type\":\"WebSite\",\"@id\":\"https:\/\/cetromedical.se\/#website\",\"url\":\"https:\/\/cetromedical.se\/\",\"name\":\"Cetro Medical\",\"description\":\"Quality Medical Instruments\",\"publisher\":{\"@id\":\"https:\/\/cetromedical.se\/#organization\"},\"potentialAction\":[{\"@type\":\"SearchAction\",\"target\":{\"@type\":\"EntryPoint\",\"urlTemplate\":\"https:\/\/cetromedical.se\/?s={search_term_string}\"},\"query-input\":\"required name=search_term_string\"}],\"inLanguage\":\"en-US\"},{\"@type\":\"Organization\",\"@id\":\"https:\/\/cetromedical.se\/#organization\",\"name\":\"Cetro Medical\",\"url\":\"https:\/\/cetromedical.se\/\",\"logo\":{\"@type\":\"ImageObject\",\"inLanguage\":\"en-US\",\"@id\":\"https:\/\/cetromedical.se\/#\/schema\/logo\/image\/\",\"url\":\"https:\/\/cetromedical.se\/wp-content\/uploads\/2022\/05\/Cetro-medical-285_2-1.png\",\"contentUrl\":\"https:\/\/cetromedical.se\/wp-content\/uploads\/2022\/05\/Cetro-medical-285_2-1.png\",\"width\":1317,\"height\":119,\"caption\":\"Cetro Medical\"},\"image\":{\"@id\":\"https:\/\/cetromedical.se\/#\/schema\/logo\/image\/\"}}]}<\/script>\r\n<!-- \/ Yoast SEO plugin. -->","yoast_head_json":{"title":"VagiPress\u00ae Massiv Vaginaldepressor | Cetro Medical","description":"Uppt\u00e4ck VagiPress\u00ae Massiv Vaginaldepressor \u2013 kvalitetss\u00e4krad medicinsk utrustning f\u00f6r p\u00e5litlig v\u00e5rd. Best\u00e4ll online och f\u00e5 snabb leverans!","robots":{"index":"index","follow":"follow","max-snippet":"max-snippet:-1","max-image-preview":"max-image-preview:large","max-video-preview":"max-video-preview:-1"},"canonical":"https:\/\/cetromedical.se\/en\/product-2\/vagipress-massive\/","og_locale":"en_US","og_type":"article","og_title":"VagiPress\u00ae Massiv Vaginaldepressor | Cetro Medical","og_description":"Uppt\u00e4ck VagiPress\u00ae Massiv Vaginaldepressor \u2013 kvalitetss\u00e4krad medicinsk utrustning f\u00f6r p\u00e5litlig v\u00e5rd. Best\u00e4ll online och f\u00e5 snabb leverans!","og_url":"https:\/\/cetromedical.se\/en\/product-2\/vagipress-massive\/","og_site_name":"Cetro Medical","article_modified_time":"2025-02-18T14:07:38+00:00","og_image":[{"width":1100,"height":770,"url":"https:\/\/cetromedical.se\/wp-content\/uploads\/2025\/01\/VagiPress\u00ae-Massiv-1422.png","type":"image\/png"}],"twitter_card":"summary_large_image","twitter_misc":{"Est. reading time":"2 minutes"},"schema":{"@context":"https:\/\/schema.org","@graph":[{"@type":"WebPage","@id":"https:\/\/cetromedical.se\/produkt\/vagipress-massiv\/","url":"https:\/\/cetromedical.se\/produkt\/vagipress-massiv\/","name":"VagiPress\u00ae Massiv Vaginaldepressor | Cetro Medical","isPartOf":{"@id":"https:\/\/cetromedical.se\/#website"},"datePublished":"2023-05-31T07:00:35+00:00","dateModified":"2025-02-18T14:07:38+00:00","description":"Uppt\u00e4ck VagiPress\u00ae Massiv Vaginaldepressor \u2013 kvalitetss\u00e4krad medicinsk utrustning f\u00f6r p\u00e5litlig v\u00e5rd. Best\u00e4ll online och f\u00e5 snabb leverans!","breadcrumb":{"@id":"https:\/\/cetromedical.se\/produkt\/vagipress-massiv\/#breadcrumb"},"inLanguage":"en-US","potentialAction":[{"@type":"ReadAction","target":["https:\/\/cetromedical.se\/produkt\/vagipress-massiv\/"]}]},{"@type":"BreadcrumbList","@id":"https:\/\/cetromedical.se\/produkt\/vagipress-massiv\/#breadcrumb","itemListElement":[{"@type":"ListItem","position":1,"name":"Hem","item":"https:\/\/cetromedical.se\/"},{"@type":"ListItem","position":2,"name":"Webbutik","item":"https:\/\/cetromedical.se\/butik\/"},{"@type":"ListItem","position":3,"name":"VagiPress\u00ae Massiv"}]},{"@type":"WebSite","@id":"https:\/\/cetromedical.se\/#website","url":"https:\/\/cetromedical.se\/","name":"Cetro Medical","description":"Quality Medical Instruments","publisher":{"@id":"https:\/\/cetromedical.se\/#organization"},"potentialAction":[{"@type":"SearchAction","target":{"@type":"EntryPoint","urlTemplate":"https:\/\/cetromedical.se\/?s={search_term_string}"},"query-input":"required name=search_term_string"}],"inLanguage":"en-US"},{"@type":"Organization","@id":"https:\/\/cetromedical.se\/#organization","name":"Cetro Medical","url":"https:\/\/cetromedical.se\/","logo":{"@type":"ImageObject","inLanguage":"en-US","@id":"https:\/\/cetromedical.se\/#\/schema\/logo\/image\/","url":"https:\/\/cetromedical.se\/wp-content\/uploads\/2022\/05\/Cetro-medical-285_2-1.png","contentUrl":"https:\/\/cetromedical.se\/wp-content\/uploads\/2022\/05\/Cetro-medical-285_2-1.png","width":1317,"height":119,"caption":"Cetro Medical"},"image":{"@id":"https:\/\/cetromedical.se\/#\/schema\/logo\/image\/"}}]}},"_links":{"self":[{"href":"https:\/\/cetromedical.se\/en\/wp-json\/wp\/v2\/product\/6405","targetHints":{"allow":["GET"]}}],"collection":[{"href":"https:\/\/cetromedical.se\/en\/wp-json\/wp\/v2\/product"}],"about":[{"href":"https:\/\/cetromedical.se\/en\/wp-json\/wp\/v2\/types\/product"}],"wp:featuredmedia":[{"embeddable":true,"href":"https:\/\/cetromedical.se\/en\/wp-json\/wp\/v2\/media\/9085"}],"wp:attachment":[{"href":"https:\/\/cetromedical.se\/en\/wp-json\/wp\/v2\/media?parent=6405"}],"wp:term":[{"taxonomy":"product_cat","embeddable":true,"href":"https:\/\/cetromedical.se\/en\/wp-json\/wp\/v2\/product_cat?post=6405"},{"taxonomy":"product_tag","embeddable":true,"href":"https:\/\/cetromedical.se\/en\/wp-json\/wp\/v2\/product_tag?post=6405"}],"curies":[{"name":"wp","href":"https:\/\/api.w.org\/{rel}","templated":true}]}}