{"id":6429,"date":"2023-07-03T16:51:04","date_gmt":"2023-07-03T14:51:04","guid":{"rendered":"https:\/\/cetromedical.se\/?post_type=product&#038;p=6429"},"modified":"2025-04-02T08:51:09","modified_gmt":"2025-04-02T06:51:09","slug":"cetro-proctoscope-medium-lume","status":"publish","type":"product","link":"https:\/\/cetromedical.se\/en\/product-2\/cetro-proctoscope-medium-lume\/","title":{"rendered":"CETRO\u00ae Proctoscope Medium Lume"},"content":{"rendered":"<p><span class=\"s1\">The proctoscope with lamp holder is a disposable, glass-clear instrument. The proctoscope is ergonomic and\u00a0<\/span><span class=\"s1\">functionally designed for the benefit of the examiner and the patient. Light adapter\u00a0<\/span><span class=\"s1\">disposable with battery 1528B for the proctoscope provides a very bright light while avoiding cleaning. In contrast to reusable light adapters, it always provides optimal light and eliminates the risk of disappearing.<\/span><\/p>\n<p>Available in sizes Small, Medium and Large.<\/p>\n<ul>\n<li>Stable construction<\/li>\n<li>Easy to grip<\/li>\n<li>Lamp holder for fiber light adapter<\/li>\n<li>Optimal light image at the distal end of the proctoscope<\/li>\n<li>Smoothly rounded edges<\/li>\n<li>An almost imperceptible transition between shaft and piston,<br \/>\nresulting in minimal discomfort for the patient<\/li>\n<\/ul>\n<h4>Packaging<\/h4>\n<ul>\n<li>\n<ul>\n<li>Divisional packaging: 25 pieces<\/li>\n<li>Transport packaging: 150 pcs<\/li>\n<\/ul>\n<\/li>\n<\/ul>","protected":false},"excerpt":{"rendered":"<p>The proctoscope with lamp holder is a disposable instrument in crystal clear. The proctoscope is ergonomically and functionally designed for the benefit of the examiner and the patient. The disposable light adapter with battery 1528B for the proctoscope provides a very bright light while avoiding cleaning. In contrast to reusable light adapters, it always provides optimal light and removes the risk of disappearing. Available in sizes [...]<\/p>","protected":false},"featured_media":10323,"template":"","meta":{"inline_featured_image":false},"product_cat":[30,67],"product_tag":[],"class_list":["post-6429","product","type-product","status-publish","has-post-thumbnail","hentry","product_cat-kolorektal-kirurgi","product_cat-proktoskop"],"acf":[],"yoast_head":"<!-- This site is optimized with the Yoast SEO plugin v19.9 - https:\/\/yoast.com\/wordpress\/plugins\/seo\/ -->\r\n<title>CETRO\u00ae Proctoscope Medium Lume - Cetro Medical<\/title>\r\n<meta name=\"description\" content=\"Uppt\u00e4ck CETRO\u00ae Proctoscope Medium Lume fr\u00e5n Cetro Medical \u2013 kvalitetss\u00e4krad medicinsk utrustning f\u00f6r p\u00e5litlig v\u00e5rd. Best\u00e4ll online och f\u00e5 snabb leverans!\" \/>\r\n<meta name=\"robots\" content=\"index, follow, max-snippet:-1, max-image-preview:large, max-video-preview:-1\" \/>\r\n<link rel=\"canonical\" href=\"https:\/\/cetromedical.se\/en\/product-2\/cetro-proctoscope-medium-lume\/\" \/>\r\n<meta property=\"og:locale\" content=\"en_US\" \/>\r\n<meta property=\"og:type\" content=\"article\" \/>\r\n<meta property=\"og:title\" content=\"CETRO\u00ae Proctoscope Medium Lume - Cetro Medical\" \/>\r\n<meta property=\"og:description\" content=\"Uppt\u00e4ck CETRO\u00ae Proctoscope Medium Lume fr\u00e5n Cetro Medical \u2013 kvalitetss\u00e4krad medicinsk utrustning f\u00f6r p\u00e5litlig v\u00e5rd. Best\u00e4ll online och f\u00e5 snabb leverans!\" \/>\r\n<meta property=\"og:url\" content=\"https:\/\/cetromedical.se\/en\/product-2\/cetro-proctoscope-medium-lume\/\" \/>\r\n<meta property=\"og:site_name\" content=\"Cetro Medical\" \/>\r\n<meta property=\"article:modified_time\" content=\"2025-04-02T06:51:09+00:00\" \/>\r\n<meta property=\"og:image\" content=\"https:\/\/cetromedical.se\/wp-content\/uploads\/2025\/04\/CETRO-Proctoscope-Medium-Lume-1522_L_1528B.png\" \/>\r\n\t<meta property=\"og:image:width\" content=\"1100\" \/>\r\n\t<meta property=\"og:image:height\" content=\"770\" \/>\r\n\t<meta property=\"og:image:type\" content=\"image\/png\" \/>\r\n<meta name=\"twitter:card\" content=\"summary_large_image\" \/>\r\n<meta name=\"twitter:label1\" content=\"Est. reading time\" \/>\n\t<meta name=\"twitter:data1\" content=\"1 minute\" \/>\r\n<script type=\"application\/ld+json\" class=\"yoast-schema-graph\">{\"@context\":\"https:\/\/schema.org\",\"@graph\":[{\"@type\":\"WebPage\",\"@id\":\"https:\/\/cetromedical.se\/produkt\/cetro-proctoscope-medium-lume\/\",\"url\":\"https:\/\/cetromedical.se\/produkt\/cetro-proctoscope-medium-lume\/\",\"name\":\"CETRO\u00ae Proctoscope Medium Lume - Cetro Medical\",\"isPartOf\":{\"@id\":\"https:\/\/cetromedical.se\/#website\"},\"datePublished\":\"2023-07-03T14:51:04+00:00\",\"dateModified\":\"2025-04-02T06:51:09+00:00\",\"description\":\"Uppt\u00e4ck CETRO\u00ae Proctoscope Medium Lume fr\u00e5n Cetro Medical \u2013 kvalitetss\u00e4krad medicinsk utrustning f\u00f6r p\u00e5litlig v\u00e5rd. Best\u00e4ll online och f\u00e5 snabb leverans!\",\"breadcrumb\":{\"@id\":\"https:\/\/cetromedical.se\/produkt\/cetro-proctoscope-medium-lume\/#breadcrumb\"},\"inLanguage\":\"en-US\",\"potentialAction\":[{\"@type\":\"ReadAction\",\"target\":[\"https:\/\/cetromedical.se\/produkt\/cetro-proctoscope-medium-lume\/\"]}]},{\"@type\":\"BreadcrumbList\",\"@id\":\"https:\/\/cetromedical.se\/produkt\/cetro-proctoscope-medium-lume\/#breadcrumb\",\"itemListElement\":[{\"@type\":\"ListItem\",\"position\":1,\"name\":\"Hem\",\"item\":\"https:\/\/cetromedical.se\/\"},{\"@type\":\"ListItem\",\"position\":2,\"name\":\"Webbutik\",\"item\":\"https:\/\/cetromedical.se\/butik\/\"},{\"@type\":\"ListItem\",\"position\":3,\"name\":\"CETRO\u00ae Proctoscope Medium Lume\"}]},{\"@type\":\"WebSite\",\"@id\":\"https:\/\/cetromedical.se\/#website\",\"url\":\"https:\/\/cetromedical.se\/\",\"name\":\"Cetro Medical\",\"description\":\"Quality Medical Instruments\",\"publisher\":{\"@id\":\"https:\/\/cetromedical.se\/#organization\"},\"potentialAction\":[{\"@type\":\"SearchAction\",\"target\":{\"@type\":\"EntryPoint\",\"urlTemplate\":\"https:\/\/cetromedical.se\/?s={search_term_string}\"},\"query-input\":\"required name=search_term_string\"}],\"inLanguage\":\"en-US\"},{\"@type\":\"Organization\",\"@id\":\"https:\/\/cetromedical.se\/#organization\",\"name\":\"Cetro Medical\",\"url\":\"https:\/\/cetromedical.se\/\",\"logo\":{\"@type\":\"ImageObject\",\"inLanguage\":\"en-US\",\"@id\":\"https:\/\/cetromedical.se\/#\/schema\/logo\/image\/\",\"url\":\"https:\/\/cetromedical.se\/wp-content\/uploads\/2022\/05\/Cetro-medical-285_2-1.png\",\"contentUrl\":\"https:\/\/cetromedical.se\/wp-content\/uploads\/2022\/05\/Cetro-medical-285_2-1.png\",\"width\":1317,\"height\":119,\"caption\":\"Cetro Medical\"},\"image\":{\"@id\":\"https:\/\/cetromedical.se\/#\/schema\/logo\/image\/\"}}]}<\/script>\r\n<!-- \/ Yoast SEO plugin. -->","yoast_head_json":{"title":"CETRO\u00ae Proctoscope Medium Lume - Cetro Medical","description":"Uppt\u00e4ck CETRO\u00ae Proctoscope Medium Lume fr\u00e5n Cetro Medical \u2013 kvalitetss\u00e4krad medicinsk utrustning f\u00f6r p\u00e5litlig v\u00e5rd. Best\u00e4ll online och f\u00e5 snabb leverans!","robots":{"index":"index","follow":"follow","max-snippet":"max-snippet:-1","max-image-preview":"max-image-preview:large","max-video-preview":"max-video-preview:-1"},"canonical":"https:\/\/cetromedical.se\/en\/product-2\/cetro-proctoscope-medium-lume\/","og_locale":"en_US","og_type":"article","og_title":"CETRO\u00ae Proctoscope Medium Lume - Cetro Medical","og_description":"Uppt\u00e4ck CETRO\u00ae Proctoscope Medium Lume fr\u00e5n Cetro Medical \u2013 kvalitetss\u00e4krad medicinsk utrustning f\u00f6r p\u00e5litlig v\u00e5rd. Best\u00e4ll online och f\u00e5 snabb leverans!","og_url":"https:\/\/cetromedical.se\/en\/product-2\/cetro-proctoscope-medium-lume\/","og_site_name":"Cetro Medical","article_modified_time":"2025-04-02T06:51:09+00:00","og_image":[{"width":1100,"height":770,"url":"https:\/\/cetromedical.se\/wp-content\/uploads\/2025\/04\/CETRO-Proctoscope-Medium-Lume-1522_L_1528B.png","type":"image\/png"}],"twitter_card":"summary_large_image","twitter_misc":{"Est. reading time":"1 minute"},"schema":{"@context":"https:\/\/schema.org","@graph":[{"@type":"WebPage","@id":"https:\/\/cetromedical.se\/produkt\/cetro-proctoscope-medium-lume\/","url":"https:\/\/cetromedical.se\/produkt\/cetro-proctoscope-medium-lume\/","name":"CETRO\u00ae Proctoscope Medium Lume - Cetro Medical","isPartOf":{"@id":"https:\/\/cetromedical.se\/#website"},"datePublished":"2023-07-03T14:51:04+00:00","dateModified":"2025-04-02T06:51:09+00:00","description":"Uppt\u00e4ck CETRO\u00ae Proctoscope Medium Lume fr\u00e5n Cetro Medical \u2013 kvalitetss\u00e4krad medicinsk utrustning f\u00f6r p\u00e5litlig v\u00e5rd. Best\u00e4ll online och f\u00e5 snabb leverans!","breadcrumb":{"@id":"https:\/\/cetromedical.se\/produkt\/cetro-proctoscope-medium-lume\/#breadcrumb"},"inLanguage":"en-US","potentialAction":[{"@type":"ReadAction","target":["https:\/\/cetromedical.se\/produkt\/cetro-proctoscope-medium-lume\/"]}]},{"@type":"BreadcrumbList","@id":"https:\/\/cetromedical.se\/produkt\/cetro-proctoscope-medium-lume\/#breadcrumb","itemListElement":[{"@type":"ListItem","position":1,"name":"Hem","item":"https:\/\/cetromedical.se\/"},{"@type":"ListItem","position":2,"name":"Webbutik","item":"https:\/\/cetromedical.se\/butik\/"},{"@type":"ListItem","position":3,"name":"CETRO\u00ae Proctoscope Medium Lume"}]},{"@type":"WebSite","@id":"https:\/\/cetromedical.se\/#website","url":"https:\/\/cetromedical.se\/","name":"Cetro Medical","description":"Quality Medical Instruments","publisher":{"@id":"https:\/\/cetromedical.se\/#organization"},"potentialAction":[{"@type":"SearchAction","target":{"@type":"EntryPoint","urlTemplate":"https:\/\/cetromedical.se\/?s={search_term_string}"},"query-input":"required name=search_term_string"}],"inLanguage":"en-US"},{"@type":"Organization","@id":"https:\/\/cetromedical.se\/#organization","name":"Cetro Medical","url":"https:\/\/cetromedical.se\/","logo":{"@type":"ImageObject","inLanguage":"en-US","@id":"https:\/\/cetromedical.se\/#\/schema\/logo\/image\/","url":"https:\/\/cetromedical.se\/wp-content\/uploads\/2022\/05\/Cetro-medical-285_2-1.png","contentUrl":"https:\/\/cetromedical.se\/wp-content\/uploads\/2022\/05\/Cetro-medical-285_2-1.png","width":1317,"height":119,"caption":"Cetro Medical"},"image":{"@id":"https:\/\/cetromedical.se\/#\/schema\/logo\/image\/"}}]}},"_links":{"self":[{"href":"https:\/\/cetromedical.se\/en\/wp-json\/wp\/v2\/product\/6429","targetHints":{"allow":["GET"]}}],"collection":[{"href":"https:\/\/cetromedical.se\/en\/wp-json\/wp\/v2\/product"}],"about":[{"href":"https:\/\/cetromedical.se\/en\/wp-json\/wp\/v2\/types\/product"}],"wp:featuredmedia":[{"embeddable":true,"href":"https:\/\/cetromedical.se\/en\/wp-json\/wp\/v2\/media\/10323"}],"wp:attachment":[{"href":"https:\/\/cetromedical.se\/en\/wp-json\/wp\/v2\/media?parent=6429"}],"wp:term":[{"taxonomy":"product_cat","embeddable":true,"href":"https:\/\/cetromedical.se\/en\/wp-json\/wp\/v2\/product_cat?post=6429"},{"taxonomy":"product_tag","embeddable":true,"href":"https:\/\/cetromedical.se\/en\/wp-json\/wp\/v2\/product_tag?post=6429"}],"curies":[{"name":"wp","href":"https:\/\/api.w.org\/{rel}","templated":true}]}}