{"id":7325,"date":"2024-01-31T15:33:32","date_gmt":"2024-01-31T14:33:32","guid":{"rendered":"https:\/\/cetromedical.se\/?post_type=product&#038;p=7325"},"modified":"2024-02-05T11:11:40","modified_gmt":"2024-02-05T10:11:40","slug":"no-ordinary-vinyl-m","status":"publish","type":"product","link":"https:\/\/cetromedical.se\/en\/product-2\/no-ordinary-vinyl-m\/","title":{"rendered":"No Ordinary Vinyl M"},"content":{"rendered":"<p>These are disposable non-sterile examination and protective gloves, intended for use in the medical field and covering other areas such as certain food and chemicals and for: protecting patient and user from cross-contamination, carrying out medical examinations, diagnostic and therapeutic procedures and for handling medically contaminated material. Gloves are classified as medical devices class I and as personal protective equipment category III. Gloves designed to protect against substances and mixtures hazardous to harmful biological agents. Gloves designed to protect against chemical risk according to EN ISO 374-1 and microorganisms (viruses, bacteria and fungi) according to EN ISO 374-5. Their design and labeling correspond to the requirements of the EU Regulation 2017\/745 on medical devices and the European Regulation 2016\/425 on personal protective equipment. Gloves should only be used in accordance with their intended use.<\/p>\n<p>MD Class I: EU Regulation 2017\/745(MDR), EN 455-1,2,3,4<br \/>\nPPE Cat.III: EU Regulation 2016\/425(PPER), EN 374-1,2,4,5 EN14683-1, EN ISO 21420.<br \/>\nFood contact: EC Regulation 10\/2011, EN 1186 and EN 13130<\/p>","protected":false},"excerpt":{"rendered":"<p>Dessa \u00e4r icke-sterila unders\u00f6knings- och skyddshandskar f\u00f6r eng\u00e5ngsbruk, avsedda f\u00f6r anv\u00e4ndning inom det medicinska omr\u00e5det och t\u00e4cker andra omr\u00e5den s\u00e5som viss mat och kemikalier och f\u00f6r att: skydda patient och anv\u00e4ndare fr\u00e5n korskontaminering, genomf\u00f6ra medicinska unders\u00f6kningar, diagnostiska och terapeutiska f\u00f6rfaranden och f\u00f6r hantering av medicinskt kontaminerat material. Handskar \u00e4r klassificerade som medicinska produkter klass I [&hellip;]<\/p>","protected":false},"featured_media":7319,"template":"","meta":{"inline_featured_image":false},"product_cat":[34,66],"product_tag":[],"class_list":["post-7325","product","type-product","status-publish","has-post-thumbnail","hentry","product_cat-engangshandskar","product_cat-vinyl"],"acf":[],"yoast_head":"<!-- This site is optimized with the Yoast SEO plugin v19.9 - https:\/\/yoast.com\/wordpress\/plugins\/seo\/ -->\r\n<title>No Ordinary Vinyl M - Cetro Medical<\/title>\r\n<meta name=\"description\" content=\"Uppt\u00e4ck No Ordinary Vinyl M fr\u00e5n Cetro Medical \u2013 kvalitetss\u00e4krad medicinsk utrustning f\u00f6r p\u00e5litlig v\u00e5rd. Best\u00e4ll online och f\u00e5 snabb leverans!\" \/>\r\n<meta name=\"robots\" content=\"index, follow, max-snippet:-1, max-image-preview:large, max-video-preview:-1\" \/>\r\n<link rel=\"canonical\" href=\"https:\/\/cetromedical.se\/en\/product-2\/no-ordinary-vinyl-m\/\" \/>\r\n<meta property=\"og:locale\" content=\"en_US\" \/>\r\n<meta property=\"og:type\" content=\"article\" \/>\r\n<meta property=\"og:title\" content=\"No Ordinary Vinyl M - Cetro Medical\" \/>\r\n<meta property=\"og:description\" content=\"Uppt\u00e4ck No Ordinary Vinyl M fr\u00e5n Cetro Medical \u2013 kvalitetss\u00e4krad medicinsk utrustning f\u00f6r p\u00e5litlig v\u00e5rd. Best\u00e4ll online och f\u00e5 snabb leverans!\" \/>\r\n<meta property=\"og:url\" content=\"https:\/\/cetromedical.se\/en\/product-2\/no-ordinary-vinyl-m\/\" \/>\r\n<meta property=\"og:site_name\" content=\"Cetro Medical\" \/>\r\n<meta property=\"article:modified_time\" content=\"2024-02-05T10:11:40+00:00\" \/>\r\n<meta property=\"og:image\" content=\"https:\/\/cetromedical.se\/wp-content\/uploads\/2024\/01\/No-Ordinary-Vinyl-M.png\" \/>\r\n\t<meta property=\"og:image:width\" content=\"1100\" \/>\r\n\t<meta property=\"og:image:height\" content=\"770\" \/>\r\n\t<meta property=\"og:image:type\" content=\"image\/png\" \/>\r\n<meta name=\"twitter:card\" content=\"summary_large_image\" \/>\r\n<meta name=\"twitter:label1\" content=\"Est. reading time\" \/>\n\t<meta name=\"twitter:data1\" content=\"1 minute\" \/>\r\n<script type=\"application\/ld+json\" class=\"yoast-schema-graph\">{\"@context\":\"https:\/\/schema.org\",\"@graph\":[{\"@type\":\"WebPage\",\"@id\":\"https:\/\/cetromedical.se\/produkt\/no-ordinary-vinyl-m\/\",\"url\":\"https:\/\/cetromedical.se\/produkt\/no-ordinary-vinyl-m\/\",\"name\":\"No Ordinary Vinyl M - Cetro Medical\",\"isPartOf\":{\"@id\":\"https:\/\/cetromedical.se\/#website\"},\"datePublished\":\"2024-01-31T14:33:32+00:00\",\"dateModified\":\"2024-02-05T10:11:40+00:00\",\"description\":\"Uppt\u00e4ck No Ordinary Vinyl M fr\u00e5n Cetro Medical \u2013 kvalitetss\u00e4krad medicinsk utrustning f\u00f6r p\u00e5litlig v\u00e5rd. Best\u00e4ll online och f\u00e5 snabb leverans!\",\"breadcrumb\":{\"@id\":\"https:\/\/cetromedical.se\/produkt\/no-ordinary-vinyl-m\/#breadcrumb\"},\"inLanguage\":\"en-US\",\"potentialAction\":[{\"@type\":\"ReadAction\",\"target\":[\"https:\/\/cetromedical.se\/produkt\/no-ordinary-vinyl-m\/\"]}]},{\"@type\":\"BreadcrumbList\",\"@id\":\"https:\/\/cetromedical.se\/produkt\/no-ordinary-vinyl-m\/#breadcrumb\",\"itemListElement\":[{\"@type\":\"ListItem\",\"position\":1,\"name\":\"Hem\",\"item\":\"https:\/\/cetromedical.se\/\"},{\"@type\":\"ListItem\",\"position\":2,\"name\":\"Webbutik\",\"item\":\"https:\/\/cetromedical.se\/butik\/\"},{\"@type\":\"ListItem\",\"position\":3,\"name\":\"No Ordinary Vinyl M\"}]},{\"@type\":\"WebSite\",\"@id\":\"https:\/\/cetromedical.se\/#website\",\"url\":\"https:\/\/cetromedical.se\/\",\"name\":\"Cetro Medical\",\"description\":\"Quality Medical Instruments\",\"publisher\":{\"@id\":\"https:\/\/cetromedical.se\/#organization\"},\"potentialAction\":[{\"@type\":\"SearchAction\",\"target\":{\"@type\":\"EntryPoint\",\"urlTemplate\":\"https:\/\/cetromedical.se\/?s={search_term_string}\"},\"query-input\":\"required name=search_term_string\"}],\"inLanguage\":\"en-US\"},{\"@type\":\"Organization\",\"@id\":\"https:\/\/cetromedical.se\/#organization\",\"name\":\"Cetro Medical\",\"url\":\"https:\/\/cetromedical.se\/\",\"logo\":{\"@type\":\"ImageObject\",\"inLanguage\":\"en-US\",\"@id\":\"https:\/\/cetromedical.se\/#\/schema\/logo\/image\/\",\"url\":\"https:\/\/cetromedical.se\/wp-content\/uploads\/2022\/05\/Cetro-medical-285_2-1.png\",\"contentUrl\":\"https:\/\/cetromedical.se\/wp-content\/uploads\/2022\/05\/Cetro-medical-285_2-1.png\",\"width\":1317,\"height\":119,\"caption\":\"Cetro Medical\"},\"image\":{\"@id\":\"https:\/\/cetromedical.se\/#\/schema\/logo\/image\/\"}}]}<\/script>\r\n<!-- \/ Yoast SEO plugin. -->","yoast_head_json":{"title":"No Ordinary Vinyl M - Cetro Medical","description":"Uppt\u00e4ck No Ordinary Vinyl M fr\u00e5n Cetro Medical \u2013 kvalitetss\u00e4krad medicinsk utrustning f\u00f6r p\u00e5litlig v\u00e5rd. Best\u00e4ll online och f\u00e5 snabb leverans!","robots":{"index":"index","follow":"follow","max-snippet":"max-snippet:-1","max-image-preview":"max-image-preview:large","max-video-preview":"max-video-preview:-1"},"canonical":"https:\/\/cetromedical.se\/en\/product-2\/no-ordinary-vinyl-m\/","og_locale":"en_US","og_type":"article","og_title":"No Ordinary Vinyl M - Cetro Medical","og_description":"Uppt\u00e4ck No Ordinary Vinyl M fr\u00e5n Cetro Medical \u2013 kvalitetss\u00e4krad medicinsk utrustning f\u00f6r p\u00e5litlig v\u00e5rd. Best\u00e4ll online och f\u00e5 snabb leverans!","og_url":"https:\/\/cetromedical.se\/en\/product-2\/no-ordinary-vinyl-m\/","og_site_name":"Cetro Medical","article_modified_time":"2024-02-05T10:11:40+00:00","og_image":[{"width":1100,"height":770,"url":"https:\/\/cetromedical.se\/wp-content\/uploads\/2024\/01\/No-Ordinary-Vinyl-M.png","type":"image\/png"}],"twitter_card":"summary_large_image","twitter_misc":{"Est. reading time":"1 minute"},"schema":{"@context":"https:\/\/schema.org","@graph":[{"@type":"WebPage","@id":"https:\/\/cetromedical.se\/produkt\/no-ordinary-vinyl-m\/","url":"https:\/\/cetromedical.se\/produkt\/no-ordinary-vinyl-m\/","name":"No Ordinary Vinyl M - Cetro Medical","isPartOf":{"@id":"https:\/\/cetromedical.se\/#website"},"datePublished":"2024-01-31T14:33:32+00:00","dateModified":"2024-02-05T10:11:40+00:00","description":"Uppt\u00e4ck No Ordinary Vinyl M fr\u00e5n Cetro Medical \u2013 kvalitetss\u00e4krad medicinsk utrustning f\u00f6r p\u00e5litlig v\u00e5rd. Best\u00e4ll online och f\u00e5 snabb leverans!","breadcrumb":{"@id":"https:\/\/cetromedical.se\/produkt\/no-ordinary-vinyl-m\/#breadcrumb"},"inLanguage":"en-US","potentialAction":[{"@type":"ReadAction","target":["https:\/\/cetromedical.se\/produkt\/no-ordinary-vinyl-m\/"]}]},{"@type":"BreadcrumbList","@id":"https:\/\/cetromedical.se\/produkt\/no-ordinary-vinyl-m\/#breadcrumb","itemListElement":[{"@type":"ListItem","position":1,"name":"Hem","item":"https:\/\/cetromedical.se\/"},{"@type":"ListItem","position":2,"name":"Webbutik","item":"https:\/\/cetromedical.se\/butik\/"},{"@type":"ListItem","position":3,"name":"No Ordinary Vinyl M"}]},{"@type":"WebSite","@id":"https:\/\/cetromedical.se\/#website","url":"https:\/\/cetromedical.se\/","name":"Cetro Medical","description":"Quality Medical Instruments","publisher":{"@id":"https:\/\/cetromedical.se\/#organization"},"potentialAction":[{"@type":"SearchAction","target":{"@type":"EntryPoint","urlTemplate":"https:\/\/cetromedical.se\/?s={search_term_string}"},"query-input":"required name=search_term_string"}],"inLanguage":"en-US"},{"@type":"Organization","@id":"https:\/\/cetromedical.se\/#organization","name":"Cetro Medical","url":"https:\/\/cetromedical.se\/","logo":{"@type":"ImageObject","inLanguage":"en-US","@id":"https:\/\/cetromedical.se\/#\/schema\/logo\/image\/","url":"https:\/\/cetromedical.se\/wp-content\/uploads\/2022\/05\/Cetro-medical-285_2-1.png","contentUrl":"https:\/\/cetromedical.se\/wp-content\/uploads\/2022\/05\/Cetro-medical-285_2-1.png","width":1317,"height":119,"caption":"Cetro Medical"},"image":{"@id":"https:\/\/cetromedical.se\/#\/schema\/logo\/image\/"}}]}},"_links":{"self":[{"href":"https:\/\/cetromedical.se\/en\/wp-json\/wp\/v2\/product\/7325","targetHints":{"allow":["GET"]}}],"collection":[{"href":"https:\/\/cetromedical.se\/en\/wp-json\/wp\/v2\/product"}],"about":[{"href":"https:\/\/cetromedical.se\/en\/wp-json\/wp\/v2\/types\/product"}],"wp:featuredmedia":[{"embeddable":true,"href":"https:\/\/cetromedical.se\/en\/wp-json\/wp\/v2\/media\/7319"}],"wp:attachment":[{"href":"https:\/\/cetromedical.se\/en\/wp-json\/wp\/v2\/media?parent=7325"}],"wp:term":[{"taxonomy":"product_cat","embeddable":true,"href":"https:\/\/cetromedical.se\/en\/wp-json\/wp\/v2\/product_cat?post=7325"},{"taxonomy":"product_tag","embeddable":true,"href":"https:\/\/cetromedical.se\/en\/wp-json\/wp\/v2\/product_tag?post=7325"}],"curies":[{"name":"wp","href":"https:\/\/api.w.org\/{rel}","templated":true}]}}