{"id":7782,"date":"2024-06-17T10:17:18","date_gmt":"2024-06-17T08:17:18","guid":{"rendered":"https:\/\/cetromedical.se\/?post_type=product&#038;p=7782"},"modified":"2024-06-17T11:01:22","modified_gmt":"2024-06-17T09:01:22","slug":"ffp2-andningsskydd-med-ventil","status":"publish","type":"product","link":"https:\/\/cetromedical.se\/en\/product-2\/ffp2-respirator-with-valve\/","title":{"rendered":"FFP2 Respiratory protection with valve"},"content":{"rendered":"<p>JedX FFP2 respirators are easy to use and protect effectively. At the same time, they feel comfortable on the face. JedX FFP2 foldable valve respirators are traditionally shaped with a nose clip and are available with head loops. They make<br \/>\nbreathing easier during prolonged use and is widely used in heavy industry and construction sites.<br \/>\nJedX FFP2 respirators protect against airborne bacteria and viruses and filter at least 99 % of air pollutants.<br \/>\n- Particle filter with exhalation valve<br \/>\n- Protection class FFP2 NR<br \/>\n- The product meets the requirements of the personal protection equipment regulation EN 2016\/450<br \/>\n- Approved according to EN 149:2001+A1:2009 and CE marked<br \/>\n- The exhalation valve reduces breathing resistance and the accumulation of heat and moisture<br \/>\n- Attaches behind the head<br \/>\n- Compact and ergonomic to use<br \/>\n- Flexible, padded and adjustable nose clip<br \/>\n- Skin friendly<br \/>\n- Individually packed, 40 pcs\/carton<br \/>\n- Made in Finland<\/p>\n<p>Divisional packaging: 1 piece<br \/>\nTransport packaging: 40 pcs<\/p>","protected":false},"excerpt":{"rendered":"<p>JedX FFP2 andningsskydd \u00e4r l\u00e4tta att anv\u00e4nda och skyddar effektivt. Samtidigt k\u00e4nns de bekv\u00e4ma i ansiktet. JedX FFP2 andningsskydd av foldtyp med ventil \u00e4r traditionellt formade med en n\u00e4skl\u00e4mma och finns med huvud\u00f6glor. De g\u00f6r andningen l\u00e4ttare vid l\u00e5ngvarig anv\u00e4ndning och anv\u00e4nds i stor utstr\u00e4ckning inom tung industri och byggarbetsplatser. JedX FFP2 andningsskydd skyddar mot [&hellip;]<\/p>","protected":false},"featured_media":7777,"template":"","meta":{"inline_featured_image":false},"product_cat":[33],"product_tag":[],"class_list":["post-7782","product","type-product","status-publish","has-post-thumbnail","hentry","product_cat-skyddsutrustning"],"acf":[],"yoast_head":"<!-- This site is optimized with the Yoast SEO plugin v19.9 - https:\/\/yoast.com\/wordpress\/plugins\/seo\/ -->\r\n<title>FFP2 Andningsskydd med ventil - Cetro Medical<\/title>\r\n<meta name=\"description\" content=\"Uppt\u00e4ck FFP2 Andningsskydd med ventil fr\u00e5n Cetro Medical \u2013 kvalitetss\u00e4krad medicinsk utrustning f\u00f6r p\u00e5litlig v\u00e5rd. Best\u00e4ll online och f\u00e5 snabb leverans!\" \/>\r\n<meta name=\"robots\" content=\"index, follow, max-snippet:-1, max-image-preview:large, max-video-preview:-1\" \/>\r\n<link rel=\"canonical\" href=\"https:\/\/cetromedical.se\/en\/product-2\/ffp2-respirator-with-valve\/\" \/>\r\n<meta property=\"og:locale\" content=\"en_US\" \/>\r\n<meta property=\"og:type\" content=\"article\" \/>\r\n<meta property=\"og:title\" content=\"FFP2 Andningsskydd med ventil - Cetro Medical\" \/>\r\n<meta property=\"og:description\" content=\"Uppt\u00e4ck FFP2 Andningsskydd med ventil fr\u00e5n Cetro Medical \u2013 kvalitetss\u00e4krad medicinsk utrustning f\u00f6r p\u00e5litlig v\u00e5rd. Best\u00e4ll online och f\u00e5 snabb leverans!\" \/>\r\n<meta property=\"og:url\" content=\"https:\/\/cetromedical.se\/en\/product-2\/ffp2-respirator-with-valve\/\" \/>\r\n<meta property=\"og:site_name\" content=\"Cetro Medical\" \/>\r\n<meta property=\"article:modified_time\" content=\"2024-06-17T09:01:22+00:00\" \/>\r\n<meta property=\"og:image\" content=\"https:\/\/cetromedical.se\/wp-content\/uploads\/2024\/06\/1758W.png\" \/>\r\n\t<meta property=\"og:image:width\" content=\"1086\" \/>\r\n\t<meta property=\"og:image:height\" content=\"770\" \/>\r\n\t<meta property=\"og:image:type\" content=\"image\/png\" \/>\r\n<meta name=\"twitter:card\" content=\"summary_large_image\" \/>\r\n<meta name=\"twitter:label1\" content=\"Est. reading time\" \/>\n\t<meta name=\"twitter:data1\" content=\"1 minute\" \/>\r\n<script type=\"application\/ld+json\" class=\"yoast-schema-graph\">{\"@context\":\"https:\/\/schema.org\",\"@graph\":[{\"@type\":\"WebPage\",\"@id\":\"https:\/\/cetromedical.se\/produkt\/ffp2-andningsskydd-med-ventil\/\",\"url\":\"https:\/\/cetromedical.se\/produkt\/ffp2-andningsskydd-med-ventil\/\",\"name\":\"FFP2 Andningsskydd med ventil - Cetro Medical\",\"isPartOf\":{\"@id\":\"https:\/\/cetromedical.se\/#website\"},\"datePublished\":\"2024-06-17T08:17:18+00:00\",\"dateModified\":\"2024-06-17T09:01:22+00:00\",\"description\":\"Uppt\u00e4ck FFP2 Andningsskydd med ventil fr\u00e5n Cetro Medical \u2013 kvalitetss\u00e4krad medicinsk utrustning f\u00f6r p\u00e5litlig v\u00e5rd. Best\u00e4ll online och f\u00e5 snabb leverans!\",\"breadcrumb\":{\"@id\":\"https:\/\/cetromedical.se\/produkt\/ffp2-andningsskydd-med-ventil\/#breadcrumb\"},\"inLanguage\":\"en-US\",\"potentialAction\":[{\"@type\":\"ReadAction\",\"target\":[\"https:\/\/cetromedical.se\/produkt\/ffp2-andningsskydd-med-ventil\/\"]}]},{\"@type\":\"BreadcrumbList\",\"@id\":\"https:\/\/cetromedical.se\/produkt\/ffp2-andningsskydd-med-ventil\/#breadcrumb\",\"itemListElement\":[{\"@type\":\"ListItem\",\"position\":1,\"name\":\"Hem\",\"item\":\"https:\/\/cetromedical.se\/\"},{\"@type\":\"ListItem\",\"position\":2,\"name\":\"Webbutik\",\"item\":\"https:\/\/cetromedical.se\/butik\/\"},{\"@type\":\"ListItem\",\"position\":3,\"name\":\"FFP2 Andningsskydd med ventil\"}]},{\"@type\":\"WebSite\",\"@id\":\"https:\/\/cetromedical.se\/#website\",\"url\":\"https:\/\/cetromedical.se\/\",\"name\":\"Cetro Medical\",\"description\":\"Quality Medical Instruments\",\"publisher\":{\"@id\":\"https:\/\/cetromedical.se\/#organization\"},\"potentialAction\":[{\"@type\":\"SearchAction\",\"target\":{\"@type\":\"EntryPoint\",\"urlTemplate\":\"https:\/\/cetromedical.se\/?s={search_term_string}\"},\"query-input\":\"required name=search_term_string\"}],\"inLanguage\":\"en-US\"},{\"@type\":\"Organization\",\"@id\":\"https:\/\/cetromedical.se\/#organization\",\"name\":\"Cetro Medical\",\"url\":\"https:\/\/cetromedical.se\/\",\"logo\":{\"@type\":\"ImageObject\",\"inLanguage\":\"en-US\",\"@id\":\"https:\/\/cetromedical.se\/#\/schema\/logo\/image\/\",\"url\":\"https:\/\/cetromedical.se\/wp-content\/uploads\/2022\/05\/Cetro-medical-285_2-1.png\",\"contentUrl\":\"https:\/\/cetromedical.se\/wp-content\/uploads\/2022\/05\/Cetro-medical-285_2-1.png\",\"width\":1317,\"height\":119,\"caption\":\"Cetro Medical\"},\"image\":{\"@id\":\"https:\/\/cetromedical.se\/#\/schema\/logo\/image\/\"}}]}<\/script>\r\n<!-- \/ Yoast SEO plugin. -->","yoast_head_json":{"title":"FFP2 Andningsskydd med ventil - Cetro Medical","description":"Uppt\u00e4ck FFP2 Andningsskydd med ventil fr\u00e5n Cetro Medical \u2013 kvalitetss\u00e4krad medicinsk utrustning f\u00f6r p\u00e5litlig v\u00e5rd. Best\u00e4ll online och f\u00e5 snabb leverans!","robots":{"index":"index","follow":"follow","max-snippet":"max-snippet:-1","max-image-preview":"max-image-preview:large","max-video-preview":"max-video-preview:-1"},"canonical":"https:\/\/cetromedical.se\/en\/product-2\/ffp2-respirator-with-valve\/","og_locale":"en_US","og_type":"article","og_title":"FFP2 Andningsskydd med ventil - Cetro Medical","og_description":"Uppt\u00e4ck FFP2 Andningsskydd med ventil fr\u00e5n Cetro Medical \u2013 kvalitetss\u00e4krad medicinsk utrustning f\u00f6r p\u00e5litlig v\u00e5rd. Best\u00e4ll online och f\u00e5 snabb leverans!","og_url":"https:\/\/cetromedical.se\/en\/product-2\/ffp2-respirator-with-valve\/","og_site_name":"Cetro Medical","article_modified_time":"2024-06-17T09:01:22+00:00","og_image":[{"width":1086,"height":770,"url":"https:\/\/cetromedical.se\/wp-content\/uploads\/2024\/06\/1758W.png","type":"image\/png"}],"twitter_card":"summary_large_image","twitter_misc":{"Est. reading time":"1 minute"},"schema":{"@context":"https:\/\/schema.org","@graph":[{"@type":"WebPage","@id":"https:\/\/cetromedical.se\/produkt\/ffp2-andningsskydd-med-ventil\/","url":"https:\/\/cetromedical.se\/produkt\/ffp2-andningsskydd-med-ventil\/","name":"FFP2 Andningsskydd med ventil - Cetro Medical","isPartOf":{"@id":"https:\/\/cetromedical.se\/#website"},"datePublished":"2024-06-17T08:17:18+00:00","dateModified":"2024-06-17T09:01:22+00:00","description":"Uppt\u00e4ck FFP2 Andningsskydd med ventil fr\u00e5n Cetro Medical \u2013 kvalitetss\u00e4krad medicinsk utrustning f\u00f6r p\u00e5litlig v\u00e5rd. Best\u00e4ll online och f\u00e5 snabb leverans!","breadcrumb":{"@id":"https:\/\/cetromedical.se\/produkt\/ffp2-andningsskydd-med-ventil\/#breadcrumb"},"inLanguage":"en-US","potentialAction":[{"@type":"ReadAction","target":["https:\/\/cetromedical.se\/produkt\/ffp2-andningsskydd-med-ventil\/"]}]},{"@type":"BreadcrumbList","@id":"https:\/\/cetromedical.se\/produkt\/ffp2-andningsskydd-med-ventil\/#breadcrumb","itemListElement":[{"@type":"ListItem","position":1,"name":"Hem","item":"https:\/\/cetromedical.se\/"},{"@type":"ListItem","position":2,"name":"Webbutik","item":"https:\/\/cetromedical.se\/butik\/"},{"@type":"ListItem","position":3,"name":"FFP2 Andningsskydd med ventil"}]},{"@type":"WebSite","@id":"https:\/\/cetromedical.se\/#website","url":"https:\/\/cetromedical.se\/","name":"Cetro Medical","description":"Quality Medical Instruments","publisher":{"@id":"https:\/\/cetromedical.se\/#organization"},"potentialAction":[{"@type":"SearchAction","target":{"@type":"EntryPoint","urlTemplate":"https:\/\/cetromedical.se\/?s={search_term_string}"},"query-input":"required name=search_term_string"}],"inLanguage":"en-US"},{"@type":"Organization","@id":"https:\/\/cetromedical.se\/#organization","name":"Cetro Medical","url":"https:\/\/cetromedical.se\/","logo":{"@type":"ImageObject","inLanguage":"en-US","@id":"https:\/\/cetromedical.se\/#\/schema\/logo\/image\/","url":"https:\/\/cetromedical.se\/wp-content\/uploads\/2022\/05\/Cetro-medical-285_2-1.png","contentUrl":"https:\/\/cetromedical.se\/wp-content\/uploads\/2022\/05\/Cetro-medical-285_2-1.png","width":1317,"height":119,"caption":"Cetro Medical"},"image":{"@id":"https:\/\/cetromedical.se\/#\/schema\/logo\/image\/"}}]}},"_links":{"self":[{"href":"https:\/\/cetromedical.se\/en\/wp-json\/wp\/v2\/product\/7782","targetHints":{"allow":["GET"]}}],"collection":[{"href":"https:\/\/cetromedical.se\/en\/wp-json\/wp\/v2\/product"}],"about":[{"href":"https:\/\/cetromedical.se\/en\/wp-json\/wp\/v2\/types\/product"}],"wp:featuredmedia":[{"embeddable":true,"href":"https:\/\/cetromedical.se\/en\/wp-json\/wp\/v2\/media\/7777"}],"wp:attachment":[{"href":"https:\/\/cetromedical.se\/en\/wp-json\/wp\/v2\/media?parent=7782"}],"wp:term":[{"taxonomy":"product_cat","embeddable":true,"href":"https:\/\/cetromedical.se\/en\/wp-json\/wp\/v2\/product_cat?post=7782"},{"taxonomy":"product_tag","embeddable":true,"href":"https:\/\/cetromedical.se\/en\/wp-json\/wp\/v2\/product_tag?post=7782"}],"curies":[{"name":"wp","href":"https:\/\/api.w.org\/{rel}","templated":true}]}}