{"id":7788,"date":"2024-06-17T10:36:46","date_gmt":"2024-06-17T08:36:46","guid":{"rendered":"https:\/\/cetromedical.se\/?post_type=product&#038;p=7788"},"modified":"2024-06-17T11:02:27","modified_gmt":"2024-06-17T09:02:27","slug":"ffp3-andningsskydd-vit","status":"publish","type":"product","link":"https:\/\/cetromedical.se\/en\/product-2\/ffp3-respirator-white\/","title":{"rendered":"FFP3 Respirator white"},"content":{"rendered":"<p>JedX FFP3 respirators are easy to use and protect effectively. At the same time, they feel comfortable on the face. The fish-type FFP3 respirators are easy to adjust, shaped with a nose clip and accessible head loops. JedX valveless respirators protect you as well as people around you. Valveless respirators are widely used in the medical industry.<br \/>\nJedX FFP3 respirators protect against airborne bacteria and viruses and filter out at least 99.7% of air pollutants.<br \/>\n- Particle filters | medical equipment<br \/>\n- Protection class FFP3 NR | Type IIR<br \/>\n- The product meets the requirements of both the Personal Protective Equipment Regulation EU 2016\/425 and the<br \/>\n   on medical devices EU 201\/745<br \/>\n- Double approved according to standards EN 149:2001+A1:2009 and EN 14683:2009+AC:2019<br \/>\n- CE marked<br \/>\n- UDI-DI: 06429810381545<br \/>\n- Three-piece construction, attached behind the head<br \/>\n- Compact and ergonomic to use<br \/>\n- Flexible, padded and adjustable nose clip<br \/>\n- Skin friendly<br \/>\n- Individually packed, 75 pcs\/carton<br \/>\n- Made in Finland<\/p>\n<p>Divisional packaging: 1 piece<br \/>\nTransport packaging: 75 pcs<\/p>","protected":false},"excerpt":{"rendered":"<p>JedX FFP3 andningsskydd \u00e4r l\u00e4tta att anv\u00e4nda och skyddar effektivt. Samtidigt k\u00e4nns de bekv\u00e4ma i ansiktet. Andningsskydden av fisktyp FFP3 \u00e4r l\u00e4tta att justera, formade med en noskl\u00e4mma och tillg\u00e4ngliga huvud\u00f6glor. JedX ventill\u00f6sa andningsskydd skyddar dig s\u00e5v\u00e4l som m\u00e4nniskor omkring dig. Andningsskydd utan ventil anv\u00e4nds flitigt inom medicinsk industri. JedX FFP3 andningsskydd skyddar mot luftburna [&hellip;]<\/p>","protected":false},"featured_media":7779,"template":"","meta":{"inline_featured_image":false},"product_cat":[33],"product_tag":[],"class_list":["post-7788","product","type-product","status-publish","has-post-thumbnail","hentry","product_cat-skyddsutrustning"],"acf":[],"yoast_head":"<!-- This site is optimized with the Yoast SEO plugin v19.9 - https:\/\/yoast.com\/wordpress\/plugins\/seo\/ -->\r\n<title>FFP3 Andningsskydd vit - Cetro Medical<\/title>\r\n<meta name=\"description\" content=\"Uppt\u00e4ck FFP3 Andningsskydd vit fr\u00e5n Cetro Medical \u2013 kvalitetss\u00e4krad medicinsk utrustning f\u00f6r p\u00e5litlig v\u00e5rd. Best\u00e4ll online och f\u00e5 snabb leverans!\" \/>\r\n<meta name=\"robots\" content=\"index, follow, max-snippet:-1, max-image-preview:large, max-video-preview:-1\" \/>\r\n<link rel=\"canonical\" href=\"https:\/\/cetromedical.se\/en\/product-2\/ffp3-respirator-white\/\" \/>\r\n<meta property=\"og:locale\" content=\"en_US\" \/>\r\n<meta property=\"og:type\" content=\"article\" \/>\r\n<meta property=\"og:title\" content=\"FFP3 Andningsskydd vit - Cetro Medical\" \/>\r\n<meta property=\"og:description\" content=\"Uppt\u00e4ck FFP3 Andningsskydd vit fr\u00e5n Cetro Medical \u2013 kvalitetss\u00e4krad medicinsk utrustning f\u00f6r p\u00e5litlig v\u00e5rd. Best\u00e4ll online och f\u00e5 snabb leverans!\" \/>\r\n<meta property=\"og:url\" content=\"https:\/\/cetromedical.se\/en\/product-2\/ffp3-respirator-white\/\" \/>\r\n<meta property=\"og:site_name\" content=\"Cetro Medical\" \/>\r\n<meta property=\"article:modified_time\" content=\"2024-06-17T09:02:27+00:00\" \/>\r\n<meta property=\"og:image\" content=\"https:\/\/cetromedical.se\/wp-content\/uploads\/2024\/06\/3971W.png\" \/>\r\n\t<meta property=\"og:image:width\" content=\"1086\" \/>\r\n\t<meta property=\"og:image:height\" content=\"770\" \/>\r\n\t<meta property=\"og:image:type\" content=\"image\/png\" \/>\r\n<meta name=\"twitter:card\" content=\"summary_large_image\" \/>\r\n<meta name=\"twitter:label1\" content=\"Est. reading time\" \/>\n\t<meta name=\"twitter:data1\" content=\"1 minute\" \/>\r\n<script type=\"application\/ld+json\" class=\"yoast-schema-graph\">{\"@context\":\"https:\/\/schema.org\",\"@graph\":[{\"@type\":\"WebPage\",\"@id\":\"https:\/\/cetromedical.se\/produkt\/ffp3-andningsskydd-vit\/\",\"url\":\"https:\/\/cetromedical.se\/produkt\/ffp3-andningsskydd-vit\/\",\"name\":\"FFP3 Andningsskydd vit - Cetro Medical\",\"isPartOf\":{\"@id\":\"https:\/\/cetromedical.se\/#website\"},\"datePublished\":\"2024-06-17T08:36:46+00:00\",\"dateModified\":\"2024-06-17T09:02:27+00:00\",\"description\":\"Uppt\u00e4ck FFP3 Andningsskydd vit fr\u00e5n Cetro Medical \u2013 kvalitetss\u00e4krad medicinsk utrustning f\u00f6r p\u00e5litlig v\u00e5rd. Best\u00e4ll online och f\u00e5 snabb leverans!\",\"breadcrumb\":{\"@id\":\"https:\/\/cetromedical.se\/produkt\/ffp3-andningsskydd-vit\/#breadcrumb\"},\"inLanguage\":\"en-US\",\"potentialAction\":[{\"@type\":\"ReadAction\",\"target\":[\"https:\/\/cetromedical.se\/produkt\/ffp3-andningsskydd-vit\/\"]}]},{\"@type\":\"BreadcrumbList\",\"@id\":\"https:\/\/cetromedical.se\/produkt\/ffp3-andningsskydd-vit\/#breadcrumb\",\"itemListElement\":[{\"@type\":\"ListItem\",\"position\":1,\"name\":\"Hem\",\"item\":\"https:\/\/cetromedical.se\/\"},{\"@type\":\"ListItem\",\"position\":2,\"name\":\"Webbutik\",\"item\":\"https:\/\/cetromedical.se\/butik\/\"},{\"@type\":\"ListItem\",\"position\":3,\"name\":\"FFP3 Andningsskydd vit\"}]},{\"@type\":\"WebSite\",\"@id\":\"https:\/\/cetromedical.se\/#website\",\"url\":\"https:\/\/cetromedical.se\/\",\"name\":\"Cetro Medical\",\"description\":\"Quality Medical Instruments\",\"publisher\":{\"@id\":\"https:\/\/cetromedical.se\/#organization\"},\"potentialAction\":[{\"@type\":\"SearchAction\",\"target\":{\"@type\":\"EntryPoint\",\"urlTemplate\":\"https:\/\/cetromedical.se\/?s={search_term_string}\"},\"query-input\":\"required name=search_term_string\"}],\"inLanguage\":\"en-US\"},{\"@type\":\"Organization\",\"@id\":\"https:\/\/cetromedical.se\/#organization\",\"name\":\"Cetro Medical\",\"url\":\"https:\/\/cetromedical.se\/\",\"logo\":{\"@type\":\"ImageObject\",\"inLanguage\":\"en-US\",\"@id\":\"https:\/\/cetromedical.se\/#\/schema\/logo\/image\/\",\"url\":\"https:\/\/cetromedical.se\/wp-content\/uploads\/2022\/05\/Cetro-medical-285_2-1.png\",\"contentUrl\":\"https:\/\/cetromedical.se\/wp-content\/uploads\/2022\/05\/Cetro-medical-285_2-1.png\",\"width\":1317,\"height\":119,\"caption\":\"Cetro Medical\"},\"image\":{\"@id\":\"https:\/\/cetromedical.se\/#\/schema\/logo\/image\/\"}}]}<\/script>\r\n<!-- \/ Yoast SEO plugin. -->","yoast_head_json":{"title":"FFP3 Andningsskydd vit - Cetro Medical","description":"Uppt\u00e4ck FFP3 Andningsskydd vit fr\u00e5n Cetro Medical \u2013 kvalitetss\u00e4krad medicinsk utrustning f\u00f6r p\u00e5litlig v\u00e5rd. Best\u00e4ll online och f\u00e5 snabb leverans!","robots":{"index":"index","follow":"follow","max-snippet":"max-snippet:-1","max-image-preview":"max-image-preview:large","max-video-preview":"max-video-preview:-1"},"canonical":"https:\/\/cetromedical.se\/en\/product-2\/ffp3-respirator-white\/","og_locale":"en_US","og_type":"article","og_title":"FFP3 Andningsskydd vit - Cetro Medical","og_description":"Uppt\u00e4ck FFP3 Andningsskydd vit fr\u00e5n Cetro Medical \u2013 kvalitetss\u00e4krad medicinsk utrustning f\u00f6r p\u00e5litlig v\u00e5rd. Best\u00e4ll online och f\u00e5 snabb leverans!","og_url":"https:\/\/cetromedical.se\/en\/product-2\/ffp3-respirator-white\/","og_site_name":"Cetro Medical","article_modified_time":"2024-06-17T09:02:27+00:00","og_image":[{"width":1086,"height":770,"url":"https:\/\/cetromedical.se\/wp-content\/uploads\/2024\/06\/3971W.png","type":"image\/png"}],"twitter_card":"summary_large_image","twitter_misc":{"Est. reading time":"1 minute"},"schema":{"@context":"https:\/\/schema.org","@graph":[{"@type":"WebPage","@id":"https:\/\/cetromedical.se\/produkt\/ffp3-andningsskydd-vit\/","url":"https:\/\/cetromedical.se\/produkt\/ffp3-andningsskydd-vit\/","name":"FFP3 Andningsskydd vit - Cetro Medical","isPartOf":{"@id":"https:\/\/cetromedical.se\/#website"},"datePublished":"2024-06-17T08:36:46+00:00","dateModified":"2024-06-17T09:02:27+00:00","description":"Uppt\u00e4ck FFP3 Andningsskydd vit fr\u00e5n Cetro Medical \u2013 kvalitetss\u00e4krad medicinsk utrustning f\u00f6r p\u00e5litlig v\u00e5rd. Best\u00e4ll online och f\u00e5 snabb leverans!","breadcrumb":{"@id":"https:\/\/cetromedical.se\/produkt\/ffp3-andningsskydd-vit\/#breadcrumb"},"inLanguage":"en-US","potentialAction":[{"@type":"ReadAction","target":["https:\/\/cetromedical.se\/produkt\/ffp3-andningsskydd-vit\/"]}]},{"@type":"BreadcrumbList","@id":"https:\/\/cetromedical.se\/produkt\/ffp3-andningsskydd-vit\/#breadcrumb","itemListElement":[{"@type":"ListItem","position":1,"name":"Hem","item":"https:\/\/cetromedical.se\/"},{"@type":"ListItem","position":2,"name":"Webbutik","item":"https:\/\/cetromedical.se\/butik\/"},{"@type":"ListItem","position":3,"name":"FFP3 Andningsskydd vit"}]},{"@type":"WebSite","@id":"https:\/\/cetromedical.se\/#website","url":"https:\/\/cetromedical.se\/","name":"Cetro Medical","description":"Quality Medical Instruments","publisher":{"@id":"https:\/\/cetromedical.se\/#organization"},"potentialAction":[{"@type":"SearchAction","target":{"@type":"EntryPoint","urlTemplate":"https:\/\/cetromedical.se\/?s={search_term_string}"},"query-input":"required name=search_term_string"}],"inLanguage":"en-US"},{"@type":"Organization","@id":"https:\/\/cetromedical.se\/#organization","name":"Cetro Medical","url":"https:\/\/cetromedical.se\/","logo":{"@type":"ImageObject","inLanguage":"en-US","@id":"https:\/\/cetromedical.se\/#\/schema\/logo\/image\/","url":"https:\/\/cetromedical.se\/wp-content\/uploads\/2022\/05\/Cetro-medical-285_2-1.png","contentUrl":"https:\/\/cetromedical.se\/wp-content\/uploads\/2022\/05\/Cetro-medical-285_2-1.png","width":1317,"height":119,"caption":"Cetro Medical"},"image":{"@id":"https:\/\/cetromedical.se\/#\/schema\/logo\/image\/"}}]}},"_links":{"self":[{"href":"https:\/\/cetromedical.se\/en\/wp-json\/wp\/v2\/product\/7788","targetHints":{"allow":["GET"]}}],"collection":[{"href":"https:\/\/cetromedical.se\/en\/wp-json\/wp\/v2\/product"}],"about":[{"href":"https:\/\/cetromedical.se\/en\/wp-json\/wp\/v2\/types\/product"}],"wp:featuredmedia":[{"embeddable":true,"href":"https:\/\/cetromedical.se\/en\/wp-json\/wp\/v2\/media\/7779"}],"wp:attachment":[{"href":"https:\/\/cetromedical.se\/en\/wp-json\/wp\/v2\/media?parent=7788"}],"wp:term":[{"taxonomy":"product_cat","embeddable":true,"href":"https:\/\/cetromedical.se\/en\/wp-json\/wp\/v2\/product_cat?post=7788"},{"taxonomy":"product_tag","embeddable":true,"href":"https:\/\/cetromedical.se\/en\/wp-json\/wp\/v2\/product_tag?post=7788"}],"curies":[{"name":"wp","href":"https:\/\/api.w.org\/{rel}","templated":true}]}}