{"id":8324,"date":"2024-09-12T12:13:55","date_gmt":"2024-09-12T10:13:55","guid":{"rendered":"https:\/\/cetromedical.se\/?post_type=product&#038;p=8324"},"modified":"2025-06-02T16:42:56","modified_gmt":"2025-06-02T14:42:56","slug":"cvb-balloon","status":"publish","type":"product","link":"https:\/\/cetromedical.se\/en\/product-2\/cvb-balloon\/","title":{"rendered":"CVB BALLOON"},"content":{"rendered":"<p class=\"p1\">The double CVB balloon is intended for mechanical maturation of an unfavorable cervix in pregnant women in full-term pregnancy, for whom induction of labor is medically indicated. It allows for a progressive<\/p>\n<p class=\"p1\">maturation of the cervix to facilitate the onset of labor. Gentle pressure is applied simultaneously to the cervical canal, inner and outer cervix.applied simultaneously to the cervical canal, inner and outer cervix<\/p>\n<p class=\"p1\">the cervix.<\/p>\n<p class=\"p2\">Principles<\/p>\n<p class=\"p3\">The dual CVB balloon provides gentle, constant and simultaneous pressure on the cervical canal, internal and external os.<\/p>\n<p class=\"p3\">It allows for a gradual maturation of the cervix to facilitate the onset of labor.<\/p>\n<p class=\"p2\">Technical characteristics<\/p>\n<p class=\"p3\">- Moldable insertion guide pre-mounted on the unit.<\/p>\n<p class=\"p3\">- Soft silicone reinforced device tip for safety.<\/p>\n<p class=\"p3\">- Simple and fast filling system with automatic valves.<\/p>\n<p class=\"p3\">- Easy to use: clear identification of the valves and indication of the maximum filling volume of each balloon (80 ml).<\/p>\n<p class=\"p3\">- Anatomically shaped balloons for efficient maturation.<\/p>\n<p class=\"p3\">- Latex-free, DEHP-free (Di-2-ethylhexyl phthalate), BPA-free (Bisphenol A).<\/p>\n<p class=\"p3\">\u2022 18 fr-storlek<\/p>\n<p class=\"p4\">\u2022 L\u00e5ngt utg\u00e5ngsdatum<\/p>\n<p>&nbsp;<\/p>\n<p>Divisional packaging: 10 pieces<\/p>\n<p>Transport packaging: 100 pcs<\/p>","protected":false},"excerpt":{"rendered":"<p>Den dubbla CVB-ballongen \u00e4r avsedd f\u00f6r mekanisk mognad av en ogynnsam livmoderhals hos gravida kvinnor i\u00a0 fullg\u00e5ngen graviditet, f\u00f6r vilka ig\u00e5ngs\u00e4ttning av f\u00f6rlossningen \u00e4r medicinskt indicerad. Den m\u00f6jligg\u00f6r en progressiv mognad av livmoderhalsen f\u00f6r att underl\u00e4tta ig\u00e5ngs\u00e4ttningen av f\u00f6rlossningen. Ett milt tryck appliceras samtidigt p\u00e5 livmoderhalskanalen, inre och yttre livmoderhalsen.appliceras samtidigt p\u00e5 livmoderhalskanalen, inre och [&hellip;]<\/p>","protected":false},"featured_media":8322,"template":"","meta":{"inline_featured_image":false},"product_cat":[28],"product_tag":[],"class_list":["post-8324","product","type-product","status-publish","has-post-thumbnail","hentry","product_cat-obstetrik"],"acf":[],"yoast_head":"<!-- This site is optimized with the Yoast SEO plugin v19.9 - https:\/\/yoast.com\/wordpress\/plugins\/seo\/ -->\r\n<title>CVB BALLOON - Cetro Medical<\/title>\r\n<meta name=\"description\" content=\"Uppt\u00e4ck CVB BALLOON fr\u00e5n Cetro Medical \u2013 kvalitetss\u00e4krad medicinsk utrustning f\u00f6r p\u00e5litlig v\u00e5rd. Best\u00e4ll online och f\u00e5 snabb leverans!\" \/>\r\n<meta name=\"robots\" content=\"index, follow, max-snippet:-1, max-image-preview:large, max-video-preview:-1\" \/>\r\n<link rel=\"canonical\" href=\"https:\/\/cetromedical.se\/en\/product-2\/cvb-balloon\/\" \/>\r\n<meta property=\"og:locale\" content=\"en_US\" \/>\r\n<meta property=\"og:type\" content=\"article\" \/>\r\n<meta property=\"og:title\" content=\"CVB BALLOON - Cetro Medical\" \/>\r\n<meta property=\"og:description\" content=\"Uppt\u00e4ck CVB BALLOON fr\u00e5n Cetro Medical \u2013 kvalitetss\u00e4krad medicinsk utrustning f\u00f6r p\u00e5litlig v\u00e5rd. Best\u00e4ll online och f\u00e5 snabb leverans!\" \/>\r\n<meta property=\"og:url\" content=\"https:\/\/cetromedical.se\/en\/product-2\/cvb-balloon\/\" \/>\r\n<meta property=\"og:site_name\" content=\"Cetro Medical\" \/>\r\n<meta property=\"article:modified_time\" content=\"2025-06-02T14:42:56+00:00\" \/>\r\n<meta property=\"og:image\" content=\"https:\/\/cetromedical.se\/wp-content\/uploads\/2024\/09\/CVB-Ballon.png\" \/>\r\n\t<meta property=\"og:image:width\" content=\"1100\" \/>\r\n\t<meta property=\"og:image:height\" content=\"770\" \/>\r\n\t<meta property=\"og:image:type\" content=\"image\/png\" \/>\r\n<meta name=\"twitter:card\" content=\"summary_large_image\" \/>\r\n<meta name=\"twitter:label1\" content=\"Est. reading time\" \/>\n\t<meta name=\"twitter:data1\" content=\"1 minute\" \/>\r\n<script type=\"application\/ld+json\" class=\"yoast-schema-graph\">{\"@context\":\"https:\/\/schema.org\",\"@graph\":[{\"@type\":\"WebPage\",\"@id\":\"https:\/\/cetromedical.se\/produkt\/cvb-balloon\/\",\"url\":\"https:\/\/cetromedical.se\/produkt\/cvb-balloon\/\",\"name\":\"CVB BALLOON - Cetro Medical\",\"isPartOf\":{\"@id\":\"https:\/\/cetromedical.se\/#website\"},\"datePublished\":\"2024-09-12T10:13:55+00:00\",\"dateModified\":\"2025-06-02T14:42:56+00:00\",\"description\":\"Uppt\u00e4ck CVB BALLOON fr\u00e5n Cetro Medical \u2013 kvalitetss\u00e4krad medicinsk utrustning f\u00f6r p\u00e5litlig v\u00e5rd. Best\u00e4ll online och f\u00e5 snabb leverans!\",\"breadcrumb\":{\"@id\":\"https:\/\/cetromedical.se\/produkt\/cvb-balloon\/#breadcrumb\"},\"inLanguage\":\"en-US\",\"potentialAction\":[{\"@type\":\"ReadAction\",\"target\":[\"https:\/\/cetromedical.se\/produkt\/cvb-balloon\/\"]}]},{\"@type\":\"BreadcrumbList\",\"@id\":\"https:\/\/cetromedical.se\/produkt\/cvb-balloon\/#breadcrumb\",\"itemListElement\":[{\"@type\":\"ListItem\",\"position\":1,\"name\":\"Hem\",\"item\":\"https:\/\/cetromedical.se\/\"},{\"@type\":\"ListItem\",\"position\":2,\"name\":\"Webbutik\",\"item\":\"https:\/\/cetromedical.se\/butik\/\"},{\"@type\":\"ListItem\",\"position\":3,\"name\":\"CVB BALLOON\"}]},{\"@type\":\"WebSite\",\"@id\":\"https:\/\/cetromedical.se\/#website\",\"url\":\"https:\/\/cetromedical.se\/\",\"name\":\"Cetro Medical\",\"description\":\"Quality Medical Instruments\",\"publisher\":{\"@id\":\"https:\/\/cetromedical.se\/#organization\"},\"potentialAction\":[{\"@type\":\"SearchAction\",\"target\":{\"@type\":\"EntryPoint\",\"urlTemplate\":\"https:\/\/cetromedical.se\/?s={search_term_string}\"},\"query-input\":\"required name=search_term_string\"}],\"inLanguage\":\"en-US\"},{\"@type\":\"Organization\",\"@id\":\"https:\/\/cetromedical.se\/#organization\",\"name\":\"Cetro Medical\",\"url\":\"https:\/\/cetromedical.se\/\",\"logo\":{\"@type\":\"ImageObject\",\"inLanguage\":\"en-US\",\"@id\":\"https:\/\/cetromedical.se\/#\/schema\/logo\/image\/\",\"url\":\"https:\/\/cetromedical.se\/wp-content\/uploads\/2022\/05\/Cetro-medical-285_2-1.png\",\"contentUrl\":\"https:\/\/cetromedical.se\/wp-content\/uploads\/2022\/05\/Cetro-medical-285_2-1.png\",\"width\":1317,\"height\":119,\"caption\":\"Cetro Medical\"},\"image\":{\"@id\":\"https:\/\/cetromedical.se\/#\/schema\/logo\/image\/\"}}]}<\/script>\r\n<!-- \/ Yoast SEO plugin. -->","yoast_head_json":{"title":"CVB BALLOON - Cetro Medical","description":"Uppt\u00e4ck CVB BALLOON fr\u00e5n Cetro Medical \u2013 kvalitetss\u00e4krad medicinsk utrustning f\u00f6r p\u00e5litlig v\u00e5rd. Best\u00e4ll online och f\u00e5 snabb leverans!","robots":{"index":"index","follow":"follow","max-snippet":"max-snippet:-1","max-image-preview":"max-image-preview:large","max-video-preview":"max-video-preview:-1"},"canonical":"https:\/\/cetromedical.se\/en\/product-2\/cvb-balloon\/","og_locale":"en_US","og_type":"article","og_title":"CVB BALLOON - Cetro Medical","og_description":"Uppt\u00e4ck CVB BALLOON fr\u00e5n Cetro Medical \u2013 kvalitetss\u00e4krad medicinsk utrustning f\u00f6r p\u00e5litlig v\u00e5rd. Best\u00e4ll online och f\u00e5 snabb leverans!","og_url":"https:\/\/cetromedical.se\/en\/product-2\/cvb-balloon\/","og_site_name":"Cetro Medical","article_modified_time":"2025-06-02T14:42:56+00:00","og_image":[{"width":1100,"height":770,"url":"https:\/\/cetromedical.se\/wp-content\/uploads\/2024\/09\/CVB-Ballon.png","type":"image\/png"}],"twitter_card":"summary_large_image","twitter_misc":{"Est. reading time":"1 minute"},"schema":{"@context":"https:\/\/schema.org","@graph":[{"@type":"WebPage","@id":"https:\/\/cetromedical.se\/produkt\/cvb-balloon\/","url":"https:\/\/cetromedical.se\/produkt\/cvb-balloon\/","name":"CVB BALLOON - Cetro Medical","isPartOf":{"@id":"https:\/\/cetromedical.se\/#website"},"datePublished":"2024-09-12T10:13:55+00:00","dateModified":"2025-06-02T14:42:56+00:00","description":"Uppt\u00e4ck CVB BALLOON fr\u00e5n Cetro Medical \u2013 kvalitetss\u00e4krad medicinsk utrustning f\u00f6r p\u00e5litlig v\u00e5rd. Best\u00e4ll online och f\u00e5 snabb leverans!","breadcrumb":{"@id":"https:\/\/cetromedical.se\/produkt\/cvb-balloon\/#breadcrumb"},"inLanguage":"en-US","potentialAction":[{"@type":"ReadAction","target":["https:\/\/cetromedical.se\/produkt\/cvb-balloon\/"]}]},{"@type":"BreadcrumbList","@id":"https:\/\/cetromedical.se\/produkt\/cvb-balloon\/#breadcrumb","itemListElement":[{"@type":"ListItem","position":1,"name":"Hem","item":"https:\/\/cetromedical.se\/"},{"@type":"ListItem","position":2,"name":"Webbutik","item":"https:\/\/cetromedical.se\/butik\/"},{"@type":"ListItem","position":3,"name":"CVB BALLOON"}]},{"@type":"WebSite","@id":"https:\/\/cetromedical.se\/#website","url":"https:\/\/cetromedical.se\/","name":"Cetro Medical","description":"Quality Medical Instruments","publisher":{"@id":"https:\/\/cetromedical.se\/#organization"},"potentialAction":[{"@type":"SearchAction","target":{"@type":"EntryPoint","urlTemplate":"https:\/\/cetromedical.se\/?s={search_term_string}"},"query-input":"required name=search_term_string"}],"inLanguage":"en-US"},{"@type":"Organization","@id":"https:\/\/cetromedical.se\/#organization","name":"Cetro Medical","url":"https:\/\/cetromedical.se\/","logo":{"@type":"ImageObject","inLanguage":"en-US","@id":"https:\/\/cetromedical.se\/#\/schema\/logo\/image\/","url":"https:\/\/cetromedical.se\/wp-content\/uploads\/2022\/05\/Cetro-medical-285_2-1.png","contentUrl":"https:\/\/cetromedical.se\/wp-content\/uploads\/2022\/05\/Cetro-medical-285_2-1.png","width":1317,"height":119,"caption":"Cetro Medical"},"image":{"@id":"https:\/\/cetromedical.se\/#\/schema\/logo\/image\/"}}]}},"_links":{"self":[{"href":"https:\/\/cetromedical.se\/en\/wp-json\/wp\/v2\/product\/8324","targetHints":{"allow":["GET"]}}],"collection":[{"href":"https:\/\/cetromedical.se\/en\/wp-json\/wp\/v2\/product"}],"about":[{"href":"https:\/\/cetromedical.se\/en\/wp-json\/wp\/v2\/types\/product"}],"wp:featuredmedia":[{"embeddable":true,"href":"https:\/\/cetromedical.se\/en\/wp-json\/wp\/v2\/media\/8322"}],"wp:attachment":[{"href":"https:\/\/cetromedical.se\/en\/wp-json\/wp\/v2\/media?parent=8324"}],"wp:term":[{"taxonomy":"product_cat","embeddable":true,"href":"https:\/\/cetromedical.se\/en\/wp-json\/wp\/v2\/product_cat?post=8324"},{"taxonomy":"product_tag","embeddable":true,"href":"https:\/\/cetromedical.se\/en\/wp-json\/wp\/v2\/product_tag?post=8324"}],"curies":[{"name":"wp","href":"https:\/\/api.w.org\/{rel}","templated":true}]}}