{"id":8327,"date":"2024-09-12T12:32:01","date_gmt":"2024-09-12T10:32:01","guid":{"rendered":"https:\/\/cetromedical.se\/?post_type=product&#038;p=8327"},"modified":"2024-12-11T09:02:01","modified_gmt":"2024-12-11T08:02:01","slug":"ppb-balloon-24f-ll","status":"publish","type":"product","link":"https:\/\/cetromedical.se\/en\/product-2\/ppb-balloon-24f-ll\/","title":{"rendered":"PPB BALLOON-24F-ll"},"content":{"rendered":"<p class=\"p1\">The easy-to-use hemostatic balloon for the treatment of postpartum hemorrhage. The PPB balloon makes intrauterine tamponade simple and effective. The balloon is used for the control of postpartum hemorrhage after ineffective drug treatment and can thus avoid potential embolization.<\/p>\n<p class=\"p2\">Principles<\/p>\n<p class=\"p3\">Once the balloon is inserted into the uterus and filled with sterile physiological fluid, it exerts a homogeneous pressure on<\/p>\n<p class=\"p3\">the walls of the uterus, thus holding back the bleeding. Its large drainage channel allows blood to be evacuated efficiently.<\/p>\n<p class=\"p2\">Technical characteristics<\/p>\n<p class=\"p3\">- Intuitive and immediate assembly of the device for optimized use in emergency situations.<\/p>\n<p class=\"p3\">- Quick and easy filling thanks to the check valve system.<\/p>\n<p class=\"p3\">- Fast control of bleeding thanks to the anatomical shape of the balloon, which precisely follows the walls of the uterus.<\/p>\n<p class=\"p3\">- Easy blood drainage and limited risk of blockage thanks to the double drainage hole.<\/p>\n<p class=\"p3\">- The balloon can be inflated up to 500 ml with sterile physiological fluid.<\/p>\n<p class=\"p3\">- A single catheter contains both the injection and drainage routes.<\/p>\n<p class=\"p3\">- Can be used after vaginal delivery as well as after cesarean section.<\/p>\n<p class=\"p4\">- Hypoallergenic: silicone composition, without latex.<\/p>\n<p>&nbsp;<\/p>\n<p>Divisional packaging: 1 piece<\/p>\n<p>Transport packaging: 10 pcs<\/p>","protected":false},"excerpt":{"rendered":"<p>Den l\u00e4ttanv\u00e4nda hemostatiska ballongen f\u00f6r behandling av postpartumbl\u00f6dning. PPB-ballongen g\u00f6r intrauterininetamponad enkel och effektiv. Ballongen anv\u00e4nds f\u00f6r kontroll av postpartumbl\u00f6dning efter ineffektiv behandling med l\u00e4kemedel och kan d\u00e4rmed undvika potentiell embolisering. Principen N\u00e4r ballongen har f\u00f6rts in i livmodern och fyllts med steril fysiologisk v\u00e4tska ut\u00f6var den ett homogent tryck p\u00e5 livmoderv\u00e4ggarna och h\u00e5ller p\u00e5 [&hellip;]<\/p>","protected":false},"featured_media":8323,"template":"","meta":{"inline_featured_image":false},"product_cat":[28],"product_tag":[],"class_list":["post-8327","product","type-product","status-publish","has-post-thumbnail","hentry","product_cat-obstetrik"],"acf":[],"yoast_head":"<!-- This site is optimized with the Yoast SEO plugin v19.9 - https:\/\/yoast.com\/wordpress\/plugins\/seo\/ -->\r\n<title>PPB BALLOON-24F-ll - Cetro Medical<\/title>\r\n<meta name=\"description\" content=\"Uppt\u00e4ck PPB BALLOON-24F-ll fr\u00e5n Cetro Medical \u2013 kvalitetss\u00e4krad medicinsk utrustning f\u00f6r p\u00e5litlig v\u00e5rd. Best\u00e4ll online och f\u00e5 snabb leverans!\" \/>\r\n<meta name=\"robots\" content=\"index, follow, max-snippet:-1, max-image-preview:large, max-video-preview:-1\" \/>\r\n<link rel=\"canonical\" href=\"https:\/\/cetromedical.se\/en\/product-2\/ppb-balloon-24f-ll\/\" \/>\r\n<meta property=\"og:locale\" content=\"en_US\" \/>\r\n<meta property=\"og:type\" content=\"article\" \/>\r\n<meta property=\"og:title\" content=\"PPB BALLOON-24F-ll - Cetro Medical\" \/>\r\n<meta property=\"og:description\" content=\"Uppt\u00e4ck PPB BALLOON-24F-ll fr\u00e5n Cetro Medical \u2013 kvalitetss\u00e4krad medicinsk utrustning f\u00f6r p\u00e5litlig v\u00e5rd. Best\u00e4ll online och f\u00e5 snabb leverans!\" \/>\r\n<meta property=\"og:url\" content=\"https:\/\/cetromedical.se\/en\/product-2\/ppb-balloon-24f-ll\/\" \/>\r\n<meta property=\"og:site_name\" content=\"Cetro Medical\" \/>\r\n<meta property=\"article:modified_time\" content=\"2024-12-11T08:02:01+00:00\" \/>\r\n<meta property=\"og:image\" content=\"https:\/\/cetromedical.se\/wp-content\/uploads\/2024\/09\/PPB-Ballon.png\" \/>\r\n\t<meta property=\"og:image:width\" content=\"1100\" \/>\r\n\t<meta property=\"og:image:height\" content=\"770\" \/>\r\n\t<meta property=\"og:image:type\" content=\"image\/png\" \/>\r\n<meta name=\"twitter:card\" content=\"summary_large_image\" \/>\r\n<meta name=\"twitter:label1\" content=\"Est. reading time\" \/>\n\t<meta name=\"twitter:data1\" content=\"1 minute\" \/>\r\n<script type=\"application\/ld+json\" class=\"yoast-schema-graph\">{\"@context\":\"https:\/\/schema.org\",\"@graph\":[{\"@type\":\"WebPage\",\"@id\":\"https:\/\/cetromedical.se\/produkt\/ppb-balloon-24f-ll\/\",\"url\":\"https:\/\/cetromedical.se\/produkt\/ppb-balloon-24f-ll\/\",\"name\":\"PPB BALLOON-24F-ll - Cetro Medical\",\"isPartOf\":{\"@id\":\"https:\/\/cetromedical.se\/#website\"},\"datePublished\":\"2024-09-12T10:32:01+00:00\",\"dateModified\":\"2024-12-11T08:02:01+00:00\",\"description\":\"Uppt\u00e4ck PPB BALLOON-24F-ll fr\u00e5n Cetro Medical \u2013 kvalitetss\u00e4krad medicinsk utrustning f\u00f6r p\u00e5litlig v\u00e5rd. Best\u00e4ll online och f\u00e5 snabb leverans!\",\"breadcrumb\":{\"@id\":\"https:\/\/cetromedical.se\/produkt\/ppb-balloon-24f-ll\/#breadcrumb\"},\"inLanguage\":\"en-US\",\"potentialAction\":[{\"@type\":\"ReadAction\",\"target\":[\"https:\/\/cetromedical.se\/produkt\/ppb-balloon-24f-ll\/\"]}]},{\"@type\":\"BreadcrumbList\",\"@id\":\"https:\/\/cetromedical.se\/produkt\/ppb-balloon-24f-ll\/#breadcrumb\",\"itemListElement\":[{\"@type\":\"ListItem\",\"position\":1,\"name\":\"Hem\",\"item\":\"https:\/\/cetromedical.se\/\"},{\"@type\":\"ListItem\",\"position\":2,\"name\":\"Webbutik\",\"item\":\"https:\/\/cetromedical.se\/butik\/\"},{\"@type\":\"ListItem\",\"position\":3,\"name\":\"PPB BALLOON-24F-ll\"}]},{\"@type\":\"WebSite\",\"@id\":\"https:\/\/cetromedical.se\/#website\",\"url\":\"https:\/\/cetromedical.se\/\",\"name\":\"Cetro Medical\",\"description\":\"Quality Medical Instruments\",\"publisher\":{\"@id\":\"https:\/\/cetromedical.se\/#organization\"},\"potentialAction\":[{\"@type\":\"SearchAction\",\"target\":{\"@type\":\"EntryPoint\",\"urlTemplate\":\"https:\/\/cetromedical.se\/?s={search_term_string}\"},\"query-input\":\"required name=search_term_string\"}],\"inLanguage\":\"en-US\"},{\"@type\":\"Organization\",\"@id\":\"https:\/\/cetromedical.se\/#organization\",\"name\":\"Cetro Medical\",\"url\":\"https:\/\/cetromedical.se\/\",\"logo\":{\"@type\":\"ImageObject\",\"inLanguage\":\"en-US\",\"@id\":\"https:\/\/cetromedical.se\/#\/schema\/logo\/image\/\",\"url\":\"https:\/\/cetromedical.se\/wp-content\/uploads\/2022\/05\/Cetro-medical-285_2-1.png\",\"contentUrl\":\"https:\/\/cetromedical.se\/wp-content\/uploads\/2022\/05\/Cetro-medical-285_2-1.png\",\"width\":1317,\"height\":119,\"caption\":\"Cetro Medical\"},\"image\":{\"@id\":\"https:\/\/cetromedical.se\/#\/schema\/logo\/image\/\"}}]}<\/script>\r\n<!-- \/ Yoast SEO plugin. -->","yoast_head_json":{"title":"PPB BALLOON-24F-ll - Cetro Medical","description":"Uppt\u00e4ck PPB BALLOON-24F-ll fr\u00e5n Cetro Medical \u2013 kvalitetss\u00e4krad medicinsk utrustning f\u00f6r p\u00e5litlig v\u00e5rd. Best\u00e4ll online och f\u00e5 snabb leverans!","robots":{"index":"index","follow":"follow","max-snippet":"max-snippet:-1","max-image-preview":"max-image-preview:large","max-video-preview":"max-video-preview:-1"},"canonical":"https:\/\/cetromedical.se\/en\/product-2\/ppb-balloon-24f-ll\/","og_locale":"en_US","og_type":"article","og_title":"PPB BALLOON-24F-ll - Cetro Medical","og_description":"Uppt\u00e4ck PPB BALLOON-24F-ll fr\u00e5n Cetro Medical \u2013 kvalitetss\u00e4krad medicinsk utrustning f\u00f6r p\u00e5litlig v\u00e5rd. Best\u00e4ll online och f\u00e5 snabb leverans!","og_url":"https:\/\/cetromedical.se\/en\/product-2\/ppb-balloon-24f-ll\/","og_site_name":"Cetro Medical","article_modified_time":"2024-12-11T08:02:01+00:00","og_image":[{"width":1100,"height":770,"url":"https:\/\/cetromedical.se\/wp-content\/uploads\/2024\/09\/PPB-Ballon.png","type":"image\/png"}],"twitter_card":"summary_large_image","twitter_misc":{"Est. reading time":"1 minute"},"schema":{"@context":"https:\/\/schema.org","@graph":[{"@type":"WebPage","@id":"https:\/\/cetromedical.se\/produkt\/ppb-balloon-24f-ll\/","url":"https:\/\/cetromedical.se\/produkt\/ppb-balloon-24f-ll\/","name":"PPB BALLOON-24F-ll - Cetro Medical","isPartOf":{"@id":"https:\/\/cetromedical.se\/#website"},"datePublished":"2024-09-12T10:32:01+00:00","dateModified":"2024-12-11T08:02:01+00:00","description":"Uppt\u00e4ck PPB BALLOON-24F-ll fr\u00e5n Cetro Medical \u2013 kvalitetss\u00e4krad medicinsk utrustning f\u00f6r p\u00e5litlig v\u00e5rd. Best\u00e4ll online och f\u00e5 snabb leverans!","breadcrumb":{"@id":"https:\/\/cetromedical.se\/produkt\/ppb-balloon-24f-ll\/#breadcrumb"},"inLanguage":"en-US","potentialAction":[{"@type":"ReadAction","target":["https:\/\/cetromedical.se\/produkt\/ppb-balloon-24f-ll\/"]}]},{"@type":"BreadcrumbList","@id":"https:\/\/cetromedical.se\/produkt\/ppb-balloon-24f-ll\/#breadcrumb","itemListElement":[{"@type":"ListItem","position":1,"name":"Hem","item":"https:\/\/cetromedical.se\/"},{"@type":"ListItem","position":2,"name":"Webbutik","item":"https:\/\/cetromedical.se\/butik\/"},{"@type":"ListItem","position":3,"name":"PPB BALLOON-24F-ll"}]},{"@type":"WebSite","@id":"https:\/\/cetromedical.se\/#website","url":"https:\/\/cetromedical.se\/","name":"Cetro Medical","description":"Quality Medical Instruments","publisher":{"@id":"https:\/\/cetromedical.se\/#organization"},"potentialAction":[{"@type":"SearchAction","target":{"@type":"EntryPoint","urlTemplate":"https:\/\/cetromedical.se\/?s={search_term_string}"},"query-input":"required name=search_term_string"}],"inLanguage":"en-US"},{"@type":"Organization","@id":"https:\/\/cetromedical.se\/#organization","name":"Cetro Medical","url":"https:\/\/cetromedical.se\/","logo":{"@type":"ImageObject","inLanguage":"en-US","@id":"https:\/\/cetromedical.se\/#\/schema\/logo\/image\/","url":"https:\/\/cetromedical.se\/wp-content\/uploads\/2022\/05\/Cetro-medical-285_2-1.png","contentUrl":"https:\/\/cetromedical.se\/wp-content\/uploads\/2022\/05\/Cetro-medical-285_2-1.png","width":1317,"height":119,"caption":"Cetro Medical"},"image":{"@id":"https:\/\/cetromedical.se\/#\/schema\/logo\/image\/"}}]}},"_links":{"self":[{"href":"https:\/\/cetromedical.se\/en\/wp-json\/wp\/v2\/product\/8327","targetHints":{"allow":["GET"]}}],"collection":[{"href":"https:\/\/cetromedical.se\/en\/wp-json\/wp\/v2\/product"}],"about":[{"href":"https:\/\/cetromedical.se\/en\/wp-json\/wp\/v2\/types\/product"}],"wp:featuredmedia":[{"embeddable":true,"href":"https:\/\/cetromedical.se\/en\/wp-json\/wp\/v2\/media\/8323"}],"wp:attachment":[{"href":"https:\/\/cetromedical.se\/en\/wp-json\/wp\/v2\/media?parent=8327"}],"wp:term":[{"taxonomy":"product_cat","embeddable":true,"href":"https:\/\/cetromedical.se\/en\/wp-json\/wp\/v2\/product_cat?post=8327"},{"taxonomy":"product_tag","embeddable":true,"href":"https:\/\/cetromedical.se\/en\/wp-json\/wp\/v2\/product_tag?post=8327"}],"curies":[{"name":"wp","href":"https:\/\/api.w.org\/{rel}","templated":true}]}}