{"id":8832,"date":"2024-11-21T15:19:27","date_gmt":"2024-11-21T14:19:27","guid":{"rendered":"https:\/\/cetromedical.se\/?post_type=product&#038;p=8832"},"modified":"2025-05-19T15:39:53","modified_gmt":"2025-05-19T13:39:53","slug":"prolapse-ring-2","status":"publish","type":"product","link":"https:\/\/cetromedical.se\/en\/product-2\/cetro-prolapse-ring\/","title":{"rendered":"Prolapse Ring"},"content":{"rendered":"<div class=\"summary entry-summary\">\n<div class=\"woocommerce-product-details__short-description\">\n<div class=\"woocommerce-product-details__short-description\">\n<p class=\"p1\"><a href=\"https:\/\/cetromedical.se\/en\/archive-2\/\">ARKIV: IFU\/Bruksanvisning<\/a><\/p>\n<p class=\"p1\"><i>Den flexibla silikonringen anv\u00e4nds ofta vid ett milt f\u00f6rsta- eller andra gradens livmoderframfall eller total prolaps. Donut-prolapsring anv\u00e4nds vid ett tredje gradens livmoderframfall samt vid cystocele och rectocele och anv\u00e4nds<\/i><\/p>\n<p class=\"p1\"><i>ofta av postmenopausala kvinnor.<\/i><\/p>\n<p class=\"p1\"><i>\u2022 Prolapsringarna \u00e4r tillverkade av 100 % medicinsk silikon.<\/i><\/p>\n<p class=\"p1\"><i>\u2022 De \u00e4r avsedda f\u00f6r eng\u00e5ngsbruk per patient.<\/i><\/p>\n<p class=\"p1\"><i>\u2022 Utrustning av r\u00e4tt storlek kr\u00e4ver vanligtvis en testning av olika storlekar f\u00f6r att fastst\u00e4lla r\u00e4tt prolapsringsstorlek.<\/i><\/p>\n<p class=\"p1\"><i>\u2022 Ett prolapsringsprovningsset \u00e4r ett v\u00e4rdefullt hj\u00e4lpmedel f\u00f6r att v\u00e4lja korrekt prolapsring.<\/i><\/p>\n<p class=\"p1\"><i>\u2022 F\u00f6r att underl\u00e4tta inf\u00f6randet av prolapsring kan en vaginalt applicerad glidkr\u00e4m beh\u00f6vas f\u00f6r patientens komfort.<\/i><\/p>\n<p class=\"p1\"><i>\u2022 L\u00e4karen kan f\u00f6resl\u00e5 K-Y jelly\u00ae eller en motsvarande produkt.<\/i><\/p>\n<p class=\"p1\"><i>L\u00e4karen b\u00f6r avg\u00f6ra om patienten beh\u00f6ver \u00f6strogenbehandling innan en prolapsring ordineras. Inom 24 till 48 timmar b\u00f6r det s\u00e4kerst\u00e4llas att patienten inte \u00e4r allergisk mot prolapsringen. Unders\u00f6k slidan och fr\u00e5ga patienten om eventuellt obehag, irritation, tryck, k\u00e4nslighet eller ovanliga flytningar. Utv\u00e4rdera ocks\u00e5 om det har skett n\u00e5gon f\u00f6rb\u00e4ttring av patientens symtom.<\/i><\/p>\n<p class=\"p1\"><i>Guangzhou Fame Medical Co., Ltd. \u00e4r ett f\u00f6retag som specialiserar sig p\u00e5 forskning och utveckling, produktion och f\u00f6rs\u00e4ljning av medicinska silikonprodukter. Fame Medical grundades 2007 och har i \u00f6ver tio \u00e5r varit engagerat i forskning, utveckling och produktion av medicinska silikonprodukter, med en djup f\u00f6rst\u00e5else f\u00f6r silikonprodukter och deras tekniska processer. Fame Medical kan erbjuda omfattande utbildning i produktionsprocesser och produktbearbetning, inklusive produktutveckling, formdesign och medicinska silikonkomponenter.<\/i><\/p>\n<\/div>\n<\/div>\n<\/div>","protected":false},"excerpt":{"rendered":"<p>Prolapse and incontinence rings are an effective aid for a variety of gynecological problems, the patient can avoid surgical intervention.<\/p>","protected":false},"featured_media":8829,"template":"","meta":{"inline_featured_image":false},"product_cat":[25,46],"product_tag":[],"class_list":["post-8832","product","type-product","status-publish","has-post-thumbnail","hentry","product_cat-gynekologi","product_cat-prolapsring"],"acf":[],"yoast_head":"<!-- This site is optimized with the Yoast SEO plugin v19.9 - https:\/\/yoast.com\/wordpress\/plugins\/seo\/ -->\r\n<title>Prolapse Ring - Cetro Medical<\/title>\r\n<meta name=\"description\" content=\"Uppt\u00e4ck Prolapse Ring fr\u00e5n Cetro Medical \u2013 kvalitetss\u00e4krad medicinsk utrustning f\u00f6r p\u00e5litlig v\u00e5rd. Best\u00e4ll online och f\u00e5 snabb leverans!\" \/>\r\n<meta name=\"robots\" content=\"index, follow, max-snippet:-1, max-image-preview:large, max-video-preview:-1\" \/>\r\n<link rel=\"canonical\" href=\"https:\/\/cetromedical.se\/en\/product-2\/cetro-prolapse-ring\/\" \/>\r\n<meta property=\"og:locale\" content=\"en_US\" \/>\r\n<meta property=\"og:type\" content=\"article\" \/>\r\n<meta property=\"og:title\" content=\"Prolapse Ring - Cetro Medical\" \/>\r\n<meta property=\"og:description\" content=\"Uppt\u00e4ck Prolapse Ring fr\u00e5n Cetro Medical \u2013 kvalitetss\u00e4krad medicinsk utrustning f\u00f6r p\u00e5litlig v\u00e5rd. Best\u00e4ll online och f\u00e5 snabb leverans!\" \/>\r\n<meta property=\"og:url\" content=\"https:\/\/cetromedical.se\/en\/product-2\/cetro-prolapse-ring\/\" \/>\r\n<meta property=\"og:site_name\" content=\"Cetro Medical\" \/>\r\n<meta property=\"article:modified_time\" content=\"2025-05-19T13:39:53+00:00\" \/>\r\n<meta property=\"og:image\" content=\"https:\/\/cetromedical.se\/wp-content\/uploads\/2024\/11\/PER00-PER09-9613.png\" \/>\r\n\t<meta property=\"og:image:width\" content=\"1100\" \/>\r\n\t<meta property=\"og:image:height\" content=\"770\" \/>\r\n\t<meta property=\"og:image:type\" content=\"image\/png\" \/>\r\n<meta name=\"twitter:card\" content=\"summary_large_image\" \/>\r\n<meta name=\"twitter:label1\" content=\"Est. reading time\" \/>\n\t<meta name=\"twitter:data1\" content=\"2 minutes\" \/>\r\n<script type=\"application\/ld+json\" class=\"yoast-schema-graph\">{\"@context\":\"https:\/\/schema.org\",\"@graph\":[{\"@type\":\"WebPage\",\"@id\":\"https:\/\/cetromedical.se\/produkt\/prolapse-ring-2\/\",\"url\":\"https:\/\/cetromedical.se\/produkt\/prolapse-ring-2\/\",\"name\":\"Prolapse Ring - Cetro Medical\",\"isPartOf\":{\"@id\":\"https:\/\/cetromedical.se\/#website\"},\"datePublished\":\"2024-11-21T14:19:27+00:00\",\"dateModified\":\"2025-05-19T13:39:53+00:00\",\"description\":\"Uppt\u00e4ck Prolapse Ring fr\u00e5n Cetro Medical \u2013 kvalitetss\u00e4krad medicinsk utrustning f\u00f6r p\u00e5litlig v\u00e5rd. Best\u00e4ll online och f\u00e5 snabb leverans!\",\"breadcrumb\":{\"@id\":\"https:\/\/cetromedical.se\/produkt\/prolapse-ring-2\/#breadcrumb\"},\"inLanguage\":\"en-US\",\"potentialAction\":[{\"@type\":\"ReadAction\",\"target\":[\"https:\/\/cetromedical.se\/produkt\/prolapse-ring-2\/\"]}]},{\"@type\":\"BreadcrumbList\",\"@id\":\"https:\/\/cetromedical.se\/produkt\/prolapse-ring-2\/#breadcrumb\",\"itemListElement\":[{\"@type\":\"ListItem\",\"position\":1,\"name\":\"Hem\",\"item\":\"https:\/\/cetromedical.se\/\"},{\"@type\":\"ListItem\",\"position\":2,\"name\":\"Webbutik\",\"item\":\"https:\/\/cetromedical.se\/butik\/\"},{\"@type\":\"ListItem\",\"position\":3,\"name\":\"Prolapse Ring\"}]},{\"@type\":\"WebSite\",\"@id\":\"https:\/\/cetromedical.se\/#website\",\"url\":\"https:\/\/cetromedical.se\/\",\"name\":\"Cetro Medical\",\"description\":\"Quality Medical Instruments\",\"publisher\":{\"@id\":\"https:\/\/cetromedical.se\/#organization\"},\"potentialAction\":[{\"@type\":\"SearchAction\",\"target\":{\"@type\":\"EntryPoint\",\"urlTemplate\":\"https:\/\/cetromedical.se\/?s={search_term_string}\"},\"query-input\":\"required name=search_term_string\"}],\"inLanguage\":\"en-US\"},{\"@type\":\"Organization\",\"@id\":\"https:\/\/cetromedical.se\/#organization\",\"name\":\"Cetro Medical\",\"url\":\"https:\/\/cetromedical.se\/\",\"logo\":{\"@type\":\"ImageObject\",\"inLanguage\":\"en-US\",\"@id\":\"https:\/\/cetromedical.se\/#\/schema\/logo\/image\/\",\"url\":\"https:\/\/cetromedical.se\/wp-content\/uploads\/2022\/05\/Cetro-medical-285_2-1.png\",\"contentUrl\":\"https:\/\/cetromedical.se\/wp-content\/uploads\/2022\/05\/Cetro-medical-285_2-1.png\",\"width\":1317,\"height\":119,\"caption\":\"Cetro Medical\"},\"image\":{\"@id\":\"https:\/\/cetromedical.se\/#\/schema\/logo\/image\/\"}}]}<\/script>\r\n<!-- \/ Yoast SEO plugin. -->","yoast_head_json":{"title":"Prolapse Ring - Cetro Medical","description":"Uppt\u00e4ck Prolapse Ring fr\u00e5n Cetro Medical \u2013 kvalitetss\u00e4krad medicinsk utrustning f\u00f6r p\u00e5litlig v\u00e5rd. Best\u00e4ll online och f\u00e5 snabb leverans!","robots":{"index":"index","follow":"follow","max-snippet":"max-snippet:-1","max-image-preview":"max-image-preview:large","max-video-preview":"max-video-preview:-1"},"canonical":"https:\/\/cetromedical.se\/en\/product-2\/cetro-prolapse-ring\/","og_locale":"en_US","og_type":"article","og_title":"Prolapse Ring - Cetro Medical","og_description":"Uppt\u00e4ck Prolapse Ring fr\u00e5n Cetro Medical \u2013 kvalitetss\u00e4krad medicinsk utrustning f\u00f6r p\u00e5litlig v\u00e5rd. Best\u00e4ll online och f\u00e5 snabb leverans!","og_url":"https:\/\/cetromedical.se\/en\/product-2\/cetro-prolapse-ring\/","og_site_name":"Cetro Medical","article_modified_time":"2025-05-19T13:39:53+00:00","og_image":[{"width":1100,"height":770,"url":"https:\/\/cetromedical.se\/wp-content\/uploads\/2024\/11\/PER00-PER09-9613.png","type":"image\/png"}],"twitter_card":"summary_large_image","twitter_misc":{"Est. reading time":"2 minutes"},"schema":{"@context":"https:\/\/schema.org","@graph":[{"@type":"WebPage","@id":"https:\/\/cetromedical.se\/produkt\/prolapse-ring-2\/","url":"https:\/\/cetromedical.se\/produkt\/prolapse-ring-2\/","name":"Prolapse Ring - Cetro Medical","isPartOf":{"@id":"https:\/\/cetromedical.se\/#website"},"datePublished":"2024-11-21T14:19:27+00:00","dateModified":"2025-05-19T13:39:53+00:00","description":"Uppt\u00e4ck Prolapse Ring fr\u00e5n Cetro Medical \u2013 kvalitetss\u00e4krad medicinsk utrustning f\u00f6r p\u00e5litlig v\u00e5rd. Best\u00e4ll online och f\u00e5 snabb leverans!","breadcrumb":{"@id":"https:\/\/cetromedical.se\/produkt\/prolapse-ring-2\/#breadcrumb"},"inLanguage":"en-US","potentialAction":[{"@type":"ReadAction","target":["https:\/\/cetromedical.se\/produkt\/prolapse-ring-2\/"]}]},{"@type":"BreadcrumbList","@id":"https:\/\/cetromedical.se\/produkt\/prolapse-ring-2\/#breadcrumb","itemListElement":[{"@type":"ListItem","position":1,"name":"Hem","item":"https:\/\/cetromedical.se\/"},{"@type":"ListItem","position":2,"name":"Webbutik","item":"https:\/\/cetromedical.se\/butik\/"},{"@type":"ListItem","position":3,"name":"Prolapse Ring"}]},{"@type":"WebSite","@id":"https:\/\/cetromedical.se\/#website","url":"https:\/\/cetromedical.se\/","name":"Cetro Medical","description":"Quality Medical Instruments","publisher":{"@id":"https:\/\/cetromedical.se\/#organization"},"potentialAction":[{"@type":"SearchAction","target":{"@type":"EntryPoint","urlTemplate":"https:\/\/cetromedical.se\/?s={search_term_string}"},"query-input":"required name=search_term_string"}],"inLanguage":"en-US"},{"@type":"Organization","@id":"https:\/\/cetromedical.se\/#organization","name":"Cetro Medical","url":"https:\/\/cetromedical.se\/","logo":{"@type":"ImageObject","inLanguage":"en-US","@id":"https:\/\/cetromedical.se\/#\/schema\/logo\/image\/","url":"https:\/\/cetromedical.se\/wp-content\/uploads\/2022\/05\/Cetro-medical-285_2-1.png","contentUrl":"https:\/\/cetromedical.se\/wp-content\/uploads\/2022\/05\/Cetro-medical-285_2-1.png","width":1317,"height":119,"caption":"Cetro Medical"},"image":{"@id":"https:\/\/cetromedical.se\/#\/schema\/logo\/image\/"}}]}},"_links":{"self":[{"href":"https:\/\/cetromedical.se\/en\/wp-json\/wp\/v2\/product\/8832","targetHints":{"allow":["GET"]}}],"collection":[{"href":"https:\/\/cetromedical.se\/en\/wp-json\/wp\/v2\/product"}],"about":[{"href":"https:\/\/cetromedical.se\/en\/wp-json\/wp\/v2\/types\/product"}],"wp:featuredmedia":[{"embeddable":true,"href":"https:\/\/cetromedical.se\/en\/wp-json\/wp\/v2\/media\/8829"}],"wp:attachment":[{"href":"https:\/\/cetromedical.se\/en\/wp-json\/wp\/v2\/media?parent=8832"}],"wp:term":[{"taxonomy":"product_cat","embeddable":true,"href":"https:\/\/cetromedical.se\/en\/wp-json\/wp\/v2\/product_cat?post=8832"},{"taxonomy":"product_tag","embeddable":true,"href":"https:\/\/cetromedical.se\/en\/wp-json\/wp\/v2\/product_tag?post=8832"}],"curies":[{"name":"wp","href":"https:\/\/api.w.org\/{rel}","templated":true}]}}