{"id":8892,"date":"2024-11-22T09:08:40","date_gmt":"2024-11-22T08:08:40","guid":{"rendered":"https:\/\/cetromedical.se\/?post_type=product&#038;p=8892"},"modified":"2025-02-05T07:59:33","modified_gmt":"2025-02-05T06:59:33","slug":"rocket-pro-lux-rektoskop","status":"publish","type":"product","link":"https:\/\/cetromedical.se\/en\/product-2\/rectoscope-kit-with-light-disposable\/","title":{"rendered":"Rocket Pro-Lux Rectoscope"},"content":{"rendered":"<p class=\"p1\">Rocket Pro-Lux\u2122 is a fully disposable, ready-to-use rectoscopy system equipped with new features to make use convenient, practical and efficient.<\/p>\n<p class=\"p1\">READY TO USE: Built-in battery-powered light source with a ring of six high-intensity white LEDs for maximum illumination.<\/p>\n<p class=\"p1\">COMPLETE SET: Supplied with a disposable double balloon to offer a complete and economical disposable system.<\/p>\n<p class=\"p1\">Magnifying glass: For clear and precise vision and easy use of biopsy instruments.<\/p>\n<p class=\"p2\">SAFETY: The battery pack is fully removable for safe and environmentally friendly disposal. Each carton comes with a battery storage for safe separation of used battery cells.<\/p>\n<p>Benefits:<\/p>\n<ul>\n<li>Stable and grip-friendly construction<\/li>\n<li>Clear scale<\/li>\n<li>Ready to use, saves time<\/li>\n<li>Very small transition between obturator and tube<\/li>\n<li>The light transmission provides accurate tissue colour and unobstructed vision'<\/li>\n<li>Battery-powered light source with a ring of 6 LEDs for maximum illumination<\/li>\n<\/ul>\n<p>&nbsp;<\/p>\n<p>Divisional packaging: 25 pieces<\/p>\n<p>Transport packaging: 25 pcs<\/p>\n<p>&nbsp;<\/p>","protected":false},"excerpt":{"rendered":"<p>With built-in battery-powered light source.<\/p>","protected":false},"featured_media":8895,"template":"","meta":{"inline_featured_image":false},"product_cat":[30,68],"product_tag":[],"class_list":["post-8892","product","type-product","status-publish","has-post-thumbnail","hentry","product_cat-kolorektal-kirurgi","product_cat-rektoskop"],"acf":[],"yoast_head":"<!-- This site is optimized with the Yoast SEO plugin v19.9 - https:\/\/yoast.com\/wordpress\/plugins\/seo\/ -->\r\n<title>Rocket Pro-Lux Rektoskop - Cetro Medical<\/title>\r\n<meta name=\"description\" content=\"Uppt\u00e4ck Rocket Pro-Lux Rektoskop fr\u00e5n Cetro Medical \u2013 kvalitetss\u00e4krad medicinsk utrustning f\u00f6r p\u00e5litlig v\u00e5rd. Best\u00e4ll online och f\u00e5 snabb leverans!\" \/>\r\n<meta name=\"robots\" content=\"index, follow, max-snippet:-1, max-image-preview:large, max-video-preview:-1\" \/>\r\n<link rel=\"canonical\" href=\"https:\/\/cetromedical.se\/en\/product-2\/rectoscope-kit-with-light-disposable\/\" \/>\r\n<meta property=\"og:locale\" content=\"en_US\" \/>\r\n<meta property=\"og:type\" content=\"article\" \/>\r\n<meta property=\"og:title\" content=\"Rocket Pro-Lux Rektoskop - Cetro Medical\" \/>\r\n<meta property=\"og:description\" content=\"Uppt\u00e4ck Rocket Pro-Lux Rektoskop fr\u00e5n Cetro Medical \u2013 kvalitetss\u00e4krad medicinsk utrustning f\u00f6r p\u00e5litlig v\u00e5rd. Best\u00e4ll online och f\u00e5 snabb leverans!\" \/>\r\n<meta property=\"og:url\" content=\"https:\/\/cetromedical.se\/en\/product-2\/rectoscope-kit-with-light-disposable\/\" \/>\r\n<meta property=\"og:site_name\" content=\"Cetro Medical\" \/>\r\n<meta property=\"article:modified_time\" content=\"2025-02-05T06:59:33+00:00\" \/>\r\n<meta property=\"og:image\" content=\"https:\/\/cetromedical.se\/wp-content\/uploads\/2024\/11\/rocket-pro-lux-rektoskop-r53901.png\" \/>\r\n\t<meta property=\"og:image:width\" content=\"1100\" \/>\r\n\t<meta property=\"og:image:height\" content=\"770\" \/>\r\n\t<meta property=\"og:image:type\" content=\"image\/png\" \/>\r\n<meta name=\"twitter:card\" content=\"summary_large_image\" \/>\r\n<meta name=\"twitter:label1\" content=\"Est. reading time\" \/>\n\t<meta name=\"twitter:data1\" content=\"1 minute\" \/>\r\n<script type=\"application\/ld+json\" class=\"yoast-schema-graph\">{\"@context\":\"https:\/\/schema.org\",\"@graph\":[{\"@type\":\"WebPage\",\"@id\":\"https:\/\/cetromedical.se\/produkt\/rocket-pro-lux-rektoskop\/\",\"url\":\"https:\/\/cetromedical.se\/produkt\/rocket-pro-lux-rektoskop\/\",\"name\":\"Rocket Pro-Lux Rektoskop - Cetro Medical\",\"isPartOf\":{\"@id\":\"https:\/\/cetromedical.se\/#website\"},\"datePublished\":\"2024-11-22T08:08:40+00:00\",\"dateModified\":\"2025-02-05T06:59:33+00:00\",\"description\":\"Uppt\u00e4ck Rocket Pro-Lux Rektoskop fr\u00e5n Cetro Medical \u2013 kvalitetss\u00e4krad medicinsk utrustning f\u00f6r p\u00e5litlig v\u00e5rd. Best\u00e4ll online och f\u00e5 snabb leverans!\",\"breadcrumb\":{\"@id\":\"https:\/\/cetromedical.se\/produkt\/rocket-pro-lux-rektoskop\/#breadcrumb\"},\"inLanguage\":\"en-US\",\"potentialAction\":[{\"@type\":\"ReadAction\",\"target\":[\"https:\/\/cetromedical.se\/produkt\/rocket-pro-lux-rektoskop\/\"]}]},{\"@type\":\"BreadcrumbList\",\"@id\":\"https:\/\/cetromedical.se\/produkt\/rocket-pro-lux-rektoskop\/#breadcrumb\",\"itemListElement\":[{\"@type\":\"ListItem\",\"position\":1,\"name\":\"Hem\",\"item\":\"https:\/\/cetromedical.se\/\"},{\"@type\":\"ListItem\",\"position\":2,\"name\":\"Webbutik\",\"item\":\"https:\/\/cetromedical.se\/butik\/\"},{\"@type\":\"ListItem\",\"position\":3,\"name\":\"Rocket Pro-Lux Rektoskop\"}]},{\"@type\":\"WebSite\",\"@id\":\"https:\/\/cetromedical.se\/#website\",\"url\":\"https:\/\/cetromedical.se\/\",\"name\":\"Cetro Medical\",\"description\":\"Quality Medical Instruments\",\"publisher\":{\"@id\":\"https:\/\/cetromedical.se\/#organization\"},\"potentialAction\":[{\"@type\":\"SearchAction\",\"target\":{\"@type\":\"EntryPoint\",\"urlTemplate\":\"https:\/\/cetromedical.se\/?s={search_term_string}\"},\"query-input\":\"required name=search_term_string\"}],\"inLanguage\":\"en-US\"},{\"@type\":\"Organization\",\"@id\":\"https:\/\/cetromedical.se\/#organization\",\"name\":\"Cetro Medical\",\"url\":\"https:\/\/cetromedical.se\/\",\"logo\":{\"@type\":\"ImageObject\",\"inLanguage\":\"en-US\",\"@id\":\"https:\/\/cetromedical.se\/#\/schema\/logo\/image\/\",\"url\":\"https:\/\/cetromedical.se\/wp-content\/uploads\/2022\/05\/Cetro-medical-285_2-1.png\",\"contentUrl\":\"https:\/\/cetromedical.se\/wp-content\/uploads\/2022\/05\/Cetro-medical-285_2-1.png\",\"width\":1317,\"height\":119,\"caption\":\"Cetro Medical\"},\"image\":{\"@id\":\"https:\/\/cetromedical.se\/#\/schema\/logo\/image\/\"}}]}<\/script>\r\n<!-- \/ Yoast SEO plugin. -->","yoast_head_json":{"title":"Rocket Pro-Lux Rektoskop - Cetro Medical","description":"Uppt\u00e4ck Rocket Pro-Lux Rektoskop fr\u00e5n Cetro Medical \u2013 kvalitetss\u00e4krad medicinsk utrustning f\u00f6r p\u00e5litlig v\u00e5rd. Best\u00e4ll online och f\u00e5 snabb leverans!","robots":{"index":"index","follow":"follow","max-snippet":"max-snippet:-1","max-image-preview":"max-image-preview:large","max-video-preview":"max-video-preview:-1"},"canonical":"https:\/\/cetromedical.se\/en\/product-2\/rectoscope-kit-with-light-disposable\/","og_locale":"en_US","og_type":"article","og_title":"Rocket Pro-Lux Rektoskop - Cetro Medical","og_description":"Uppt\u00e4ck Rocket Pro-Lux Rektoskop fr\u00e5n Cetro Medical \u2013 kvalitetss\u00e4krad medicinsk utrustning f\u00f6r p\u00e5litlig v\u00e5rd. Best\u00e4ll online och f\u00e5 snabb leverans!","og_url":"https:\/\/cetromedical.se\/en\/product-2\/rectoscope-kit-with-light-disposable\/","og_site_name":"Cetro Medical","article_modified_time":"2025-02-05T06:59:33+00:00","og_image":[{"width":1100,"height":770,"url":"https:\/\/cetromedical.se\/wp-content\/uploads\/2024\/11\/rocket-pro-lux-rektoskop-r53901.png","type":"image\/png"}],"twitter_card":"summary_large_image","twitter_misc":{"Est. reading time":"1 minute"},"schema":{"@context":"https:\/\/schema.org","@graph":[{"@type":"WebPage","@id":"https:\/\/cetromedical.se\/produkt\/rocket-pro-lux-rektoskop\/","url":"https:\/\/cetromedical.se\/produkt\/rocket-pro-lux-rektoskop\/","name":"Rocket Pro-Lux Rektoskop - Cetro Medical","isPartOf":{"@id":"https:\/\/cetromedical.se\/#website"},"datePublished":"2024-11-22T08:08:40+00:00","dateModified":"2025-02-05T06:59:33+00:00","description":"Uppt\u00e4ck Rocket Pro-Lux Rektoskop fr\u00e5n Cetro Medical \u2013 kvalitetss\u00e4krad medicinsk utrustning f\u00f6r p\u00e5litlig v\u00e5rd. Best\u00e4ll online och f\u00e5 snabb leverans!","breadcrumb":{"@id":"https:\/\/cetromedical.se\/produkt\/rocket-pro-lux-rektoskop\/#breadcrumb"},"inLanguage":"en-US","potentialAction":[{"@type":"ReadAction","target":["https:\/\/cetromedical.se\/produkt\/rocket-pro-lux-rektoskop\/"]}]},{"@type":"BreadcrumbList","@id":"https:\/\/cetromedical.se\/produkt\/rocket-pro-lux-rektoskop\/#breadcrumb","itemListElement":[{"@type":"ListItem","position":1,"name":"Hem","item":"https:\/\/cetromedical.se\/"},{"@type":"ListItem","position":2,"name":"Webbutik","item":"https:\/\/cetromedical.se\/butik\/"},{"@type":"ListItem","position":3,"name":"Rocket Pro-Lux Rektoskop"}]},{"@type":"WebSite","@id":"https:\/\/cetromedical.se\/#website","url":"https:\/\/cetromedical.se\/","name":"Cetro Medical","description":"Quality Medical Instruments","publisher":{"@id":"https:\/\/cetromedical.se\/#organization"},"potentialAction":[{"@type":"SearchAction","target":{"@type":"EntryPoint","urlTemplate":"https:\/\/cetromedical.se\/?s={search_term_string}"},"query-input":"required name=search_term_string"}],"inLanguage":"en-US"},{"@type":"Organization","@id":"https:\/\/cetromedical.se\/#organization","name":"Cetro Medical","url":"https:\/\/cetromedical.se\/","logo":{"@type":"ImageObject","inLanguage":"en-US","@id":"https:\/\/cetromedical.se\/#\/schema\/logo\/image\/","url":"https:\/\/cetromedical.se\/wp-content\/uploads\/2022\/05\/Cetro-medical-285_2-1.png","contentUrl":"https:\/\/cetromedical.se\/wp-content\/uploads\/2022\/05\/Cetro-medical-285_2-1.png","width":1317,"height":119,"caption":"Cetro Medical"},"image":{"@id":"https:\/\/cetromedical.se\/#\/schema\/logo\/image\/"}}]}},"_links":{"self":[{"href":"https:\/\/cetromedical.se\/en\/wp-json\/wp\/v2\/product\/8892","targetHints":{"allow":["GET"]}}],"collection":[{"href":"https:\/\/cetromedical.se\/en\/wp-json\/wp\/v2\/product"}],"about":[{"href":"https:\/\/cetromedical.se\/en\/wp-json\/wp\/v2\/types\/product"}],"wp:featuredmedia":[{"embeddable":true,"href":"https:\/\/cetromedical.se\/en\/wp-json\/wp\/v2\/media\/8895"}],"wp:attachment":[{"href":"https:\/\/cetromedical.se\/en\/wp-json\/wp\/v2\/media?parent=8892"}],"wp:term":[{"taxonomy":"product_cat","embeddable":true,"href":"https:\/\/cetromedical.se\/en\/wp-json\/wp\/v2\/product_cat?post=8892"},{"taxonomy":"product_tag","embeddable":true,"href":"https:\/\/cetromedical.se\/en\/wp-json\/wp\/v2\/product_tag?post=8892"}],"curies":[{"name":"wp","href":"https:\/\/api.w.org\/{rel}","templated":true}]}}