{"id":9530,"date":"2025-01-29T14:51:02","date_gmt":"2025-01-29T13:51:02","guid":{"rendered":"https:\/\/cetromedical.se\/?post_type=product&#038;p=9530"},"modified":"2025-01-29T14:52:21","modified_gmt":"2025-01-29T13:52:21","slug":"hallare-till-uno","status":"publish","type":"product","link":"https:\/\/cetromedical.se\/en\/product-2\/reverberator-to-uno\/","title":{"rendered":"Holder for UNO\u2122"},"content":{"rendered":"<p class=\"p1\">The CETRO Medical urine bottle holder ensures that the bottle is at hand when you need it and is suitable for hanging on the bed frame. You hang it on the side of the bed, after which you can place the urine bottle in the holder and easily access the urine bottle when needed. Reduces spillage, increases convenience and safe hygiene. Withstands temperatures up to 95\u00b0C and cleans easily with soap and water and disinfectant.<\/p>\n<p>&nbsp;<\/p>\n<p>Transport packaging: 100 pcs<\/p>","protected":false},"excerpt":{"rendered":"<p>Urinflaskh\u00e5llaren fr\u00e5n CETRO Medical ser till att flaskan finns till hands n\u00e4r du beh\u00f6ver den och passar bra att h\u00e4nga p\u00e5 s\u00e4ngramen. Du h\u00e4nger den p\u00e5 s\u00e4ngens sida, varefter du kan placera urinflaskan i h\u00e5llaren och l\u00e4tt komma \u00e5t urinflaskan vid behov. Minskar spill, \u00f6kar bekv\u00e4mlighet och s\u00e4ker hygien. T\u00e5l temperaturer upp till 95\u00b0C och [&hellip;]<\/p>","protected":false},"featured_media":9528,"template":"","meta":{"inline_featured_image":false},"product_cat":[31],"product_tag":[],"class_list":["post-9530","product","type-product","status-publish","has-post-thumbnail","hentry","product_cat-urulogi"],"acf":[],"yoast_head":"<!-- This site is optimized with the Yoast SEO plugin v19.9 - https:\/\/yoast.com\/wordpress\/plugins\/seo\/ -->\r\n<title>H\u00e5llare till UNO\u2122 - Cetro Medical<\/title>\r\n<meta name=\"description\" content=\"Uppt\u00e4ck H\u00e5llare till UNO\u2122 fr\u00e5n Cetro Medical \u2013 kvalitetss\u00e4krad medicinsk utrustning f\u00f6r p\u00e5litlig v\u00e5rd. Best\u00e4ll online och f\u00e5 snabb leverans!\" \/>\r\n<meta name=\"robots\" content=\"index, follow, max-snippet:-1, max-image-preview:large, max-video-preview:-1\" \/>\r\n<link rel=\"canonical\" href=\"https:\/\/cetromedical.se\/en\/product-2\/reverberator-to-uno\/\" \/>\r\n<meta property=\"og:locale\" content=\"en_US\" \/>\r\n<meta property=\"og:type\" content=\"article\" \/>\r\n<meta property=\"og:title\" content=\"H\u00e5llare till UNO\u2122 - Cetro Medical\" \/>\r\n<meta property=\"og:description\" content=\"Uppt\u00e4ck H\u00e5llare till UNO\u2122 fr\u00e5n Cetro Medical \u2013 kvalitetss\u00e4krad medicinsk utrustning f\u00f6r p\u00e5litlig v\u00e5rd. Best\u00e4ll online och f\u00e5 snabb leverans!\" \/>\r\n<meta property=\"og:url\" content=\"https:\/\/cetromedical.se\/en\/product-2\/reverberator-to-uno\/\" \/>\r\n<meta property=\"og:site_name\" content=\"Cetro Medical\" \/>\r\n<meta property=\"article:modified_time\" content=\"2025-01-29T13:52:21+00:00\" \/>\r\n<meta property=\"og:image\" content=\"https:\/\/cetromedical.se\/wp-content\/uploads\/2025\/01\/Hallare-till-UNO-748163.png\" \/>\r\n\t<meta property=\"og:image:width\" content=\"1100\" \/>\r\n\t<meta property=\"og:image:height\" content=\"770\" \/>\r\n\t<meta property=\"og:image:type\" content=\"image\/png\" \/>\r\n<meta name=\"twitter:card\" content=\"summary_large_image\" \/>\r\n<script type=\"application\/ld+json\" class=\"yoast-schema-graph\">{\"@context\":\"https:\/\/schema.org\",\"@graph\":[{\"@type\":\"WebPage\",\"@id\":\"https:\/\/cetromedical.se\/produkt\/hallare-till-uno\/\",\"url\":\"https:\/\/cetromedical.se\/produkt\/hallare-till-uno\/\",\"name\":\"H\u00e5llare till UNO\u2122 - Cetro Medical\",\"isPartOf\":{\"@id\":\"https:\/\/cetromedical.se\/#website\"},\"datePublished\":\"2025-01-29T13:51:02+00:00\",\"dateModified\":\"2025-01-29T13:52:21+00:00\",\"description\":\"Uppt\u00e4ck H\u00e5llare till UNO\u2122 fr\u00e5n Cetro Medical \u2013 kvalitetss\u00e4krad medicinsk utrustning f\u00f6r p\u00e5litlig v\u00e5rd. Best\u00e4ll online och f\u00e5 snabb leverans!\",\"breadcrumb\":{\"@id\":\"https:\/\/cetromedical.se\/produkt\/hallare-till-uno\/#breadcrumb\"},\"inLanguage\":\"en-US\",\"potentialAction\":[{\"@type\":\"ReadAction\",\"target\":[\"https:\/\/cetromedical.se\/produkt\/hallare-till-uno\/\"]}]},{\"@type\":\"BreadcrumbList\",\"@id\":\"https:\/\/cetromedical.se\/produkt\/hallare-till-uno\/#breadcrumb\",\"itemListElement\":[{\"@type\":\"ListItem\",\"position\":1,\"name\":\"Hem\",\"item\":\"https:\/\/cetromedical.se\/\"},{\"@type\":\"ListItem\",\"position\":2,\"name\":\"Webbutik\",\"item\":\"https:\/\/cetromedical.se\/butik\/\"},{\"@type\":\"ListItem\",\"position\":3,\"name\":\"H\u00e5llare till UNO\u2122\"}]},{\"@type\":\"WebSite\",\"@id\":\"https:\/\/cetromedical.se\/#website\",\"url\":\"https:\/\/cetromedical.se\/\",\"name\":\"Cetro Medical\",\"description\":\"Quality Medical Instruments\",\"publisher\":{\"@id\":\"https:\/\/cetromedical.se\/#organization\"},\"potentialAction\":[{\"@type\":\"SearchAction\",\"target\":{\"@type\":\"EntryPoint\",\"urlTemplate\":\"https:\/\/cetromedical.se\/?s={search_term_string}\"},\"query-input\":\"required name=search_term_string\"}],\"inLanguage\":\"en-US\"},{\"@type\":\"Organization\",\"@id\":\"https:\/\/cetromedical.se\/#organization\",\"name\":\"Cetro Medical\",\"url\":\"https:\/\/cetromedical.se\/\",\"logo\":{\"@type\":\"ImageObject\",\"inLanguage\":\"en-US\",\"@id\":\"https:\/\/cetromedical.se\/#\/schema\/logo\/image\/\",\"url\":\"https:\/\/cetromedical.se\/wp-content\/uploads\/2022\/05\/Cetro-medical-285_2-1.png\",\"contentUrl\":\"https:\/\/cetromedical.se\/wp-content\/uploads\/2022\/05\/Cetro-medical-285_2-1.png\",\"width\":1317,\"height\":119,\"caption\":\"Cetro Medical\"},\"image\":{\"@id\":\"https:\/\/cetromedical.se\/#\/schema\/logo\/image\/\"}}]}<\/script>\r\n<!-- \/ Yoast SEO plugin. -->","yoast_head_json":{"title":"H\u00e5llare till UNO\u2122 - Cetro Medical","description":"Uppt\u00e4ck H\u00e5llare till UNO\u2122 fr\u00e5n Cetro Medical \u2013 kvalitetss\u00e4krad medicinsk utrustning f\u00f6r p\u00e5litlig v\u00e5rd. Best\u00e4ll online och f\u00e5 snabb leverans!","robots":{"index":"index","follow":"follow","max-snippet":"max-snippet:-1","max-image-preview":"max-image-preview:large","max-video-preview":"max-video-preview:-1"},"canonical":"https:\/\/cetromedical.se\/en\/product-2\/reverberator-to-uno\/","og_locale":"en_US","og_type":"article","og_title":"H\u00e5llare till UNO\u2122 - Cetro Medical","og_description":"Uppt\u00e4ck H\u00e5llare till UNO\u2122 fr\u00e5n Cetro Medical \u2013 kvalitetss\u00e4krad medicinsk utrustning f\u00f6r p\u00e5litlig v\u00e5rd. Best\u00e4ll online och f\u00e5 snabb leverans!","og_url":"https:\/\/cetromedical.se\/en\/product-2\/reverberator-to-uno\/","og_site_name":"Cetro Medical","article_modified_time":"2025-01-29T13:52:21+00:00","og_image":[{"width":1100,"height":770,"url":"https:\/\/cetromedical.se\/wp-content\/uploads\/2025\/01\/Hallare-till-UNO-748163.png","type":"image\/png"}],"twitter_card":"summary_large_image","schema":{"@context":"https:\/\/schema.org","@graph":[{"@type":"WebPage","@id":"https:\/\/cetromedical.se\/produkt\/hallare-till-uno\/","url":"https:\/\/cetromedical.se\/produkt\/hallare-till-uno\/","name":"H\u00e5llare till UNO\u2122 - Cetro Medical","isPartOf":{"@id":"https:\/\/cetromedical.se\/#website"},"datePublished":"2025-01-29T13:51:02+00:00","dateModified":"2025-01-29T13:52:21+00:00","description":"Uppt\u00e4ck H\u00e5llare till UNO\u2122 fr\u00e5n Cetro Medical \u2013 kvalitetss\u00e4krad medicinsk utrustning f\u00f6r p\u00e5litlig v\u00e5rd. Best\u00e4ll online och f\u00e5 snabb leverans!","breadcrumb":{"@id":"https:\/\/cetromedical.se\/produkt\/hallare-till-uno\/#breadcrumb"},"inLanguage":"en-US","potentialAction":[{"@type":"ReadAction","target":["https:\/\/cetromedical.se\/produkt\/hallare-till-uno\/"]}]},{"@type":"BreadcrumbList","@id":"https:\/\/cetromedical.se\/produkt\/hallare-till-uno\/#breadcrumb","itemListElement":[{"@type":"ListItem","position":1,"name":"Hem","item":"https:\/\/cetromedical.se\/"},{"@type":"ListItem","position":2,"name":"Webbutik","item":"https:\/\/cetromedical.se\/butik\/"},{"@type":"ListItem","position":3,"name":"H\u00e5llare till UNO\u2122"}]},{"@type":"WebSite","@id":"https:\/\/cetromedical.se\/#website","url":"https:\/\/cetromedical.se\/","name":"Cetro Medical","description":"Quality Medical Instruments","publisher":{"@id":"https:\/\/cetromedical.se\/#organization"},"potentialAction":[{"@type":"SearchAction","target":{"@type":"EntryPoint","urlTemplate":"https:\/\/cetromedical.se\/?s={search_term_string}"},"query-input":"required name=search_term_string"}],"inLanguage":"en-US"},{"@type":"Organization","@id":"https:\/\/cetromedical.se\/#organization","name":"Cetro Medical","url":"https:\/\/cetromedical.se\/","logo":{"@type":"ImageObject","inLanguage":"en-US","@id":"https:\/\/cetromedical.se\/#\/schema\/logo\/image\/","url":"https:\/\/cetromedical.se\/wp-content\/uploads\/2022\/05\/Cetro-medical-285_2-1.png","contentUrl":"https:\/\/cetromedical.se\/wp-content\/uploads\/2022\/05\/Cetro-medical-285_2-1.png","width":1317,"height":119,"caption":"Cetro Medical"},"image":{"@id":"https:\/\/cetromedical.se\/#\/schema\/logo\/image\/"}}]}},"_links":{"self":[{"href":"https:\/\/cetromedical.se\/en\/wp-json\/wp\/v2\/product\/9530","targetHints":{"allow":["GET"]}}],"collection":[{"href":"https:\/\/cetromedical.se\/en\/wp-json\/wp\/v2\/product"}],"about":[{"href":"https:\/\/cetromedical.se\/en\/wp-json\/wp\/v2\/types\/product"}],"wp:featuredmedia":[{"embeddable":true,"href":"https:\/\/cetromedical.se\/en\/wp-json\/wp\/v2\/media\/9528"}],"wp:attachment":[{"href":"https:\/\/cetromedical.se\/en\/wp-json\/wp\/v2\/media?parent=9530"}],"wp:term":[{"taxonomy":"product_cat","embeddable":true,"href":"https:\/\/cetromedical.se\/en\/wp-json\/wp\/v2\/product_cat?post=9530"},{"taxonomy":"product_tag","embeddable":true,"href":"https:\/\/cetromedical.se\/en\/wp-json\/wp\/v2\/product_tag?post=9530"}],"curies":[{"name":"wp","href":"https:\/\/api.w.org\/{rel}","templated":true}]}}